{"id":652,"date":"2023-11-12T00:58:06","date_gmt":"2023-11-12T00:58:06","guid":{"rendered":"https:\/\/cifs.edu.ba\/school-transport\/"},"modified":"2026-03-04T02:57:28","modified_gmt":"2026-03-04T02:57:28","slug":"transport-scolaire","status":"publish","type":"page","link":"https:\/\/cifs.edu.ba\/fr\/transport-scolaire\/","title":{"rendered":"Transport scolaire"},"content":{"rendered":"<div class=\"fusion-fullwidth fullwidth-box fusion-builder-row-1 fusion-flex-container has-pattern-background has-mask-background nonhundred-percent-fullwidth non-hundred-percent-height-scrolling\" style=\"--awb-border-radius-top-left:0px;--awb-border-radius-top-right:0px;--awb-border-radius-bottom-right:0px;--awb-border-radius-bottom-left:0px;--awb-flex-wrap:wrap;\" ><div class=\"fusion-builder-row fusion-row fusion-flex-align-items-flex-start fusion-flex-content-wrap\" style=\"max-width:1248px;margin-left: calc(-4% \/ 2 );margin-right: calc(-4% \/ 2 );\"><div class=\"fusion-layout-column fusion_builder_column fusion-builder-column-0 fusion_builder_column_1_1 1_1 fusion-flex-column\" style=\"--awb-bg-size:cover;--awb-width-large:100%;--awb-margin-top-large:0px;--awb-spacing-right-large:1.92%;--awb-margin-bottom-large:20px;--awb-spacing-left-large:1.92%;--awb-width-medium:100%;--awb-order-medium:0;--awb-spacing-right-medium:1.92%;--awb-spacing-left-medium:1.92%;--awb-width-small:100%;--awb-order-small:0;--awb-spacing-right-small:1.92%;--awb-spacing-left-small:1.92%;\"><div class=\"fusion-column-wrapper fusion-column-has-shadow fusion-flex-justify-content-flex-start fusion-content-layout-column\"><div class=\"fusion-text fusion-text-1\"><p>Le CIFS propose un transport scolaire.<\/p>\n<p><strong>Horaires de transport<\/strong><\/p>\n<p><u>Matin :<\/u><\/p>\n<p>Le ramassage scolaire se fait le matin selon un planning \u00e9tabli et les bus ram\u00e8nent les \u00e9l\u00e8ves au CIFS vers 8h20, avant le premier cours du matin.<\/p>\n<p><u>Apr\u00e8s-midi :<\/u><\/p>\n<ul>\n<li>Lundis | mardis | jeudis \u2013 \u00e0 16h10 et 17h10<\/li>\n<li>Mercredi \u00e0 12h30, 16h10 et\/ou 17h10<\/li>\n<li>Vendredi \u00e0 12h30<\/li>\n<\/ul>\n<p><strong>Emplacements<\/strong><\/p>\n<p>Les bus couvrent presque toute la ville de Sarajevo.<\/p>\n<p>Si vous \u00eates int\u00e9ress\u00e9 par l\u2019inscription de votre enfant au transport scolaire, il est n\u00e9cessaire de remplir le formulaire et de l\u2019envoyer \u00e0 l\u2019adresse e-mail de l\u2019\u00e9cole ou de le remettre en main propre \u00e0 l\u2019administration situ\u00e9e au rez-de-chauss\u00e9e du b\u00e2timent.<\/p>\n<\/div><div class=\"fusion-separator fusion-full-width-sep\" style=\"align-self: center;margin-left: auto;margin-right: auto;margin-top:13px;margin-bottom:13px;width:100%;\"><\/div><div ><a class=\"fusion-button button-flat fusion-button-default-size button-default fusion-button-default button-1 fusion-button-default-span fusion-button-default-type\" target=\"_blank\" rel=\"noopener noreferrer\" href=\"https:\/\/cifs.edu.ba\/wp-content\/uploads\/2024\/10\/TRANSPORT-SCOLAIRE-.pdf\"><span class=\"fusion-button-text awb-button__text awb-button__text--default\">FORMULAIRE &#8211; TRANSPORT SCOLAIRE<\/span><\/a><\/div><\/div><\/div><\/div><\/div>\n","protected":false},"excerpt":{"rendered":"","protected":false},"author":1,"featured_media":0,"parent":0,"menu_order":0,"comment_status":"closed","ping_status":"closed","template":"100-width.php","meta":{"footnotes":""},"class_list":["post-652","page","type-page","status-publish","hentry"],"yoast_head":"<!-- This site is optimized with the Yoast SEO plugin v27.1.1 - https:\/\/yoast.com\/product\/yoast-seo-wordpress\/ -->\n<title>Transport Scolaire | Ecole Fran\u00e7aise Internationale \u00e0 Sarajevo<\/title>\n<meta name=\"description\" content=\"Si vous \u00eates int\u00e9ress\u00e9 par l\u2019inscription de votre enfant au transport scolaire, il est n\u00e9cessaire de remplir le formulaire et de l\u2019envoyer...\" \/>\n<meta name=\"robots\" content=\"index, follow, max-snippet:-1, max-image-preview:large, max-video-preview:-1\" \/>\n<link rel=\"canonical\" href=\"https:\/\/cifs.edu.ba\/fr\/transport-scolaire\/\" \/>\n<meta property=\"og:locale\" content=\"fr_FR\" \/>\n<meta property=\"og:type\" content=\"article\" \/>\n<meta property=\"og:title\" content=\"Transport Scolaire | Ecole Fran\u00e7aise Internationale \u00e0 Sarajevo\" \/>\n<meta property=\"og:description\" content=\"Si vous \u00eates int\u00e9ress\u00e9 par l\u2019inscription de votre enfant au transport scolaire, il est n\u00e9cessaire de remplir le formulaire et de l\u2019envoyer...\" \/>\n<meta property=\"og:url\" content=\"https:\/\/cifs.edu.ba\/fr\/transport-scolaire\/\" \/>\n<meta property=\"og:site_name\" content=\"CIFS\" \/>\n<meta property=\"article:publisher\" content=\"https:\/\/www.facebook.com\/CIFSarajevo\/\" \/>\n<meta property=\"article:modified_time\" content=\"2026-03-04T02:57:28+00:00\" \/>\n<meta name=\"twitter:card\" content=\"summary_large_image\" \/>\n<meta name=\"twitter:label1\" content=\"Dur\u00e9e de lecture estim\u00e9e\" \/>\n\t<meta name=\"twitter:data1\" content=\"1 minute\" \/>\n<script type=\"application\/ld+json\" class=\"yoast-schema-graph\">{\"@context\":\"https:\/\/schema.org\",\"@graph\":[{\"@type\":\"WebPage\",\"@id\":\"https:\/\/cifs.edu.ba\/fr\/transport-scolaire\/\",\"url\":\"https:\/\/cifs.edu.ba\/fr\/transport-scolaire\/\",\"name\":\"Transport Scolaire | Ecole Fran\u00e7aise Internationale \u00e0 Sarajevo\",\"isPartOf\":{\"@id\":\"https:\/\/cifs.edu.ba\/#website\"},\"datePublished\":\"2023-11-12T00:58:06+00:00\",\"dateModified\":\"2026-03-04T02:57:28+00:00\",\"description\":\"Si vous \u00eates int\u00e9ress\u00e9 par l\u2019inscription de votre enfant au transport scolaire, il est n\u00e9cessaire de remplir le formulaire et de l\u2019envoyer...\",\"breadcrumb\":{\"@id\":\"https:\/\/cifs.edu.ba\/fr\/transport-scolaire\/#breadcrumb\"},\"inLanguage\":\"fr-FR\",\"potentialAction\":[{\"@type\":\"ReadAction\",\"target\":[\"https:\/\/cifs.edu.ba\/fr\/transport-scolaire\/\"]}]},{\"@type\":\"BreadcrumbList\",\"@id\":\"https:\/\/cifs.edu.ba\/fr\/transport-scolaire\/#breadcrumb\",\"itemListElement\":[{\"@type\":\"ListItem\",\"position\":1,\"name\":\"Home\",\"item\":\"https:\/\/cifs.edu.ba\/fr\/\"},{\"@type\":\"ListItem\",\"position\":2,\"name\":\"Transport scolaire\"}]},{\"@type\":\"WebSite\",\"@id\":\"https:\/\/cifs.edu.ba\/#website\",\"url\":\"https:\/\/cifs.edu.ba\/\",\"name\":\"International School in Sarajevo!\",\"description\":\"\",\"potentialAction\":[{\"@type\":\"SearchAction\",\"target\":{\"@type\":\"EntryPoint\",\"urlTemplate\":\"https:\/\/cifs.edu.ba\/?s={search_term_string}\"},\"query-input\":{\"@type\":\"PropertyValueSpecification\",\"valueRequired\":true,\"valueName\":\"search_term_string\"}}],\"inLanguage\":\"fr-FR\"}]}<\/script>\n<!-- \/ Yoast SEO plugin. -->","yoast_head_json":{"title":"Transport Scolaire | Ecole Fran\u00e7aise Internationale \u00e0 Sarajevo","description":"Si vous \u00eates int\u00e9ress\u00e9 par l\u2019inscription de votre enfant au transport scolaire, il est n\u00e9cessaire de remplir le formulaire et de l\u2019envoyer...","robots":{"index":"index","follow":"follow","max-snippet":"max-snippet:-1","max-image-preview":"max-image-preview:large","max-video-preview":"max-video-preview:-1"},"canonical":"https:\/\/cifs.edu.ba\/fr\/transport-scolaire\/","og_locale":"fr_FR","og_type":"article","og_title":"Transport Scolaire | Ecole Fran\u00e7aise Internationale \u00e0 Sarajevo","og_description":"Si vous \u00eates int\u00e9ress\u00e9 par l\u2019inscription de votre enfant au transport scolaire, il est n\u00e9cessaire de remplir le formulaire et de l\u2019envoyer...","og_url":"https:\/\/cifs.edu.ba\/fr\/transport-scolaire\/","og_site_name":"CIFS","article_publisher":"https:\/\/www.facebook.com\/CIFSarajevo\/","article_modified_time":"2026-03-04T02:57:28+00:00","twitter_card":"summary_large_image","twitter_misc":{"Dur\u00e9e de lecture estim\u00e9e":"1 minute"},"schema":{"@context":"https:\/\/schema.org","@graph":[{"@type":"WebPage","@id":"https:\/\/cifs.edu.ba\/fr\/transport-scolaire\/","url":"https:\/\/cifs.edu.ba\/fr\/transport-scolaire\/","name":"Transport Scolaire | Ecole Fran\u00e7aise Internationale \u00e0 Sarajevo","isPartOf":{"@id":"https:\/\/cifs.edu.ba\/#website"},"datePublished":"2023-11-12T00:58:06+00:00","dateModified":"2026-03-04T02:57:28+00:00","description":"Si vous \u00eates int\u00e9ress\u00e9 par l\u2019inscription de votre enfant au transport scolaire, il est n\u00e9cessaire de remplir le formulaire et de l\u2019envoyer...","breadcrumb":{"@id":"https:\/\/cifs.edu.ba\/fr\/transport-scolaire\/#breadcrumb"},"inLanguage":"fr-FR","potentialAction":[{"@type":"ReadAction","target":["https:\/\/cifs.edu.ba\/fr\/transport-scolaire\/"]}]},{"@type":"BreadcrumbList","@id":"https:\/\/cifs.edu.ba\/fr\/transport-scolaire\/#breadcrumb","itemListElement":[{"@type":"ListItem","position":1,"name":"Home","item":"https:\/\/cifs.edu.ba\/fr\/"},{"@type":"ListItem","position":2,"name":"Transport scolaire"}]},{"@type":"WebSite","@id":"https:\/\/cifs.edu.ba\/#website","url":"https:\/\/cifs.edu.ba\/","name":"International School in Sarajevo!","description":"","potentialAction":[{"@type":"SearchAction","target":{"@type":"EntryPoint","urlTemplate":"https:\/\/cifs.edu.ba\/?s={search_term_string}"},"query-input":{"@type":"PropertyValueSpecification","valueRequired":true,"valueName":"search_term_string"}}],"inLanguage":"fr-FR"}]}},"_links":{"self":[{"href":"https:\/\/cifs.edu.ba\/fr\/wp-json\/wp\/v2\/pages\/652","targetHints":{"allow":["GET"]}}],"collection":[{"href":"https:\/\/cifs.edu.ba\/fr\/wp-json\/wp\/v2\/pages"}],"about":[{"href":"https:\/\/cifs.edu.ba\/fr\/wp-json\/wp\/v2\/types\/page"}],"author":[{"embeddable":true,"href":"https:\/\/cifs.edu.ba\/fr\/wp-json\/wp\/v2\/users\/1"}],"replies":[{"embeddable":true,"href":"https:\/\/cifs.edu.ba\/fr\/wp-json\/wp\/v2\/comments?post=652"}],"version-history":[{"count":5,"href":"https:\/\/cifs.edu.ba\/fr\/wp-json\/wp\/v2\/pages\/652\/revisions"}],"predecessor-version":[{"id":1409,"href":"https:\/\/cifs.edu.ba\/fr\/wp-json\/wp\/v2\/pages\/652\/revisions\/1409"}],"wp:attachment":[{"href":"https:\/\/cifs.edu.ba\/fr\/wp-json\/wp\/v2\/media?parent=652"}],"curies":[{"name":"wp","href":"https:\/\/api.w.org\/{rel}","templated":true}]}}