{"id":647,"date":"2023-11-12T00:54:48","date_gmt":"2023-11-12T00:54:48","guid":{"rendered":"https:\/\/cifs.edu.ba\/meal-service\/"},"modified":"2026-04-20T08:16:15","modified_gmt":"2026-04-20T08:16:15","slug":"restaurant-scolaire","status":"publish","type":"page","link":"https:\/\/cifs.edu.ba\/fr\/restaurant-scolaire\/","title":{"rendered":"Restaurant scolaire"},"content":{"rendered":"<p><div class=\"fusion-fullwidth fullwidth-box fusion-builder-row-1 fusion-flex-container has-pattern-background has-mask-background nonhundred-percent-fullwidth non-hundred-percent-height-scrolling\" style=\"--awb-border-radius-top-left:0px;--awb-border-radius-top-right:0px;--awb-border-radius-bottom-right:0px;--awb-border-radius-bottom-left:0px;--awb-flex-wrap:wrap;\" ><div class=\"fusion-builder-row fusion-row fusion-flex-align-items-flex-start fusion-flex-content-wrap\" style=\"max-width:1248px;margin-left: calc(-4% \/ 2 );margin-right: calc(-4% \/ 2 );\"><div class=\"fusion-layout-column fusion_builder_column fusion-builder-column-0 fusion_builder_column_1_5 1_5 fusion-flex-column\" style=\"--awb-bg-size:cover;--awb-width-large:20%;--awb-margin-top-large:0px;--awb-spacing-right-large:9.6%;--awb-margin-bottom-large:20px;--awb-spacing-left-large:9.6%;--awb-width-medium:20%;--awb-order-medium:0;--awb-spacing-right-medium:9.6%;--awb-spacing-left-medium:9.6%;--awb-width-small:100%;--awb-order-small:0;--awb-spacing-right-small:1.92%;--awb-spacing-left-small:1.92%;\"><div class=\"fusion-column-wrapper fusion-column-has-shadow fusion-flex-justify-content-flex-start fusion-content-layout-column\"><\/div><\/div><div class=\"fusion-layout-column fusion_builder_column fusion-builder-column-1 fusion_builder_column_1_2 1_2 fusion-flex-column\" style=\"--awb-bg-size:cover;--awb-width-large:50%;--awb-margin-top-large:0px;--awb-spacing-right-large:3.84%;--awb-margin-bottom-large:20px;--awb-spacing-left-large:3.84%;--awb-width-medium:50%;--awb-order-medium:0;--awb-spacing-right-medium:3.84%;--awb-spacing-left-medium:3.84%;--awb-width-small:100%;--awb-order-small:0;--awb-spacing-right-small:1.92%;--awb-spacing-left-small:1.92%;\"><div class=\"fusion-column-wrapper fusion-column-has-shadow fusion-flex-justify-content-flex-start fusion-content-layout-column\"><\/div><\/div><div class=\"fusion-layout-column fusion_builder_column fusion-builder-column-2 fusion_builder_column_1_5 1_5 fusion-flex-column\" style=\"--awb-bg-size:cover;--awb-width-large:20%;--awb-margin-top-large:0px;--awb-spacing-right-large:9.6%;--awb-margin-bottom-large:20px;--awb-spacing-left-large:9.6%;--awb-width-medium:20%;--awb-order-medium:0;--awb-spacing-right-medium:9.6%;--awb-spacing-left-medium:9.6%;--awb-width-small:100%;--awb-order-small:0;--awb-spacing-right-small:1.92%;--awb-spacing-left-small:1.92%;\"><div class=\"fusion-column-wrapper fusion-column-has-shadow fusion-flex-justify-content-flex-start fusion-content-layout-column\"><\/div><\/div><\/div><\/div><div class=\"fusion-fullwidth fullwidth-box fusion-builder-row-2 fusion-flex-container has-pattern-background has-mask-background nonhundred-percent-fullwidth non-hundred-percent-height-scrolling\" style=\"--awb-border-radius-top-left:0px;--awb-border-radius-top-right:0px;--awb-border-radius-bottom-right:0px;--awb-border-radius-bottom-left:0px;--awb-flex-wrap:wrap;\" ><div class=\"fusion-builder-row fusion-row fusion-flex-align-items-flex-start fusion-flex-content-wrap\" style=\"max-width:1248px;margin-left: calc(-4% \/ 2 );margin-right: calc(-4% \/ 2 );\"><div class=\"fusion-layout-column fusion_builder_column fusion-builder-column-3 fusion_builder_column_1_6 1_6 fusion-flex-column\" style=\"--awb-bg-size:cover;--awb-width-large:16.666666666667%;--awb-margin-top-large:0px;--awb-spacing-right-large:11.52%;--awb-margin-bottom-large:20px;--awb-spacing-left-large:11.52%;--awb-width-medium:16.666666666667%;--awb-order-medium:0;--awb-spacing-right-medium:11.52%;--awb-spacing-left-medium:11.52%;--awb-width-small:100%;--awb-order-small:0;--awb-spacing-right-small:1.92%;--awb-spacing-left-small:1.92%;\"><div class=\"fusion-column-wrapper fusion-column-has-shadow fusion-flex-justify-content-flex-start fusion-content-layout-column\"><\/div><\/div><div class=\"fusion-layout-column fusion_builder_column fusion-builder-column-4 fusion_builder_column_2_3 2_3 fusion-flex-column\" style=\"--awb-bg-size:cover;--awb-width-large:66.666666666667%;--awb-margin-top-large:0px;--awb-spacing-right-large:2.88%;--awb-margin-bottom-large:20px;--awb-spacing-left-large:2.88%;--awb-width-medium:66.666666666667%;--awb-order-medium:0;--awb-spacing-right-medium:2.88%;--awb-spacing-left-medium:2.88%;--awb-width-small:100%;--awb-order-small:0;--awb-spacing-right-small:1.92%;--awb-spacing-left-small:1.92%;\"><div class=\"fusion-column-wrapper fusion-column-has-shadow fusion-flex-justify-content-flex-start fusion-content-layout-column\"><div class=\"fusion-text fusion-text-1\"><p><img decoding=\"async\" class=\"aligncenter wp-image-2805 size-large\" src=\"https:\/\/cifs.edu.ba\/wp-content\/uploads\/2026\/04\/Menu-Avril-IV-725x1024.jpg\" alt=\"\" width=\"725\" height=\"1024\" srcset=\"https:\/\/cifs.edu.ba\/wp-content\/uploads\/2026\/04\/Menu-Avril-IV-200x283.jpg 200w, https:\/\/cifs.edu.ba\/wp-content\/uploads\/2026\/04\/Menu-Avril-IV-212x300.jpg 212w, https:\/\/cifs.edu.ba\/wp-content\/uploads\/2026\/04\/Menu-Avril-IV-400x565.jpg 400w, https:\/\/cifs.edu.ba\/wp-content\/uploads\/2026\/04\/Menu-Avril-IV-600x848.jpg 600w, https:\/\/cifs.edu.ba\/wp-content\/uploads\/2026\/04\/Menu-Avril-IV-725x1024.jpg 725w, https:\/\/cifs.edu.ba\/wp-content\/uploads\/2026\/04\/Menu-Avril-IV-768x1085.jpg 768w, https:\/\/cifs.edu.ba\/wp-content\/uploads\/2026\/04\/Menu-Avril-IV.jpg 794w\" sizes=\"(max-width: 725px) 100vw, 725px\" \/><\/p>\n<\/div><\/div><\/div><div class=\"fusion-layout-column fusion_builder_column fusion-builder-column-5 fusion_builder_column_1_6 1_6 fusion-flex-column\" style=\"--awb-bg-size:cover;--awb-width-large:16.666666666667%;--awb-margin-top-large:0px;--awb-spacing-right-large:11.52%;--awb-margin-bottom-large:20px;--awb-spacing-left-large:11.52%;--awb-width-medium:16.666666666667%;--awb-order-medium:0;--awb-spacing-right-medium:11.52%;--awb-spacing-left-medium:11.52%;--awb-width-small:100%;--awb-order-small:0;--awb-spacing-right-small:1.92%;--awb-spacing-left-small:1.92%;\"><div class=\"fusion-column-wrapper fusion-column-has-shadow fusion-flex-justify-content-flex-start fusion-content-layout-column\"><\/div><\/div><\/div><\/div><\/p>\n","protected":false},"excerpt":{"rendered":"","protected":false},"author":1,"featured_media":0,"parent":0,"menu_order":0,"comment_status":"closed","ping_status":"closed","template":"100-width.php","meta":{"footnotes":""},"class_list":["post-647","page","type-page","status-publish","hentry"],"yoast_head":"<!-- This site is optimized with the Yoast SEO plugin v27.1.1 - https:\/\/yoast.com\/product\/yoast-seo-wordpress\/ -->\n<title>Restaurant Scolaire | Ecole Fran\u00e7aise Internationale \u00e0 Sarajevo<\/title>\n<meta name=\"description\" content=\"Sur cette page, vous pouvez consulter le menu hebdomadaire de notre \u00e9cole. Nous utilisons toujours des ingr\u00e9dients frais. Contactez-nous!\" \/>\n<meta name=\"robots\" content=\"index, follow, max-snippet:-1, max-image-preview:large, max-video-preview:-1\" \/>\n<link rel=\"canonical\" href=\"https:\/\/cifs.edu.ba\/fr\/restaurant-scolaire\/\" \/>\n<meta property=\"og:locale\" content=\"fr_FR\" \/>\n<meta property=\"og:type\" content=\"article\" \/>\n<meta property=\"og:title\" content=\"Restaurant Scolaire | Ecole Fran\u00e7aise Internationale \u00e0 Sarajevo\" \/>\n<meta property=\"og:description\" content=\"Sur cette page, vous pouvez consulter le menu hebdomadaire de notre \u00e9cole. Nous utilisons toujours des ingr\u00e9dients frais. Contactez-nous!\" \/>\n<meta property=\"og:url\" content=\"https:\/\/cifs.edu.ba\/fr\/restaurant-scolaire\/\" \/>\n<meta property=\"og:site_name\" content=\"CIFS\" \/>\n<meta property=\"article:publisher\" content=\"https:\/\/www.facebook.com\/CIFSarajevo\/\" \/>\n<meta property=\"article:modified_time\" content=\"2026-04-20T08:16:15+00:00\" \/>\n<meta property=\"og:image\" content=\"https:\/\/cifs.edu.ba\/wp-content\/uploads\/2026\/04\/Menu-Avril-IV.jpg\" \/>\n\t<meta property=\"og:image:width\" content=\"794\" \/>\n\t<meta property=\"og:image:height\" content=\"1122\" \/>\n\t<meta property=\"og:image:type\" content=\"image\/jpeg\" \/>\n<meta name=\"twitter:card\" content=\"summary_large_image\" \/>\n<meta name=\"twitter:label1\" content=\"Dur\u00e9e de lecture estim\u00e9e\" \/>\n\t<meta name=\"twitter:data1\" content=\"1 minute\" \/>\n<script type=\"application\/ld+json\" class=\"yoast-schema-graph\">{\"@context\":\"https:\/\/schema.org\",\"@graph\":[{\"@type\":\"WebPage\",\"@id\":\"https:\/\/cifs.edu.ba\/fr\/restaurant-scolaire\/\",\"url\":\"https:\/\/cifs.edu.ba\/fr\/restaurant-scolaire\/\",\"name\":\"Restaurant Scolaire | Ecole Fran\u00e7aise Internationale \u00e0 Sarajevo\",\"isPartOf\":{\"@id\":\"https:\/\/cifs.edu.ba\/#website\"},\"primaryImageOfPage\":{\"@id\":\"https:\/\/cifs.edu.ba\/fr\/restaurant-scolaire\/#primaryimage\"},\"image\":{\"@id\":\"https:\/\/cifs.edu.ba\/fr\/restaurant-scolaire\/#primaryimage\"},\"thumbnailUrl\":\"https:\/\/cifs.edu.ba\/wp-content\/uploads\/2026\/04\/Menu-Avril-IV-725x1024.jpg\",\"datePublished\":\"2023-11-12T00:54:48+00:00\",\"dateModified\":\"2026-04-20T08:16:15+00:00\",\"description\":\"Sur cette page, vous pouvez consulter le menu hebdomadaire de notre \u00e9cole. Nous utilisons toujours des ingr\u00e9dients frais. Contactez-nous!\",\"breadcrumb\":{\"@id\":\"https:\/\/cifs.edu.ba\/fr\/restaurant-scolaire\/#breadcrumb\"},\"inLanguage\":\"fr-FR\",\"potentialAction\":[{\"@type\":\"ReadAction\",\"target\":[\"https:\/\/cifs.edu.ba\/fr\/restaurant-scolaire\/\"]}]},{\"@type\":\"ImageObject\",\"inLanguage\":\"fr-FR\",\"@id\":\"https:\/\/cifs.edu.ba\/fr\/restaurant-scolaire\/#primaryimage\",\"url\":\"https:\/\/cifs.edu.ba\/wp-content\/uploads\/2026\/04\/Menu-Avril-IV-725x1024.jpg\",\"contentUrl\":\"https:\/\/cifs.edu.ba\/wp-content\/uploads\/2026\/04\/Menu-Avril-IV-725x1024.jpg\"},{\"@type\":\"BreadcrumbList\",\"@id\":\"https:\/\/cifs.edu.ba\/fr\/restaurant-scolaire\/#breadcrumb\",\"itemListElement\":[{\"@type\":\"ListItem\",\"position\":1,\"name\":\"Home\",\"item\":\"https:\/\/cifs.edu.ba\/fr\/\"},{\"@type\":\"ListItem\",\"position\":2,\"name\":\"Restaurant scolaire\"}]},{\"@type\":\"WebSite\",\"@id\":\"https:\/\/cifs.edu.ba\/#website\",\"url\":\"https:\/\/cifs.edu.ba\/\",\"name\":\"International School in Sarajevo!\",\"description\":\"\",\"potentialAction\":[{\"@type\":\"SearchAction\",\"target\":{\"@type\":\"EntryPoint\",\"urlTemplate\":\"https:\/\/cifs.edu.ba\/?s={search_term_string}\"},\"query-input\":{\"@type\":\"PropertyValueSpecification\",\"valueRequired\":true,\"valueName\":\"search_term_string\"}}],\"inLanguage\":\"fr-FR\"}]}<\/script>\n<!-- \/ Yoast SEO plugin. -->","yoast_head_json":{"title":"Restaurant Scolaire | Ecole Fran\u00e7aise Internationale \u00e0 Sarajevo","description":"Sur cette page, vous pouvez consulter le menu hebdomadaire de notre \u00e9cole. Nous utilisons toujours des ingr\u00e9dients frais. Contactez-nous!","robots":{"index":"index","follow":"follow","max-snippet":"max-snippet:-1","max-image-preview":"max-image-preview:large","max-video-preview":"max-video-preview:-1"},"canonical":"https:\/\/cifs.edu.ba\/fr\/restaurant-scolaire\/","og_locale":"fr_FR","og_type":"article","og_title":"Restaurant Scolaire | Ecole Fran\u00e7aise Internationale \u00e0 Sarajevo","og_description":"Sur cette page, vous pouvez consulter le menu hebdomadaire de notre \u00e9cole. Nous utilisons toujours des ingr\u00e9dients frais. Contactez-nous!","og_url":"https:\/\/cifs.edu.ba\/fr\/restaurant-scolaire\/","og_site_name":"CIFS","article_publisher":"https:\/\/www.facebook.com\/CIFSarajevo\/","article_modified_time":"2026-04-20T08:16:15+00:00","og_image":[{"width":794,"height":1122,"url":"https:\/\/cifs.edu.ba\/wp-content\/uploads\/2026\/04\/Menu-Avril-IV.jpg","type":"image\/jpeg"}],"twitter_card":"summary_large_image","twitter_misc":{"Dur\u00e9e de lecture estim\u00e9e":"1 minute"},"schema":{"@context":"https:\/\/schema.org","@graph":[{"@type":"WebPage","@id":"https:\/\/cifs.edu.ba\/fr\/restaurant-scolaire\/","url":"https:\/\/cifs.edu.ba\/fr\/restaurant-scolaire\/","name":"Restaurant Scolaire | Ecole Fran\u00e7aise Internationale \u00e0 Sarajevo","isPartOf":{"@id":"https:\/\/cifs.edu.ba\/#website"},"primaryImageOfPage":{"@id":"https:\/\/cifs.edu.ba\/fr\/restaurant-scolaire\/#primaryimage"},"image":{"@id":"https:\/\/cifs.edu.ba\/fr\/restaurant-scolaire\/#primaryimage"},"thumbnailUrl":"https:\/\/cifs.edu.ba\/wp-content\/uploads\/2026\/04\/Menu-Avril-IV-725x1024.jpg","datePublished":"2023-11-12T00:54:48+00:00","dateModified":"2026-04-20T08:16:15+00:00","description":"Sur cette page, vous pouvez consulter le menu hebdomadaire de notre \u00e9cole. Nous utilisons toujours des ingr\u00e9dients frais. Contactez-nous!","breadcrumb":{"@id":"https:\/\/cifs.edu.ba\/fr\/restaurant-scolaire\/#breadcrumb"},"inLanguage":"fr-FR","potentialAction":[{"@type":"ReadAction","target":["https:\/\/cifs.edu.ba\/fr\/restaurant-scolaire\/"]}]},{"@type":"ImageObject","inLanguage":"fr-FR","@id":"https:\/\/cifs.edu.ba\/fr\/restaurant-scolaire\/#primaryimage","url":"https:\/\/cifs.edu.ba\/wp-content\/uploads\/2026\/04\/Menu-Avril-IV-725x1024.jpg","contentUrl":"https:\/\/cifs.edu.ba\/wp-content\/uploads\/2026\/04\/Menu-Avril-IV-725x1024.jpg"},{"@type":"BreadcrumbList","@id":"https:\/\/cifs.edu.ba\/fr\/restaurant-scolaire\/#breadcrumb","itemListElement":[{"@type":"ListItem","position":1,"name":"Home","item":"https:\/\/cifs.edu.ba\/fr\/"},{"@type":"ListItem","position":2,"name":"Restaurant scolaire"}]},{"@type":"WebSite","@id":"https:\/\/cifs.edu.ba\/#website","url":"https:\/\/cifs.edu.ba\/","name":"International School in Sarajevo!","description":"","potentialAction":[{"@type":"SearchAction","target":{"@type":"EntryPoint","urlTemplate":"https:\/\/cifs.edu.ba\/?s={search_term_string}"},"query-input":{"@type":"PropertyValueSpecification","valueRequired":true,"valueName":"search_term_string"}}],"inLanguage":"fr-FR"}]}},"_links":{"self":[{"href":"https:\/\/cifs.edu.ba\/fr\/wp-json\/wp\/v2\/pages\/647","targetHints":{"allow":["GET"]}}],"collection":[{"href":"https:\/\/cifs.edu.ba\/fr\/wp-json\/wp\/v2\/pages"}],"about":[{"href":"https:\/\/cifs.edu.ba\/fr\/wp-json\/wp\/v2\/types\/page"}],"author":[{"embeddable":true,"href":"https:\/\/cifs.edu.ba\/fr\/wp-json\/wp\/v2\/users\/1"}],"replies":[{"embeddable":true,"href":"https:\/\/cifs.edu.ba\/fr\/wp-json\/wp\/v2\/comments?post=647"}],"version-history":[{"count":74,"href":"https:\/\/cifs.edu.ba\/fr\/wp-json\/wp\/v2\/pages\/647\/revisions"}],"predecessor-version":[{"id":2807,"href":"https:\/\/cifs.edu.ba\/fr\/wp-json\/wp\/v2\/pages\/647\/revisions\/2807"}],"wp:attachment":[{"href":"https:\/\/cifs.edu.ba\/fr\/wp-json\/wp\/v2\/media?parent=647"}],"curies":[{"name":"wp","href":"https:\/\/api.w.org\/{rel}","templated":true}]}}