{"id":628,"date":"2023-11-12T00:46:25","date_gmt":"2023-11-12T00:46:25","guid":{"rendered":"https:\/\/cifs.edu.ba\/timetable\/"},"modified":"2026-03-04T02:28:03","modified_gmt":"2026-03-04T02:28:03","slug":"calendrier-et-organisation-scolaire","status":"publish","type":"page","link":"https:\/\/cifs.edu.ba\/fr\/calendrier-et-organisation-scolaire\/","title":{"rendered":"Calendrier et organisation scolaire"},"content":{"rendered":"<div class=\"fusion-fullwidth fullwidth-box fusion-builder-row-1 fusion-flex-container has-pattern-background has-mask-background nonhundred-percent-fullwidth non-hundred-percent-height-scrolling\" style=\"--awb-border-radius-top-left:0px;--awb-border-radius-top-right:0px;--awb-border-radius-bottom-right:0px;--awb-border-radius-bottom-left:0px;--awb-flex-wrap:wrap;\" ><div class=\"fusion-builder-row fusion-row fusion-flex-align-items-flex-start fusion-flex-content-wrap\" style=\"max-width:1248px;margin-left: calc(-4% \/ 2 );margin-right: calc(-4% \/ 2 );\"><div class=\"fusion-layout-column fusion_builder_column fusion-builder-column-0 fusion_builder_column_1_1 1_1 fusion-flex-column\" style=\"--awb-bg-size:cover;--awb-width-large:100%;--awb-margin-top-large:0px;--awb-spacing-right-large:1.92%;--awb-margin-bottom-large:20px;--awb-spacing-left-large:1.92%;--awb-width-medium:100%;--awb-order-medium:0;--awb-spacing-right-medium:1.92%;--awb-spacing-left-medium:1.92%;--awb-width-small:100%;--awb-order-small:0;--awb-spacing-right-small:1.92%;--awb-spacing-left-small:1.92%;\"><div class=\"fusion-column-wrapper fusion-column-has-shadow fusion-flex-justify-content-flex-start fusion-content-layout-column\"><div class=\"fusion-text fusion-text-1\"><div class=\"vc_row wpb_row vc_row-fluid\">\n<div class=\"wpb_column vc_column_container vc_col-sm-12\">\n<div class=\"vc_column-inner\">\n<div class=\"wpb_wrapper\">\n<div class=\"wpb_text_column wpb_content_element \">\n<div class=\"wpb_wrapper\">\n<div class=\"vc_row wpb_row vc_row-fluid\">\n<div class=\"wpb_column vc_column_container vc_col-sm-12\">\n<div class=\"vc_column-inner\">\n<div class=\"wpb_wrapper\">\n<div class=\"wpb_text_column wpb_content_element \">\n<div class=\"wpb_wrapper\">\n<p>Le calendrier annuel et le rythme hebdomadaire et journalier du lyc\u00e9e sont r\u00e9glement\u00e9s par le Minist\u00e8re de l\u2019\u00e9ducation nationale et l\u2019AEFE. Le calendrier est adopt\u00e9 chaque ann\u00e9e par le conseil d\u2019\u00e9tablissement. Il est divis\u00e9 en p\u00e9riodes de 6 \u00e0 7 semaines de classes ponctu\u00e9es de p\u00e9riodes de vacances scolaires de deux semaines.<\/p>\n<\/div>\n<\/div>\n<\/div>\n<\/div>\n<\/div>\n<\/div>\n<div class=\"vc_row wpb_row vc_row-fluid vc_custom_1638521835756\">\n<div class=\"wpb_column vc_column_container vc_col-sm-12\">\n<div class=\"vc_column-inner\">\n<div class=\"wpb_wrapper\">\n<div class=\" ubtn-ctn-center \">\n<div class=\"vc_row wpb_row vc_row-fluid\">\n<div class=\"wpb_column vc_column_container vc_col-sm-12\">\n<div class=\"vc_column-inner\">\n<div class=\"wpb_wrapper\"><\/div>\n<\/div>\n<\/div>\n<\/div>\n<\/div>\n<\/div>\n<\/div>\n<\/div>\n<\/div>\n<\/div>\n<\/div>\n<\/div>\n<\/div>\n<\/div>\n<\/div>\n<\/div><div class=\"fusion-separator fusion-full-width-sep\" style=\"align-self: center;margin-left: auto;margin-right: auto;margin-top:15px;margin-bottom:15px;width:100%;\"><\/div><div ><a class=\"fusion-button button-flat fusion-button-default-size button-default fusion-button-default button-1 fusion-button-default-span fusion-button-default-type\" target=\"_blank\" rel=\"noopener noreferrer\" href=\"https:\/\/cifs.edu.ba\/wp-content\/uploads\/2025\/08\/CIFS-Calendrier-scolaire-2025-2026.pdf\"><span class=\"fusion-button-text awb-button__text awb-button__text--default\">CALENDRIER SCOLAIRE 2025-2026<\/span><\/a><\/div><div class=\"fusion-separator fusion-full-width-sep\" style=\"align-self: center;margin-left: auto;margin-right: auto;margin-top:15px;margin-bottom:15px;width:100%;\"><\/div><div class=\"fusion-text fusion-text-2\"><div class=\"vc_row wpb_row vc_row-fluid\">\n<div class=\"wpb_column vc_column_container vc_col-sm-12\">\n<div class=\"vc_column-inner\">\n<div class=\"wpb_wrapper\">\n<div class=\"wpb_text_column wpb_content_element \">\n<div class=\"wpb_wrapper\">\n<div class=\"vc_row wpb_row vc_row-fluid\">\n<div class=\"wpb_column vc_column_container vc_col-sm-12\">\n<div class=\"vc_column-inner\">\n<div class=\"wpb_wrapper\">\n<div class=\"wpb_text_column wpb_content_element \">\n<div class=\"wpb_wrapper\">\n<div class=\"vc_row wpb_row vc_row-fluid\">\n<div class=\"wpb_column vc_column_container vc_col-sm-12\">\n<div class=\"vc_column-inner\">\n<div class=\"wpb_wrapper\">\n<div class=\"wpb_text_column wpb_content_element \">\n<div class=\"wpb_wrapper\">\n<p>Les \u00e9l\u00e8ves sont accueillis du Lundi au Vendredi. Les portes de l\u2019\u00e9cole ouvrent \u00e0 7h30 et les cours ont lieu selon l\u2019organisation suivante :<\/p>\n<\/div>\n<\/div>\n<\/div>\n<\/div>\n<\/div>\n<\/div>\n<\/div>\n<\/div>\n<\/div>\n<\/div>\n<\/div>\n<\/div>\n<\/div>\n<\/div>\n<\/div>\n<\/div>\n<\/div>\n<\/div>\n<\/div><div class=\"fusion-separator fusion-full-width-sep\" style=\"align-self: center;margin-left: auto;margin-right: auto;margin-top:7px;margin-bottom:7px;width:100%;\"><\/div><a class=\"awb-lightbox awb-lightbox-1\" href=\"https:\/\/cifs.edu.ba\/wp-content\/uploads\/2024\/01\/Calendrier-organisation-scolaire.jpg\" data-rel=\"iLightbox\"><img decoding=\"async\" src=\"https:\/\/cifs.edu.ba\/wp-content\/uploads\/2024\/01\/Calendrier-organisation-scolaire.jpg\" alt=\"Calendrier et organisation scolaire\"><\/a><\/div><\/div><\/div><\/div>\n","protected":false},"excerpt":{"rendered":"","protected":false},"author":1,"featured_media":0,"parent":0,"menu_order":0,"comment_status":"closed","ping_status":"closed","template":"100-width.php","meta":{"footnotes":""},"class_list":["post-628","page","type-page","status-publish","hentry"],"yoast_head":"<!-- This site is optimized with the Yoast SEO plugin v27.1.1 - https:\/\/yoast.com\/product\/yoast-seo-wordpress\/ -->\n<title>Calendrier et Organisation Scolaire | CIFS Ecole Sarajevo<\/title>\n<meta name=\"description\" content=\"Le calendrier annuel et le rythme hebdomadaire et journalier du lyc\u00e9e sont r\u00e9glement\u00e9s par le Minist\u00e8re de l\u2019\u00e9ducation nationale et l\u2019AEFE.\" \/>\n<meta name=\"robots\" content=\"index, follow, max-snippet:-1, max-image-preview:large, max-video-preview:-1\" \/>\n<link rel=\"canonical\" href=\"https:\/\/cifs.edu.ba\/fr\/calendrier-et-organisation-scolaire\/\" \/>\n<meta property=\"og:locale\" content=\"fr_FR\" \/>\n<meta property=\"og:type\" content=\"article\" \/>\n<meta property=\"og:title\" content=\"Calendrier et Organisation Scolaire | CIFS Ecole Sarajevo\" \/>\n<meta property=\"og:description\" content=\"Le calendrier annuel et le rythme hebdomadaire et journalier du lyc\u00e9e sont r\u00e9glement\u00e9s par le Minist\u00e8re de l\u2019\u00e9ducation nationale et l\u2019AEFE.\" \/>\n<meta property=\"og:url\" content=\"https:\/\/cifs.edu.ba\/fr\/calendrier-et-organisation-scolaire\/\" \/>\n<meta property=\"og:site_name\" content=\"CIFS\" \/>\n<meta property=\"article:publisher\" content=\"https:\/\/www.facebook.com\/CIFSarajevo\/\" \/>\n<meta property=\"article:modified_time\" content=\"2026-03-04T02:28:03+00:00\" \/>\n<meta name=\"twitter:card\" content=\"summary_large_image\" \/>\n<meta name=\"twitter:label1\" content=\"Dur\u00e9e de lecture estim\u00e9e\" \/>\n\t<meta name=\"twitter:data1\" content=\"1 minute\" \/>\n<script type=\"application\/ld+json\" class=\"yoast-schema-graph\">{\"@context\":\"https:\/\/schema.org\",\"@graph\":[{\"@type\":\"WebPage\",\"@id\":\"https:\/\/cifs.edu.ba\/fr\/calendrier-et-organisation-scolaire\/\",\"url\":\"https:\/\/cifs.edu.ba\/fr\/calendrier-et-organisation-scolaire\/\",\"name\":\"Calendrier et Organisation Scolaire | CIFS Ecole Sarajevo\",\"isPartOf\":{\"@id\":\"https:\/\/cifs.edu.ba\/#website\"},\"datePublished\":\"2023-11-12T00:46:25+00:00\",\"dateModified\":\"2026-03-04T02:28:03+00:00\",\"description\":\"Le calendrier annuel et le rythme hebdomadaire et journalier du lyc\u00e9e sont r\u00e9glement\u00e9s par le Minist\u00e8re de l\u2019\u00e9ducation nationale et l\u2019AEFE.\",\"breadcrumb\":{\"@id\":\"https:\/\/cifs.edu.ba\/fr\/calendrier-et-organisation-scolaire\/#breadcrumb\"},\"inLanguage\":\"fr-FR\",\"potentialAction\":[{\"@type\":\"ReadAction\",\"target\":[\"https:\/\/cifs.edu.ba\/fr\/calendrier-et-organisation-scolaire\/\"]}]},{\"@type\":\"BreadcrumbList\",\"@id\":\"https:\/\/cifs.edu.ba\/fr\/calendrier-et-organisation-scolaire\/#breadcrumb\",\"itemListElement\":[{\"@type\":\"ListItem\",\"position\":1,\"name\":\"Home\",\"item\":\"https:\/\/cifs.edu.ba\/fr\/\"},{\"@type\":\"ListItem\",\"position\":2,\"name\":\"Calendrier et organisation scolaire\"}]},{\"@type\":\"WebSite\",\"@id\":\"https:\/\/cifs.edu.ba\/#website\",\"url\":\"https:\/\/cifs.edu.ba\/\",\"name\":\"International School in Sarajevo!\",\"description\":\"\",\"potentialAction\":[{\"@type\":\"SearchAction\",\"target\":{\"@type\":\"EntryPoint\",\"urlTemplate\":\"https:\/\/cifs.edu.ba\/?s={search_term_string}\"},\"query-input\":{\"@type\":\"PropertyValueSpecification\",\"valueRequired\":true,\"valueName\":\"search_term_string\"}}],\"inLanguage\":\"fr-FR\"}]}<\/script>\n<!-- \/ Yoast SEO plugin. -->","yoast_head_json":{"title":"Calendrier et Organisation Scolaire | CIFS Ecole Sarajevo","description":"Le calendrier annuel et le rythme hebdomadaire et journalier du lyc\u00e9e sont r\u00e9glement\u00e9s par le Minist\u00e8re de l\u2019\u00e9ducation nationale et l\u2019AEFE.","robots":{"index":"index","follow":"follow","max-snippet":"max-snippet:-1","max-image-preview":"max-image-preview:large","max-video-preview":"max-video-preview:-1"},"canonical":"https:\/\/cifs.edu.ba\/fr\/calendrier-et-organisation-scolaire\/","og_locale":"fr_FR","og_type":"article","og_title":"Calendrier et Organisation Scolaire | CIFS Ecole Sarajevo","og_description":"Le calendrier annuel et le rythme hebdomadaire et journalier du lyc\u00e9e sont r\u00e9glement\u00e9s par le Minist\u00e8re de l\u2019\u00e9ducation nationale et l\u2019AEFE.","og_url":"https:\/\/cifs.edu.ba\/fr\/calendrier-et-organisation-scolaire\/","og_site_name":"CIFS","article_publisher":"https:\/\/www.facebook.com\/CIFSarajevo\/","article_modified_time":"2026-03-04T02:28:03+00:00","twitter_card":"summary_large_image","twitter_misc":{"Dur\u00e9e de lecture estim\u00e9e":"1 minute"},"schema":{"@context":"https:\/\/schema.org","@graph":[{"@type":"WebPage","@id":"https:\/\/cifs.edu.ba\/fr\/calendrier-et-organisation-scolaire\/","url":"https:\/\/cifs.edu.ba\/fr\/calendrier-et-organisation-scolaire\/","name":"Calendrier et Organisation Scolaire | CIFS Ecole Sarajevo","isPartOf":{"@id":"https:\/\/cifs.edu.ba\/#website"},"datePublished":"2023-11-12T00:46:25+00:00","dateModified":"2026-03-04T02:28:03+00:00","description":"Le calendrier annuel et le rythme hebdomadaire et journalier du lyc\u00e9e sont r\u00e9glement\u00e9s par le Minist\u00e8re de l\u2019\u00e9ducation nationale et l\u2019AEFE.","breadcrumb":{"@id":"https:\/\/cifs.edu.ba\/fr\/calendrier-et-organisation-scolaire\/#breadcrumb"},"inLanguage":"fr-FR","potentialAction":[{"@type":"ReadAction","target":["https:\/\/cifs.edu.ba\/fr\/calendrier-et-organisation-scolaire\/"]}]},{"@type":"BreadcrumbList","@id":"https:\/\/cifs.edu.ba\/fr\/calendrier-et-organisation-scolaire\/#breadcrumb","itemListElement":[{"@type":"ListItem","position":1,"name":"Home","item":"https:\/\/cifs.edu.ba\/fr\/"},{"@type":"ListItem","position":2,"name":"Calendrier et organisation scolaire"}]},{"@type":"WebSite","@id":"https:\/\/cifs.edu.ba\/#website","url":"https:\/\/cifs.edu.ba\/","name":"International School in Sarajevo!","description":"","potentialAction":[{"@type":"SearchAction","target":{"@type":"EntryPoint","urlTemplate":"https:\/\/cifs.edu.ba\/?s={search_term_string}"},"query-input":{"@type":"PropertyValueSpecification","valueRequired":true,"valueName":"search_term_string"}}],"inLanguage":"fr-FR"}]}},"_links":{"self":[{"href":"https:\/\/cifs.edu.ba\/fr\/wp-json\/wp\/v2\/pages\/628","targetHints":{"allow":["GET"]}}],"collection":[{"href":"https:\/\/cifs.edu.ba\/fr\/wp-json\/wp\/v2\/pages"}],"about":[{"href":"https:\/\/cifs.edu.ba\/fr\/wp-json\/wp\/v2\/types\/page"}],"author":[{"embeddable":true,"href":"https:\/\/cifs.edu.ba\/fr\/wp-json\/wp\/v2\/users\/1"}],"replies":[{"embeddable":true,"href":"https:\/\/cifs.edu.ba\/fr\/wp-json\/wp\/v2\/comments?post=628"}],"version-history":[{"count":7,"href":"https:\/\/cifs.edu.ba\/fr\/wp-json\/wp\/v2\/pages\/628\/revisions"}],"predecessor-version":[{"id":1967,"href":"https:\/\/cifs.edu.ba\/fr\/wp-json\/wp\/v2\/pages\/628\/revisions\/1967"}],"wp:attachment":[{"href":"https:\/\/cifs.edu.ba\/fr\/wp-json\/wp\/v2\/media?parent=628"}],"curies":[{"name":"wp","href":"https:\/\/api.w.org\/{rel}","templated":true}]}}