{"id":622,"date":"2023-11-11T23:54:16","date_gmt":"2023-11-11T23:54:16","guid":{"rendered":"https:\/\/cifs.edu.ba\/extra-curricular-activities\/holiday-camps\/"},"modified":"2026-03-04T02:07:51","modified_gmt":"2026-03-04T02:07:51","slug":"centre-de-loisirs","status":"publish","type":"page","link":"https:\/\/cifs.edu.ba\/fr\/activites-extrascolaires\/centre-de-loisirs\/","title":{"rendered":"Centre de loisirs"},"content":{"rendered":"<p><div class=\"fusion-fullwidth fullwidth-box fusion-builder-row-1 fusion-flex-container has-pattern-background has-mask-background nonhundred-percent-fullwidth non-hundred-percent-height-scrolling\" style=\"--awb-border-radius-top-left:0px;--awb-border-radius-top-right:0px;--awb-border-radius-bottom-right:0px;--awb-border-radius-bottom-left:0px;--awb-flex-wrap:wrap;\" ><div class=\"fusion-builder-row fusion-row fusion-flex-align-items-flex-start fusion-flex-content-wrap\" style=\"max-width:1248px;margin-left: calc(-4% \/ 2 );margin-right: calc(-4% \/ 2 );\"><div class=\"fusion-layout-column fusion_builder_column fusion-builder-column-0 fusion_builder_column_1_1 1_1 fusion-flex-column\" style=\"--awb-bg-size:cover;--awb-width-large:100%;--awb-margin-top-large:0px;--awb-spacing-right-large:1.92%;--awb-margin-bottom-large:20px;--awb-spacing-left-large:1.92%;--awb-width-medium:100%;--awb-order-medium:0;--awb-spacing-right-medium:1.92%;--awb-spacing-left-medium:1.92%;--awb-width-small:100%;--awb-order-small:0;--awb-spacing-right-small:1.92%;--awb-spacing-left-small:1.92%;\"><div class=\"fusion-column-wrapper fusion-column-has-shadow fusion-flex-justify-content-flex-start fusion-content-layout-column\"><div class=\"fusion-text fusion-text-1\"><p>Un centre de loisir est propos\u00e9 durant les vacances scolaires. Ce centre de loisir est tenu par du personnel de l\u2019\u00e9cole. Il se fait en fran\u00e7ais.<\/p>\n<p>Les activit\u00e9s propos\u00e9es d\u00e9pendent des effectifs et de la saison pour se faire soit en int\u00e9rieur soit en ext\u00e9rieur.<\/p>\n<\/div><\/div><\/div><\/div><\/div><div class=\"fusion-fullwidth fullwidth-box fusion-builder-row-2 fusion-flex-container has-pattern-background has-mask-background nonhundred-percent-fullwidth non-hundred-percent-height-scrolling\" style=\"--awb-border-radius-top-left:0px;--awb-border-radius-top-right:0px;--awb-border-radius-bottom-right:0px;--awb-border-radius-bottom-left:0px;--awb-flex-wrap:wrap;\" ><div class=\"fusion-builder-row fusion-row fusion-flex-align-items-flex-start fusion-flex-content-wrap\" style=\"max-width:1248px;margin-left: calc(-4% \/ 2 );margin-right: calc(-4% \/ 2 );\"><div class=\"fusion-layout-column fusion_builder_column fusion-builder-column-1 fusion_builder_column_1_1 1_1 fusion-flex-column\" style=\"--awb-bg-size:cover;--awb-width-large:100%;--awb-margin-top-large:0px;--awb-spacing-right-large:1.92%;--awb-margin-bottom-large:20px;--awb-spacing-left-large:1.92%;--awb-width-medium:100%;--awb-order-medium:0;--awb-spacing-right-medium:1.92%;--awb-spacing-left-medium:1.92%;--awb-width-small:100%;--awb-order-small:0;--awb-spacing-right-small:1.92%;--awb-spacing-left-small:1.92%;\"><div class=\"fusion-column-wrapper fusion-column-has-shadow fusion-flex-justify-content-flex-start fusion-content-layout-column\"><div class=\"awb-gallery-wrapper awb-gallery-wrapper-1 button-span-no\" style=\"--more-btn-alignment:center;\"><div style=\"margin:-5px;--awb-aspect-ratio:4 \/ 3;--awb-bordersize:0px;\" class=\"fusion-gallery fusion-gallery-container fusion-grid-3 fusion-columns-total-12 fusion-gallery-layout-grid fusion-gallery-1 has-aspect-ratio\"><div style=\"padding:5px;\" class=\"fusion-grid-column fusion-gallery-column fusion-gallery-column-3 hover-type-none\"><div class=\"fusion-gallery-image\"><a href=\"https:\/\/cifs.edu.ba\/wp-content\/uploads\/2023\/11\/Summer-camp-1.jpg\" rel=\"noreferrer\" data-rel=\"iLightbox[gallery_image_1]\" class=\"fusion-lightbox\" target=\"_self\"><img decoding=\"async\" src=\"https:\/\/cifs.edu.ba\/wp-content\/uploads\/2023\/11\/Summer-camp-1.jpg\" width=\"2048\" height=\"1536\" alt=\"\" title=\"Summer-camp-1\" aria-label=\"Summer-camp-1\" class=\"img-responsive wp-image-407\" srcset=\"https:\/\/cifs.edu.ba\/wp-content\/uploads\/2023\/11\/Summer-camp-1-200x150.jpg 200w, https:\/\/cifs.edu.ba\/wp-content\/uploads\/2023\/11\/Summer-camp-1-400x300.jpg 400w, https:\/\/cifs.edu.ba\/wp-content\/uploads\/2023\/11\/Summer-camp-1-600x450.jpg 600w, https:\/\/cifs.edu.ba\/wp-content\/uploads\/2023\/11\/Summer-camp-1-800x600.jpg 800w, https:\/\/cifs.edu.ba\/wp-content\/uploads\/2023\/11\/Summer-camp-1-1200x900.jpg 1200w, https:\/\/cifs.edu.ba\/wp-content\/uploads\/2023\/11\/Summer-camp-1.jpg 2048w\" sizes=\"(min-width: 2200px) 100vw, (min-width: 784px) 397px, (min-width: 712px) 595px, (min-width: 640px) 712px, \" \/><\/a><\/div><\/div><div style=\"padding:5px;\" class=\"fusion-grid-column fusion-gallery-column fusion-gallery-column-3 hover-type-none\"><div class=\"fusion-gallery-image\"><a href=\"https:\/\/cifs.edu.ba\/wp-content\/uploads\/2023\/11\/Summer-camp-2.jpg\" rel=\"noreferrer\" data-rel=\"iLightbox[gallery_image_1]\" class=\"fusion-lightbox\" target=\"_self\"><img decoding=\"async\" src=\"https:\/\/cifs.edu.ba\/wp-content\/uploads\/2023\/11\/Summer-camp-2.jpg\" width=\"2048\" height=\"1536\" alt=\"\" title=\"Summer-camp-2\" aria-label=\"Summer-camp-2\" class=\"img-responsive wp-image-409\" srcset=\"https:\/\/cifs.edu.ba\/wp-content\/uploads\/2023\/11\/Summer-camp-2-200x150.jpg 200w, https:\/\/cifs.edu.ba\/wp-content\/uploads\/2023\/11\/Summer-camp-2-400x300.jpg 400w, https:\/\/cifs.edu.ba\/wp-content\/uploads\/2023\/11\/Summer-camp-2-600x450.jpg 600w, https:\/\/cifs.edu.ba\/wp-content\/uploads\/2023\/11\/Summer-camp-2-800x600.jpg 800w, https:\/\/cifs.edu.ba\/wp-content\/uploads\/2023\/11\/Summer-camp-2-1200x900.jpg 1200w, https:\/\/cifs.edu.ba\/wp-content\/uploads\/2023\/11\/Summer-camp-2.jpg 2048w\" sizes=\"(min-width: 2200px) 100vw, (min-width: 784px) 397px, (min-width: 712px) 595px, (min-width: 640px) 712px, \" \/><\/a><\/div><\/div><div style=\"padding:5px;\" class=\"fusion-grid-column fusion-gallery-column fusion-gallery-column-3 hover-type-none\"><div class=\"fusion-gallery-image\"><a href=\"https:\/\/cifs.edu.ba\/wp-content\/uploads\/2023\/11\/Summer-camp-3.jpg\" rel=\"noreferrer\" data-rel=\"iLightbox[gallery_image_1]\" class=\"fusion-lightbox\" target=\"_self\"><img decoding=\"async\" src=\"https:\/\/cifs.edu.ba\/wp-content\/uploads\/2023\/11\/Summer-camp-3.jpg\" width=\"2048\" height=\"1536\" alt=\"\" title=\"Summer-camp-3\" aria-label=\"Summer-camp-3\" class=\"img-responsive wp-image-411\" srcset=\"https:\/\/cifs.edu.ba\/wp-content\/uploads\/2023\/11\/Summer-camp-3-200x150.jpg 200w, https:\/\/cifs.edu.ba\/wp-content\/uploads\/2023\/11\/Summer-camp-3-400x300.jpg 400w, https:\/\/cifs.edu.ba\/wp-content\/uploads\/2023\/11\/Summer-camp-3-600x450.jpg 600w, https:\/\/cifs.edu.ba\/wp-content\/uploads\/2023\/11\/Summer-camp-3-800x600.jpg 800w, https:\/\/cifs.edu.ba\/wp-content\/uploads\/2023\/11\/Summer-camp-3-1200x900.jpg 1200w, https:\/\/cifs.edu.ba\/wp-content\/uploads\/2023\/11\/Summer-camp-3.jpg 2048w\" sizes=\"(min-width: 2200px) 100vw, (min-width: 784px) 397px, (min-width: 712px) 595px, (min-width: 640px) 712px, \" \/><\/a><\/div><\/div><div class=\"clearfix\"><\/div><div style=\"padding:5px;\" class=\"fusion-grid-column fusion-gallery-column fusion-gallery-column-3 hover-type-none\"><div class=\"fusion-gallery-image\"><a href=\"https:\/\/cifs.edu.ba\/wp-content\/uploads\/2023\/11\/Summer-camp-4.jpg\" rel=\"noreferrer\" data-rel=\"iLightbox[gallery_image_1]\" class=\"fusion-lightbox\" target=\"_self\"><img decoding=\"async\" src=\"https:\/\/cifs.edu.ba\/wp-content\/uploads\/2023\/11\/Summer-camp-4.jpg\" width=\"1536\" height=\"2048\" alt=\"\" title=\"Summer-camp-4\" aria-label=\"Summer-camp-4\" class=\"img-responsive wp-image-413\" srcset=\"https:\/\/cifs.edu.ba\/wp-content\/uploads\/2023\/11\/Summer-camp-4-200x267.jpg 200w, https:\/\/cifs.edu.ba\/wp-content\/uploads\/2023\/11\/Summer-camp-4-400x533.jpg 400w, https:\/\/cifs.edu.ba\/wp-content\/uploads\/2023\/11\/Summer-camp-4-600x800.jpg 600w, https:\/\/cifs.edu.ba\/wp-content\/uploads\/2023\/11\/Summer-camp-4-800x1067.jpg 800w, https:\/\/cifs.edu.ba\/wp-content\/uploads\/2023\/11\/Summer-camp-4-1200x1600.jpg 1200w, https:\/\/cifs.edu.ba\/wp-content\/uploads\/2023\/11\/Summer-camp-4.jpg 1536w\" sizes=\"(min-width: 2200px) 100vw, (min-width: 784px) 397px, (min-width: 712px) 595px, (min-width: 640px) 712px, \" \/><\/a><\/div><\/div><div style=\"padding:5px;\" class=\"fusion-grid-column fusion-gallery-column fusion-gallery-column-3 hover-type-none\"><div class=\"fusion-gallery-image\"><a href=\"https:\/\/cifs.edu.ba\/wp-content\/uploads\/2023\/11\/Summer-camp-5.jpg\" rel=\"noreferrer\" data-rel=\"iLightbox[gallery_image_1]\" class=\"fusion-lightbox\" target=\"_self\"><img decoding=\"async\" src=\"https:\/\/cifs.edu.ba\/wp-content\/uploads\/2023\/11\/Summer-camp-5.jpg\" width=\"2048\" height=\"1536\" alt=\"\" title=\"Summer-camp-5\" aria-label=\"Summer-camp-5\" class=\"img-responsive wp-image-415\" srcset=\"https:\/\/cifs.edu.ba\/wp-content\/uploads\/2023\/11\/Summer-camp-5-200x150.jpg 200w, https:\/\/cifs.edu.ba\/wp-content\/uploads\/2023\/11\/Summer-camp-5-400x300.jpg 400w, https:\/\/cifs.edu.ba\/wp-content\/uploads\/2023\/11\/Summer-camp-5-600x450.jpg 600w, https:\/\/cifs.edu.ba\/wp-content\/uploads\/2023\/11\/Summer-camp-5-800x600.jpg 800w, https:\/\/cifs.edu.ba\/wp-content\/uploads\/2023\/11\/Summer-camp-5-1200x900.jpg 1200w, https:\/\/cifs.edu.ba\/wp-content\/uploads\/2023\/11\/Summer-camp-5.jpg 2048w\" sizes=\"(min-width: 2200px) 100vw, (min-width: 784px) 397px, (min-width: 712px) 595px, (min-width: 640px) 712px, \" \/><\/a><\/div><\/div><div style=\"padding:5px;\" class=\"fusion-grid-column fusion-gallery-column fusion-gallery-column-3 hover-type-none\"><div class=\"fusion-gallery-image\"><a href=\"https:\/\/cifs.edu.ba\/wp-content\/uploads\/2023\/11\/Summer-camp-6.jpg\" rel=\"noreferrer\" data-rel=\"iLightbox[gallery_image_1]\" class=\"fusion-lightbox\" target=\"_self\"><img decoding=\"async\" src=\"https:\/\/cifs.edu.ba\/wp-content\/uploads\/2023\/11\/Summer-camp-6.jpg\" width=\"1536\" height=\"2048\" alt=\"\" title=\"Summer-camp-6\" aria-label=\"Summer-camp-6\" class=\"img-responsive wp-image-417\" srcset=\"https:\/\/cifs.edu.ba\/wp-content\/uploads\/2023\/11\/Summer-camp-6-200x267.jpg 200w, https:\/\/cifs.edu.ba\/wp-content\/uploads\/2023\/11\/Summer-camp-6-400x533.jpg 400w, https:\/\/cifs.edu.ba\/wp-content\/uploads\/2023\/11\/Summer-camp-6-600x800.jpg 600w, https:\/\/cifs.edu.ba\/wp-content\/uploads\/2023\/11\/Summer-camp-6-800x1067.jpg 800w, https:\/\/cifs.edu.ba\/wp-content\/uploads\/2023\/11\/Summer-camp-6-1200x1600.jpg 1200w, https:\/\/cifs.edu.ba\/wp-content\/uploads\/2023\/11\/Summer-camp-6.jpg 1536w\" sizes=\"(min-width: 2200px) 100vw, (min-width: 784px) 397px, (min-width: 712px) 595px, (min-width: 640px) 712px, \" \/><\/a><\/div><\/div><div class=\"clearfix\"><\/div><div style=\"padding:5px;\" class=\"fusion-grid-column fusion-gallery-column fusion-gallery-column-3 hover-type-none\"><div class=\"fusion-gallery-image\"><a href=\"https:\/\/cifs.edu.ba\/wp-content\/uploads\/2023\/11\/Summer-camp-7.jpg\" rel=\"noreferrer\" data-rel=\"iLightbox[gallery_image_1]\" class=\"fusion-lightbox\" target=\"_self\"><img decoding=\"async\" src=\"https:\/\/cifs.edu.ba\/wp-content\/uploads\/2023\/11\/Summer-camp-7.jpg\" width=\"720\" height=\"960\" alt=\"\" title=\"Summer-camp-7\" aria-label=\"Summer-camp-7\" class=\"img-responsive wp-image-419\" srcset=\"https:\/\/cifs.edu.ba\/wp-content\/uploads\/2023\/11\/Summer-camp-7-200x267.jpg 200w, https:\/\/cifs.edu.ba\/wp-content\/uploads\/2023\/11\/Summer-camp-7-400x533.jpg 400w, https:\/\/cifs.edu.ba\/wp-content\/uploads\/2023\/11\/Summer-camp-7-600x800.jpg 600w, https:\/\/cifs.edu.ba\/wp-content\/uploads\/2023\/11\/Summer-camp-7.jpg 720w\" sizes=\"(min-width: 2200px) 100vw, (min-width: 784px) 397px, (min-width: 712px) 595px, (min-width: 640px) 712px, \" \/><\/a><\/div><\/div><div style=\"padding:5px;\" class=\"fusion-grid-column fusion-gallery-column fusion-gallery-column-3 hover-type-none\"><div class=\"fusion-gallery-image\"><a href=\"https:\/\/cifs.edu.ba\/wp-content\/uploads\/2023\/11\/Summer-camp-8.jpg\" rel=\"noreferrer\" data-rel=\"iLightbox[gallery_image_1]\" class=\"fusion-lightbox\" target=\"_self\"><img decoding=\"async\" src=\"https:\/\/cifs.edu.ba\/wp-content\/uploads\/2023\/11\/Summer-camp-8.jpg\" width=\"1080\" height=\"1440\" alt=\"\" title=\"Summer-camp-8\" aria-label=\"Summer-camp-8\" class=\"img-responsive wp-image-421\" srcset=\"https:\/\/cifs.edu.ba\/wp-content\/uploads\/2023\/11\/Summer-camp-8-200x267.jpg 200w, https:\/\/cifs.edu.ba\/wp-content\/uploads\/2023\/11\/Summer-camp-8-400x533.jpg 400w, https:\/\/cifs.edu.ba\/wp-content\/uploads\/2023\/11\/Summer-camp-8-600x800.jpg 600w, https:\/\/cifs.edu.ba\/wp-content\/uploads\/2023\/11\/Summer-camp-8-800x1067.jpg 800w, https:\/\/cifs.edu.ba\/wp-content\/uploads\/2023\/11\/Summer-camp-8.jpg 1080w\" sizes=\"(min-width: 2200px) 100vw, (min-width: 784px) 397px, (min-width: 712px) 595px, (min-width: 640px) 712px, \" \/><\/a><\/div><\/div><div style=\"padding:5px;\" class=\"fusion-grid-column fusion-gallery-column fusion-gallery-column-3 hover-type-none\"><div class=\"fusion-gallery-image\"><a href=\"https:\/\/cifs.edu.ba\/wp-content\/uploads\/2023\/11\/Summer-camp-9.jpg\" rel=\"noreferrer\" data-rel=\"iLightbox[gallery_image_1]\" class=\"fusion-lightbox\" target=\"_self\"><img decoding=\"async\" src=\"https:\/\/cifs.edu.ba\/wp-content\/uploads\/2023\/11\/Summer-camp-9.jpg\" width=\"1080\" height=\"1440\" alt=\"\" title=\"Summer-camp-9\" aria-label=\"Summer-camp-9\" class=\"img-responsive wp-image-423\" srcset=\"https:\/\/cifs.edu.ba\/wp-content\/uploads\/2023\/11\/Summer-camp-9-200x267.jpg 200w, https:\/\/cifs.edu.ba\/wp-content\/uploads\/2023\/11\/Summer-camp-9-400x533.jpg 400w, https:\/\/cifs.edu.ba\/wp-content\/uploads\/2023\/11\/Summer-camp-9-600x800.jpg 600w, https:\/\/cifs.edu.ba\/wp-content\/uploads\/2023\/11\/Summer-camp-9-800x1067.jpg 800w, https:\/\/cifs.edu.ba\/wp-content\/uploads\/2023\/11\/Summer-camp-9.jpg 1080w\" sizes=\"(min-width: 2200px) 100vw, (min-width: 784px) 397px, (min-width: 712px) 595px, (min-width: 640px) 712px, \" \/><\/a><\/div><\/div><div class=\"clearfix\"><\/div><div style=\"padding:5px;\" class=\"fusion-grid-column fusion-gallery-column fusion-gallery-column-3 hover-type-none\"><div class=\"fusion-gallery-image\"><a href=\"https:\/\/cifs.edu.ba\/wp-content\/uploads\/2023\/11\/Summer-camp-10.jpg\" rel=\"noreferrer\" data-rel=\"iLightbox[gallery_image_1]\" class=\"fusion-lightbox\" target=\"_self\"><img decoding=\"async\" src=\"https:\/\/cifs.edu.ba\/wp-content\/uploads\/2023\/11\/Summer-camp-10.jpg\" width=\"1080\" height=\"1440\" alt=\"\" title=\"Summer-camp-10\" aria-label=\"Summer-camp-10\" class=\"img-responsive wp-image-425\" srcset=\"https:\/\/cifs.edu.ba\/wp-content\/uploads\/2023\/11\/Summer-camp-10-200x267.jpg 200w, https:\/\/cifs.edu.ba\/wp-content\/uploads\/2023\/11\/Summer-camp-10-400x533.jpg 400w, https:\/\/cifs.edu.ba\/wp-content\/uploads\/2023\/11\/Summer-camp-10-600x800.jpg 600w, https:\/\/cifs.edu.ba\/wp-content\/uploads\/2023\/11\/Summer-camp-10-800x1067.jpg 800w, https:\/\/cifs.edu.ba\/wp-content\/uploads\/2023\/11\/Summer-camp-10.jpg 1080w\" sizes=\"(min-width: 2200px) 100vw, (min-width: 784px) 397px, (min-width: 712px) 595px, (min-width: 640px) 712px, \" \/><\/a><\/div><\/div><div style=\"padding:5px;\" class=\"fusion-grid-column fusion-gallery-column fusion-gallery-column-3 hover-type-none\"><div class=\"fusion-gallery-image\"><a href=\"https:\/\/cifs.edu.ba\/wp-content\/uploads\/2023\/11\/Summer-camp-11.jpg\" rel=\"noreferrer\" data-rel=\"iLightbox[gallery_image_1]\" class=\"fusion-lightbox\" target=\"_self\"><img decoding=\"async\" src=\"https:\/\/cifs.edu.ba\/wp-content\/uploads\/2023\/11\/Summer-camp-11.jpg\" width=\"1080\" height=\"1440\" alt=\"\" title=\"Summer-camp-11\" aria-label=\"Summer-camp-11\" class=\"img-responsive wp-image-427\" srcset=\"https:\/\/cifs.edu.ba\/wp-content\/uploads\/2023\/11\/Summer-camp-11-200x267.jpg 200w, https:\/\/cifs.edu.ba\/wp-content\/uploads\/2023\/11\/Summer-camp-11-400x533.jpg 400w, https:\/\/cifs.edu.ba\/wp-content\/uploads\/2023\/11\/Summer-camp-11-600x800.jpg 600w, https:\/\/cifs.edu.ba\/wp-content\/uploads\/2023\/11\/Summer-camp-11-800x1067.jpg 800w, https:\/\/cifs.edu.ba\/wp-content\/uploads\/2023\/11\/Summer-camp-11.jpg 1080w\" sizes=\"(min-width: 2200px) 100vw, (min-width: 784px) 397px, (min-width: 712px) 595px, (min-width: 640px) 712px, \" \/><\/a><\/div><\/div><div style=\"padding:5px;\" class=\"fusion-grid-column fusion-gallery-column fusion-gallery-column-3 hover-type-none\"><div class=\"fusion-gallery-image\"><a href=\"https:\/\/cifs.edu.ba\/wp-content\/uploads\/2023\/11\/Summer-camp-12.jpg\" rel=\"noreferrer\" data-rel=\"iLightbox[gallery_image_1]\" class=\"fusion-lightbox\" target=\"_self\"><img decoding=\"async\" src=\"https:\/\/cifs.edu.ba\/wp-content\/uploads\/2023\/11\/Summer-camp-12.jpg\" width=\"1080\" height=\"1440\" alt=\"\" title=\"Summer-camp-12\" aria-label=\"Summer-camp-12\" class=\"img-responsive wp-image-429\" srcset=\"https:\/\/cifs.edu.ba\/wp-content\/uploads\/2023\/11\/Summer-camp-12-200x267.jpg 200w, https:\/\/cifs.edu.ba\/wp-content\/uploads\/2023\/11\/Summer-camp-12-400x533.jpg 400w, https:\/\/cifs.edu.ba\/wp-content\/uploads\/2023\/11\/Summer-camp-12-600x800.jpg 600w, https:\/\/cifs.edu.ba\/wp-content\/uploads\/2023\/11\/Summer-camp-12-800x1067.jpg 800w, https:\/\/cifs.edu.ba\/wp-content\/uploads\/2023\/11\/Summer-camp-12.jpg 1080w\" sizes=\"(min-width: 2200px) 100vw, (min-width: 784px) 397px, (min-width: 712px) 595px, (min-width: 640px) 712px, \" \/><\/a><\/div><\/div><div class=\"clearfix\"><\/div><\/div><\/div><\/div><\/div><\/div><\/div><\/p>\n","protected":false},"excerpt":{"rendered":"","protected":false},"author":1,"featured_media":0,"parent":609,"menu_order":0,"comment_status":"closed","ping_status":"closed","template":"100-width.php","meta":{"footnotes":""},"class_list":["post-622","page","type-page","status-publish","hentry"],"yoast_head":"<!-- This site is optimized with the Yoast SEO plugin v27.1.1 - https:\/\/yoast.com\/product\/yoast-seo-wordpress\/ -->\n<title>Centre de Loisirs | Activit\u00e9s Extrascolaires | CIFS Sarajevo<\/title>\n<meta name=\"description\" content=\"Les activit\u00e9s propos\u00e9es d\u00e9pendent des effectifs et de la saison pour se faire soit en int\u00e9rieur soit en ext\u00e9rieur. Contactez-nous!\" \/>\n<meta name=\"robots\" content=\"index, follow, max-snippet:-1, max-image-preview:large, max-video-preview:-1\" \/>\n<link rel=\"canonical\" href=\"https:\/\/cifs.edu.ba\/fr\/activites-extrascolaires\/centre-de-loisirs\/\" \/>\n<meta property=\"og:locale\" content=\"fr_FR\" \/>\n<meta property=\"og:type\" content=\"article\" \/>\n<meta property=\"og:title\" content=\"Centre de Loisirs | Activit\u00e9s Extrascolaires | CIFS Sarajevo\" \/>\n<meta property=\"og:description\" content=\"Les activit\u00e9s propos\u00e9es d\u00e9pendent des effectifs et de la saison pour se faire soit en int\u00e9rieur soit en ext\u00e9rieur. Contactez-nous!\" \/>\n<meta property=\"og:url\" content=\"https:\/\/cifs.edu.ba\/fr\/activites-extrascolaires\/centre-de-loisirs\/\" \/>\n<meta property=\"og:site_name\" content=\"CIFS\" \/>\n<meta property=\"article:publisher\" content=\"https:\/\/www.facebook.com\/CIFSarajevo\/\" \/>\n<meta property=\"article:modified_time\" content=\"2026-03-04T02:07:51+00:00\" \/>\n<meta name=\"twitter:card\" content=\"summary_large_image\" \/>\n<meta name=\"twitter:label1\" content=\"Dur\u00e9e de lecture estim\u00e9e\" \/>\n\t<meta name=\"twitter:data1\" content=\"3 minutes\" \/>\n<script type=\"application\/ld+json\" class=\"yoast-schema-graph\">{\"@context\":\"https:\/\/schema.org\",\"@graph\":[{\"@type\":\"WebPage\",\"@id\":\"https:\/\/cifs.edu.ba\/fr\/activites-extrascolaires\/centre-de-loisirs\/\",\"url\":\"https:\/\/cifs.edu.ba\/fr\/activites-extrascolaires\/centre-de-loisirs\/\",\"name\":\"Centre de Loisirs | Activit\u00e9s Extrascolaires | CIFS Sarajevo\",\"isPartOf\":{\"@id\":\"https:\/\/cifs.edu.ba\/#website\"},\"datePublished\":\"2023-11-11T23:54:16+00:00\",\"dateModified\":\"2026-03-04T02:07:51+00:00\",\"description\":\"Les activit\u00e9s propos\u00e9es d\u00e9pendent des effectifs et de la saison pour se faire soit en int\u00e9rieur soit en ext\u00e9rieur. Contactez-nous!\",\"breadcrumb\":{\"@id\":\"https:\/\/cifs.edu.ba\/fr\/activites-extrascolaires\/centre-de-loisirs\/#breadcrumb\"},\"inLanguage\":\"fr-FR\",\"potentialAction\":[{\"@type\":\"ReadAction\",\"target\":[\"https:\/\/cifs.edu.ba\/fr\/activites-extrascolaires\/centre-de-loisirs\/\"]}]},{\"@type\":\"BreadcrumbList\",\"@id\":\"https:\/\/cifs.edu.ba\/fr\/activites-extrascolaires\/centre-de-loisirs\/#breadcrumb\",\"itemListElement\":[{\"@type\":\"ListItem\",\"position\":1,\"name\":\"Home\",\"item\":\"https:\/\/cifs.edu.ba\/fr\/\"},{\"@type\":\"ListItem\",\"position\":2,\"name\":\"Activit\u00e9s extrascolaires\",\"item\":\"https:\/\/cifs.edu.ba\/fr\/activites-extrascolaires\/\"},{\"@type\":\"ListItem\",\"position\":3,\"name\":\"Centre de loisirs\"}]},{\"@type\":\"WebSite\",\"@id\":\"https:\/\/cifs.edu.ba\/#website\",\"url\":\"https:\/\/cifs.edu.ba\/\",\"name\":\"International School in Sarajevo!\",\"description\":\"\",\"potentialAction\":[{\"@type\":\"SearchAction\",\"target\":{\"@type\":\"EntryPoint\",\"urlTemplate\":\"https:\/\/cifs.edu.ba\/?s={search_term_string}\"},\"query-input\":{\"@type\":\"PropertyValueSpecification\",\"valueRequired\":true,\"valueName\":\"search_term_string\"}}],\"inLanguage\":\"fr-FR\"}]}<\/script>\n<!-- \/ Yoast SEO plugin. -->","yoast_head_json":{"title":"Centre de Loisirs | Activit\u00e9s Extrascolaires | CIFS Sarajevo","description":"Les activit\u00e9s propos\u00e9es d\u00e9pendent des effectifs et de la saison pour se faire soit en int\u00e9rieur soit en ext\u00e9rieur. Contactez-nous!","robots":{"index":"index","follow":"follow","max-snippet":"max-snippet:-1","max-image-preview":"max-image-preview:large","max-video-preview":"max-video-preview:-1"},"canonical":"https:\/\/cifs.edu.ba\/fr\/activites-extrascolaires\/centre-de-loisirs\/","og_locale":"fr_FR","og_type":"article","og_title":"Centre de Loisirs | Activit\u00e9s Extrascolaires | CIFS Sarajevo","og_description":"Les activit\u00e9s propos\u00e9es d\u00e9pendent des effectifs et de la saison pour se faire soit en int\u00e9rieur soit en ext\u00e9rieur. Contactez-nous!","og_url":"https:\/\/cifs.edu.ba\/fr\/activites-extrascolaires\/centre-de-loisirs\/","og_site_name":"CIFS","article_publisher":"https:\/\/www.facebook.com\/CIFSarajevo\/","article_modified_time":"2026-03-04T02:07:51+00:00","twitter_card":"summary_large_image","twitter_misc":{"Dur\u00e9e de lecture estim\u00e9e":"3 minutes"},"schema":{"@context":"https:\/\/schema.org","@graph":[{"@type":"WebPage","@id":"https:\/\/cifs.edu.ba\/fr\/activites-extrascolaires\/centre-de-loisirs\/","url":"https:\/\/cifs.edu.ba\/fr\/activites-extrascolaires\/centre-de-loisirs\/","name":"Centre de Loisirs | Activit\u00e9s Extrascolaires | CIFS Sarajevo","isPartOf":{"@id":"https:\/\/cifs.edu.ba\/#website"},"datePublished":"2023-11-11T23:54:16+00:00","dateModified":"2026-03-04T02:07:51+00:00","description":"Les activit\u00e9s propos\u00e9es d\u00e9pendent des effectifs et de la saison pour se faire soit en int\u00e9rieur soit en ext\u00e9rieur. Contactez-nous!","breadcrumb":{"@id":"https:\/\/cifs.edu.ba\/fr\/activites-extrascolaires\/centre-de-loisirs\/#breadcrumb"},"inLanguage":"fr-FR","potentialAction":[{"@type":"ReadAction","target":["https:\/\/cifs.edu.ba\/fr\/activites-extrascolaires\/centre-de-loisirs\/"]}]},{"@type":"BreadcrumbList","@id":"https:\/\/cifs.edu.ba\/fr\/activites-extrascolaires\/centre-de-loisirs\/#breadcrumb","itemListElement":[{"@type":"ListItem","position":1,"name":"Home","item":"https:\/\/cifs.edu.ba\/fr\/"},{"@type":"ListItem","position":2,"name":"Activit\u00e9s extrascolaires","item":"https:\/\/cifs.edu.ba\/fr\/activites-extrascolaires\/"},{"@type":"ListItem","position":3,"name":"Centre de loisirs"}]},{"@type":"WebSite","@id":"https:\/\/cifs.edu.ba\/#website","url":"https:\/\/cifs.edu.ba\/","name":"International School in Sarajevo!","description":"","potentialAction":[{"@type":"SearchAction","target":{"@type":"EntryPoint","urlTemplate":"https:\/\/cifs.edu.ba\/?s={search_term_string}"},"query-input":{"@type":"PropertyValueSpecification","valueRequired":true,"valueName":"search_term_string"}}],"inLanguage":"fr-FR"}]}},"_links":{"self":[{"href":"https:\/\/cifs.edu.ba\/fr\/wp-json\/wp\/v2\/pages\/622","targetHints":{"allow":["GET"]}}],"collection":[{"href":"https:\/\/cifs.edu.ba\/fr\/wp-json\/wp\/v2\/pages"}],"about":[{"href":"https:\/\/cifs.edu.ba\/fr\/wp-json\/wp\/v2\/types\/page"}],"author":[{"embeddable":true,"href":"https:\/\/cifs.edu.ba\/fr\/wp-json\/wp\/v2\/users\/1"}],"replies":[{"embeddable":true,"href":"https:\/\/cifs.edu.ba\/fr\/wp-json\/wp\/v2\/comments?post=622"}],"version-history":[{"count":5,"href":"https:\/\/cifs.edu.ba\/fr\/wp-json\/wp\/v2\/pages\/622\/revisions"}],"predecessor-version":[{"id":2439,"href":"https:\/\/cifs.edu.ba\/fr\/wp-json\/wp\/v2\/pages\/622\/revisions\/2439"}],"up":[{"embeddable":true,"href":"https:\/\/cifs.edu.ba\/fr\/wp-json\/wp\/v2\/pages\/609"}],"wp:attachment":[{"href":"https:\/\/cifs.edu.ba\/fr\/wp-json\/wp\/v2\/media?parent=622"}],"curies":[{"name":"wp","href":"https:\/\/api.w.org\/{rel}","templated":true}]}}