{"id":615,"date":"2023-11-11T23:22:18","date_gmt":"2023-11-11T23:22:18","guid":{"rendered":"https:\/\/cifs.edu.ba\/extra-curricular-activities\/after-school\/"},"modified":"2026-03-04T01:56:48","modified_gmt":"2026-03-04T01:56:48","slug":"apres-lecole","status":"publish","type":"page","link":"https:\/\/cifs.edu.ba\/fr\/activites-extrascolaires\/apres-lecole\/","title":{"rendered":"Apr\u00e8s l&rsquo;\u00e9cole"},"content":{"rendered":"<p><div class=\"fusion-fullwidth fullwidth-box fusion-builder-row-1 fusion-flex-container has-pattern-background has-mask-background nonhundred-percent-fullwidth non-hundred-percent-height-scrolling\" style=\"--awb-background-position:left top;--awb-background-repeat:repeat;--awb-background-blend-mode:overlay;--awb-border-radius-top-left:0px;--awb-border-radius-top-right:0px;--awb-border-radius-bottom-right:0px;--awb-border-radius-bottom-left:0px;--awb-margin-top:-50px;--awb-margin-bottom:-50px;--awb-background-color:#e9fcfe;--awb-flex-wrap:wrap;\" ><div class=\"fusion-builder-row fusion-row fusion-flex-align-items-flex-start fusion-flex-content-wrap\" style=\"max-width:1248px;margin-left: calc(-4% \/ 2 );margin-right: calc(-4% \/ 2 );\"><div class=\"fusion-layout-column fusion_builder_column fusion-builder-column-0 fusion_builder_column_1_1 1_1 fusion-flex-column\" style=\"--awb-padding-top:50px;--awb-bg-size:cover;--awb-width-large:100%;--awb-margin-top-large:0px;--awb-spacing-right-large:1.92%;--awb-margin-bottom-large:20px;--awb-spacing-left-large:1.92%;--awb-width-medium:100%;--awb-order-medium:0;--awb-spacing-right-medium:1.92%;--awb-spacing-left-medium:1.92%;--awb-width-small:100%;--awb-order-small:0;--awb-spacing-right-small:1.92%;--awb-spacing-left-small:1.92%;\"><div class=\"fusion-column-wrapper fusion-column-has-shadow fusion-flex-justify-content-flex-start fusion-content-layout-column\"><div class=\"fusion-text fusion-text-1\" style=\"--awb-text-color:var(--awb-color7);\"><p>Le CIFS offre une vari\u00e9t\u00e9 d\u2019activit\u00e9s p\u00e9riscolaires qui ont lieu les mardis, mercredis et vendredis dans l\u2019\u00e9tablissement.<\/p>\n<p>Les parents peuvent choisir entre : multisport, chinois, arts, echecs, piano.<\/p>\n<\/div><\/div><\/div><\/div><\/div><div class=\"fusion-fullwidth fullwidth-box fusion-builder-row-2 fusion-flex-container has-pattern-background has-mask-background nonhundred-percent-fullwidth non-hundred-percent-height-scrolling\" style=\"--awb-background-position:left top;--awb-background-repeat:repeat;--awb-background-blend-mode:overlay;--awb-border-radius-top-left:0px;--awb-border-radius-top-right:0px;--awb-border-radius-bottom-right:0px;--awb-border-radius-bottom-left:0px;--awb-margin-top:50px;--awb-margin-bottom:-50px;--awb-flex-wrap:wrap;\" ><div class=\"fusion-builder-row fusion-row fusion-flex-align-items-flex-start fusion-flex-content-wrap\" style=\"max-width:1248px;margin-left: calc(-4% \/ 2 );margin-right: calc(-4% \/ 2 );\"><div class=\"fusion-layout-column fusion_builder_column fusion-builder-column-1 fusion_builder_column_1_1 1_1 fusion-flex-column\" style=\"--awb-padding-top:40px;--awb-bg-size:cover;--awb-width-large:100%;--awb-margin-top-large:0px;--awb-spacing-right-large:1.92%;--awb-margin-bottom-large:20px;--awb-spacing-left-large:1.92%;--awb-width-medium:100%;--awb-order-medium:0;--awb-spacing-right-medium:1.92%;--awb-spacing-left-medium:1.92%;--awb-width-small:100%;--awb-order-small:0;--awb-spacing-right-small:1.92%;--awb-spacing-left-small:1.92%;\"><div class=\"fusion-column-wrapper fusion-column-has-shadow fusion-flex-justify-content-flex-start fusion-content-layout-column\"><div class=\"fusion-title title fusion-title-1 fusion-sep-none fusion-title-center fusion-title-highlight fusion-animate-once fusion-highlight-underline fusion-title-size-two\" style=\"--awb-text-color:var(--awb-color5);--awb-highlight-color:var(--awb-color4);\" data-highlight=\"underline\"><h2 class=\"fusion-title-heading title-heading-center\" style=\"margin:0;\"><span class=\"fusion-highlighted-text-prefix\"><\/span> <span class=\"fusion-highlighted-text-wrapper\"><span class=\"fusion-highlighted-text\">ACTIVIT\u00c9S OFFERTES<\/span><svg xmlns=\"http:\/\/www.w3.org\/2000\/svg\" viewBox=\"0 0 500 150\" preserveAspectRatio=\"none\"><path d=\"M8.1,146.2c0,0,240.6-55.6,479-13.8\"><\/path><\/svg><\/span> <span class=\"fusion-highlighted-text-postfix\"><\/span><\/h2><\/div><\/div><\/div><\/div><\/div><div class=\"fusion-fullwidth fullwidth-box fusion-builder-row-3 fusion-flex-container has-pattern-background has-mask-background nonhundred-percent-fullwidth non-hundred-percent-height-scrolling\" style=\"--awb-border-radius-top-left:0px;--awb-border-radius-top-right:0px;--awb-border-radius-bottom-right:0px;--awb-border-radius-bottom-left:0px;--awb-margin-top:50px;--awb-flex-wrap:wrap;\" ><div class=\"fusion-builder-row fusion-row fusion-flex-align-items-flex-start fusion-flex-content-wrap\" style=\"max-width:1248px;margin-left: calc(-4% \/ 2 );margin-right: calc(-4% \/ 2 );\"><div class=\"fusion-layout-column fusion_builder_column fusion-builder-column-2 fusion_builder_column_1_3 1_3 fusion-flex-column\" style=\"--awb-overflow:hidden;--awb-bg-size:cover;--awb-border-radius:70px 0px 0px 0px;--awb-width-large:33.333333333333%;--awb-margin-top-large:0px;--awb-spacing-right-large:5.76%;--awb-margin-bottom-large:20px;--awb-spacing-left-large:5.76%;--awb-width-medium:50%;--awb-order-medium:0;--awb-spacing-right-medium:3.84%;--awb-spacing-left-medium:3.84%;--awb-width-small:100%;--awb-order-small:0;--awb-spacing-right-small:1.92%;--awb-spacing-left-small:1.92%;\"><div class=\"fusion-column-wrapper fusion-column-has-shadow fusion-flex-justify-content-flex-start fusion-content-layout-column\"><div class=\"awb-gallery-wrapper awb-gallery-wrapper-1 button-span-no\" style=\"--more-btn-alignment:center;\"><div style=\"margin:-5px;--awb-bordersize:0px;\" class=\"fusion-gallery fusion-gallery-container fusion-grid-1 fusion-columns-total-1 fusion-gallery-layout-grid fusion-gallery-1\"><div style=\"padding:5px;\" class=\"fusion-grid-column fusion-gallery-column fusion-gallery-column-1 hover-type-none\"><div class=\"fusion-gallery-image\"><a href=\"https:\/\/cifs.edu.ba\/wp-content\/uploads\/2025\/11\/Multisport.jpg\" rel=\"noreferrer\" data-rel=\"iLightbox[gallery_image_1]\" class=\"fusion-lightbox\" target=\"_self\"><img decoding=\"async\" src=\"https:\/\/cifs.edu.ba\/wp-content\/uploads\/2025\/11\/Multisport.jpg\" width=\"1080\" height=\"1350\" alt=\"Multisport\" title=\"Multisport\" aria-label=\"Multisport\" class=\"img-responsive wp-image-2127\" srcset=\"https:\/\/cifs.edu.ba\/wp-content\/uploads\/2025\/11\/Multisport-200x250.jpg 200w, https:\/\/cifs.edu.ba\/wp-content\/uploads\/2025\/11\/Multisport-400x500.jpg 400w, https:\/\/cifs.edu.ba\/wp-content\/uploads\/2025\/11\/Multisport-600x750.jpg 600w, https:\/\/cifs.edu.ba\/wp-content\/uploads\/2025\/11\/Multisport-800x1000.jpg 800w, https:\/\/cifs.edu.ba\/wp-content\/uploads\/2025\/11\/Multisport.jpg 1080w\" sizes=\"(min-width: 2200px) 100vw, (min-width: 640px) 1200px, \" \/><\/a><\/div><\/div><div class=\"clearfix\"><\/div><\/div><\/div><div class=\"fusion-text fusion-text-2\" style=\"--awb-margin-top:15px;\"><p style=\"text-align: center;\"><strong>Multisport<\/strong><\/p>\n<\/div><\/div><\/div><div class=\"fusion-layout-column fusion_builder_column fusion-builder-column-3 fusion_builder_column_1_3 1_3 fusion-flex-column\" style=\"--awb-overflow:hidden;--awb-bg-size:cover;--awb-border-radius:0px 70px 0px 0px;--awb-width-large:33.333333333333%;--awb-margin-top-large:0px;--awb-spacing-right-large:5.76%;--awb-margin-bottom-large:20px;--awb-spacing-left-large:5.76%;--awb-width-medium:50%;--awb-order-medium:0;--awb-spacing-right-medium:3.84%;--awb-spacing-left-medium:3.84%;--awb-width-small:100%;--awb-order-small:0;--awb-spacing-right-small:1.92%;--awb-spacing-left-small:1.92%;\"><div class=\"fusion-column-wrapper fusion-column-has-shadow fusion-flex-justify-content-flex-start fusion-content-layout-column\"><div class=\"awb-gallery-wrapper awb-gallery-wrapper-2 button-span-no\" style=\"--more-btn-alignment:center;\"><div style=\"margin:-5px;--awb-bordersize:0px;\" class=\"fusion-gallery fusion-gallery-container fusion-grid-1 fusion-columns-total-1 fusion-gallery-layout-grid fusion-gallery-2\"><div style=\"padding:5px;\" class=\"fusion-grid-column fusion-gallery-column fusion-gallery-column-1 hover-type-none\"><div class=\"fusion-gallery-image\"><a href=\"https:\/\/cifs.edu.ba\/wp-content\/uploads\/2025\/11\/Chinese.jpg\" rel=\"noreferrer\" data-rel=\"iLightbox[gallery_image_2]\" class=\"fusion-lightbox\" target=\"_self\"><img decoding=\"async\" src=\"https:\/\/cifs.edu.ba\/wp-content\/uploads\/2025\/11\/Chinese.jpg\" width=\"1080\" height=\"1350\" alt=\"Chinese\" title=\"Chinese\" aria-label=\"Chinese\" class=\"img-responsive wp-image-2130\" srcset=\"https:\/\/cifs.edu.ba\/wp-content\/uploads\/2025\/11\/Chinese-200x250.jpg 200w, https:\/\/cifs.edu.ba\/wp-content\/uploads\/2025\/11\/Chinese-400x500.jpg 400w, https:\/\/cifs.edu.ba\/wp-content\/uploads\/2025\/11\/Chinese-600x750.jpg 600w, https:\/\/cifs.edu.ba\/wp-content\/uploads\/2025\/11\/Chinese-800x1000.jpg 800w, https:\/\/cifs.edu.ba\/wp-content\/uploads\/2025\/11\/Chinese.jpg 1080w\" sizes=\"(min-width: 2200px) 100vw, (min-width: 640px) 1200px, \" \/><\/a><\/div><\/div><div class=\"clearfix\"><\/div><\/div><\/div><div class=\"fusion-text fusion-text-3\" style=\"--awb-margin-top:15px;\"><p style=\"text-align: center;\"><strong>Chinois<\/strong><\/p>\n<\/div><\/div><\/div><div class=\"fusion-layout-column fusion_builder_column fusion-builder-column-4 fusion_builder_column_1_3 1_3 fusion-flex-column\" style=\"--awb-overflow:hidden;--awb-bg-size:cover;--awb-border-radius:70px 0px 0px 0px;--awb-width-large:33.333333333333%;--awb-margin-top-large:0px;--awb-spacing-right-large:5.76%;--awb-margin-bottom-large:20px;--awb-spacing-left-large:5.76%;--awb-width-medium:50%;--awb-order-medium:0;--awb-spacing-right-medium:3.84%;--awb-spacing-left-medium:3.84%;--awb-width-small:100%;--awb-order-small:0;--awb-spacing-right-small:1.92%;--awb-spacing-left-small:1.92%;\"><div class=\"fusion-column-wrapper fusion-column-has-shadow fusion-flex-justify-content-flex-start fusion-content-layout-column\"><div class=\"awb-gallery-wrapper awb-gallery-wrapper-3 button-span-no\" style=\"--more-btn-alignment:center;\"><div style=\"margin:-5px;--awb-bordersize:0px;\" class=\"fusion-gallery fusion-gallery-container fusion-grid-1 fusion-columns-total-1 fusion-gallery-layout-grid fusion-gallery-3\"><div style=\"padding:5px;\" class=\"fusion-grid-column fusion-gallery-column fusion-gallery-column-1 hover-type-none\"><div class=\"fusion-gallery-image\"><a href=\"https:\/\/cifs.edu.ba\/wp-content\/uploads\/2025\/11\/Art.jpg\" rel=\"noreferrer\" data-rel=\"iLightbox[gallery_image_3]\" class=\"fusion-lightbox\" target=\"_self\"><img decoding=\"async\" src=\"https:\/\/cifs.edu.ba\/wp-content\/uploads\/2025\/11\/Art.jpg\" width=\"1080\" height=\"1350\" alt=\"Art\" title=\"Art\" aria-label=\"Art\" class=\"img-responsive wp-image-2133\" srcset=\"https:\/\/cifs.edu.ba\/wp-content\/uploads\/2025\/11\/Art-200x250.jpg 200w, https:\/\/cifs.edu.ba\/wp-content\/uploads\/2025\/11\/Art-400x500.jpg 400w, https:\/\/cifs.edu.ba\/wp-content\/uploads\/2025\/11\/Art-600x750.jpg 600w, https:\/\/cifs.edu.ba\/wp-content\/uploads\/2025\/11\/Art-800x1000.jpg 800w, https:\/\/cifs.edu.ba\/wp-content\/uploads\/2025\/11\/Art.jpg 1080w\" sizes=\"(min-width: 2200px) 100vw, (min-width: 640px) 1200px, \" \/><\/a><\/div><\/div><div class=\"clearfix\"><\/div><\/div><\/div><div class=\"fusion-text fusion-text-4\" style=\"--awb-margin-top:15px;\"><p style=\"text-align: center;\"><strong>Arts<\/strong><\/p>\n<\/div><\/div><\/div><div class=\"fusion-layout-column fusion_builder_column fusion-builder-column-5 fusion_builder_column_1_3 1_3 fusion-flex-column\" style=\"--awb-overflow:hidden;--awb-bg-size:cover;--awb-border-radius:0px 70px 0px 0px;--awb-width-large:33.333333333333%;--awb-margin-top-large:0px;--awb-spacing-right-large:5.76%;--awb-margin-bottom-large:20px;--awb-spacing-left-large:5.76%;--awb-width-medium:50%;--awb-order-medium:0;--awb-spacing-right-medium:3.84%;--awb-spacing-left-medium:3.84%;--awb-width-small:100%;--awb-order-small:0;--awb-spacing-right-small:1.92%;--awb-spacing-left-small:1.92%;\"><div class=\"fusion-column-wrapper fusion-column-has-shadow fusion-flex-justify-content-flex-start fusion-content-layout-column\"><div class=\"awb-gallery-wrapper awb-gallery-wrapper-4 button-span-no\" style=\"--more-btn-alignment:center;\"><div style=\"margin:-5px;--awb-bordersize:0px;\" class=\"fusion-gallery fusion-gallery-container fusion-grid-1 fusion-columns-total-1 fusion-gallery-layout-grid fusion-gallery-4\"><div style=\"padding:5px;\" class=\"fusion-grid-column fusion-gallery-column fusion-gallery-column-1 hover-type-none\"><div class=\"fusion-gallery-image\"><a href=\"https:\/\/cifs.edu.ba\/wp-content\/uploads\/2025\/11\/Chess.jpg\" rel=\"noreferrer\" data-rel=\"iLightbox[gallery_image_4]\" class=\"fusion-lightbox\" target=\"_self\"><img decoding=\"async\" src=\"https:\/\/cifs.edu.ba\/wp-content\/uploads\/2025\/11\/Chess.jpg\" width=\"1080\" height=\"1350\" alt=\"Chess\" title=\"Chess\" aria-label=\"Chess\" class=\"img-responsive wp-image-2136\" srcset=\"https:\/\/cifs.edu.ba\/wp-content\/uploads\/2025\/11\/Chess-200x250.jpg 200w, https:\/\/cifs.edu.ba\/wp-content\/uploads\/2025\/11\/Chess-400x500.jpg 400w, https:\/\/cifs.edu.ba\/wp-content\/uploads\/2025\/11\/Chess-600x750.jpg 600w, https:\/\/cifs.edu.ba\/wp-content\/uploads\/2025\/11\/Chess-800x1000.jpg 800w, https:\/\/cifs.edu.ba\/wp-content\/uploads\/2025\/11\/Chess.jpg 1080w\" sizes=\"(min-width: 2200px) 100vw, (min-width: 640px) 1200px, \" \/><\/a><\/div><\/div><div class=\"clearfix\"><\/div><\/div><\/div><div class=\"fusion-text fusion-text-5\" style=\"--awb-margin-top:15px;\"><p style=\"text-align: center;\"><strong>Echecs<\/strong><\/p>\n<\/div><\/div><\/div><div class=\"fusion-layout-column fusion_builder_column fusion-builder-column-6 fusion_builder_column_1_3 1_3 fusion-flex-column\" style=\"--awb-overflow:hidden;--awb-bg-size:cover;--awb-border-radius:70px 0px 0px 0px;--awb-width-large:33.333333333333%;--awb-margin-top-large:0px;--awb-spacing-right-large:5.76%;--awb-margin-bottom-large:20px;--awb-spacing-left-large:5.76%;--awb-width-medium:50%;--awb-order-medium:0;--awb-spacing-right-medium:3.84%;--awb-spacing-left-medium:3.84%;--awb-width-small:100%;--awb-order-small:0;--awb-spacing-right-small:1.92%;--awb-spacing-left-small:1.92%;\"><div class=\"fusion-column-wrapper fusion-column-has-shadow fusion-flex-justify-content-flex-start fusion-content-layout-column\"><div class=\"awb-gallery-wrapper awb-gallery-wrapper-5 button-span-no\" style=\"--more-btn-alignment:center;\"><div style=\"margin:-5px;--awb-bordersize:0px;\" class=\"fusion-gallery fusion-gallery-container fusion-grid-1 fusion-columns-total-1 fusion-gallery-layout-grid fusion-gallery-5\"><div style=\"padding:5px;\" class=\"fusion-grid-column fusion-gallery-column fusion-gallery-column-1 hover-type-none\"><div class=\"fusion-gallery-image\"><a href=\"https:\/\/cifs.edu.ba\/wp-content\/uploads\/2025\/11\/Piano.jpg\" rel=\"noreferrer\" data-rel=\"iLightbox[gallery_image_5]\" class=\"fusion-lightbox\" target=\"_self\"><img decoding=\"async\" src=\"https:\/\/cifs.edu.ba\/wp-content\/uploads\/2025\/11\/Piano.jpg\" width=\"1080\" height=\"1350\" alt=\"Piano\" title=\"Piano\" aria-label=\"Piano\" class=\"img-responsive wp-image-2139\" srcset=\"https:\/\/cifs.edu.ba\/wp-content\/uploads\/2025\/11\/Piano-200x250.jpg 200w, https:\/\/cifs.edu.ba\/wp-content\/uploads\/2025\/11\/Piano-400x500.jpg 400w, https:\/\/cifs.edu.ba\/wp-content\/uploads\/2025\/11\/Piano-600x750.jpg 600w, https:\/\/cifs.edu.ba\/wp-content\/uploads\/2025\/11\/Piano-800x1000.jpg 800w, https:\/\/cifs.edu.ba\/wp-content\/uploads\/2025\/11\/Piano.jpg 1080w\" sizes=\"(min-width: 2200px) 100vw, (min-width: 640px) 1200px, \" \/><\/a><\/div><\/div><div class=\"clearfix\"><\/div><\/div><\/div><div class=\"fusion-text fusion-text-6\" style=\"--awb-margin-top:15px;\"><p style=\"text-align: center;\"><strong>Piano<\/strong><\/p>\n<\/div><\/div><\/div><div class=\"fusion-layout-column fusion_builder_column fusion-builder-column-7 fusion_builder_column_1_3 1_3 fusion-flex-column\" style=\"--awb-overflow:hidden;--awb-bg-size:cover;--awb-border-radius:0px 70px 0px 0px;--awb-width-large:33.333333333333%;--awb-margin-top-large:0px;--awb-spacing-right-large:5.76%;--awb-margin-bottom-large:20px;--awb-spacing-left-large:5.76%;--awb-width-medium:50%;--awb-order-medium:0;--awb-spacing-right-medium:3.84%;--awb-spacing-left-medium:3.84%;--awb-width-small:100%;--awb-order-small:0;--awb-spacing-right-small:1.92%;--awb-spacing-left-small:1.92%;\"><div class=\"fusion-column-wrapper fusion-column-has-shadow fusion-flex-justify-content-flex-start fusion-content-layout-column\"><\/div><\/div><\/div><\/div><div class=\"fusion-fullwidth fullwidth-box fusion-builder-row-4 fusion-flex-container has-pattern-background has-mask-background fusion-parallax-none nonhundred-percent-fullwidth non-hundred-percent-height-scrolling\" style=\"--awb-background-position:left top;--awb-background-repeat:repeat;--awb-background-blend-mode:overlay;--awb-border-radius-top-left:0px;--awb-border-radius-top-right:0px;--awb-border-radius-bottom-right:0px;--awb-border-radius-bottom-left:0px;--awb-margin-bottom:-50px;--awb-background-image:url(&quot;https:\/\/cifs.edu.ba\/wp-content\/uploads\/2023\/11\/patern-red.png&quot;);--awb-flex-wrap:wrap;\" ><div class=\"fusion-builder-row fusion-row fusion-flex-align-items-flex-start fusion-flex-content-wrap\" style=\"max-width:1248px;margin-left: calc(-4% \/ 2 );margin-right: calc(-4% \/ 2 );\"><div class=\"fusion-layout-column fusion_builder_column fusion-builder-column-8 fusion_builder_column_1_1 1_1 fusion-flex-column\" style=\"--awb-padding-top:30px;--awb-bg-size:cover;--awb-width-large:100%;--awb-margin-top-large:0px;--awb-spacing-right-large:1.92%;--awb-margin-bottom-large:20px;--awb-spacing-left-large:1.92%;--awb-width-medium:100%;--awb-order-medium:0;--awb-spacing-right-medium:1.92%;--awb-spacing-left-medium:1.92%;--awb-width-small:100%;--awb-order-small:0;--awb-spacing-right-small:1.92%;--awb-spacing-left-small:1.92%;\"><div class=\"fusion-column-wrapper fusion-column-has-shadow fusion-flex-justify-content-flex-start fusion-content-layout-column\"><div class=\"fusion-text fusion-text-7\" style=\"--awb-text-color:var(--awb-color1);\"><h3 style=\"color: white;\">MISSION ET VALEURS \u00c9DUCATIVES<\/h3>\n<p>Le pilier du d\u00e9veloppement intellectuel et social est la transmission des connaissances fondamentales et de la culture g\u00e9n\u00e9rale \u00e0 nos enfants.<br \/>\nD\u00e9velopper les comp\u00e9tences essentielles telles que le go\u00fbt d&rsquo;apprendre, la rigueur, la cr\u00e9ativit\u00e9, l&rsquo;esprit critique et la curiosit\u00e9.<br \/>\nInitier les enfants \u00e0 la richesse du monde en leur apprenant d\u00e8s leur plus jeune \u00e2ge \u00e0 parler plusieurs langues et \u00e0 s&rsquo;ouvrir aux \u00e9changes culturels.<br \/>\nValoriser les talents.<\/p>\n<\/div><\/div><\/div><\/div><\/div><\/p>\n","protected":false},"excerpt":{"rendered":"","protected":false},"author":1,"featured_media":0,"parent":609,"menu_order":0,"comment_status":"closed","ping_status":"closed","template":"100-width.php","meta":{"footnotes":""},"class_list":["post-615","page","type-page","status-publish","hentry"],"yoast_head":"<!-- This site is optimized with the Yoast SEO plugin v27.1.1 - https:\/\/yoast.com\/product\/yoast-seo-wordpress\/ -->\n<title>Apr\u00e8s l&#039;\u00e9cole | Activit\u00e9s Extrascolaires | CIFS Sarajevo<\/title>\n<meta name=\"description\" content=\"Les parents peuvent choisir entre : multisport, chinois, arts, echecs, piano. Ecole fran\u00e7aise internationale \u00e0 Sarajevo. Contactez-nous!\" \/>\n<meta name=\"robots\" content=\"index, follow, max-snippet:-1, max-image-preview:large, max-video-preview:-1\" \/>\n<link rel=\"canonical\" href=\"https:\/\/cifs.edu.ba\/fr\/activites-extrascolaires\/apres-lecole\/\" \/>\n<meta property=\"og:locale\" content=\"fr_FR\" \/>\n<meta property=\"og:type\" content=\"article\" \/>\n<meta property=\"og:title\" content=\"Apr\u00e8s l&#039;\u00e9cole | Activit\u00e9s Extrascolaires | CIFS Sarajevo\" \/>\n<meta property=\"og:description\" content=\"Les parents peuvent choisir entre : multisport, chinois, arts, echecs, piano. Ecole fran\u00e7aise internationale \u00e0 Sarajevo. Contactez-nous!\" \/>\n<meta property=\"og:url\" content=\"https:\/\/cifs.edu.ba\/fr\/activites-extrascolaires\/apres-lecole\/\" \/>\n<meta property=\"og:site_name\" content=\"CIFS\" \/>\n<meta property=\"article:publisher\" content=\"https:\/\/www.facebook.com\/CIFSarajevo\/\" \/>\n<meta property=\"article:modified_time\" content=\"2026-03-04T01:56:48+00:00\" \/>\n<meta name=\"twitter:card\" content=\"summary_large_image\" \/>\n<meta name=\"twitter:label1\" content=\"Dur\u00e9e de lecture estim\u00e9e\" \/>\n\t<meta name=\"twitter:data1\" content=\"2 minutes\" \/>\n<script type=\"application\/ld+json\" class=\"yoast-schema-graph\">{\"@context\":\"https:\/\/schema.org\",\"@graph\":[{\"@type\":\"WebPage\",\"@id\":\"https:\/\/cifs.edu.ba\/fr\/activites-extrascolaires\/apres-lecole\/\",\"url\":\"https:\/\/cifs.edu.ba\/fr\/activites-extrascolaires\/apres-lecole\/\",\"name\":\"Apr\u00e8s l'\u00e9cole | Activit\u00e9s Extrascolaires | CIFS Sarajevo\",\"isPartOf\":{\"@id\":\"https:\/\/cifs.edu.ba\/#website\"},\"datePublished\":\"2023-11-11T23:22:18+00:00\",\"dateModified\":\"2026-03-04T01:56:48+00:00\",\"description\":\"Les parents peuvent choisir entre : multisport, chinois, arts, echecs, piano. Ecole fran\u00e7aise internationale \u00e0 Sarajevo. Contactez-nous!\",\"breadcrumb\":{\"@id\":\"https:\/\/cifs.edu.ba\/fr\/activites-extrascolaires\/apres-lecole\/#breadcrumb\"},\"inLanguage\":\"fr-FR\",\"potentialAction\":[{\"@type\":\"ReadAction\",\"target\":[\"https:\/\/cifs.edu.ba\/fr\/activites-extrascolaires\/apres-lecole\/\"]}]},{\"@type\":\"BreadcrumbList\",\"@id\":\"https:\/\/cifs.edu.ba\/fr\/activites-extrascolaires\/apres-lecole\/#breadcrumb\",\"itemListElement\":[{\"@type\":\"ListItem\",\"position\":1,\"name\":\"Home\",\"item\":\"https:\/\/cifs.edu.ba\/fr\/\"},{\"@type\":\"ListItem\",\"position\":2,\"name\":\"Activit\u00e9s extrascolaires\",\"item\":\"https:\/\/cifs.edu.ba\/fr\/activites-extrascolaires\/\"},{\"@type\":\"ListItem\",\"position\":3,\"name\":\"Apr\u00e8s l&#8217;\u00e9cole\"}]},{\"@type\":\"WebSite\",\"@id\":\"https:\/\/cifs.edu.ba\/#website\",\"url\":\"https:\/\/cifs.edu.ba\/\",\"name\":\"International School in Sarajevo!\",\"description\":\"\",\"potentialAction\":[{\"@type\":\"SearchAction\",\"target\":{\"@type\":\"EntryPoint\",\"urlTemplate\":\"https:\/\/cifs.edu.ba\/?s={search_term_string}\"},\"query-input\":{\"@type\":\"PropertyValueSpecification\",\"valueRequired\":true,\"valueName\":\"search_term_string\"}}],\"inLanguage\":\"fr-FR\"}]}<\/script>\n<!-- \/ Yoast SEO plugin. -->","yoast_head_json":{"title":"Apr\u00e8s l'\u00e9cole | Activit\u00e9s Extrascolaires | CIFS Sarajevo","description":"Les parents peuvent choisir entre : multisport, chinois, arts, echecs, piano. Ecole fran\u00e7aise internationale \u00e0 Sarajevo. Contactez-nous!","robots":{"index":"index","follow":"follow","max-snippet":"max-snippet:-1","max-image-preview":"max-image-preview:large","max-video-preview":"max-video-preview:-1"},"canonical":"https:\/\/cifs.edu.ba\/fr\/activites-extrascolaires\/apres-lecole\/","og_locale":"fr_FR","og_type":"article","og_title":"Apr\u00e8s l'\u00e9cole | Activit\u00e9s Extrascolaires | CIFS Sarajevo","og_description":"Les parents peuvent choisir entre : multisport, chinois, arts, echecs, piano. Ecole fran\u00e7aise internationale \u00e0 Sarajevo. Contactez-nous!","og_url":"https:\/\/cifs.edu.ba\/fr\/activites-extrascolaires\/apres-lecole\/","og_site_name":"CIFS","article_publisher":"https:\/\/www.facebook.com\/CIFSarajevo\/","article_modified_time":"2026-03-04T01:56:48+00:00","twitter_card":"summary_large_image","twitter_misc":{"Dur\u00e9e de lecture estim\u00e9e":"2 minutes"},"schema":{"@context":"https:\/\/schema.org","@graph":[{"@type":"WebPage","@id":"https:\/\/cifs.edu.ba\/fr\/activites-extrascolaires\/apres-lecole\/","url":"https:\/\/cifs.edu.ba\/fr\/activites-extrascolaires\/apres-lecole\/","name":"Apr\u00e8s l'\u00e9cole | Activit\u00e9s Extrascolaires | CIFS Sarajevo","isPartOf":{"@id":"https:\/\/cifs.edu.ba\/#website"},"datePublished":"2023-11-11T23:22:18+00:00","dateModified":"2026-03-04T01:56:48+00:00","description":"Les parents peuvent choisir entre : multisport, chinois, arts, echecs, piano. Ecole fran\u00e7aise internationale \u00e0 Sarajevo. Contactez-nous!","breadcrumb":{"@id":"https:\/\/cifs.edu.ba\/fr\/activites-extrascolaires\/apres-lecole\/#breadcrumb"},"inLanguage":"fr-FR","potentialAction":[{"@type":"ReadAction","target":["https:\/\/cifs.edu.ba\/fr\/activites-extrascolaires\/apres-lecole\/"]}]},{"@type":"BreadcrumbList","@id":"https:\/\/cifs.edu.ba\/fr\/activites-extrascolaires\/apres-lecole\/#breadcrumb","itemListElement":[{"@type":"ListItem","position":1,"name":"Home","item":"https:\/\/cifs.edu.ba\/fr\/"},{"@type":"ListItem","position":2,"name":"Activit\u00e9s extrascolaires","item":"https:\/\/cifs.edu.ba\/fr\/activites-extrascolaires\/"},{"@type":"ListItem","position":3,"name":"Apr\u00e8s l&#8217;\u00e9cole"}]},{"@type":"WebSite","@id":"https:\/\/cifs.edu.ba\/#website","url":"https:\/\/cifs.edu.ba\/","name":"International School in Sarajevo!","description":"","potentialAction":[{"@type":"SearchAction","target":{"@type":"EntryPoint","urlTemplate":"https:\/\/cifs.edu.ba\/?s={search_term_string}"},"query-input":{"@type":"PropertyValueSpecification","valueRequired":true,"valueName":"search_term_string"}}],"inLanguage":"fr-FR"}]}},"_links":{"self":[{"href":"https:\/\/cifs.edu.ba\/fr\/wp-json\/wp\/v2\/pages\/615","targetHints":{"allow":["GET"]}}],"collection":[{"href":"https:\/\/cifs.edu.ba\/fr\/wp-json\/wp\/v2\/pages"}],"about":[{"href":"https:\/\/cifs.edu.ba\/fr\/wp-json\/wp\/v2\/types\/page"}],"author":[{"embeddable":true,"href":"https:\/\/cifs.edu.ba\/fr\/wp-json\/wp\/v2\/users\/1"}],"replies":[{"embeddable":true,"href":"https:\/\/cifs.edu.ba\/fr\/wp-json\/wp\/v2\/comments?post=615"}],"version-history":[{"count":8,"href":"https:\/\/cifs.edu.ba\/fr\/wp-json\/wp\/v2\/pages\/615\/revisions"}],"predecessor-version":[{"id":2436,"href":"https:\/\/cifs.edu.ba\/fr\/wp-json\/wp\/v2\/pages\/615\/revisions\/2436"}],"up":[{"embeddable":true,"href":"https:\/\/cifs.edu.ba\/fr\/wp-json\/wp\/v2\/pages\/609"}],"wp:attachment":[{"href":"https:\/\/cifs.edu.ba\/fr\/wp-json\/wp\/v2\/media?parent=615"}],"curies":[{"name":"wp","href":"https:\/\/api.w.org\/{rel}","templated":true}]}}