{"id":603,"date":"2023-11-11T22:08:14","date_gmt":"2023-11-11T22:08:14","guid":{"rendered":"https:\/\/cifs.edu.ba\/school-curriculum\/high-school\/"},"modified":"2026-03-10T13:56:11","modified_gmt":"2026-03-10T13:56:11","slug":"lycee","status":"publish","type":"page","link":"https:\/\/cifs.edu.ba\/fr\/cursus-scolaire\/lycee\/","title":{"rendered":"Lyc\u00e9e"},"content":{"rendered":"<p><div class=\"fusion-fullwidth fullwidth-box fusion-builder-row-1 fusion-flex-container has-pattern-background has-mask-background fusion-parallax-none nonhundred-percent-fullwidth non-hundred-percent-height-scrolling\" style=\"--awb-background-position:left top;--awb-background-repeat:repeat;--awb-background-blend-mode:overlay;--awb-border-radius-top-left:0px;--awb-border-radius-top-right:0px;--awb-border-radius-bottom-right:0px;--awb-border-radius-bottom-left:0px;--awb-margin-top:-50px;--awb-background-image:url(&quot;https:\/\/cifs.edu.ba\/wp-content\/uploads\/2023\/11\/patern-red.png&quot;);--awb-flex-wrap:wrap;\" ><div class=\"fusion-builder-row fusion-row fusion-flex-align-items-flex-start fusion-flex-content-wrap\" style=\"max-width:1248px;margin-left: calc(-4% \/ 2 );margin-right: calc(-4% \/ 2 );\"><div class=\"fusion-layout-column fusion_builder_column fusion-builder-column-0 fusion_builder_column_1_3 1_3 fusion-flex-column\" style=\"--awb-padding-top:40px;--awb-bg-size:cover;--awb-width-large:33.333333333333%;--awb-margin-top-large:0px;--awb-spacing-right-large:5.76%;--awb-margin-bottom-large:20px;--awb-spacing-left-large:5.76%;--awb-width-medium:33.333333333333%;--awb-order-medium:0;--awb-spacing-right-medium:5.76%;--awb-spacing-left-medium:5.76%;--awb-width-small:100%;--awb-order-small:0;--awb-spacing-right-small:1.92%;--awb-spacing-left-small:1.92%;\"><div class=\"fusion-column-wrapper fusion-column-has-shadow fusion-flex-justify-content-flex-start fusion-content-layout-column\"><div class=\"fusion-title title fusion-title-1 fusion-sep-none fusion-title-text fusion-title-size-two\" style=\"--awb-text-color:var(--awb-color1);\"><h2 class=\"fusion-title-heading title-heading-left\" style=\"margin:0;\">LYC\u00c9E<\/h2><\/div><\/div><\/div><div class=\"fusion-layout-column fusion_builder_column fusion-builder-column-1 fusion_builder_column_2_3 2_3 fusion-flex-column\" style=\"--awb-padding-top:50px;--awb-bg-size:cover;--awb-width-large:66.666666666667%;--awb-margin-top-large:0px;--awb-spacing-right-large:2.88%;--awb-margin-bottom-large:20px;--awb-spacing-left-large:2.88%;--awb-width-medium:66.666666666667%;--awb-order-medium:0;--awb-spacing-right-medium:2.88%;--awb-spacing-left-medium:2.88%;--awb-width-small:100%;--awb-order-small:0;--awb-spacing-right-small:1.92%;--awb-spacing-left-small:1.92%;\"><div class=\"fusion-column-wrapper fusion-column-has-shadow fusion-flex-justify-content-flex-start fusion-content-layout-column\"><div class=\"fusion-text fusion-text-1\" style=\"--awb-text-color:var(--awb-color1);\"><p>Apr\u00e8s 4 ann\u00e9es de consolidation qui constituent le coll\u00e8ge, vient le lyc\u00e9e qui contient le cycle Terminal. Les choix que va op\u00e9rer l\u2019\u00e9l\u00e8ve vont \u00eatre d\u00e9terminants pour son parcours d\u2019\u00e9tudiant.<\/p>\n<p>La voie g\u00e9n\u00e9rale pr\u00e9pare en deux ans les lyc\u00e9ens au baccalaur\u00e9at g\u00e9n\u00e9ral et \u00e0 la poursuite d&rsquo;\u00e9tudes sup\u00e9rieures, principalement en universit\u00e9 ou en classes pr\u00e9paratoires. Elle est pr\u00e9c\u00e9d\u00e9e du cycle de d\u00e9termination sur un an.<\/p>\n<p>L\u2019\u00e9cole accueille des \u00e9l\u00e8ves de 15 \u00e0 18 ans.<\/p>\n<p>L&rsquo;organisation du lyc\u00e9e g\u00e9n\u00e9ral propose des<strong>\u00a0parcours choisis par chaque lyc\u00e9en en fonction de ses go\u00fbts et de ses ambitions<\/strong>.<\/p>\n<p>Le lyc\u00e9e offre\u00a0<strong>trois types d&rsquo;enseignements<\/strong>\u00a0:<\/p>\n<ul>\n<li>Un large socle de culture commune, humaniste et scientifique, ouvert aux enjeux de l&rsquo;avenir.<\/li>\n<li>Des\u00a0<strong>disciplines de sp\u00e9cialit\u00e9<\/strong>\u00a0choisies par l&rsquo;\u00e9l\u00e8ve et s&rsquo;accentuant entre la premi\u00e8re et la terminale (<strong>trois disciplines en classe de premi\u00e8re puis deux en terminale parmi les trois suivies en premi\u00e8re<\/strong>). Ces disciplines b\u00e9n\u00e9ficient d&rsquo;horaires significatifs permettant de proposer des programmes ambitieux et de donner du temps aux \u00e9l\u00e8ves pour les apprentissages. Des enseignements facultatifs permettront, en outre, \u00e0 l&rsquo;\u00e9l\u00e8ve de compl\u00e9ter son parcours.<\/li>\n<li>Un\u00a0<strong>temps d&rsquo;aide \u00e0 l&rsquo;orientation tout au long du lyc\u00e9e<\/strong>\u00a0pour pr\u00e9parer les choix de parcours et, \u00e0 terme, l&rsquo;entr\u00e9e dans l&rsquo;enseignement sup\u00e9rieur. Les \u00e9l\u00e8ves seront accompagn\u00e9s selon les horaires pr\u00e9vus dans le cadre des marges d&rsquo;autonomie des \u00e9tablissements (groupes \u00e0 effectifs r\u00e9duits, p\u00e9dagogie diff\u00e9renci\u00e9e, Mooc, etc.).<\/li>\n<\/ul>\n<p><strong>Le dipl\u00f4me du BACCALAUREAT<\/strong><\/p>\n<p>L\u2019\u00e9tablissement inscrit les candidats aux \u00e9preuves du baccalaur\u00e9at fran\u00e7ais. Les \u00e9preuves se d\u00e9roulent dans le lyc\u00e9e de rattachement du CIFS, \u00e0 Belgrade. A l\u2019issue des examens, le candidat se voit attribuer le dipl\u00f4me national fran\u00e7ais du baccalaur\u00e9at et peut alors s\u2019il d\u00e9sire poursuivre ses \u00e9tudes en France.<\/p>\n<\/div><\/div><\/div><\/div><\/div><div class=\"fusion-fullwidth fullwidth-box fusion-builder-row-2 fusion-flex-container has-pattern-background has-mask-background nonhundred-percent-fullwidth non-hundred-percent-height-scrolling\" style=\"--awb-border-radius-top-left:0px;--awb-border-radius-top-right:0px;--awb-border-radius-bottom-right:0px;--awb-border-radius-bottom-left:0px;--awb-margin-top:50px;--awb-flex-wrap:wrap;\" ><div class=\"fusion-builder-row fusion-row fusion-flex-align-items-flex-start fusion-flex-content-wrap\" style=\"max-width:1248px;margin-left: calc(-4% \/ 2 );margin-right: calc(-4% \/ 2 );\"><div class=\"fusion-layout-column fusion_builder_column fusion-builder-column-2 fusion_builder_column_1_2 1_2 fusion-flex-column\" style=\"--awb-bg-size:cover;--awb-width-large:50%;--awb-margin-top-large:0px;--awb-spacing-right-large:3.84%;--awb-margin-bottom-large:20px;--awb-spacing-left-large:3.84%;--awb-width-medium:50%;--awb-order-medium:0;--awb-spacing-right-medium:3.84%;--awb-spacing-left-medium:3.84%;--awb-width-small:100%;--awb-order-small:0;--awb-spacing-right-small:1.92%;--awb-spacing-left-small:1.92%;\"><div class=\"fusion-column-wrapper fusion-column-has-shadow fusion-flex-justify-content-flex-start fusion-content-layout-column\"><div class=\"fusion-text fusion-text-2\"><p><img decoding=\"async\" class=\"alignnone size-full wp-image-256\" src=\"https:\/\/cifs.edu.ba\/wp-content\/uploads\/2023\/11\/International-French-School-High-School.jpg\" alt=\"\" width=\"1000\" height=\"667\" srcset=\"https:\/\/cifs.edu.ba\/wp-content\/uploads\/2023\/11\/International-French-School-High-School-200x133.jpg 200w, https:\/\/cifs.edu.ba\/wp-content\/uploads\/2023\/11\/International-French-School-High-School-300x200.jpg 300w, https:\/\/cifs.edu.ba\/wp-content\/uploads\/2023\/11\/International-French-School-High-School-400x267.jpg 400w, https:\/\/cifs.edu.ba\/wp-content\/uploads\/2023\/11\/International-French-School-High-School-600x400.jpg 600w, https:\/\/cifs.edu.ba\/wp-content\/uploads\/2023\/11\/International-French-School-High-School-768x512.jpg 768w, https:\/\/cifs.edu.ba\/wp-content\/uploads\/2023\/11\/International-French-School-High-School-800x534.jpg 800w, https:\/\/cifs.edu.ba\/wp-content\/uploads\/2023\/11\/International-French-School-High-School.jpg 1000w\" sizes=\"(max-width: 1000px) 100vw, 1000px\" \/><\/p>\n<\/div><\/div><\/div><div class=\"fusion-layout-column fusion_builder_column fusion-builder-column-3 fusion_builder_column_1_2 1_2 fusion-flex-column\" style=\"--awb-bg-size:cover;--awb-width-large:50%;--awb-margin-top-large:0px;--awb-spacing-right-large:3.84%;--awb-margin-bottom-large:20px;--awb-spacing-left-large:3.84%;--awb-width-medium:50%;--awb-order-medium:0;--awb-spacing-right-medium:3.84%;--awb-spacing-left-medium:3.84%;--awb-width-small:100%;--awb-order-small:0;--awb-spacing-right-small:1.92%;--awb-spacing-left-small:1.92%;\"><div class=\"fusion-column-wrapper fusion-column-has-shadow fusion-flex-justify-content-flex-start fusion-content-layout-column\"><div class=\"fusion-text fusion-text-3\"><p><img decoding=\"async\" class=\"alignnone size-full wp-image-298\" src=\"https:\/\/cifs.edu.ba\/wp-content\/uploads\/2023\/11\/French-School-Sarajevo-High-School-2.jpg\" alt=\"French School Sarajevo - High School 2\" width=\"1000\" height=\"667\" srcset=\"https:\/\/cifs.edu.ba\/wp-content\/uploads\/2023\/11\/French-School-Sarajevo-High-School-2-200x133.jpg 200w, https:\/\/cifs.edu.ba\/wp-content\/uploads\/2023\/11\/French-School-Sarajevo-High-School-2-300x200.jpg 300w, https:\/\/cifs.edu.ba\/wp-content\/uploads\/2023\/11\/French-School-Sarajevo-High-School-2-400x267.jpg 400w, https:\/\/cifs.edu.ba\/wp-content\/uploads\/2023\/11\/French-School-Sarajevo-High-School-2-600x400.jpg 600w, https:\/\/cifs.edu.ba\/wp-content\/uploads\/2023\/11\/French-School-Sarajevo-High-School-2-768x512.jpg 768w, https:\/\/cifs.edu.ba\/wp-content\/uploads\/2023\/11\/French-School-Sarajevo-High-School-2-800x534.jpg 800w, https:\/\/cifs.edu.ba\/wp-content\/uploads\/2023\/11\/French-School-Sarajevo-High-School-2.jpg 1000w\" sizes=\"(max-width: 1000px) 100vw, 1000px\" \/><\/p>\n<\/div><\/div><\/div><\/div><\/div><\/p>\n","protected":false},"excerpt":{"rendered":"","protected":false},"author":1,"featured_media":0,"parent":569,"menu_order":0,"comment_status":"closed","ping_status":"closed","template":"100-width.php","meta":{"footnotes":""},"class_list":["post-603","page","type-page","status-publish","hentry"],"yoast_head":"<!-- This site is optimized with the Yoast SEO plugin v27.1.1 - https:\/\/yoast.com\/product\/yoast-seo-wordpress\/ -->\n<title>Lyc\u00e9e Sarajevo | Ecole Fran\u00e7aise Internationale \u00e0 Sarajevo<\/title>\n<meta name=\"description\" content=\"L\u2019organisation du lyc\u00e9e g\u00e9n\u00e9ral propose des parcours choisis par chaque lyc\u00e9en en fonction de ses go\u00fbts et de ses ambitions.\" \/>\n<meta name=\"robots\" content=\"index, follow, max-snippet:-1, max-image-preview:large, max-video-preview:-1\" \/>\n<link rel=\"canonical\" href=\"https:\/\/cifs.edu.ba\/fr\/cursus-scolaire\/lycee\/\" \/>\n<meta property=\"og:locale\" content=\"fr_FR\" \/>\n<meta property=\"og:type\" content=\"article\" \/>\n<meta property=\"og:title\" content=\"Lyc\u00e9e Sarajevo | Ecole Fran\u00e7aise Internationale \u00e0 Sarajevo\" \/>\n<meta property=\"og:description\" content=\"L\u2019organisation du lyc\u00e9e g\u00e9n\u00e9ral propose des parcours choisis par chaque lyc\u00e9en en fonction de ses go\u00fbts et de ses ambitions.\" \/>\n<meta property=\"og:url\" content=\"https:\/\/cifs.edu.ba\/fr\/cursus-scolaire\/lycee\/\" \/>\n<meta property=\"og:site_name\" content=\"CIFS\" \/>\n<meta property=\"article:publisher\" content=\"https:\/\/www.facebook.com\/CIFSarajevo\/\" \/>\n<meta property=\"article:modified_time\" content=\"2026-03-10T13:56:11+00:00\" \/>\n<meta property=\"og:image\" content=\"https:\/\/cifs.edu.ba\/wp-content\/uploads\/2023\/11\/International-French-School-High-School.jpg\" \/>\n\t<meta property=\"og:image:width\" content=\"1000\" \/>\n\t<meta property=\"og:image:height\" content=\"667\" \/>\n\t<meta property=\"og:image:type\" content=\"image\/jpeg\" \/>\n<meta name=\"twitter:card\" content=\"summary_large_image\" \/>\n<meta name=\"twitter:label1\" content=\"Dur\u00e9e de lecture estim\u00e9e\" \/>\n\t<meta name=\"twitter:data1\" content=\"2 minutes\" \/>\n<script type=\"application\/ld+json\" class=\"yoast-schema-graph\">{\"@context\":\"https:\/\/schema.org\",\"@graph\":[{\"@type\":\"WebPage\",\"@id\":\"https:\/\/cifs.edu.ba\/fr\/cursus-scolaire\/lycee\/\",\"url\":\"https:\/\/cifs.edu.ba\/fr\/cursus-scolaire\/lycee\/\",\"name\":\"Lyc\u00e9e Sarajevo | Ecole Fran\u00e7aise Internationale \u00e0 Sarajevo\",\"isPartOf\":{\"@id\":\"https:\/\/cifs.edu.ba\/#website\"},\"primaryImageOfPage\":{\"@id\":\"https:\/\/cifs.edu.ba\/fr\/cursus-scolaire\/lycee\/#primaryimage\"},\"image\":{\"@id\":\"https:\/\/cifs.edu.ba\/fr\/cursus-scolaire\/lycee\/#primaryimage\"},\"thumbnailUrl\":\"https:\/\/cifs.edu.ba\/wp-content\/uploads\/2023\/11\/International-French-School-High-School.jpg\",\"datePublished\":\"2023-11-11T22:08:14+00:00\",\"dateModified\":\"2026-03-10T13:56:11+00:00\",\"description\":\"L\u2019organisation du lyc\u00e9e g\u00e9n\u00e9ral propose des parcours choisis par chaque lyc\u00e9en en fonction de ses go\u00fbts et de ses ambitions.\",\"breadcrumb\":{\"@id\":\"https:\/\/cifs.edu.ba\/fr\/cursus-scolaire\/lycee\/#breadcrumb\"},\"inLanguage\":\"fr-FR\",\"potentialAction\":[{\"@type\":\"ReadAction\",\"target\":[\"https:\/\/cifs.edu.ba\/fr\/cursus-scolaire\/lycee\/\"]}]},{\"@type\":\"ImageObject\",\"inLanguage\":\"fr-FR\",\"@id\":\"https:\/\/cifs.edu.ba\/fr\/cursus-scolaire\/lycee\/#primaryimage\",\"url\":\"https:\/\/cifs.edu.ba\/wp-content\/uploads\/2023\/11\/International-French-School-High-School.jpg\",\"contentUrl\":\"https:\/\/cifs.edu.ba\/wp-content\/uploads\/2023\/11\/International-French-School-High-School.jpg\"},{\"@type\":\"BreadcrumbList\",\"@id\":\"https:\/\/cifs.edu.ba\/fr\/cursus-scolaire\/lycee\/#breadcrumb\",\"itemListElement\":[{\"@type\":\"ListItem\",\"position\":1,\"name\":\"Home\",\"item\":\"https:\/\/cifs.edu.ba\/fr\/\"},{\"@type\":\"ListItem\",\"position\":2,\"name\":\"Cursus scolaire\",\"item\":\"https:\/\/cifs.edu.ba\/fr\/cursus-scolaire\/\"},{\"@type\":\"ListItem\",\"position\":3,\"name\":\"Lyc\u00e9e\"}]},{\"@type\":\"WebSite\",\"@id\":\"https:\/\/cifs.edu.ba\/#website\",\"url\":\"https:\/\/cifs.edu.ba\/\",\"name\":\"International School in Sarajevo!\",\"description\":\"\",\"potentialAction\":[{\"@type\":\"SearchAction\",\"target\":{\"@type\":\"EntryPoint\",\"urlTemplate\":\"https:\/\/cifs.edu.ba\/?s={search_term_string}\"},\"query-input\":{\"@type\":\"PropertyValueSpecification\",\"valueRequired\":true,\"valueName\":\"search_term_string\"}}],\"inLanguage\":\"fr-FR\"}]}<\/script>\n<!-- \/ Yoast SEO plugin. -->","yoast_head_json":{"title":"Lyc\u00e9e Sarajevo | Ecole Fran\u00e7aise Internationale \u00e0 Sarajevo","description":"L\u2019organisation du lyc\u00e9e g\u00e9n\u00e9ral propose des parcours choisis par chaque lyc\u00e9en en fonction de ses go\u00fbts et de ses ambitions.","robots":{"index":"index","follow":"follow","max-snippet":"max-snippet:-1","max-image-preview":"max-image-preview:large","max-video-preview":"max-video-preview:-1"},"canonical":"https:\/\/cifs.edu.ba\/fr\/cursus-scolaire\/lycee\/","og_locale":"fr_FR","og_type":"article","og_title":"Lyc\u00e9e Sarajevo | Ecole Fran\u00e7aise Internationale \u00e0 Sarajevo","og_description":"L\u2019organisation du lyc\u00e9e g\u00e9n\u00e9ral propose des parcours choisis par chaque lyc\u00e9en en fonction de ses go\u00fbts et de ses ambitions.","og_url":"https:\/\/cifs.edu.ba\/fr\/cursus-scolaire\/lycee\/","og_site_name":"CIFS","article_publisher":"https:\/\/www.facebook.com\/CIFSarajevo\/","article_modified_time":"2026-03-10T13:56:11+00:00","og_image":[{"width":1000,"height":667,"url":"https:\/\/cifs.edu.ba\/wp-content\/uploads\/2023\/11\/International-French-School-High-School.jpg","type":"image\/jpeg"}],"twitter_card":"summary_large_image","twitter_misc":{"Dur\u00e9e de lecture estim\u00e9e":"2 minutes"},"schema":{"@context":"https:\/\/schema.org","@graph":[{"@type":"WebPage","@id":"https:\/\/cifs.edu.ba\/fr\/cursus-scolaire\/lycee\/","url":"https:\/\/cifs.edu.ba\/fr\/cursus-scolaire\/lycee\/","name":"Lyc\u00e9e Sarajevo | Ecole Fran\u00e7aise Internationale \u00e0 Sarajevo","isPartOf":{"@id":"https:\/\/cifs.edu.ba\/#website"},"primaryImageOfPage":{"@id":"https:\/\/cifs.edu.ba\/fr\/cursus-scolaire\/lycee\/#primaryimage"},"image":{"@id":"https:\/\/cifs.edu.ba\/fr\/cursus-scolaire\/lycee\/#primaryimage"},"thumbnailUrl":"https:\/\/cifs.edu.ba\/wp-content\/uploads\/2023\/11\/International-French-School-High-School.jpg","datePublished":"2023-11-11T22:08:14+00:00","dateModified":"2026-03-10T13:56:11+00:00","description":"L\u2019organisation du lyc\u00e9e g\u00e9n\u00e9ral propose des parcours choisis par chaque lyc\u00e9en en fonction de ses go\u00fbts et de ses ambitions.","breadcrumb":{"@id":"https:\/\/cifs.edu.ba\/fr\/cursus-scolaire\/lycee\/#breadcrumb"},"inLanguage":"fr-FR","potentialAction":[{"@type":"ReadAction","target":["https:\/\/cifs.edu.ba\/fr\/cursus-scolaire\/lycee\/"]}]},{"@type":"ImageObject","inLanguage":"fr-FR","@id":"https:\/\/cifs.edu.ba\/fr\/cursus-scolaire\/lycee\/#primaryimage","url":"https:\/\/cifs.edu.ba\/wp-content\/uploads\/2023\/11\/International-French-School-High-School.jpg","contentUrl":"https:\/\/cifs.edu.ba\/wp-content\/uploads\/2023\/11\/International-French-School-High-School.jpg"},{"@type":"BreadcrumbList","@id":"https:\/\/cifs.edu.ba\/fr\/cursus-scolaire\/lycee\/#breadcrumb","itemListElement":[{"@type":"ListItem","position":1,"name":"Home","item":"https:\/\/cifs.edu.ba\/fr\/"},{"@type":"ListItem","position":2,"name":"Cursus scolaire","item":"https:\/\/cifs.edu.ba\/fr\/cursus-scolaire\/"},{"@type":"ListItem","position":3,"name":"Lyc\u00e9e"}]},{"@type":"WebSite","@id":"https:\/\/cifs.edu.ba\/#website","url":"https:\/\/cifs.edu.ba\/","name":"International School in Sarajevo!","description":"","potentialAction":[{"@type":"SearchAction","target":{"@type":"EntryPoint","urlTemplate":"https:\/\/cifs.edu.ba\/?s={search_term_string}"},"query-input":{"@type":"PropertyValueSpecification","valueRequired":true,"valueName":"search_term_string"}}],"inLanguage":"fr-FR"}]}},"_links":{"self":[{"href":"https:\/\/cifs.edu.ba\/fr\/wp-json\/wp\/v2\/pages\/603","targetHints":{"allow":["GET"]}}],"collection":[{"href":"https:\/\/cifs.edu.ba\/fr\/wp-json\/wp\/v2\/pages"}],"about":[{"href":"https:\/\/cifs.edu.ba\/fr\/wp-json\/wp\/v2\/types\/page"}],"author":[{"embeddable":true,"href":"https:\/\/cifs.edu.ba\/fr\/wp-json\/wp\/v2\/users\/1"}],"replies":[{"embeddable":true,"href":"https:\/\/cifs.edu.ba\/fr\/wp-json\/wp\/v2\/comments?post=603"}],"version-history":[{"count":4,"href":"https:\/\/cifs.edu.ba\/fr\/wp-json\/wp\/v2\/pages\/603\/revisions"}],"predecessor-version":[{"id":2580,"href":"https:\/\/cifs.edu.ba\/fr\/wp-json\/wp\/v2\/pages\/603\/revisions\/2580"}],"up":[{"embeddable":true,"href":"https:\/\/cifs.edu.ba\/fr\/wp-json\/wp\/v2\/pages\/569"}],"wp:attachment":[{"href":"https:\/\/cifs.edu.ba\/fr\/wp-json\/wp\/v2\/media?parent=603"}],"curies":[{"name":"wp","href":"https:\/\/api.w.org\/{rel}","templated":true}]}}