{"id":596,"date":"2023-11-11T22:06:01","date_gmt":"2023-11-11T22:06:01","guid":{"rendered":"https:\/\/cifs.edu.ba\/school-curriculum\/middle-school\/"},"modified":"2026-03-10T13:43:05","modified_gmt":"2026-03-10T13:43:05","slug":"college","status":"publish","type":"page","link":"https:\/\/cifs.edu.ba\/fr\/cursus-scolaire\/college\/","title":{"rendered":"Coll\u00e8ge"},"content":{"rendered":"<p><div class=\"fusion-fullwidth fullwidth-box fusion-builder-row-1 fusion-flex-container has-pattern-background has-mask-background fusion-parallax-none nonhundred-percent-fullwidth non-hundred-percent-height-scrolling\" style=\"--awb-background-position:left top;--awb-background-repeat:repeat;--awb-background-blend-mode:overlay;--awb-border-radius-top-left:0px;--awb-border-radius-top-right:0px;--awb-border-radius-bottom-right:0px;--awb-border-radius-bottom-left:0px;--awb-margin-top:-50px;--awb-background-image:url(&quot;https:\/\/cifs.edu.ba\/wp-content\/uploads\/2023\/11\/patern-red.png&quot;);--awb-flex-wrap:wrap;\" ><div class=\"fusion-builder-row fusion-row fusion-flex-align-items-flex-start fusion-flex-content-wrap\" style=\"max-width:1248px;margin-left: calc(-4% \/ 2 );margin-right: calc(-4% \/ 2 );\"><div class=\"fusion-layout-column fusion_builder_column fusion-builder-column-0 fusion_builder_column_1_3 1_3 fusion-flex-column\" style=\"--awb-padding-top:40px;--awb-bg-size:cover;--awb-width-large:33.333333333333%;--awb-margin-top-large:0px;--awb-spacing-right-large:5.76%;--awb-margin-bottom-large:20px;--awb-spacing-left-large:5.76%;--awb-width-medium:33.333333333333%;--awb-order-medium:0;--awb-spacing-right-medium:5.76%;--awb-spacing-left-medium:5.76%;--awb-width-small:100%;--awb-order-small:0;--awb-spacing-right-small:1.92%;--awb-spacing-left-small:1.92%;\"><div class=\"fusion-column-wrapper fusion-column-has-shadow fusion-flex-justify-content-flex-start fusion-content-layout-column\"><div class=\"fusion-title title fusion-title-1 fusion-sep-none fusion-title-text fusion-title-size-two\" style=\"--awb-text-color:var(--awb-color1);\"><h2 class=\"fusion-title-heading title-heading-left\" style=\"margin:0;\">COLL\u00c8GE<\/h2><\/div><\/div><\/div><div class=\"fusion-layout-column fusion_builder_column fusion-builder-column-1 fusion_builder_column_2_3 2_3 fusion-flex-column\" style=\"--awb-padding-top:50px;--awb-bg-size:cover;--awb-width-large:66.666666666667%;--awb-margin-top-large:0px;--awb-spacing-right-large:2.88%;--awb-margin-bottom-large:20px;--awb-spacing-left-large:2.88%;--awb-width-medium:66.666666666667%;--awb-order-medium:0;--awb-spacing-right-medium:2.88%;--awb-spacing-left-medium:2.88%;--awb-width-small:100%;--awb-order-small:0;--awb-spacing-right-small:1.92%;--awb-spacing-left-small:1.92%;\"><div class=\"fusion-column-wrapper fusion-column-has-shadow fusion-flex-justify-content-flex-start fusion-content-layout-column\"><div class=\"fusion-text fusion-text-1\" style=\"--awb-text-color:var(--awb-color1);\"><p>Le CIFS accueille les \u00e9l\u00e8ves de 11 \u00e0 15 ans<\/p>\n<p>Le coll\u00e8ge a vocation \u00e0 renforcer l\u2019acquisition des savoirs fondamentaux en combinant des apprentissages th\u00e9oriques et pratiques tout en tenant compte des sp\u00e9cificit\u00e9s de chaque \u00e9l\u00e8ve pour permettre la r\u00e9ussite de tous. Notre objectif est de donner aux coll\u00e9giens de nouvelles comp\u00e9tences adapt\u00e9es au monde actuel et faire du coll\u00e8ge un lieu d\u2019\u00e9panouissement et de construction de la citoyennet\u00e9, une communaut\u00e9 o\u00f9 l\u2019exp\u00e9rience individuelle et l\u2019activit\u00e9 collective sont privil\u00e9gi\u00e9es.<\/p>\n<p>Il rassemble cinq domaines de comp\u00e9tences :<\/p>\n<ul>\n<li>Le langage pour penser et communiquer (fran\u00e7ais, langues \u00e9trang\u00e8res et locales, langage math\u00e9matiques, \u2026)<\/li>\n<li>Les m\u00e9thodes et outils pour apprendre (outils num\u00e9riques, projets, organisation, \u2026)<\/li>\n<li>La formation de la personne et du citoyen (formation morale, vie en soci\u00e9t\u00e9, respect\u2026)<\/li>\n<li>Syst\u00e8mes naturels et syst\u00e8mes techniques (sciences, curiosit\u00e9, r\u00e9solution de probl\u00e8mes, \u2026)<\/li>\n<li>Les repr\u00e9sentations du monde et de l\u2019activit\u00e9 humaine (histoire, culture, g\u00e9ographie, \u2026)<\/li>\n<\/ul>\n<\/div><\/div><\/div><\/div><\/div><div class=\"fusion-fullwidth fullwidth-box fusion-builder-row-2 fusion-flex-container has-pattern-background has-mask-background nonhundred-percent-fullwidth non-hundred-percent-height-scrolling\" style=\"--awb-border-radius-top-left:0px;--awb-border-radius-top-right:0px;--awb-border-radius-bottom-right:0px;--awb-border-radius-bottom-left:0px;--awb-margin-top:50px;--awb-flex-wrap:wrap;\" ><div class=\"fusion-builder-row fusion-row fusion-flex-align-items-flex-start fusion-flex-content-wrap\" style=\"max-width:1248px;margin-left: calc(-4% \/ 2 );margin-right: calc(-4% \/ 2 );\"><div class=\"fusion-layout-column fusion_builder_column fusion-builder-column-2 fusion_builder_column_1_1 1_1 fusion-flex-column\" style=\"--awb-bg-size:cover;--awb-width-large:100%;--awb-margin-top-large:0px;--awb-spacing-right-large:1.92%;--awb-margin-bottom-large:20px;--awb-spacing-left-large:1.92%;--awb-width-medium:100%;--awb-order-medium:0;--awb-spacing-right-medium:1.92%;--awb-spacing-left-medium:1.92%;--awb-width-small:100%;--awb-order-small:0;--awb-spacing-right-small:1.92%;--awb-spacing-left-small:1.92%;\"><div class=\"fusion-column-wrapper fusion-column-has-shadow fusion-flex-justify-content-flex-start fusion-content-layout-column\"><div class=\"fusion-text fusion-text-2\" style=\"--awb-text-color:#000000;\"><h3 style=\"text-align: center;\">Le Brevet change en 2026<\/h3>\n<p style=\"text-align: center;\">(pour les \u00e9l\u00e8ves inscrits en classe de 3ime en 2025- 2026)<\/p>\n<\/div><\/div><\/div><div class=\"fusion-layout-column fusion_builder_column fusion-builder-column-3 fusion_builder_column_1_2 1_2 fusion-flex-column\" style=\"--awb-bg-size:cover;--awb-width-large:50%;--awb-margin-top-large:0px;--awb-spacing-right-large:3.84%;--awb-margin-bottom-large:20px;--awb-spacing-left-large:3.84%;--awb-width-medium:50%;--awb-order-medium:0;--awb-spacing-right-medium:3.84%;--awb-spacing-left-medium:3.84%;--awb-width-small:100%;--awb-order-small:0;--awb-spacing-right-small:1.92%;--awb-spacing-left-small:1.92%;\"><div class=\"fusion-column-wrapper fusion-column-has-shadow fusion-flex-justify-content-flex-start fusion-content-layout-column\"><div class=\"fusion-text fusion-text-3\" style=\"--awb-text-color:#000000;\"><ul>\n<li>\u00c0 compter de la session<strong> 2026<\/strong>, le dipl\u00f4me est d\u00e9livr\u00e9, aux candidats ayant obtenu une moyenne finale \u00e9gale ou sup\u00e9rieure \u00e0 10 sur 20 (fin du syst\u00e8me de notation sur 800 points). <strong>La note de contr\u00f4le continu est calcul\u00e9e \u00e0 partir des moyennes annuelles de toutes les disciplines<\/strong> (toutes au m\u00eame coefficient) obtenues par les \u00e9l\u00e8ves en classe de 3e, et non plus \u00e0 partir des huit composantes du <a title=\"Le socle commun de connaissances, de comp\u00e9tences et de culture\" href=\"https:\/\/www.education.gouv.fr\/le-socle-commun-de-connaissances-de-competences-et-de-culture-12512\" target=\"_blank\" rel=\"noopener\" data-saferedirecturl=\"https:\/\/www.google.com\/url?q=https:\/\/www.education.gouv.fr\/le-socle-commun-de-connaissances-de-competences-et-de-culture-12512&amp;source=gmail&amp;ust=1762549327471000&amp;usg=AOvVaw1DSLTRJQ8SLsjNENLXe0Gb\">socle commun de connaissances, de comp\u00e9tences et de culture<\/a>.<\/li>\n<li><strong>Un nouvel \u00e9quilibre est \u00e9galement instaur\u00e9 entre contr\u00f4le continu et \u00e9preuves terminales<\/strong> : ces derni\u00e8res comptent d\u00e9sormais pour 60% de la note finale, tandis que le contr\u00f4le continu repr\u00e9sente 40%.<\/li>\n<\/ul>\n<\/div><\/div><\/div><div class=\"fusion-layout-column fusion_builder_column fusion-builder-column-4 fusion_builder_column_1_2 1_2 fusion-flex-column\" style=\"--awb-bg-size:cover;--awb-width-large:50%;--awb-margin-top-large:0px;--awb-spacing-right-large:3.84%;--awb-margin-bottom-large:20px;--awb-spacing-left-large:3.84%;--awb-width-medium:50%;--awb-order-medium:0;--awb-spacing-right-medium:3.84%;--awb-spacing-left-medium:3.84%;--awb-width-small:100%;--awb-order-small:0;--awb-spacing-right-small:1.92%;--awb-spacing-left-small:1.92%;\"><div class=\"fusion-column-wrapper fusion-column-has-shadow fusion-flex-justify-content-flex-start fusion-content-layout-column\"><div class=\"fusion-video fusion-youtube\" style=\"--awb-max-width:600px;--awb-max-height:360px;\"><div class=\"video-shortcode\"><div class=\"fluid-width-video-wrapper\" style=\"padding-top:60%;\" ><iframe title=\"YouTube video player 1\" src=\"https:\/\/www.youtube.com\/embed\/HKm6takCz-k?wmode=transparent&autoplay=0\" width=\"600\" height=\"360\" allowfullscreen allow=\"autoplay; clipboard-write; encrypted-media; gyroscope; picture-in-picture;\"><\/iframe><\/div><\/div><\/div><\/div><\/div><\/div><\/div><div class=\"fusion-fullwidth fullwidth-box fusion-builder-row-3 fusion-flex-container has-pattern-background has-mask-background nonhundred-percent-fullwidth non-hundred-percent-height-scrolling\" style=\"--awb-border-radius-top-left:0px;--awb-border-radius-top-right:0px;--awb-border-radius-bottom-right:0px;--awb-border-radius-bottom-left:0px;--awb-margin-top:50px;--awb-flex-wrap:wrap;\" ><div class=\"fusion-builder-row fusion-row fusion-flex-align-items-flex-start fusion-flex-content-wrap\" style=\"max-width:1248px;margin-left: calc(-4% \/ 2 );margin-right: calc(-4% \/ 2 );\"><div class=\"fusion-layout-column fusion_builder_column fusion-builder-column-5 fusion_builder_column_1_2 1_2 fusion-flex-column\" style=\"--awb-bg-size:cover;--awb-width-large:50%;--awb-margin-top-large:0px;--awb-spacing-right-large:3.84%;--awb-margin-bottom-large:20px;--awb-spacing-left-large:3.84%;--awb-width-medium:50%;--awb-order-medium:0;--awb-spacing-right-medium:3.84%;--awb-spacing-left-medium:3.84%;--awb-width-small:100%;--awb-order-small:0;--awb-spacing-right-small:1.92%;--awb-spacing-left-small:1.92%;\"><div class=\"fusion-column-wrapper fusion-column-has-shadow fusion-flex-justify-content-flex-start fusion-content-layout-column\"><div class=\"fusion-text fusion-text-4\"><p><img decoding=\"async\" class=\"alignleft wp-image-2472 size-full\" src=\"https:\/\/cifs.edu.ba\/wp-content\/uploads\/2026\/03\/Middle-School-2.jpg\" alt=\"French International School of Sarajevo - Middle School\" width=\"1200\" height=\"800\" srcset=\"https:\/\/cifs.edu.ba\/wp-content\/uploads\/2026\/03\/Middle-School-2-200x133.jpg 200w, https:\/\/cifs.edu.ba\/wp-content\/uploads\/2026\/03\/Middle-School-2-300x200.jpg 300w, https:\/\/cifs.edu.ba\/wp-content\/uploads\/2026\/03\/Middle-School-2-400x267.jpg 400w, https:\/\/cifs.edu.ba\/wp-content\/uploads\/2026\/03\/Middle-School-2-600x400.jpg 600w, https:\/\/cifs.edu.ba\/wp-content\/uploads\/2026\/03\/Middle-School-2-768x512.jpg 768w, https:\/\/cifs.edu.ba\/wp-content\/uploads\/2026\/03\/Middle-School-2-800x533.jpg 800w, https:\/\/cifs.edu.ba\/wp-content\/uploads\/2026\/03\/Middle-School-2-1024x683.jpg 1024w, https:\/\/cifs.edu.ba\/wp-content\/uploads\/2026\/03\/Middle-School-2.jpg 1200w\" sizes=\"(max-width: 1200px) 100vw, 1200px\" \/><\/p>\n<\/div><\/div><\/div><div class=\"fusion-layout-column fusion_builder_column fusion-builder-column-6 fusion_builder_column_1_2 1_2 fusion-flex-column\" style=\"--awb-bg-size:cover;--awb-width-large:50%;--awb-margin-top-large:0px;--awb-spacing-right-large:3.84%;--awb-margin-bottom-large:20px;--awb-spacing-left-large:3.84%;--awb-width-medium:50%;--awb-order-medium:0;--awb-spacing-right-medium:3.84%;--awb-spacing-left-medium:3.84%;--awb-width-small:100%;--awb-order-small:0;--awb-spacing-right-small:1.92%;--awb-spacing-left-small:1.92%;\"><div class=\"fusion-column-wrapper fusion-column-has-shadow fusion-flex-justify-content-flex-start fusion-content-layout-column\"><div class=\"fusion-text fusion-text-5\"><p><img decoding=\"async\" class=\"alignleft wp-image-2481 size-full\" src=\"https:\/\/cifs.edu.ba\/wp-content\/uploads\/2026\/03\/Middle-School-3.jpg\" alt=\"French International School of Sarajevo - Middle School 2\" width=\"1200\" height=\"800\" srcset=\"https:\/\/cifs.edu.ba\/wp-content\/uploads\/2026\/03\/Middle-School-3-200x133.jpg 200w, https:\/\/cifs.edu.ba\/wp-content\/uploads\/2026\/03\/Middle-School-3-300x200.jpg 300w, https:\/\/cifs.edu.ba\/wp-content\/uploads\/2026\/03\/Middle-School-3-400x267.jpg 400w, https:\/\/cifs.edu.ba\/wp-content\/uploads\/2026\/03\/Middle-School-3-600x400.jpg 600w, https:\/\/cifs.edu.ba\/wp-content\/uploads\/2026\/03\/Middle-School-3-768x512.jpg 768w, https:\/\/cifs.edu.ba\/wp-content\/uploads\/2026\/03\/Middle-School-3-800x533.jpg 800w, https:\/\/cifs.edu.ba\/wp-content\/uploads\/2026\/03\/Middle-School-3-1024x683.jpg 1024w, https:\/\/cifs.edu.ba\/wp-content\/uploads\/2026\/03\/Middle-School-3.jpg 1200w\" sizes=\"(max-width: 1200px) 100vw, 1200px\" \/><\/p>\n<\/div><\/div><\/div><\/div><\/div><\/p>\n","protected":false},"excerpt":{"rendered":"","protected":false},"author":1,"featured_media":0,"parent":569,"menu_order":0,"comment_status":"closed","ping_status":"closed","template":"100-width.php","meta":{"footnotes":""},"class_list":["post-596","page","type-page","status-publish","hentry"],"yoast_head":"<!-- This site is optimized with the Yoast SEO plugin v27.1.1 - https:\/\/yoast.com\/product\/yoast-seo-wordpress\/ -->\n<title>Coll\u00e8ge | Ecole Fran\u00e7aise Internationale \u00e0 Sarajevo<\/title>\n<meta name=\"description\" content=\"Notre objectif est de donner aux coll\u00e9giens de nouvelles comp\u00e9tences adapt\u00e9es au monde actuel. Commencez votre avenir d\u00e8s aujourd\u2019hui!\" \/>\n<meta name=\"robots\" content=\"index, follow, max-snippet:-1, max-image-preview:large, max-video-preview:-1\" \/>\n<link rel=\"canonical\" href=\"https:\/\/cifs.edu.ba\/fr\/cursus-scolaire\/college\/\" \/>\n<meta property=\"og:locale\" content=\"fr_FR\" \/>\n<meta property=\"og:type\" content=\"article\" \/>\n<meta property=\"og:title\" content=\"Coll\u00e8ge | Ecole Fran\u00e7aise Internationale \u00e0 Sarajevo\" \/>\n<meta property=\"og:description\" content=\"Notre objectif est de donner aux coll\u00e9giens de nouvelles comp\u00e9tences adapt\u00e9es au monde actuel. Commencez votre avenir d\u00e8s aujourd\u2019hui!\" \/>\n<meta property=\"og:url\" content=\"https:\/\/cifs.edu.ba\/fr\/cursus-scolaire\/college\/\" \/>\n<meta property=\"og:site_name\" content=\"CIFS\" \/>\n<meta property=\"article:publisher\" content=\"https:\/\/www.facebook.com\/CIFSarajevo\/\" \/>\n<meta property=\"article:modified_time\" content=\"2026-03-10T13:43:05+00:00\" \/>\n<meta property=\"og:image\" content=\"https:\/\/cifs.edu.ba\/wp-content\/uploads\/2026\/03\/Middle-School-2.jpg\" \/>\n\t<meta property=\"og:image:width\" content=\"1200\" \/>\n\t<meta property=\"og:image:height\" content=\"800\" \/>\n\t<meta property=\"og:image:type\" content=\"image\/jpeg\" \/>\n<meta name=\"twitter:card\" content=\"summary_large_image\" \/>\n<meta name=\"twitter:label1\" content=\"Dur\u00e9e de lecture estim\u00e9e\" \/>\n\t<meta name=\"twitter:data1\" content=\"2 minutes\" \/>\n<script type=\"application\/ld+json\" class=\"yoast-schema-graph\">{\"@context\":\"https:\/\/schema.org\",\"@graph\":[{\"@type\":\"WebPage\",\"@id\":\"https:\/\/cifs.edu.ba\/fr\/cursus-scolaire\/college\/\",\"url\":\"https:\/\/cifs.edu.ba\/fr\/cursus-scolaire\/college\/\",\"name\":\"Coll\u00e8ge | Ecole Fran\u00e7aise Internationale \u00e0 Sarajevo\",\"isPartOf\":{\"@id\":\"https:\/\/cifs.edu.ba\/#website\"},\"primaryImageOfPage\":{\"@id\":\"https:\/\/cifs.edu.ba\/fr\/cursus-scolaire\/college\/#primaryimage\"},\"image\":{\"@id\":\"https:\/\/cifs.edu.ba\/fr\/cursus-scolaire\/college\/#primaryimage\"},\"thumbnailUrl\":\"https:\/\/cifs.edu.ba\/wp-content\/uploads\/2026\/03\/Middle-School-2.jpg\",\"datePublished\":\"2023-11-11T22:06:01+00:00\",\"dateModified\":\"2026-03-10T13:43:05+00:00\",\"description\":\"Notre objectif est de donner aux coll\u00e9giens de nouvelles comp\u00e9tences adapt\u00e9es au monde actuel. Commencez votre avenir d\u00e8s aujourd\u2019hui!\",\"breadcrumb\":{\"@id\":\"https:\/\/cifs.edu.ba\/fr\/cursus-scolaire\/college\/#breadcrumb\"},\"inLanguage\":\"fr-FR\",\"potentialAction\":[{\"@type\":\"ReadAction\",\"target\":[\"https:\/\/cifs.edu.ba\/fr\/cursus-scolaire\/college\/\"]}]},{\"@type\":\"ImageObject\",\"inLanguage\":\"fr-FR\",\"@id\":\"https:\/\/cifs.edu.ba\/fr\/cursus-scolaire\/college\/#primaryimage\",\"url\":\"https:\/\/cifs.edu.ba\/wp-content\/uploads\/2026\/03\/Middle-School-2.jpg\",\"contentUrl\":\"https:\/\/cifs.edu.ba\/wp-content\/uploads\/2026\/03\/Middle-School-2.jpg\"},{\"@type\":\"BreadcrumbList\",\"@id\":\"https:\/\/cifs.edu.ba\/fr\/cursus-scolaire\/college\/#breadcrumb\",\"itemListElement\":[{\"@type\":\"ListItem\",\"position\":1,\"name\":\"Home\",\"item\":\"https:\/\/cifs.edu.ba\/fr\/\"},{\"@type\":\"ListItem\",\"position\":2,\"name\":\"Cursus scolaire\",\"item\":\"https:\/\/cifs.edu.ba\/fr\/cursus-scolaire\/\"},{\"@type\":\"ListItem\",\"position\":3,\"name\":\"Coll\u00e8ge\"}]},{\"@type\":\"WebSite\",\"@id\":\"https:\/\/cifs.edu.ba\/#website\",\"url\":\"https:\/\/cifs.edu.ba\/\",\"name\":\"International School in Sarajevo!\",\"description\":\"\",\"potentialAction\":[{\"@type\":\"SearchAction\",\"target\":{\"@type\":\"EntryPoint\",\"urlTemplate\":\"https:\/\/cifs.edu.ba\/?s={search_term_string}\"},\"query-input\":{\"@type\":\"PropertyValueSpecification\",\"valueRequired\":true,\"valueName\":\"search_term_string\"}}],\"inLanguage\":\"fr-FR\"}]}<\/script>\n<!-- \/ Yoast SEO plugin. -->","yoast_head_json":{"title":"Coll\u00e8ge | Ecole Fran\u00e7aise Internationale \u00e0 Sarajevo","description":"Notre objectif est de donner aux coll\u00e9giens de nouvelles comp\u00e9tences adapt\u00e9es au monde actuel. Commencez votre avenir d\u00e8s aujourd\u2019hui!","robots":{"index":"index","follow":"follow","max-snippet":"max-snippet:-1","max-image-preview":"max-image-preview:large","max-video-preview":"max-video-preview:-1"},"canonical":"https:\/\/cifs.edu.ba\/fr\/cursus-scolaire\/college\/","og_locale":"fr_FR","og_type":"article","og_title":"Coll\u00e8ge | Ecole Fran\u00e7aise Internationale \u00e0 Sarajevo","og_description":"Notre objectif est de donner aux coll\u00e9giens de nouvelles comp\u00e9tences adapt\u00e9es au monde actuel. Commencez votre avenir d\u00e8s aujourd\u2019hui!","og_url":"https:\/\/cifs.edu.ba\/fr\/cursus-scolaire\/college\/","og_site_name":"CIFS","article_publisher":"https:\/\/www.facebook.com\/CIFSarajevo\/","article_modified_time":"2026-03-10T13:43:05+00:00","og_image":[{"width":1200,"height":800,"url":"https:\/\/cifs.edu.ba\/wp-content\/uploads\/2026\/03\/Middle-School-2.jpg","type":"image\/jpeg"}],"twitter_card":"summary_large_image","twitter_misc":{"Dur\u00e9e de lecture estim\u00e9e":"2 minutes"},"schema":{"@context":"https:\/\/schema.org","@graph":[{"@type":"WebPage","@id":"https:\/\/cifs.edu.ba\/fr\/cursus-scolaire\/college\/","url":"https:\/\/cifs.edu.ba\/fr\/cursus-scolaire\/college\/","name":"Coll\u00e8ge | Ecole Fran\u00e7aise Internationale \u00e0 Sarajevo","isPartOf":{"@id":"https:\/\/cifs.edu.ba\/#website"},"primaryImageOfPage":{"@id":"https:\/\/cifs.edu.ba\/fr\/cursus-scolaire\/college\/#primaryimage"},"image":{"@id":"https:\/\/cifs.edu.ba\/fr\/cursus-scolaire\/college\/#primaryimage"},"thumbnailUrl":"https:\/\/cifs.edu.ba\/wp-content\/uploads\/2026\/03\/Middle-School-2.jpg","datePublished":"2023-11-11T22:06:01+00:00","dateModified":"2026-03-10T13:43:05+00:00","description":"Notre objectif est de donner aux coll\u00e9giens de nouvelles comp\u00e9tences adapt\u00e9es au monde actuel. Commencez votre avenir d\u00e8s aujourd\u2019hui!","breadcrumb":{"@id":"https:\/\/cifs.edu.ba\/fr\/cursus-scolaire\/college\/#breadcrumb"},"inLanguage":"fr-FR","potentialAction":[{"@type":"ReadAction","target":["https:\/\/cifs.edu.ba\/fr\/cursus-scolaire\/college\/"]}]},{"@type":"ImageObject","inLanguage":"fr-FR","@id":"https:\/\/cifs.edu.ba\/fr\/cursus-scolaire\/college\/#primaryimage","url":"https:\/\/cifs.edu.ba\/wp-content\/uploads\/2026\/03\/Middle-School-2.jpg","contentUrl":"https:\/\/cifs.edu.ba\/wp-content\/uploads\/2026\/03\/Middle-School-2.jpg"},{"@type":"BreadcrumbList","@id":"https:\/\/cifs.edu.ba\/fr\/cursus-scolaire\/college\/#breadcrumb","itemListElement":[{"@type":"ListItem","position":1,"name":"Home","item":"https:\/\/cifs.edu.ba\/fr\/"},{"@type":"ListItem","position":2,"name":"Cursus scolaire","item":"https:\/\/cifs.edu.ba\/fr\/cursus-scolaire\/"},{"@type":"ListItem","position":3,"name":"Coll\u00e8ge"}]},{"@type":"WebSite","@id":"https:\/\/cifs.edu.ba\/#website","url":"https:\/\/cifs.edu.ba\/","name":"International School in Sarajevo!","description":"","potentialAction":[{"@type":"SearchAction","target":{"@type":"EntryPoint","urlTemplate":"https:\/\/cifs.edu.ba\/?s={search_term_string}"},"query-input":{"@type":"PropertyValueSpecification","valueRequired":true,"valueName":"search_term_string"}}],"inLanguage":"fr-FR"}]}},"_links":{"self":[{"href":"https:\/\/cifs.edu.ba\/fr\/wp-json\/wp\/v2\/pages\/596","targetHints":{"allow":["GET"]}}],"collection":[{"href":"https:\/\/cifs.edu.ba\/fr\/wp-json\/wp\/v2\/pages"}],"about":[{"href":"https:\/\/cifs.edu.ba\/fr\/wp-json\/wp\/v2\/types\/page"}],"author":[{"embeddable":true,"href":"https:\/\/cifs.edu.ba\/fr\/wp-json\/wp\/v2\/users\/1"}],"replies":[{"embeddable":true,"href":"https:\/\/cifs.edu.ba\/fr\/wp-json\/wp\/v2\/comments?post=596"}],"version-history":[{"count":11,"href":"https:\/\/cifs.edu.ba\/fr\/wp-json\/wp\/v2\/pages\/596\/revisions"}],"predecessor-version":[{"id":2484,"href":"https:\/\/cifs.edu.ba\/fr\/wp-json\/wp\/v2\/pages\/596\/revisions\/2484"}],"up":[{"embeddable":true,"href":"https:\/\/cifs.edu.ba\/fr\/wp-json\/wp\/v2\/pages\/569"}],"wp:attachment":[{"href":"https:\/\/cifs.edu.ba\/fr\/wp-json\/wp\/v2\/media?parent=596"}],"curies":[{"name":"wp","href":"https:\/\/api.w.org\/{rel}","templated":true}]}}