{"id":591,"date":"2023-11-11T21:58:20","date_gmt":"2023-11-11T21:58:20","guid":{"rendered":"https:\/\/cifs.edu.ba\/school-curriculum\/elementary-school\/"},"modified":"2026-03-10T13:36:30","modified_gmt":"2026-03-10T13:36:30","slug":"elementaire","status":"publish","type":"page","link":"https:\/\/cifs.edu.ba\/fr\/cursus-scolaire\/elementaire\/","title":{"rendered":"\u00c9l\u00e9mentaire"},"content":{"rendered":"<p><div class=\"fusion-fullwidth fullwidth-box fusion-builder-row-1 fusion-flex-container has-pattern-background has-mask-background fusion-parallax-none nonhundred-percent-fullwidth non-hundred-percent-height-scrolling\" style=\"--awb-background-position:left top;--awb-background-repeat:repeat;--awb-background-blend-mode:overlay;--awb-border-radius-top-left:0px;--awb-border-radius-top-right:0px;--awb-border-radius-bottom-right:0px;--awb-border-radius-bottom-left:0px;--awb-margin-top:-50px;--awb-background-image:url(&quot;https:\/\/cifs.edu.ba\/wp-content\/uploads\/2023\/11\/patern-red.png&quot;);--awb-flex-wrap:wrap;\" ><div class=\"fusion-builder-row fusion-row fusion-flex-align-items-flex-start fusion-flex-content-wrap\" style=\"max-width:1248px;margin-left: calc(-4% \/ 2 );margin-right: calc(-4% \/ 2 );\"><div class=\"fusion-layout-column fusion_builder_column fusion-builder-column-0 fusion_builder_column_1_3 1_3 fusion-flex-column\" style=\"--awb-padding-top:40px;--awb-bg-size:cover;--awb-width-large:33.333333333333%;--awb-margin-top-large:0px;--awb-spacing-right-large:5.76%;--awb-margin-bottom-large:20px;--awb-spacing-left-large:5.76%;--awb-width-medium:33.333333333333%;--awb-order-medium:0;--awb-spacing-right-medium:5.76%;--awb-spacing-left-medium:5.76%;--awb-width-small:100%;--awb-order-small:0;--awb-spacing-right-small:1.92%;--awb-spacing-left-small:1.92%;\"><div class=\"fusion-column-wrapper fusion-column-has-shadow fusion-flex-justify-content-flex-start fusion-content-layout-column\"><div class=\"fusion-title title fusion-title-1 fusion-sep-none fusion-title-text fusion-title-size-two\" style=\"--awb-text-color:var(--awb-color1);\"><h2 class=\"fusion-title-heading title-heading-left\" style=\"margin:0;\">\u00c9COLE \u00c9L\u00c8MENTAIRE:<br \/>\nCYCLES 2 ET 3<\/h2><\/div><\/div><\/div><div class=\"fusion-layout-column fusion_builder_column fusion-builder-column-1 fusion_builder_column_2_3 2_3 fusion-flex-column\" style=\"--awb-padding-top:50px;--awb-bg-size:cover;--awb-width-large:66.666666666667%;--awb-margin-top-large:0px;--awb-spacing-right-large:2.88%;--awb-margin-bottom-large:20px;--awb-spacing-left-large:2.88%;--awb-width-medium:66.666666666667%;--awb-order-medium:0;--awb-spacing-right-medium:2.88%;--awb-spacing-left-medium:2.88%;--awb-width-small:100%;--awb-order-small:0;--awb-spacing-right-small:1.92%;--awb-spacing-left-small:1.92%;\"><div class=\"fusion-column-wrapper fusion-column-has-shadow fusion-flex-justify-content-flex-start fusion-content-layout-column\"><div class=\"fusion-text fusion-text-1\" style=\"--awb-text-color:var(--awb-color1);\"><p>L\u2019\u00e9cole \u00e9l\u00e9mentaire accueille les enfants de 6 \u00e0 11 ans.<\/p>\n<p>L\u2019\u00e9cole prend en compte la pluralit\u00e9 et la diversit\u00e9 des aptitudes de chaque \u00e9l\u00e8ve. A c\u00f4t\u00e9 du raisonnement et de la r\u00e9flexion intellectuelle, le sens de l\u2019observation, le go\u00fbt de l\u2019exp\u00e9rimentation, la sensibilit\u00e9, les capacit\u00e9s motrices et l\u2019imagination cr\u00e9atrice sont d\u00e9velopp\u00e9es.<\/p>\n<p>L\u2019enseignement se fait en fran\u00e7ais conform\u00e9ment aux programmes de l\u2019\u00c9ducation Nationale Fran\u00e7aise mais d\u00e8s le cycle primaire l\u2019enseignement des langues vivantes est une priorit\u00e9, afin de donner aux \u00e9l\u00e8ves d\u00e8s leur plus jeune \u00e2ge les clefs de l\u2019environnement international dans lequel ils \u00e9voluent.<\/p>\n<p>Ainsi les \u00e9l\u00e8ves b\u00e9n\u00e9ficient-ils obligatoirement de cours de bsc, d\u00e8s la petite section, assur\u00e9s par un enseignant de langue maternelle bsc. D\u00e8s la moyenne section vient se rajouter l\u2019<strong>Anglais<\/strong>, dont la pratique est ininterrompue jusqu\u2019au fin de la scolarit\u00e9.<\/p>\n<p><strong>Les domaines d\u2019apprentissages s\u2019articulent autour de :<\/strong><\/p>\n<ul>\n<li><strong>Le fran\u00e7ais<\/strong><\/li>\n<li><strong>Les math\u00e9matiques<\/strong><\/li>\n<li><strong>Les langues vivantes<\/strong><\/li>\n<li><strong>L\u2019\u00e9ducation physique et sportive<\/strong><\/li>\n<li><strong>L\u2019enseignement artistique<\/strong><\/li>\n<li><strong>L\u2019enseignement moral et civique<\/strong><\/li>\n<li><strong>Histoire et g\u00e9ographie<\/strong><\/li>\n<li><strong>Sciences<\/strong><\/li>\n<\/ul>\n<blockquote>\n<p>\u00c0 noter la mise en place d\u2019un dispositif FLE-FLSCO\u00a0 (appui linguistique \u00e0 l\u2019enseignement du fran\u00e7ais langue \u00e9trang\u00e8re), destin\u00e9 \u00e0 donner aux \u00e9l\u00e8ves allophones une transition en douceur vers l\u2019immersion francophone, impliquant l\u2019intervention d\u2019un enseignant bilingue, en appui au ma\u00eetre de la classe.<\/p>\n<\/blockquote>\n<\/div><\/div><\/div><\/div><\/div><div class=\"fusion-fullwidth fullwidth-box fusion-builder-row-2 fusion-flex-container has-pattern-background has-mask-background nonhundred-percent-fullwidth non-hundred-percent-height-scrolling\" style=\"--awb-border-radius-top-left:0px;--awb-border-radius-top-right:0px;--awb-border-radius-bottom-right:0px;--awb-border-radius-bottom-left:0px;--awb-margin-top:50px;--awb-flex-wrap:wrap;\" ><div class=\"fusion-builder-row fusion-row fusion-flex-align-items-flex-start fusion-flex-content-wrap\" style=\"max-width:1248px;margin-left: calc(-4% \/ 2 );margin-right: calc(-4% \/ 2 );\"><div class=\"fusion-layout-column fusion_builder_column fusion-builder-column-2 fusion_builder_column_1_2 1_2 fusion-flex-column\" style=\"--awb-bg-size:cover;--awb-width-large:50%;--awb-margin-top-large:0px;--awb-spacing-right-large:3.84%;--awb-margin-bottom-large:20px;--awb-spacing-left-large:3.84%;--awb-width-medium:50%;--awb-order-medium:0;--awb-spacing-right-medium:3.84%;--awb-spacing-left-medium:3.84%;--awb-width-small:100%;--awb-order-small:0;--awb-spacing-right-small:1.92%;--awb-spacing-left-small:1.92%;\"><div class=\"fusion-column-wrapper fusion-column-has-shadow fusion-flex-justify-content-flex-start fusion-content-layout-column\"><div class=\"fusion-text fusion-text-2\"><p><img decoding=\"async\" class=\"alignleft wp-image-2463 size-full\" src=\"https:\/\/cifs.edu.ba\/wp-content\/uploads\/2026\/03\/Elementary-School.jpg\" alt=\"French School CIFS Sarajevo - Elementary school\" width=\"1200\" height=\"800\" srcset=\"https:\/\/cifs.edu.ba\/wp-content\/uploads\/2026\/03\/Elementary-School-200x133.jpg 200w, https:\/\/cifs.edu.ba\/wp-content\/uploads\/2026\/03\/Elementary-School-300x200.jpg 300w, https:\/\/cifs.edu.ba\/wp-content\/uploads\/2026\/03\/Elementary-School-400x267.jpg 400w, https:\/\/cifs.edu.ba\/wp-content\/uploads\/2026\/03\/Elementary-School-600x400.jpg 600w, https:\/\/cifs.edu.ba\/wp-content\/uploads\/2026\/03\/Elementary-School-768x512.jpg 768w, https:\/\/cifs.edu.ba\/wp-content\/uploads\/2026\/03\/Elementary-School-800x533.jpg 800w, https:\/\/cifs.edu.ba\/wp-content\/uploads\/2026\/03\/Elementary-School-1024x683.jpg 1024w, https:\/\/cifs.edu.ba\/wp-content\/uploads\/2026\/03\/Elementary-School.jpg 1200w\" sizes=\"(max-width: 1200px) 100vw, 1200px\" \/><\/p>\n<\/div><\/div><\/div><div class=\"fusion-layout-column fusion_builder_column fusion-builder-column-3 fusion_builder_column_1_2 1_2 fusion-flex-column\" style=\"--awb-bg-size:cover;--awb-width-large:50%;--awb-margin-top-large:0px;--awb-spacing-right-large:3.84%;--awb-margin-bottom-large:20px;--awb-spacing-left-large:3.84%;--awb-width-medium:50%;--awb-order-medium:0;--awb-spacing-right-medium:3.84%;--awb-spacing-left-medium:3.84%;--awb-width-small:100%;--awb-order-small:0;--awb-spacing-right-small:1.92%;--awb-spacing-left-small:1.92%;\"><div class=\"fusion-column-wrapper fusion-column-has-shadow fusion-flex-justify-content-flex-start fusion-content-layout-column\"><div class=\"fusion-text fusion-text-3\"><p><img decoding=\"async\" class=\"alignleft wp-image-2466 size-full\" src=\"https:\/\/cifs.edu.ba\/wp-content\/uploads\/2026\/03\/Elementary-School-3.jpg\" alt=\"French School CIFS Sarajevo - Elementary school 2\" width=\"1200\" height=\"800\" srcset=\"https:\/\/cifs.edu.ba\/wp-content\/uploads\/2026\/03\/Elementary-School-3-200x133.jpg 200w, https:\/\/cifs.edu.ba\/wp-content\/uploads\/2026\/03\/Elementary-School-3-300x200.jpg 300w, https:\/\/cifs.edu.ba\/wp-content\/uploads\/2026\/03\/Elementary-School-3-400x267.jpg 400w, https:\/\/cifs.edu.ba\/wp-content\/uploads\/2026\/03\/Elementary-School-3-600x400.jpg 600w, https:\/\/cifs.edu.ba\/wp-content\/uploads\/2026\/03\/Elementary-School-3-768x512.jpg 768w, https:\/\/cifs.edu.ba\/wp-content\/uploads\/2026\/03\/Elementary-School-3-800x533.jpg 800w, https:\/\/cifs.edu.ba\/wp-content\/uploads\/2026\/03\/Elementary-School-3-1024x683.jpg 1024w, https:\/\/cifs.edu.ba\/wp-content\/uploads\/2026\/03\/Elementary-School-3.jpg 1200w\" sizes=\"(max-width: 1200px) 100vw, 1200px\" \/><\/p>\n<\/div><\/div><\/div><\/div><\/div><\/p>\n","protected":false},"excerpt":{"rendered":"","protected":false},"author":1,"featured_media":0,"parent":569,"menu_order":0,"comment_status":"closed","ping_status":"closed","template":"100-width.php","meta":{"footnotes":""},"class_list":["post-591","page","type-page","status-publish","hentry"],"yoast_head":"<!-- This site is optimized with the Yoast SEO plugin v27.1.1 - https:\/\/yoast.com\/product\/yoast-seo-wordpress\/ -->\n<title>Ecole \u00c9l\u00e9mentaire | Ecole Fran\u00e7aise Internationale \u00e0 Sarajevo<\/title>\n<meta name=\"description\" content=\"L\u2019\u00e9cole \u00e9l\u00e9mentaire accueille les enfants de 6 \u00e0 11 ans.L\u2019\u00e9cole prend en compte la pluralit\u00e9 et la diversit\u00e9 des aptitudes de chaque \u00e9l\u00e8ve.\" \/>\n<meta name=\"robots\" content=\"index, follow, max-snippet:-1, max-image-preview:large, max-video-preview:-1\" \/>\n<link rel=\"canonical\" href=\"https:\/\/cifs.edu.ba\/fr\/cursus-scolaire\/elementaire\/\" \/>\n<meta property=\"og:locale\" content=\"fr_FR\" \/>\n<meta property=\"og:type\" content=\"article\" \/>\n<meta property=\"og:title\" content=\"Ecole \u00c9l\u00e9mentaire | Ecole Fran\u00e7aise Internationale \u00e0 Sarajevo\" \/>\n<meta property=\"og:description\" content=\"L\u2019\u00e9cole \u00e9l\u00e9mentaire accueille les enfants de 6 \u00e0 11 ans.L\u2019\u00e9cole prend en compte la pluralit\u00e9 et la diversit\u00e9 des aptitudes de chaque \u00e9l\u00e8ve.\" \/>\n<meta property=\"og:url\" content=\"https:\/\/cifs.edu.ba\/fr\/cursus-scolaire\/elementaire\/\" \/>\n<meta property=\"og:site_name\" content=\"CIFS\" \/>\n<meta property=\"article:publisher\" content=\"https:\/\/www.facebook.com\/CIFSarajevo\/\" \/>\n<meta property=\"article:modified_time\" content=\"2026-03-10T13:36:30+00:00\" \/>\n<meta property=\"og:image\" content=\"https:\/\/cifs.edu.ba\/wp-content\/uploads\/2026\/03\/Elementary-School.jpg\" \/>\n\t<meta property=\"og:image:width\" content=\"1200\" \/>\n\t<meta property=\"og:image:height\" content=\"800\" \/>\n\t<meta property=\"og:image:type\" content=\"image\/jpeg\" \/>\n<meta name=\"twitter:card\" content=\"summary_large_image\" \/>\n<meta name=\"twitter:label1\" content=\"Dur\u00e9e de lecture estim\u00e9e\" \/>\n\t<meta name=\"twitter:data1\" content=\"2 minutes\" \/>\n<script type=\"application\/ld+json\" class=\"yoast-schema-graph\">{\"@context\":\"https:\/\/schema.org\",\"@graph\":[{\"@type\":\"WebPage\",\"@id\":\"https:\/\/cifs.edu.ba\/fr\/cursus-scolaire\/elementaire\/\",\"url\":\"https:\/\/cifs.edu.ba\/fr\/cursus-scolaire\/elementaire\/\",\"name\":\"Ecole \u00c9l\u00e9mentaire | Ecole Fran\u00e7aise Internationale \u00e0 Sarajevo\",\"isPartOf\":{\"@id\":\"https:\/\/cifs.edu.ba\/#website\"},\"primaryImageOfPage\":{\"@id\":\"https:\/\/cifs.edu.ba\/fr\/cursus-scolaire\/elementaire\/#primaryimage\"},\"image\":{\"@id\":\"https:\/\/cifs.edu.ba\/fr\/cursus-scolaire\/elementaire\/#primaryimage\"},\"thumbnailUrl\":\"https:\/\/cifs.edu.ba\/wp-content\/uploads\/2026\/03\/Elementary-School.jpg\",\"datePublished\":\"2023-11-11T21:58:20+00:00\",\"dateModified\":\"2026-03-10T13:36:30+00:00\",\"description\":\"L\u2019\u00e9cole \u00e9l\u00e9mentaire accueille les enfants de 6 \u00e0 11 ans.L\u2019\u00e9cole prend en compte la pluralit\u00e9 et la diversit\u00e9 des aptitudes de chaque \u00e9l\u00e8ve.\",\"breadcrumb\":{\"@id\":\"https:\/\/cifs.edu.ba\/fr\/cursus-scolaire\/elementaire\/#breadcrumb\"},\"inLanguage\":\"fr-FR\",\"potentialAction\":[{\"@type\":\"ReadAction\",\"target\":[\"https:\/\/cifs.edu.ba\/fr\/cursus-scolaire\/elementaire\/\"]}]},{\"@type\":\"ImageObject\",\"inLanguage\":\"fr-FR\",\"@id\":\"https:\/\/cifs.edu.ba\/fr\/cursus-scolaire\/elementaire\/#primaryimage\",\"url\":\"https:\/\/cifs.edu.ba\/wp-content\/uploads\/2026\/03\/Elementary-School.jpg\",\"contentUrl\":\"https:\/\/cifs.edu.ba\/wp-content\/uploads\/2026\/03\/Elementary-School.jpg\"},{\"@type\":\"BreadcrumbList\",\"@id\":\"https:\/\/cifs.edu.ba\/fr\/cursus-scolaire\/elementaire\/#breadcrumb\",\"itemListElement\":[{\"@type\":\"ListItem\",\"position\":1,\"name\":\"Home\",\"item\":\"https:\/\/cifs.edu.ba\/fr\/\"},{\"@type\":\"ListItem\",\"position\":2,\"name\":\"Cursus scolaire\",\"item\":\"https:\/\/cifs.edu.ba\/fr\/cursus-scolaire\/\"},{\"@type\":\"ListItem\",\"position\":3,\"name\":\"\u00c9l\u00e9mentaire\"}]},{\"@type\":\"WebSite\",\"@id\":\"https:\/\/cifs.edu.ba\/#website\",\"url\":\"https:\/\/cifs.edu.ba\/\",\"name\":\"International School in Sarajevo!\",\"description\":\"\",\"potentialAction\":[{\"@type\":\"SearchAction\",\"target\":{\"@type\":\"EntryPoint\",\"urlTemplate\":\"https:\/\/cifs.edu.ba\/?s={search_term_string}\"},\"query-input\":{\"@type\":\"PropertyValueSpecification\",\"valueRequired\":true,\"valueName\":\"search_term_string\"}}],\"inLanguage\":\"fr-FR\"}]}<\/script>\n<!-- \/ Yoast SEO plugin. -->","yoast_head_json":{"title":"Ecole \u00c9l\u00e9mentaire | Ecole Fran\u00e7aise Internationale \u00e0 Sarajevo","description":"L\u2019\u00e9cole \u00e9l\u00e9mentaire accueille les enfants de 6 \u00e0 11 ans.L\u2019\u00e9cole prend en compte la pluralit\u00e9 et la diversit\u00e9 des aptitudes de chaque \u00e9l\u00e8ve.","robots":{"index":"index","follow":"follow","max-snippet":"max-snippet:-1","max-image-preview":"max-image-preview:large","max-video-preview":"max-video-preview:-1"},"canonical":"https:\/\/cifs.edu.ba\/fr\/cursus-scolaire\/elementaire\/","og_locale":"fr_FR","og_type":"article","og_title":"Ecole \u00c9l\u00e9mentaire | Ecole Fran\u00e7aise Internationale \u00e0 Sarajevo","og_description":"L\u2019\u00e9cole \u00e9l\u00e9mentaire accueille les enfants de 6 \u00e0 11 ans.L\u2019\u00e9cole prend en compte la pluralit\u00e9 et la diversit\u00e9 des aptitudes de chaque \u00e9l\u00e8ve.","og_url":"https:\/\/cifs.edu.ba\/fr\/cursus-scolaire\/elementaire\/","og_site_name":"CIFS","article_publisher":"https:\/\/www.facebook.com\/CIFSarajevo\/","article_modified_time":"2026-03-10T13:36:30+00:00","og_image":[{"width":1200,"height":800,"url":"https:\/\/cifs.edu.ba\/wp-content\/uploads\/2026\/03\/Elementary-School.jpg","type":"image\/jpeg"}],"twitter_card":"summary_large_image","twitter_misc":{"Dur\u00e9e de lecture estim\u00e9e":"2 minutes"},"schema":{"@context":"https:\/\/schema.org","@graph":[{"@type":"WebPage","@id":"https:\/\/cifs.edu.ba\/fr\/cursus-scolaire\/elementaire\/","url":"https:\/\/cifs.edu.ba\/fr\/cursus-scolaire\/elementaire\/","name":"Ecole \u00c9l\u00e9mentaire | Ecole Fran\u00e7aise Internationale \u00e0 Sarajevo","isPartOf":{"@id":"https:\/\/cifs.edu.ba\/#website"},"primaryImageOfPage":{"@id":"https:\/\/cifs.edu.ba\/fr\/cursus-scolaire\/elementaire\/#primaryimage"},"image":{"@id":"https:\/\/cifs.edu.ba\/fr\/cursus-scolaire\/elementaire\/#primaryimage"},"thumbnailUrl":"https:\/\/cifs.edu.ba\/wp-content\/uploads\/2026\/03\/Elementary-School.jpg","datePublished":"2023-11-11T21:58:20+00:00","dateModified":"2026-03-10T13:36:30+00:00","description":"L\u2019\u00e9cole \u00e9l\u00e9mentaire accueille les enfants de 6 \u00e0 11 ans.L\u2019\u00e9cole prend en compte la pluralit\u00e9 et la diversit\u00e9 des aptitudes de chaque \u00e9l\u00e8ve.","breadcrumb":{"@id":"https:\/\/cifs.edu.ba\/fr\/cursus-scolaire\/elementaire\/#breadcrumb"},"inLanguage":"fr-FR","potentialAction":[{"@type":"ReadAction","target":["https:\/\/cifs.edu.ba\/fr\/cursus-scolaire\/elementaire\/"]}]},{"@type":"ImageObject","inLanguage":"fr-FR","@id":"https:\/\/cifs.edu.ba\/fr\/cursus-scolaire\/elementaire\/#primaryimage","url":"https:\/\/cifs.edu.ba\/wp-content\/uploads\/2026\/03\/Elementary-School.jpg","contentUrl":"https:\/\/cifs.edu.ba\/wp-content\/uploads\/2026\/03\/Elementary-School.jpg"},{"@type":"BreadcrumbList","@id":"https:\/\/cifs.edu.ba\/fr\/cursus-scolaire\/elementaire\/#breadcrumb","itemListElement":[{"@type":"ListItem","position":1,"name":"Home","item":"https:\/\/cifs.edu.ba\/fr\/"},{"@type":"ListItem","position":2,"name":"Cursus scolaire","item":"https:\/\/cifs.edu.ba\/fr\/cursus-scolaire\/"},{"@type":"ListItem","position":3,"name":"\u00c9l\u00e9mentaire"}]},{"@type":"WebSite","@id":"https:\/\/cifs.edu.ba\/#website","url":"https:\/\/cifs.edu.ba\/","name":"International School in Sarajevo!","description":"","potentialAction":[{"@type":"SearchAction","target":{"@type":"EntryPoint","urlTemplate":"https:\/\/cifs.edu.ba\/?s={search_term_string}"},"query-input":{"@type":"PropertyValueSpecification","valueRequired":true,"valueName":"search_term_string"}}],"inLanguage":"fr-FR"}]}},"_links":{"self":[{"href":"https:\/\/cifs.edu.ba\/fr\/wp-json\/wp\/v2\/pages\/591","targetHints":{"allow":["GET"]}}],"collection":[{"href":"https:\/\/cifs.edu.ba\/fr\/wp-json\/wp\/v2\/pages"}],"about":[{"href":"https:\/\/cifs.edu.ba\/fr\/wp-json\/wp\/v2\/types\/page"}],"author":[{"embeddable":true,"href":"https:\/\/cifs.edu.ba\/fr\/wp-json\/wp\/v2\/users\/1"}],"replies":[{"embeddable":true,"href":"https:\/\/cifs.edu.ba\/fr\/wp-json\/wp\/v2\/comments?post=591"}],"version-history":[{"count":6,"href":"https:\/\/cifs.edu.ba\/fr\/wp-json\/wp\/v2\/pages\/591\/revisions"}],"predecessor-version":[{"id":2469,"href":"https:\/\/cifs.edu.ba\/fr\/wp-json\/wp\/v2\/pages\/591\/revisions\/2469"}],"up":[{"embeddable":true,"href":"https:\/\/cifs.edu.ba\/fr\/wp-json\/wp\/v2\/pages\/569"}],"wp:attachment":[{"href":"https:\/\/cifs.edu.ba\/fr\/wp-json\/wp\/v2\/media?parent=591"}],"curies":[{"name":"wp","href":"https:\/\/api.w.org\/{rel}","templated":true}]}}