{"id":586,"date":"2023-11-11T22:15:22","date_gmt":"2023-11-11T22:15:22","guid":{"rendered":"https:\/\/cifs.edu.ba\/school-curriculum\/pedagogical-model\/pedagogical-approach\/"},"modified":"2026-03-10T13:06:26","modified_gmt":"2026-03-10T13:06:26","slug":"approche-pedagogique","status":"publish","type":"page","link":"https:\/\/cifs.edu.ba\/fr\/cursus-scolaire\/modele-pedagogique\/approche-pedagogique\/","title":{"rendered":"Approche p\u00e9dagogique"},"content":{"rendered":"<div class=\"fusion-fullwidth fullwidth-box fusion-builder-row-1 fusion-flex-container has-pattern-background has-mask-background nonhundred-percent-fullwidth non-hundred-percent-height-scrolling\" style=\"--awb-background-position:left top;--awb-background-repeat:repeat;--awb-background-blend-mode:overlay;--awb-border-radius-top-left:0px;--awb-border-radius-top-right:0px;--awb-border-radius-bottom-right:0px;--awb-border-radius-bottom-left:0px;--awb-margin-top:-50px;--awb-margin-bottom:-50px;--awb-background-color:#e9fcfe;--awb-flex-wrap:wrap;\" ><div class=\"fusion-builder-row fusion-row fusion-flex-align-items-flex-start fusion-flex-content-wrap\" style=\"max-width:1248px;margin-left: calc(-4% \/ 2 );margin-right: calc(-4% \/ 2 );\"><div class=\"fusion-layout-column fusion_builder_column fusion-builder-column-0 fusion_builder_column_1_2 1_2 fusion-flex-column\" style=\"--awb-padding-top:40px;--awb-bg-size:cover;--awb-width-large:50%;--awb-margin-top-large:0px;--awb-spacing-right-large:3.84%;--awb-margin-bottom-large:20px;--awb-spacing-left-large:3.84%;--awb-width-medium:50%;--awb-order-medium:0;--awb-spacing-right-medium:3.84%;--awb-spacing-left-medium:3.84%;--awb-width-small:100%;--awb-order-small:0;--awb-spacing-right-small:1.92%;--awb-spacing-left-small:1.92%;\"><div class=\"fusion-column-wrapper fusion-column-has-shadow fusion-flex-justify-content-flex-start fusion-content-layout-column\"><div class=\"fusion-text fusion-text-1\"><p><img decoding=\"async\" class=\"alignleft wp-image-2490 size-full\" src=\"https:\/\/cifs.edu.ba\/wp-content\/uploads\/2026\/03\/Pedagogical-approach.jpg\" alt=\"\" width=\"1200\" height=\"900\" srcset=\"https:\/\/cifs.edu.ba\/wp-content\/uploads\/2026\/03\/Pedagogical-approach-200x150.jpg 200w, https:\/\/cifs.edu.ba\/wp-content\/uploads\/2026\/03\/Pedagogical-approach-300x225.jpg 300w, https:\/\/cifs.edu.ba\/wp-content\/uploads\/2026\/03\/Pedagogical-approach-400x300.jpg 400w, https:\/\/cifs.edu.ba\/wp-content\/uploads\/2026\/03\/Pedagogical-approach-600x450.jpg 600w, https:\/\/cifs.edu.ba\/wp-content\/uploads\/2026\/03\/Pedagogical-approach-768x576.jpg 768w, https:\/\/cifs.edu.ba\/wp-content\/uploads\/2026\/03\/Pedagogical-approach-800x600.jpg 800w, https:\/\/cifs.edu.ba\/wp-content\/uploads\/2026\/03\/Pedagogical-approach-1024x768.jpg 1024w, https:\/\/cifs.edu.ba\/wp-content\/uploads\/2026\/03\/Pedagogical-approach.jpg 1200w\" sizes=\"(max-width: 1200px) 100vw, 1200px\" \/><\/p>\n<\/div><\/div><\/div><div class=\"fusion-layout-column fusion_builder_column fusion-builder-column-1 fusion_builder_column_1_2 1_2 fusion-flex-column\" style=\"--awb-padding-top:50px;--awb-bg-size:cover;--awb-width-large:50%;--awb-margin-top-large:0px;--awb-spacing-right-large:3.84%;--awb-margin-bottom-large:20px;--awb-spacing-left-large:3.84%;--awb-width-medium:50%;--awb-order-medium:0;--awb-spacing-right-medium:3.84%;--awb-spacing-left-medium:3.84%;--awb-width-small:100%;--awb-order-small:0;--awb-spacing-right-small:1.92%;--awb-spacing-left-small:1.92%;\"><div class=\"fusion-column-wrapper fusion-column-has-shadow fusion-flex-justify-content-flex-start fusion-content-layout-column\"><div class=\"fusion-text fusion-text-2\" style=\"--awb-text-color:var(--awb-color7);\"><p>Le CIFS offre \u00e0 ses \u00e9l\u00e8ves une \u00e9ducation alliant le \u00ab meilleur des deux mondes \u00bb, c\u2019est-\u00e0-dire une scolarit\u00e9 conjuguant l\u2019excellence de l\u2019enseignement \u00e0 la fran\u00e7aise et les forces de l\u2019\u00e9ducation internationale. Nos enseignants mobilisent des m\u00e9thodes dont le fil rouge est la personnalisation et la p\u00e9dagogie active.<\/p>\n<\/div><\/div><\/div><\/div><\/div>\n","protected":false},"excerpt":{"rendered":"","protected":false},"author":1,"featured_media":0,"parent":564,"menu_order":0,"comment_status":"closed","ping_status":"closed","template":"100-width.php","meta":{"footnotes":""},"class_list":["post-586","page","type-page","status-publish","hentry"],"yoast_head":"<!-- This site is optimized with the Yoast SEO plugin v27.1.1 - https:\/\/yoast.com\/product\/yoast-seo-wordpress\/ -->\n<title>Approche P\u00e9dagogique | Ecole Fran\u00e7aise Internationale \u00e0 Sarajevo<\/title>\n<meta name=\"description\" content=\"Nos enseignants mobilisent des m\u00e9thodes dont le fil rouge est la personnalisation et la p\u00e9dagogie active. Commencez votre avenir!\" \/>\n<meta name=\"robots\" content=\"index, follow, max-snippet:-1, max-image-preview:large, max-video-preview:-1\" \/>\n<link rel=\"canonical\" href=\"https:\/\/cifs.edu.ba\/fr\/cursus-scolaire\/modele-pedagogique\/approche-pedagogique\/\" \/>\n<meta property=\"og:locale\" content=\"fr_FR\" \/>\n<meta property=\"og:type\" content=\"article\" \/>\n<meta property=\"og:title\" content=\"Approche P\u00e9dagogique | Ecole Fran\u00e7aise Internationale \u00e0 Sarajevo\" \/>\n<meta property=\"og:description\" content=\"Nos enseignants mobilisent des m\u00e9thodes dont le fil rouge est la personnalisation et la p\u00e9dagogie active. Commencez votre avenir!\" \/>\n<meta property=\"og:url\" content=\"https:\/\/cifs.edu.ba\/fr\/cursus-scolaire\/modele-pedagogique\/approche-pedagogique\/\" \/>\n<meta property=\"og:site_name\" content=\"CIFS\" \/>\n<meta property=\"article:publisher\" content=\"https:\/\/www.facebook.com\/CIFSarajevo\/\" \/>\n<meta property=\"article:modified_time\" content=\"2026-03-10T13:06:26+00:00\" \/>\n<meta property=\"og:image\" content=\"https:\/\/cifs.edu.ba\/wp-content\/uploads\/2026\/03\/Pedagogical-approach.jpg\" \/>\n\t<meta property=\"og:image:width\" content=\"1200\" \/>\n\t<meta property=\"og:image:height\" content=\"900\" \/>\n\t<meta property=\"og:image:type\" content=\"image\/jpeg\" \/>\n<meta name=\"twitter:card\" content=\"summary_large_image\" \/>\n<meta name=\"twitter:label1\" content=\"Dur\u00e9e de lecture estim\u00e9e\" \/>\n\t<meta name=\"twitter:data1\" content=\"1 minute\" \/>\n<script type=\"application\/ld+json\" class=\"yoast-schema-graph\">{\"@context\":\"https:\/\/schema.org\",\"@graph\":[{\"@type\":\"WebPage\",\"@id\":\"https:\/\/cifs.edu.ba\/fr\/cursus-scolaire\/modele-pedagogique\/approche-pedagogique\/\",\"url\":\"https:\/\/cifs.edu.ba\/fr\/cursus-scolaire\/modele-pedagogique\/approche-pedagogique\/\",\"name\":\"Approche P\u00e9dagogique | Ecole Fran\u00e7aise Internationale \u00e0 Sarajevo\",\"isPartOf\":{\"@id\":\"https:\/\/cifs.edu.ba\/#website\"},\"primaryImageOfPage\":{\"@id\":\"https:\/\/cifs.edu.ba\/fr\/cursus-scolaire\/modele-pedagogique\/approche-pedagogique\/#primaryimage\"},\"image\":{\"@id\":\"https:\/\/cifs.edu.ba\/fr\/cursus-scolaire\/modele-pedagogique\/approche-pedagogique\/#primaryimage\"},\"thumbnailUrl\":\"https:\/\/cifs.edu.ba\/wp-content\/uploads\/2026\/03\/Pedagogical-approach.jpg\",\"datePublished\":\"2023-11-11T22:15:22+00:00\",\"dateModified\":\"2026-03-10T13:06:26+00:00\",\"description\":\"Nos enseignants mobilisent des m\u00e9thodes dont le fil rouge est la personnalisation et la p\u00e9dagogie active. Commencez votre avenir!\",\"breadcrumb\":{\"@id\":\"https:\/\/cifs.edu.ba\/fr\/cursus-scolaire\/modele-pedagogique\/approche-pedagogique\/#breadcrumb\"},\"inLanguage\":\"fr-FR\",\"potentialAction\":[{\"@type\":\"ReadAction\",\"target\":[\"https:\/\/cifs.edu.ba\/fr\/cursus-scolaire\/modele-pedagogique\/approche-pedagogique\/\"]}]},{\"@type\":\"ImageObject\",\"inLanguage\":\"fr-FR\",\"@id\":\"https:\/\/cifs.edu.ba\/fr\/cursus-scolaire\/modele-pedagogique\/approche-pedagogique\/#primaryimage\",\"url\":\"https:\/\/cifs.edu.ba\/wp-content\/uploads\/2026\/03\/Pedagogical-approach.jpg\",\"contentUrl\":\"https:\/\/cifs.edu.ba\/wp-content\/uploads\/2026\/03\/Pedagogical-approach.jpg\"},{\"@type\":\"BreadcrumbList\",\"@id\":\"https:\/\/cifs.edu.ba\/fr\/cursus-scolaire\/modele-pedagogique\/approche-pedagogique\/#breadcrumb\",\"itemListElement\":[{\"@type\":\"ListItem\",\"position\":1,\"name\":\"Home\",\"item\":\"https:\/\/cifs.edu.ba\/fr\/\"},{\"@type\":\"ListItem\",\"position\":2,\"name\":\"Cursus scolaire\",\"item\":\"https:\/\/cifs.edu.ba\/fr\/cursus-scolaire\/\"},{\"@type\":\"ListItem\",\"position\":3,\"name\":\"Mod\u00e8le p\u00e9dagogique\",\"item\":\"https:\/\/cifs.edu.ba\/fr\/cursus-scolaire\/modele-pedagogique\/\"},{\"@type\":\"ListItem\",\"position\":4,\"name\":\"Approche p\u00e9dagogique\"}]},{\"@type\":\"WebSite\",\"@id\":\"https:\/\/cifs.edu.ba\/#website\",\"url\":\"https:\/\/cifs.edu.ba\/\",\"name\":\"International School in Sarajevo!\",\"description\":\"\",\"potentialAction\":[{\"@type\":\"SearchAction\",\"target\":{\"@type\":\"EntryPoint\",\"urlTemplate\":\"https:\/\/cifs.edu.ba\/?s={search_term_string}\"},\"query-input\":{\"@type\":\"PropertyValueSpecification\",\"valueRequired\":true,\"valueName\":\"search_term_string\"}}],\"inLanguage\":\"fr-FR\"}]}<\/script>\n<!-- \/ Yoast SEO plugin. -->","yoast_head_json":{"title":"Approche P\u00e9dagogique | Ecole Fran\u00e7aise Internationale \u00e0 Sarajevo","description":"Nos enseignants mobilisent des m\u00e9thodes dont le fil rouge est la personnalisation et la p\u00e9dagogie active. Commencez votre avenir!","robots":{"index":"index","follow":"follow","max-snippet":"max-snippet:-1","max-image-preview":"max-image-preview:large","max-video-preview":"max-video-preview:-1"},"canonical":"https:\/\/cifs.edu.ba\/fr\/cursus-scolaire\/modele-pedagogique\/approche-pedagogique\/","og_locale":"fr_FR","og_type":"article","og_title":"Approche P\u00e9dagogique | Ecole Fran\u00e7aise Internationale \u00e0 Sarajevo","og_description":"Nos enseignants mobilisent des m\u00e9thodes dont le fil rouge est la personnalisation et la p\u00e9dagogie active. Commencez votre avenir!","og_url":"https:\/\/cifs.edu.ba\/fr\/cursus-scolaire\/modele-pedagogique\/approche-pedagogique\/","og_site_name":"CIFS","article_publisher":"https:\/\/www.facebook.com\/CIFSarajevo\/","article_modified_time":"2026-03-10T13:06:26+00:00","og_image":[{"width":1200,"height":900,"url":"https:\/\/cifs.edu.ba\/wp-content\/uploads\/2026\/03\/Pedagogical-approach.jpg","type":"image\/jpeg"}],"twitter_card":"summary_large_image","twitter_misc":{"Dur\u00e9e de lecture estim\u00e9e":"1 minute"},"schema":{"@context":"https:\/\/schema.org","@graph":[{"@type":"WebPage","@id":"https:\/\/cifs.edu.ba\/fr\/cursus-scolaire\/modele-pedagogique\/approche-pedagogique\/","url":"https:\/\/cifs.edu.ba\/fr\/cursus-scolaire\/modele-pedagogique\/approche-pedagogique\/","name":"Approche P\u00e9dagogique | Ecole Fran\u00e7aise Internationale \u00e0 Sarajevo","isPartOf":{"@id":"https:\/\/cifs.edu.ba\/#website"},"primaryImageOfPage":{"@id":"https:\/\/cifs.edu.ba\/fr\/cursus-scolaire\/modele-pedagogique\/approche-pedagogique\/#primaryimage"},"image":{"@id":"https:\/\/cifs.edu.ba\/fr\/cursus-scolaire\/modele-pedagogique\/approche-pedagogique\/#primaryimage"},"thumbnailUrl":"https:\/\/cifs.edu.ba\/wp-content\/uploads\/2026\/03\/Pedagogical-approach.jpg","datePublished":"2023-11-11T22:15:22+00:00","dateModified":"2026-03-10T13:06:26+00:00","description":"Nos enseignants mobilisent des m\u00e9thodes dont le fil rouge est la personnalisation et la p\u00e9dagogie active. Commencez votre avenir!","breadcrumb":{"@id":"https:\/\/cifs.edu.ba\/fr\/cursus-scolaire\/modele-pedagogique\/approche-pedagogique\/#breadcrumb"},"inLanguage":"fr-FR","potentialAction":[{"@type":"ReadAction","target":["https:\/\/cifs.edu.ba\/fr\/cursus-scolaire\/modele-pedagogique\/approche-pedagogique\/"]}]},{"@type":"ImageObject","inLanguage":"fr-FR","@id":"https:\/\/cifs.edu.ba\/fr\/cursus-scolaire\/modele-pedagogique\/approche-pedagogique\/#primaryimage","url":"https:\/\/cifs.edu.ba\/wp-content\/uploads\/2026\/03\/Pedagogical-approach.jpg","contentUrl":"https:\/\/cifs.edu.ba\/wp-content\/uploads\/2026\/03\/Pedagogical-approach.jpg"},{"@type":"BreadcrumbList","@id":"https:\/\/cifs.edu.ba\/fr\/cursus-scolaire\/modele-pedagogique\/approche-pedagogique\/#breadcrumb","itemListElement":[{"@type":"ListItem","position":1,"name":"Home","item":"https:\/\/cifs.edu.ba\/fr\/"},{"@type":"ListItem","position":2,"name":"Cursus scolaire","item":"https:\/\/cifs.edu.ba\/fr\/cursus-scolaire\/"},{"@type":"ListItem","position":3,"name":"Mod\u00e8le p\u00e9dagogique","item":"https:\/\/cifs.edu.ba\/fr\/cursus-scolaire\/modele-pedagogique\/"},{"@type":"ListItem","position":4,"name":"Approche p\u00e9dagogique"}]},{"@type":"WebSite","@id":"https:\/\/cifs.edu.ba\/#website","url":"https:\/\/cifs.edu.ba\/","name":"International School in Sarajevo!","description":"","potentialAction":[{"@type":"SearchAction","target":{"@type":"EntryPoint","urlTemplate":"https:\/\/cifs.edu.ba\/?s={search_term_string}"},"query-input":{"@type":"PropertyValueSpecification","valueRequired":true,"valueName":"search_term_string"}}],"inLanguage":"fr-FR"}]}},"_links":{"self":[{"href":"https:\/\/cifs.edu.ba\/fr\/wp-json\/wp\/v2\/pages\/586","targetHints":{"allow":["GET"]}}],"collection":[{"href":"https:\/\/cifs.edu.ba\/fr\/wp-json\/wp\/v2\/pages"}],"about":[{"href":"https:\/\/cifs.edu.ba\/fr\/wp-json\/wp\/v2\/types\/page"}],"author":[{"embeddable":true,"href":"https:\/\/cifs.edu.ba\/fr\/wp-json\/wp\/v2\/users\/1"}],"replies":[{"embeddable":true,"href":"https:\/\/cifs.edu.ba\/fr\/wp-json\/wp\/v2\/comments?post=586"}],"version-history":[{"count":3,"href":"https:\/\/cifs.edu.ba\/fr\/wp-json\/wp\/v2\/pages\/586\/revisions"}],"predecessor-version":[{"id":2504,"href":"https:\/\/cifs.edu.ba\/fr\/wp-json\/wp\/v2\/pages\/586\/revisions\/2504"}],"up":[{"embeddable":true,"href":"https:\/\/cifs.edu.ba\/fr\/wp-json\/wp\/v2\/pages\/564"}],"wp:attachment":[{"href":"https:\/\/cifs.edu.ba\/fr\/wp-json\/wp\/v2\/media?parent=586"}],"curies":[{"name":"wp","href":"https:\/\/api.w.org\/{rel}","templated":true}]}}