{"id":564,"date":"2023-11-11T22:25:28","date_gmt":"2023-11-11T22:25:28","guid":{"rendered":"https:\/\/cifs.edu.ba\/pedagogical-model\/"},"modified":"2026-03-10T12:59:20","modified_gmt":"2026-03-10T12:59:20","slug":"modele-pedagogique","status":"publish","type":"page","link":"https:\/\/cifs.edu.ba\/fr\/cursus-scolaire\/modele-pedagogique\/","title":{"rendered":"Mod\u00e8le p\u00e9dagogique"},"content":{"rendered":"<p><div class=\"fusion-fullwidth fullwidth-box fusion-builder-row-1 fusion-flex-container has-pattern-background has-mask-background fusion-parallax-none nonhundred-percent-fullwidth non-hundred-percent-height-scrolling\" style=\"--awb-background-position:left top;--awb-background-repeat:repeat;--awb-background-blend-mode:overlay;--awb-border-radius-top-left:0px;--awb-border-radius-top-right:0px;--awb-border-radius-bottom-right:0px;--awb-border-radius-bottom-left:0px;--awb-margin-top:-50px;--awb-margin-bottom:-50px;--awb-background-image:url(&quot;https:\/\/cifs.edu.ba\/wp-content\/uploads\/2023\/11\/patern-red.png&quot;);--awb-flex-wrap:wrap;\" ><div class=\"fusion-builder-row fusion-row fusion-flex-align-items-flex-start fusion-flex-content-wrap\" style=\"max-width:1248px;margin-left: calc(-4% \/ 2 );margin-right: calc(-4% \/ 2 );\"><div class=\"fusion-layout-column fusion_builder_column fusion-builder-column-0 fusion_builder_column_1_3 1_3 fusion-flex-column\" style=\"--awb-padding-top:40px;--awb-bg-size:cover;--awb-width-large:33.333333333333%;--awb-margin-top-large:0px;--awb-spacing-right-large:5.76%;--awb-margin-bottom-large:20px;--awb-spacing-left-large:5.76%;--awb-width-medium:33.333333333333%;--awb-order-medium:0;--awb-spacing-right-medium:5.76%;--awb-spacing-left-medium:5.76%;--awb-width-small:100%;--awb-order-small:0;--awb-spacing-right-small:1.92%;--awb-spacing-left-small:1.92%;\"><div class=\"fusion-column-wrapper fusion-column-has-shadow fusion-flex-justify-content-flex-start fusion-content-layout-column\"><div class=\"fusion-title title fusion-title-1 fusion-sep-none fusion-title-text fusion-title-size-two\" style=\"--awb-text-color:var(--awb-color1);\"><h2 class=\"fusion-title-heading title-heading-left\" style=\"margin:0;\">MOD\u00c8LE<br \/>\nP\u00c9DAGOGIQUE<\/h2><\/div><\/div><\/div><div class=\"fusion-layout-column fusion_builder_column fusion-builder-column-1 fusion_builder_column_2_3 2_3 fusion-flex-column\" style=\"--awb-padding-top:50px;--awb-bg-size:cover;--awb-width-large:66.666666666667%;--awb-margin-top-large:0px;--awb-spacing-right-large:2.88%;--awb-margin-bottom-large:20px;--awb-spacing-left-large:2.88%;--awb-width-medium:66.666666666667%;--awb-order-medium:0;--awb-spacing-right-medium:2.88%;--awb-spacing-left-medium:2.88%;--awb-width-small:100%;--awb-order-small:0;--awb-spacing-right-small:1.92%;--awb-spacing-left-small:1.92%;\"><div class=\"fusion-column-wrapper fusion-column-has-shadow fusion-flex-justify-content-flex-start fusion-content-layout-column\"><div class=\"fusion-text fusion-text-1\" style=\"--awb-text-color:var(--awb-color1);\"><p>Notre \u00e9tablissement dispense un enseignement absolument similaire \u00e0 celui d\u2019une \u00e9cole en France, assur\u00e9 en partie par des professeurs titulaires du Minist\u00e8re fran\u00e7ais de l\u2019\u00c9ducation Nationale et des professeurs locaux titulaire du Minist\u00e8re de l\u2019\u00e9ducation locale.<\/p>\n<p>L\u2019\u00e9cole est ouverte aux \u00e9l\u00e8ves de toutes nationalit\u00e9s, que leur langue maternelle soit le fran\u00e7ais ou pas. Cet environnement tr\u00e8s international ouvre les \u00e9l\u00e8ves au monde et \u00e0 sa diversit\u00e9.<\/p>\n<\/div><\/div><\/div><\/div><\/div><div class=\"fusion-fullwidth fullwidth-box fusion-builder-row-2 fusion-flex-container has-pattern-background has-mask-background nonhundred-percent-fullwidth non-hundred-percent-height-scrolling\" style=\"--awb-background-position:left top;--awb-background-repeat:repeat;--awb-background-blend-mode:overlay;--awb-border-radius-top-left:0px;--awb-border-radius-top-right:0px;--awb-border-radius-bottom-right:0px;--awb-border-radius-bottom-left:0px;--awb-margin-top:50px;--awb-margin-bottom:-50px;--awb-flex-wrap:wrap;\" ><div class=\"fusion-builder-row fusion-row fusion-flex-align-items-flex-start fusion-flex-content-wrap\" style=\"max-width:1248px;margin-left: calc(-4% \/ 2 );margin-right: calc(-4% \/ 2 );\"><div class=\"fusion-layout-column fusion_builder_column fusion-builder-column-2 fusion_builder_column_1_2 1_2 fusion-flex-column\" style=\"--awb-padding-top:40px;--awb-bg-size:cover;--awb-width-large:50%;--awb-margin-top-large:0px;--awb-spacing-right-large:3.84%;--awb-margin-bottom-large:20px;--awb-spacing-left-large:3.84%;--awb-width-medium:50%;--awb-order-medium:0;--awb-spacing-right-medium:3.84%;--awb-spacing-left-medium:3.84%;--awb-width-small:100%;--awb-order-small:0;--awb-spacing-right-small:1.92%;--awb-spacing-left-small:1.92%;\"><div class=\"fusion-column-wrapper fusion-column-has-shadow fusion-flex-justify-content-flex-start fusion-content-layout-column\"><div class=\"fusion-text fusion-text-2\"><p><img decoding=\"async\" class=\"alignnone size-full wp-image-260\" src=\"https:\/\/cifs.edu.ba\/wp-content\/uploads\/2023\/11\/Pedagogical-approach.jpg\" alt=\"Pedagogical approach\" width=\"1600\" height=\"1200\" srcset=\"https:\/\/cifs.edu.ba\/wp-content\/uploads\/2023\/11\/Pedagogical-approach-200x150.jpg 200w, https:\/\/cifs.edu.ba\/wp-content\/uploads\/2023\/11\/Pedagogical-approach-300x225.jpg 300w, https:\/\/cifs.edu.ba\/wp-content\/uploads\/2023\/11\/Pedagogical-approach-400x300.jpg 400w, https:\/\/cifs.edu.ba\/wp-content\/uploads\/2023\/11\/Pedagogical-approach-600x450.jpg 600w, https:\/\/cifs.edu.ba\/wp-content\/uploads\/2023\/11\/Pedagogical-approach-768x576.jpg 768w, https:\/\/cifs.edu.ba\/wp-content\/uploads\/2023\/11\/Pedagogical-approach-800x600.jpg 800w, https:\/\/cifs.edu.ba\/wp-content\/uploads\/2023\/11\/Pedagogical-approach-1024x768.jpg 1024w, https:\/\/cifs.edu.ba\/wp-content\/uploads\/2023\/11\/Pedagogical-approach-1200x900.jpg 1200w, https:\/\/cifs.edu.ba\/wp-content\/uploads\/2023\/11\/Pedagogical-approach-1536x1152.jpg 1536w, https:\/\/cifs.edu.ba\/wp-content\/uploads\/2023\/11\/Pedagogical-approach.jpg 1600w\" sizes=\"(max-width: 1600px) 100vw, 1600px\" \/><\/p>\n<\/div><\/div><\/div><div class=\"fusion-layout-column fusion_builder_column fusion-builder-column-3 fusion_builder_column_1_2 1_2 fusion-flex-column\" style=\"--awb-bg-size:cover;--awb-width-large:50%;--awb-margin-top-large:50px;--awb-spacing-right-large:3.84%;--awb-margin-bottom-large:20px;--awb-spacing-left-large:3.84%;--awb-width-medium:50%;--awb-order-medium:0;--awb-spacing-right-medium:3.84%;--awb-spacing-left-medium:3.84%;--awb-width-small:100%;--awb-order-small:0;--awb-spacing-right-small:1.92%;--awb-spacing-left-small:1.92%;\"><div class=\"fusion-column-wrapper fusion-column-has-shadow fusion-flex-justify-content-flex-start fusion-content-layout-column\"><div class=\"fusion-text fusion-text-3\"><h2>APPROCHE P\u00c9DAGOGIQUE<\/h2>\n<p>Le CIFS offre \u00e0 ses \u00e9l\u00e8ves une \u00e9ducation alliant le \u00ab meilleur des deux mondes \u00bb, c\u2019est-\u00e0-dire une scolarit\u00e9 conjuguant l\u2019excellence de l\u2019enseignement \u00e0 la fran\u00e7aise et les forces de l\u2019\u00e9ducation internationale.<\/p>\n<\/div><div ><a class=\"fusion-button button-flat fusion-button-default-size button-default fusion-button-default button-1 fusion-button-default-span fusion-button-default-type\" target=\"_self\" href=\"https:\/\/cifs.edu.ba\/fr\/cursus-scolaire\/modele-pedagogique\/approche-pedagogique\/\"><span class=\"fusion-button-text awb-button__text awb-button__text--default\">En savoir plus<\/span><\/a><\/div><\/div><\/div><\/div><\/div><div class=\"fusion-fullwidth fullwidth-box fusion-builder-row-3 fusion-flex-container has-pattern-background has-mask-background nonhundred-percent-fullwidth non-hundred-percent-height-scrolling\" style=\"--awb-background-position:left top;--awb-background-repeat:repeat;--awb-background-blend-mode:overlay;--awb-border-radius-top-left:0px;--awb-border-radius-top-right:0px;--awb-border-radius-bottom-right:0px;--awb-border-radius-bottom-left:0px;--awb-margin-top:50px;--awb-margin-bottom:-50px;--awb-background-color:#fdecee;--awb-flex-wrap:wrap;\" ><div class=\"fusion-builder-row fusion-row fusion-flex-align-items-flex-start fusion-flex-content-wrap\" style=\"max-width:1248px;margin-left: calc(-4% \/ 2 );margin-right: calc(-4% \/ 2 );\"><div class=\"fusion-layout-column fusion_builder_column fusion-builder-column-4 fusion_builder_column_1_2 1_2 fusion-flex-column\" style=\"--awb-bg-size:cover;--awb-width-large:50%;--awb-margin-top-large:50px;--awb-spacing-right-large:3.84%;--awb-margin-bottom-large:20px;--awb-spacing-left-large:3.84%;--awb-width-medium:50%;--awb-order-medium:0;--awb-spacing-right-medium:3.84%;--awb-spacing-left-medium:3.84%;--awb-width-small:100%;--awb-order-small:0;--awb-spacing-right-small:1.92%;--awb-spacing-left-small:1.92%;\"><div class=\"fusion-column-wrapper fusion-column-has-shadow fusion-flex-justify-content-flex-start fusion-content-layout-column\"><div class=\"fusion-text fusion-text-4\"><h2>ENSEIGNEMENTS DES LANGUES<\/h2>\n<p>L\u2019Anglais et le Bosnien sont enseign\u00e9s au CIFS d\u00e8s l\u2019\u00e9cole maternelle.<\/p>\n<\/div><div ><a class=\"fusion-button button-flat fusion-button-default-size button-default fusion-button-default button-2 fusion-button-default-span fusion-button-default-type\" target=\"_self\" href=\"https:\/\/cifs.edu.ba\/fr\/cursus-scolaire\/modele-pedagogique\/enseignements-des-langues\/\"><span class=\"fusion-button-text awb-button__text awb-button__text--default\">En savoir plus<\/span><\/a><\/div><\/div><\/div><div class=\"fusion-layout-column fusion_builder_column fusion-builder-column-5 fusion_builder_column_1_2 1_2 fusion-flex-column\" style=\"--awb-padding-top:40px;--awb-bg-size:cover;--awb-width-large:50%;--awb-margin-top-large:0px;--awb-spacing-right-large:3.84%;--awb-margin-bottom-large:20px;--awb-spacing-left-large:3.84%;--awb-width-medium:50%;--awb-order-medium:0;--awb-spacing-right-medium:3.84%;--awb-spacing-left-medium:3.84%;--awb-width-small:100%;--awb-order-small:0;--awb-spacing-right-small:1.92%;--awb-spacing-left-small:1.92%;\"><div class=\"fusion-column-wrapper fusion-column-has-shadow fusion-flex-justify-content-flex-start fusion-content-layout-column\"><div class=\"fusion-text fusion-text-5\"><p><img decoding=\"async\" class=\"alignnone size-full wp-image-291\" src=\"https:\/\/cifs.edu.ba\/wp-content\/uploads\/2023\/11\/Francuska-skola-Sarajevo-Language.jpg\" alt=\"Francuska skola Sarajevo - Language\" width=\"1280\" height=\"853\" srcset=\"https:\/\/cifs.edu.ba\/wp-content\/uploads\/2023\/11\/Francuska-skola-Sarajevo-Language-200x133.jpg 200w, https:\/\/cifs.edu.ba\/wp-content\/uploads\/2023\/11\/Francuska-skola-Sarajevo-Language-300x200.jpg 300w, https:\/\/cifs.edu.ba\/wp-content\/uploads\/2023\/11\/Francuska-skola-Sarajevo-Language-400x267.jpg 400w, https:\/\/cifs.edu.ba\/wp-content\/uploads\/2023\/11\/Francuska-skola-Sarajevo-Language-600x400.jpg 600w, https:\/\/cifs.edu.ba\/wp-content\/uploads\/2023\/11\/Francuska-skola-Sarajevo-Language-768x512.jpg 768w, https:\/\/cifs.edu.ba\/wp-content\/uploads\/2023\/11\/Francuska-skola-Sarajevo-Language-800x533.jpg 800w, https:\/\/cifs.edu.ba\/wp-content\/uploads\/2023\/11\/Francuska-skola-Sarajevo-Language-1024x682.jpg 1024w, https:\/\/cifs.edu.ba\/wp-content\/uploads\/2023\/11\/Francuska-skola-Sarajevo-Language-1200x800.jpg 1200w, https:\/\/cifs.edu.ba\/wp-content\/uploads\/2023\/11\/Francuska-skola-Sarajevo-Language.jpg 1280w\" sizes=\"(max-width: 1280px) 100vw, 1280px\" \/><\/p>\n<\/div><\/div><\/div><\/div><\/div><\/p>\n","protected":false},"excerpt":{"rendered":"","protected":false},"author":1,"featured_media":0,"parent":569,"menu_order":0,"comment_status":"closed","ping_status":"closed","template":"100-width.php","meta":{"footnotes":""},"class_list":["post-564","page","type-page","status-publish","hentry"],"yoast_head":"<!-- This site is optimized with the Yoast SEO plugin v27.1.1 - https:\/\/yoast.com\/product\/yoast-seo-wordpress\/ -->\n<title>Mod\u00e8le P\u00e9dagogique | Ecole Fran\u00e7aise Internationale \u00e0 Sarajevo<\/title>\n<meta name=\"description\" content=\"Le CIFS offre \u00e0 ses \u00e9l\u00e8ves une \u00e9ducation alliant le \u00abmeilleur des deux mondes\u00bb. Commencez votre avenir d\u00e8s aujourd\u2019hui!\" \/>\n<meta name=\"robots\" content=\"index, follow, max-snippet:-1, max-image-preview:large, max-video-preview:-1\" \/>\n<link rel=\"canonical\" href=\"https:\/\/cifs.edu.ba\/fr\/cursus-scolaire\/modele-pedagogique\/\" \/>\n<meta property=\"og:locale\" content=\"fr_FR\" \/>\n<meta property=\"og:type\" content=\"article\" \/>\n<meta property=\"og:title\" content=\"Mod\u00e8le P\u00e9dagogique | Ecole Fran\u00e7aise Internationale \u00e0 Sarajevo\" \/>\n<meta property=\"og:description\" content=\"Le CIFS offre \u00e0 ses \u00e9l\u00e8ves une \u00e9ducation alliant le \u00abmeilleur des deux mondes\u00bb. Commencez votre avenir d\u00e8s aujourd\u2019hui!\" \/>\n<meta property=\"og:url\" content=\"https:\/\/cifs.edu.ba\/fr\/cursus-scolaire\/modele-pedagogique\/\" \/>\n<meta property=\"og:site_name\" content=\"CIFS\" \/>\n<meta property=\"article:publisher\" content=\"https:\/\/www.facebook.com\/CIFSarajevo\/\" \/>\n<meta property=\"article:modified_time\" content=\"2026-03-10T12:59:20+00:00\" \/>\n<meta property=\"og:image\" content=\"https:\/\/cifs.edu.ba\/wp-content\/uploads\/2023\/11\/Pedagogical-approach.jpg\" \/>\n\t<meta property=\"og:image:width\" content=\"1600\" \/>\n\t<meta property=\"og:image:height\" content=\"1200\" \/>\n\t<meta property=\"og:image:type\" content=\"image\/jpeg\" \/>\n<meta name=\"twitter:card\" content=\"summary_large_image\" \/>\n<meta name=\"twitter:label1\" content=\"Dur\u00e9e de lecture estim\u00e9e\" \/>\n\t<meta name=\"twitter:data1\" content=\"1 minute\" \/>\n<script type=\"application\/ld+json\" class=\"yoast-schema-graph\">{\"@context\":\"https:\/\/schema.org\",\"@graph\":[{\"@type\":\"WebPage\",\"@id\":\"https:\/\/cifs.edu.ba\/fr\/cursus-scolaire\/modele-pedagogique\/\",\"url\":\"https:\/\/cifs.edu.ba\/fr\/cursus-scolaire\/modele-pedagogique\/\",\"name\":\"Mod\u00e8le P\u00e9dagogique | Ecole Fran\u00e7aise Internationale \u00e0 Sarajevo\",\"isPartOf\":{\"@id\":\"https:\/\/cifs.edu.ba\/#website\"},\"primaryImageOfPage\":{\"@id\":\"https:\/\/cifs.edu.ba\/fr\/cursus-scolaire\/modele-pedagogique\/#primaryimage\"},\"image\":{\"@id\":\"https:\/\/cifs.edu.ba\/fr\/cursus-scolaire\/modele-pedagogique\/#primaryimage\"},\"thumbnailUrl\":\"https:\/\/cifs.edu.ba\/wp-content\/uploads\/2023\/11\/Pedagogical-approach.jpg\",\"datePublished\":\"2023-11-11T22:25:28+00:00\",\"dateModified\":\"2026-03-10T12:59:20+00:00\",\"description\":\"Le CIFS offre \u00e0 ses \u00e9l\u00e8ves une \u00e9ducation alliant le \u00abmeilleur des deux mondes\u00bb. Commencez votre avenir d\u00e8s aujourd\u2019hui!\",\"breadcrumb\":{\"@id\":\"https:\/\/cifs.edu.ba\/fr\/cursus-scolaire\/modele-pedagogique\/#breadcrumb\"},\"inLanguage\":\"fr-FR\",\"potentialAction\":[{\"@type\":\"ReadAction\",\"target\":[\"https:\/\/cifs.edu.ba\/fr\/cursus-scolaire\/modele-pedagogique\/\"]}]},{\"@type\":\"ImageObject\",\"inLanguage\":\"fr-FR\",\"@id\":\"https:\/\/cifs.edu.ba\/fr\/cursus-scolaire\/modele-pedagogique\/#primaryimage\",\"url\":\"https:\/\/cifs.edu.ba\/wp-content\/uploads\/2023\/11\/Pedagogical-approach.jpg\",\"contentUrl\":\"https:\/\/cifs.edu.ba\/wp-content\/uploads\/2023\/11\/Pedagogical-approach.jpg\"},{\"@type\":\"BreadcrumbList\",\"@id\":\"https:\/\/cifs.edu.ba\/fr\/cursus-scolaire\/modele-pedagogique\/#breadcrumb\",\"itemListElement\":[{\"@type\":\"ListItem\",\"position\":1,\"name\":\"Home\",\"item\":\"https:\/\/cifs.edu.ba\/fr\/\"},{\"@type\":\"ListItem\",\"position\":2,\"name\":\"Cursus scolaire\",\"item\":\"https:\/\/cifs.edu.ba\/fr\/cursus-scolaire\/\"},{\"@type\":\"ListItem\",\"position\":3,\"name\":\"Mod\u00e8le p\u00e9dagogique\"}]},{\"@type\":\"WebSite\",\"@id\":\"https:\/\/cifs.edu.ba\/#website\",\"url\":\"https:\/\/cifs.edu.ba\/\",\"name\":\"International School in Sarajevo!\",\"description\":\"\",\"potentialAction\":[{\"@type\":\"SearchAction\",\"target\":{\"@type\":\"EntryPoint\",\"urlTemplate\":\"https:\/\/cifs.edu.ba\/?s={search_term_string}\"},\"query-input\":{\"@type\":\"PropertyValueSpecification\",\"valueRequired\":true,\"valueName\":\"search_term_string\"}}],\"inLanguage\":\"fr-FR\"}]}<\/script>\n<!-- \/ Yoast SEO plugin. -->","yoast_head_json":{"title":"Mod\u00e8le P\u00e9dagogique | Ecole Fran\u00e7aise Internationale \u00e0 Sarajevo","description":"Le CIFS offre \u00e0 ses \u00e9l\u00e8ves une \u00e9ducation alliant le \u00abmeilleur des deux mondes\u00bb. Commencez votre avenir d\u00e8s aujourd\u2019hui!","robots":{"index":"index","follow":"follow","max-snippet":"max-snippet:-1","max-image-preview":"max-image-preview:large","max-video-preview":"max-video-preview:-1"},"canonical":"https:\/\/cifs.edu.ba\/fr\/cursus-scolaire\/modele-pedagogique\/","og_locale":"fr_FR","og_type":"article","og_title":"Mod\u00e8le P\u00e9dagogique | Ecole Fran\u00e7aise Internationale \u00e0 Sarajevo","og_description":"Le CIFS offre \u00e0 ses \u00e9l\u00e8ves une \u00e9ducation alliant le \u00abmeilleur des deux mondes\u00bb. Commencez votre avenir d\u00e8s aujourd\u2019hui!","og_url":"https:\/\/cifs.edu.ba\/fr\/cursus-scolaire\/modele-pedagogique\/","og_site_name":"CIFS","article_publisher":"https:\/\/www.facebook.com\/CIFSarajevo\/","article_modified_time":"2026-03-10T12:59:20+00:00","og_image":[{"width":1600,"height":1200,"url":"https:\/\/cifs.edu.ba\/wp-content\/uploads\/2023\/11\/Pedagogical-approach.jpg","type":"image\/jpeg"}],"twitter_card":"summary_large_image","twitter_misc":{"Dur\u00e9e de lecture estim\u00e9e":"1 minute"},"schema":{"@context":"https:\/\/schema.org","@graph":[{"@type":"WebPage","@id":"https:\/\/cifs.edu.ba\/fr\/cursus-scolaire\/modele-pedagogique\/","url":"https:\/\/cifs.edu.ba\/fr\/cursus-scolaire\/modele-pedagogique\/","name":"Mod\u00e8le P\u00e9dagogique | Ecole Fran\u00e7aise Internationale \u00e0 Sarajevo","isPartOf":{"@id":"https:\/\/cifs.edu.ba\/#website"},"primaryImageOfPage":{"@id":"https:\/\/cifs.edu.ba\/fr\/cursus-scolaire\/modele-pedagogique\/#primaryimage"},"image":{"@id":"https:\/\/cifs.edu.ba\/fr\/cursus-scolaire\/modele-pedagogique\/#primaryimage"},"thumbnailUrl":"https:\/\/cifs.edu.ba\/wp-content\/uploads\/2023\/11\/Pedagogical-approach.jpg","datePublished":"2023-11-11T22:25:28+00:00","dateModified":"2026-03-10T12:59:20+00:00","description":"Le CIFS offre \u00e0 ses \u00e9l\u00e8ves une \u00e9ducation alliant le \u00abmeilleur des deux mondes\u00bb. Commencez votre avenir d\u00e8s aujourd\u2019hui!","breadcrumb":{"@id":"https:\/\/cifs.edu.ba\/fr\/cursus-scolaire\/modele-pedagogique\/#breadcrumb"},"inLanguage":"fr-FR","potentialAction":[{"@type":"ReadAction","target":["https:\/\/cifs.edu.ba\/fr\/cursus-scolaire\/modele-pedagogique\/"]}]},{"@type":"ImageObject","inLanguage":"fr-FR","@id":"https:\/\/cifs.edu.ba\/fr\/cursus-scolaire\/modele-pedagogique\/#primaryimage","url":"https:\/\/cifs.edu.ba\/wp-content\/uploads\/2023\/11\/Pedagogical-approach.jpg","contentUrl":"https:\/\/cifs.edu.ba\/wp-content\/uploads\/2023\/11\/Pedagogical-approach.jpg"},{"@type":"BreadcrumbList","@id":"https:\/\/cifs.edu.ba\/fr\/cursus-scolaire\/modele-pedagogique\/#breadcrumb","itemListElement":[{"@type":"ListItem","position":1,"name":"Home","item":"https:\/\/cifs.edu.ba\/fr\/"},{"@type":"ListItem","position":2,"name":"Cursus scolaire","item":"https:\/\/cifs.edu.ba\/fr\/cursus-scolaire\/"},{"@type":"ListItem","position":3,"name":"Mod\u00e8le p\u00e9dagogique"}]},{"@type":"WebSite","@id":"https:\/\/cifs.edu.ba\/#website","url":"https:\/\/cifs.edu.ba\/","name":"International School in Sarajevo!","description":"","potentialAction":[{"@type":"SearchAction","target":{"@type":"EntryPoint","urlTemplate":"https:\/\/cifs.edu.ba\/?s={search_term_string}"},"query-input":{"@type":"PropertyValueSpecification","valueRequired":true,"valueName":"search_term_string"}}],"inLanguage":"fr-FR"}]}},"_links":{"self":[{"href":"https:\/\/cifs.edu.ba\/fr\/wp-json\/wp\/v2\/pages\/564","targetHints":{"allow":["GET"]}}],"collection":[{"href":"https:\/\/cifs.edu.ba\/fr\/wp-json\/wp\/v2\/pages"}],"about":[{"href":"https:\/\/cifs.edu.ba\/fr\/wp-json\/wp\/v2\/types\/page"}],"author":[{"embeddable":true,"href":"https:\/\/cifs.edu.ba\/fr\/wp-json\/wp\/v2\/users\/1"}],"replies":[{"embeddable":true,"href":"https:\/\/cifs.edu.ba\/fr\/wp-json\/wp\/v2\/comments?post=564"}],"version-history":[{"count":6,"href":"https:\/\/cifs.edu.ba\/fr\/wp-json\/wp\/v2\/pages\/564\/revisions"}],"predecessor-version":[{"id":2573,"href":"https:\/\/cifs.edu.ba\/fr\/wp-json\/wp\/v2\/pages\/564\/revisions\/2573"}],"up":[{"embeddable":true,"href":"https:\/\/cifs.edu.ba\/fr\/wp-json\/wp\/v2\/pages\/569"}],"wp:attachment":[{"href":"https:\/\/cifs.edu.ba\/fr\/wp-json\/wp\/v2\/media?parent=564"}],"curies":[{"name":"wp","href":"https:\/\/api.w.org\/{rel}","templated":true}]}}