{"id":537,"date":"2023-11-12T01:35:08","date_gmt":"2023-11-12T01:35:08","guid":{"rendered":"https:\/\/cifs.edu.ba\/cifs-team\/"},"modified":"2026-03-04T00:48:12","modified_gmt":"2026-03-04T00:48:12","slug":"lequipe-administrative-et-pedagogique","status":"publish","type":"page","link":"https:\/\/cifs.edu.ba\/fr\/a-propos\/lequipe-administrative-et-pedagogique\/","title":{"rendered":"L\u2019Equipe administrative et p\u00e9dagogique"},"content":{"rendered":"<div class=\"fusion-fullwidth fullwidth-box fusion-builder-row-1 fusion-flex-container has-pattern-background has-mask-background nonhundred-percent-fullwidth non-hundred-percent-height-scrolling\" style=\"--awb-border-radius-top-left:0px;--awb-border-radius-top-right:0px;--awb-border-radius-bottom-right:0px;--awb-border-radius-bottom-left:0px;--awb-flex-wrap:wrap;\" ><div class=\"fusion-builder-row fusion-row fusion-flex-align-items-flex-start fusion-flex-content-wrap\" style=\"max-width:1248px;margin-left: calc(-4% \/ 2 );margin-right: calc(-4% \/ 2 );\"><div class=\"fusion-layout-column fusion_builder_column fusion-builder-column-0 fusion_builder_column_1_1 1_1 fusion-flex-column\" style=\"--awb-bg-size:cover;--awb-width-large:100%;--awb-margin-top-large:0px;--awb-spacing-right-large:1.92%;--awb-margin-bottom-large:20px;--awb-spacing-left-large:1.92%;--awb-width-medium:100%;--awb-order-medium:0;--awb-spacing-right-medium:1.92%;--awb-spacing-left-medium:1.92%;--awb-width-small:100%;--awb-order-small:0;--awb-spacing-right-small:1.92%;--awb-spacing-left-small:1.92%;\"><div class=\"fusion-column-wrapper fusion-column-has-shadow fusion-flex-justify-content-flex-start fusion-content-layout-column\"><div class=\"fusion-text fusion-text-1\"><p><img decoding=\"async\" class=\"alignleft wp-image-1972 size-full\" src=\"https:\/\/cifs.edu.ba\/wp-content\/uploads\/2025\/09\/CIFS-2025.jpg\" alt=\"CIFS 2025\" width=\"2048\" height=\"2048\" srcset=\"https:\/\/cifs.edu.ba\/wp-content\/uploads\/2025\/09\/CIFS-2025-66x66.jpg 66w, https:\/\/cifs.edu.ba\/wp-content\/uploads\/2025\/09\/CIFS-2025-150x150.jpg 150w, https:\/\/cifs.edu.ba\/wp-content\/uploads\/2025\/09\/CIFS-2025-200x200.jpg 200w, https:\/\/cifs.edu.ba\/wp-content\/uploads\/2025\/09\/CIFS-2025-300x300.jpg 300w, https:\/\/cifs.edu.ba\/wp-content\/uploads\/2025\/09\/CIFS-2025-400x400.jpg 400w, https:\/\/cifs.edu.ba\/wp-content\/uploads\/2025\/09\/CIFS-2025-600x600.jpg 600w, https:\/\/cifs.edu.ba\/wp-content\/uploads\/2025\/09\/CIFS-2025-768x768.jpg 768w, https:\/\/cifs.edu.ba\/wp-content\/uploads\/2025\/09\/CIFS-2025-800x800.jpg 800w, https:\/\/cifs.edu.ba\/wp-content\/uploads\/2025\/09\/CIFS-2025-1024x1024.jpg 1024w, https:\/\/cifs.edu.ba\/wp-content\/uploads\/2025\/09\/CIFS-2025-1200x1200.jpg 1200w, https:\/\/cifs.edu.ba\/wp-content\/uploads\/2025\/09\/CIFS-2025-1536x1536.jpg 1536w, https:\/\/cifs.edu.ba\/wp-content\/uploads\/2025\/09\/CIFS-2025.jpg 2048w\" sizes=\"(max-width: 2048px) 100vw, 2048px\" \/><\/p>\n<\/div><\/div><\/div><\/div><\/div>\n","protected":false},"excerpt":{"rendered":"","protected":false},"author":1,"featured_media":0,"parent":523,"menu_order":0,"comment_status":"closed","ping_status":"closed","template":"100-width.php","meta":{"footnotes":""},"class_list":["post-537","page","type-page","status-publish","hentry"],"yoast_head":"<!-- This site is optimized with the Yoast SEO plugin v27.1.1 - https:\/\/yoast.com\/product\/yoast-seo-wordpress\/ -->\n<title>L\u2019Equipe administrative et p\u00e9dagogique | CIFS Ecole Sarajevo<\/title>\n<meta name=\"description\" content=\"Inscrivez votre enfant dans une Ecole internationale \u00e0 Sarajevo! Commencez votre avenir d\u00e8s aujourd\u2019hui! Contactez-nous!\" \/>\n<meta name=\"robots\" content=\"index, follow, max-snippet:-1, max-image-preview:large, max-video-preview:-1\" \/>\n<link rel=\"canonical\" href=\"https:\/\/cifs.edu.ba\/fr\/a-propos\/lequipe-administrative-et-pedagogique\/\" \/>\n<meta property=\"og:locale\" content=\"fr_FR\" \/>\n<meta property=\"og:type\" content=\"article\" \/>\n<meta property=\"og:title\" content=\"L\u2019Equipe administrative et p\u00e9dagogique | CIFS Ecole Sarajevo\" \/>\n<meta property=\"og:description\" content=\"Inscrivez votre enfant dans une Ecole internationale \u00e0 Sarajevo! Commencez votre avenir d\u00e8s aujourd\u2019hui! Contactez-nous!\" \/>\n<meta property=\"og:url\" content=\"https:\/\/cifs.edu.ba\/fr\/a-propos\/lequipe-administrative-et-pedagogique\/\" \/>\n<meta property=\"og:site_name\" content=\"CIFS\" \/>\n<meta property=\"article:publisher\" content=\"https:\/\/www.facebook.com\/CIFSarajevo\/\" \/>\n<meta property=\"article:modified_time\" content=\"2026-03-04T00:48:12+00:00\" \/>\n<meta property=\"og:image\" content=\"https:\/\/cifs.edu.ba\/wp-content\/uploads\/2025\/09\/CIFS-2025-1024x1024.jpg\" \/>\n\t<meta property=\"og:image:width\" content=\"1024\" \/>\n\t<meta property=\"og:image:height\" content=\"1024\" \/>\n\t<meta property=\"og:image:type\" content=\"image\/jpeg\" \/>\n<meta name=\"twitter:card\" content=\"summary_large_image\" \/>\n<meta name=\"twitter:label1\" content=\"Dur\u00e9e de lecture estim\u00e9e\" \/>\n\t<meta name=\"twitter:data1\" content=\"1 minute\" \/>\n<script type=\"application\/ld+json\" class=\"yoast-schema-graph\">{\"@context\":\"https:\/\/schema.org\",\"@graph\":[{\"@type\":\"WebPage\",\"@id\":\"https:\/\/cifs.edu.ba\/fr\/a-propos\/lequipe-administrative-et-pedagogique\/\",\"url\":\"https:\/\/cifs.edu.ba\/fr\/a-propos\/lequipe-administrative-et-pedagogique\/\",\"name\":\"L\u2019Equipe administrative et p\u00e9dagogique | CIFS Ecole Sarajevo\",\"isPartOf\":{\"@id\":\"https:\/\/cifs.edu.ba\/#website\"},\"primaryImageOfPage\":{\"@id\":\"https:\/\/cifs.edu.ba\/fr\/a-propos\/lequipe-administrative-et-pedagogique\/#primaryimage\"},\"image\":{\"@id\":\"https:\/\/cifs.edu.ba\/fr\/a-propos\/lequipe-administrative-et-pedagogique\/#primaryimage\"},\"thumbnailUrl\":\"https:\/\/cifs.edu.ba\/wp-content\/uploads\/2025\/09\/CIFS-2025.jpg\",\"datePublished\":\"2023-11-12T01:35:08+00:00\",\"dateModified\":\"2026-03-04T00:48:12+00:00\",\"description\":\"Inscrivez votre enfant dans une Ecole internationale \u00e0 Sarajevo! Commencez votre avenir d\u00e8s aujourd\u2019hui! Contactez-nous!\",\"breadcrumb\":{\"@id\":\"https:\/\/cifs.edu.ba\/fr\/a-propos\/lequipe-administrative-et-pedagogique\/#breadcrumb\"},\"inLanguage\":\"fr-FR\",\"potentialAction\":[{\"@type\":\"ReadAction\",\"target\":[\"https:\/\/cifs.edu.ba\/fr\/a-propos\/lequipe-administrative-et-pedagogique\/\"]}]},{\"@type\":\"ImageObject\",\"inLanguage\":\"fr-FR\",\"@id\":\"https:\/\/cifs.edu.ba\/fr\/a-propos\/lequipe-administrative-et-pedagogique\/#primaryimage\",\"url\":\"https:\/\/cifs.edu.ba\/wp-content\/uploads\/2025\/09\/CIFS-2025.jpg\",\"contentUrl\":\"https:\/\/cifs.edu.ba\/wp-content\/uploads\/2025\/09\/CIFS-2025.jpg\"},{\"@type\":\"BreadcrumbList\",\"@id\":\"https:\/\/cifs.edu.ba\/fr\/a-propos\/lequipe-administrative-et-pedagogique\/#breadcrumb\",\"itemListElement\":[{\"@type\":\"ListItem\",\"position\":1,\"name\":\"Home\",\"item\":\"https:\/\/cifs.edu.ba\/fr\/\"},{\"@type\":\"ListItem\",\"position\":2,\"name\":\"A propos\",\"item\":\"https:\/\/cifs.edu.ba\/fr\/a-propos\/\"},{\"@type\":\"ListItem\",\"position\":3,\"name\":\"L\u2019Equipe administrative et p\u00e9dagogique\"}]},{\"@type\":\"WebSite\",\"@id\":\"https:\/\/cifs.edu.ba\/#website\",\"url\":\"https:\/\/cifs.edu.ba\/\",\"name\":\"International School in Sarajevo!\",\"description\":\"\",\"potentialAction\":[{\"@type\":\"SearchAction\",\"target\":{\"@type\":\"EntryPoint\",\"urlTemplate\":\"https:\/\/cifs.edu.ba\/?s={search_term_string}\"},\"query-input\":{\"@type\":\"PropertyValueSpecification\",\"valueRequired\":true,\"valueName\":\"search_term_string\"}}],\"inLanguage\":\"fr-FR\"}]}<\/script>\n<!-- \/ Yoast SEO plugin. -->","yoast_head_json":{"title":"L\u2019Equipe administrative et p\u00e9dagogique | CIFS Ecole Sarajevo","description":"Inscrivez votre enfant dans une Ecole internationale \u00e0 Sarajevo! Commencez votre avenir d\u00e8s aujourd\u2019hui! Contactez-nous!","robots":{"index":"index","follow":"follow","max-snippet":"max-snippet:-1","max-image-preview":"max-image-preview:large","max-video-preview":"max-video-preview:-1"},"canonical":"https:\/\/cifs.edu.ba\/fr\/a-propos\/lequipe-administrative-et-pedagogique\/","og_locale":"fr_FR","og_type":"article","og_title":"L\u2019Equipe administrative et p\u00e9dagogique | CIFS Ecole Sarajevo","og_description":"Inscrivez votre enfant dans une Ecole internationale \u00e0 Sarajevo! Commencez votre avenir d\u00e8s aujourd\u2019hui! Contactez-nous!","og_url":"https:\/\/cifs.edu.ba\/fr\/a-propos\/lequipe-administrative-et-pedagogique\/","og_site_name":"CIFS","article_publisher":"https:\/\/www.facebook.com\/CIFSarajevo\/","article_modified_time":"2026-03-04T00:48:12+00:00","og_image":[{"width":1024,"height":1024,"url":"https:\/\/cifs.edu.ba\/wp-content\/uploads\/2025\/09\/CIFS-2025-1024x1024.jpg","type":"image\/jpeg"}],"twitter_card":"summary_large_image","twitter_misc":{"Dur\u00e9e de lecture estim\u00e9e":"1 minute"},"schema":{"@context":"https:\/\/schema.org","@graph":[{"@type":"WebPage","@id":"https:\/\/cifs.edu.ba\/fr\/a-propos\/lequipe-administrative-et-pedagogique\/","url":"https:\/\/cifs.edu.ba\/fr\/a-propos\/lequipe-administrative-et-pedagogique\/","name":"L\u2019Equipe administrative et p\u00e9dagogique | CIFS Ecole Sarajevo","isPartOf":{"@id":"https:\/\/cifs.edu.ba\/#website"},"primaryImageOfPage":{"@id":"https:\/\/cifs.edu.ba\/fr\/a-propos\/lequipe-administrative-et-pedagogique\/#primaryimage"},"image":{"@id":"https:\/\/cifs.edu.ba\/fr\/a-propos\/lequipe-administrative-et-pedagogique\/#primaryimage"},"thumbnailUrl":"https:\/\/cifs.edu.ba\/wp-content\/uploads\/2025\/09\/CIFS-2025.jpg","datePublished":"2023-11-12T01:35:08+00:00","dateModified":"2026-03-04T00:48:12+00:00","description":"Inscrivez votre enfant dans une Ecole internationale \u00e0 Sarajevo! Commencez votre avenir d\u00e8s aujourd\u2019hui! Contactez-nous!","breadcrumb":{"@id":"https:\/\/cifs.edu.ba\/fr\/a-propos\/lequipe-administrative-et-pedagogique\/#breadcrumb"},"inLanguage":"fr-FR","potentialAction":[{"@type":"ReadAction","target":["https:\/\/cifs.edu.ba\/fr\/a-propos\/lequipe-administrative-et-pedagogique\/"]}]},{"@type":"ImageObject","inLanguage":"fr-FR","@id":"https:\/\/cifs.edu.ba\/fr\/a-propos\/lequipe-administrative-et-pedagogique\/#primaryimage","url":"https:\/\/cifs.edu.ba\/wp-content\/uploads\/2025\/09\/CIFS-2025.jpg","contentUrl":"https:\/\/cifs.edu.ba\/wp-content\/uploads\/2025\/09\/CIFS-2025.jpg"},{"@type":"BreadcrumbList","@id":"https:\/\/cifs.edu.ba\/fr\/a-propos\/lequipe-administrative-et-pedagogique\/#breadcrumb","itemListElement":[{"@type":"ListItem","position":1,"name":"Home","item":"https:\/\/cifs.edu.ba\/fr\/"},{"@type":"ListItem","position":2,"name":"A propos","item":"https:\/\/cifs.edu.ba\/fr\/a-propos\/"},{"@type":"ListItem","position":3,"name":"L\u2019Equipe administrative et p\u00e9dagogique"}]},{"@type":"WebSite","@id":"https:\/\/cifs.edu.ba\/#website","url":"https:\/\/cifs.edu.ba\/","name":"International School in Sarajevo!","description":"","potentialAction":[{"@type":"SearchAction","target":{"@type":"EntryPoint","urlTemplate":"https:\/\/cifs.edu.ba\/?s={search_term_string}"},"query-input":{"@type":"PropertyValueSpecification","valueRequired":true,"valueName":"search_term_string"}}],"inLanguage":"fr-FR"}]}},"_links":{"self":[{"href":"https:\/\/cifs.edu.ba\/fr\/wp-json\/wp\/v2\/pages\/537","targetHints":{"allow":["GET"]}}],"collection":[{"href":"https:\/\/cifs.edu.ba\/fr\/wp-json\/wp\/v2\/pages"}],"about":[{"href":"https:\/\/cifs.edu.ba\/fr\/wp-json\/wp\/v2\/types\/page"}],"author":[{"embeddable":true,"href":"https:\/\/cifs.edu.ba\/fr\/wp-json\/wp\/v2\/users\/1"}],"replies":[{"embeddable":true,"href":"https:\/\/cifs.edu.ba\/fr\/wp-json\/wp\/v2\/comments?post=537"}],"version-history":[{"count":6,"href":"https:\/\/cifs.edu.ba\/fr\/wp-json\/wp\/v2\/pages\/537\/revisions"}],"predecessor-version":[{"id":1978,"href":"https:\/\/cifs.edu.ba\/fr\/wp-json\/wp\/v2\/pages\/537\/revisions\/1978"}],"up":[{"embeddable":true,"href":"https:\/\/cifs.edu.ba\/fr\/wp-json\/wp\/v2\/pages\/523"}],"wp:attachment":[{"href":"https:\/\/cifs.edu.ba\/fr\/wp-json\/wp\/v2\/media?parent=537"}],"curies":[{"name":"wp","href":"https:\/\/api.w.org\/{rel}","templated":true}]}}