{"id":529,"date":"2023-11-11T15:50:13","date_gmt":"2023-11-11T15:50:13","guid":{"rendered":"https:\/\/cifs.edu.ba\/about-us\/why-cifs-sarajevo\/"},"modified":"2026-03-04T00:34:34","modified_gmt":"2026-03-04T00:34:34","slug":"pourquoi-le-cifs-sarajevo","status":"publish","type":"page","link":"https:\/\/cifs.edu.ba\/fr\/a-propos\/pourquoi-le-cifs-sarajevo\/","title":{"rendered":"Pourquoi le CIFS Sarajevo"},"content":{"rendered":"<p><div class=\"fusion-fullwidth fullwidth-box fusion-builder-row-1 fusion-flex-container has-pattern-background has-mask-background nonhundred-percent-fullwidth non-hundred-percent-height-scrolling\" style=\"--awb-border-radius-top-left:0px;--awb-border-radius-top-right:0px;--awb-border-radius-bottom-right:0px;--awb-border-radius-bottom-left:0px;--awb-flex-wrap:wrap;\" ><div class=\"fusion-builder-row fusion-row fusion-flex-align-items-flex-start fusion-flex-content-wrap\" style=\"max-width:1248px;margin-left: calc(-4% \/ 2 );margin-right: calc(-4% \/ 2 );\"><div class=\"fusion-layout-column fusion_builder_column fusion-builder-column-0 fusion_builder_column_1_3 1_3 fusion-flex-column\" style=\"--awb-bg-size:cover;--awb-width-large:33.333333333333%;--awb-margin-top-large:0px;--awb-spacing-right-large:5.76%;--awb-margin-bottom-large:20px;--awb-spacing-left-large:5.76%;--awb-width-medium:33.333333333333%;--awb-order-medium:0;--awb-spacing-right-medium:5.76%;--awb-spacing-left-medium:5.76%;--awb-width-small:100%;--awb-order-small:0;--awb-spacing-right-small:1.92%;--awb-spacing-left-small:1.92%;\"><div class=\"fusion-column-wrapper fusion-column-has-shadow fusion-flex-justify-content-flex-start fusion-content-layout-column\"><div class=\"fusion-title title fusion-title-1 fusion-sep-none fusion-title-text fusion-title-size-two\" style=\"--awb-text-color:var(--awb-color5);\"><h2 class=\"fusion-title-heading title-heading-left\" style=\"margin:0;\"><h2>NOTRE<br \/>\nPROMESSE<\/h2><\/h2><\/div><div class=\"fusion-text fusion-text-1\"><p><img decoding=\"async\" class=\"alignnone wp-image-268 size-full\" src=\"https:\/\/cifs.edu.ba\/wp-content\/uploads\/2023\/11\/CIFS-25-years-French-International-School-Sarajevo.jpg\" alt=\"\" width=\"1200\" height=\"900\" srcset=\"https:\/\/cifs.edu.ba\/wp-content\/uploads\/2023\/11\/CIFS-25-years-French-International-School-Sarajevo-200x150.jpg 200w, https:\/\/cifs.edu.ba\/wp-content\/uploads\/2023\/11\/CIFS-25-years-French-International-School-Sarajevo-300x225.jpg 300w, https:\/\/cifs.edu.ba\/wp-content\/uploads\/2023\/11\/CIFS-25-years-French-International-School-Sarajevo-400x300.jpg 400w, https:\/\/cifs.edu.ba\/wp-content\/uploads\/2023\/11\/CIFS-25-years-French-International-School-Sarajevo-600x450.jpg 600w, https:\/\/cifs.edu.ba\/wp-content\/uploads\/2023\/11\/CIFS-25-years-French-International-School-Sarajevo-768x576.jpg 768w, https:\/\/cifs.edu.ba\/wp-content\/uploads\/2023\/11\/CIFS-25-years-French-International-School-Sarajevo-800x600.jpg 800w, https:\/\/cifs.edu.ba\/wp-content\/uploads\/2023\/11\/CIFS-25-years-French-International-School-Sarajevo-1024x768.jpg 1024w, https:\/\/cifs.edu.ba\/wp-content\/uploads\/2023\/11\/CIFS-25-years-French-International-School-Sarajevo.jpg 1200w\" sizes=\"(max-width: 1200px) 100vw, 1200px\" \/><\/p>\n<\/div><\/div><\/div><div class=\"fusion-layout-column fusion_builder_column fusion-builder-column-1 fusion_builder_column_2_3 2_3 fusion-flex-column\" style=\"--awb-bg-size:cover;--awb-width-large:66.666666666667%;--awb-margin-top-large:0px;--awb-spacing-right-large:2.88%;--awb-margin-bottom-large:20px;--awb-spacing-left-large:2.88%;--awb-width-medium:66.666666666667%;--awb-order-medium:0;--awb-spacing-right-medium:2.88%;--awb-spacing-left-medium:2.88%;--awb-width-small:100%;--awb-order-small:0;--awb-spacing-right-small:1.92%;--awb-spacing-left-small:1.92%;\"><div class=\"fusion-column-wrapper fusion-column-has-shadow fusion-flex-justify-content-flex-start fusion-content-layout-column\"><div class=\"fusion-text fusion-text-2\"><p>Reconnu \u00a0pour sa philosophie \u00e9ducative, le CIFS est l\u2019un des \u00e9tablissements scolaires les plus prestigieux de Bosnie-Herz\u00e9govine, alliant exigence \u00e9ducative et bien-\u00eatre des \u00e9l\u00e8ves, et l\u2019unique \u00e9tablissement fran\u00e7ais homologu\u00e9e par le minist\u00e8re de l\u2019Education Nationale fran\u00e7ais.<\/p>\n<p>Choisir de rejoindre notre \u00e9tablissement, c\u2019est choisir une \u00e9ducation internationale dans laquelle l\u2019excellence \u00e9ducative fran\u00e7aise est mise \u00e0 l\u2019honneur. Les programmes d\u2019enseignement sont garantis par le partenariat avec l\u2019AEFE et l\u2019approche p\u00e9dagogique consiste \u00e0 ouvrir nos \u00e9l\u00e8ves sur le monde.<\/p>\n<p>Le CIFS offre<strong> un parcours plurilingue d\u00e8s la maternelle o\u00f9 les enseignements sont dispens\u00e9s en trois langues : fran\u00e7ais, anglais et <\/strong><strong>bcs<\/strong>. L\u2019\u00e9cole se donne la mission de faire grandir l\u2019\u00e9l\u00e8ve dans le respect de l\u2019autre et la confiance en soi. Ce dispositif se concr\u00e9tise par une organisation p\u00e9dagogique adapt\u00e9e aux besoins de nos \u00e9l\u00e8ves et aux exigences des programmes.<\/p>\n<\/div><\/div><\/div><\/div><\/div><div class=\"fusion-fullwidth fullwidth-box fusion-builder-row-2 fusion-flex-container has-pattern-background has-mask-background fusion-parallax-none nonhundred-percent-fullwidth non-hundred-percent-height-scrolling\" style=\"--awb-background-position:left top;--awb-background-repeat:repeat;--awb-border-radius-top-left:0px;--awb-border-radius-top-right:0px;--awb-border-radius-bottom-right:0px;--awb-border-radius-bottom-left:0px;--awb-margin-bottom:-50px;--awb-background-image:url(&quot;https:\/\/efis.mk\/wp-content\/uploads\/2023\/02\/patern-rose.jpg&quot;);--awb-flex-wrap:wrap;\" ><div class=\"fusion-builder-row fusion-row fusion-flex-align-items-flex-start fusion-flex-content-wrap\" style=\"max-width:1248px;margin-left: calc(-4% \/ 2 );margin-right: calc(-4% \/ 2 );\"><div class=\"fusion-layout-column fusion_builder_column fusion-builder-column-2 fusion_builder_column_1_1 1_1 fusion-flex-column\" style=\"--awb-bg-size:cover;--awb-width-large:100%;--awb-margin-top-large:0px;--awb-spacing-right-large:1.92%;--awb-margin-bottom-large:20px;--awb-spacing-left-large:1.92%;--awb-width-medium:100%;--awb-order-medium:0;--awb-spacing-right-medium:1.92%;--awb-spacing-left-medium:1.92%;--awb-width-small:100%;--awb-order-small:0;--awb-spacing-right-small:1.92%;--awb-spacing-left-small:1.92%;\"><div class=\"fusion-column-wrapper fusion-column-has-shadow fusion-flex-justify-content-flex-start fusion-content-layout-column\"><div class=\"fusion-title title fusion-title-2 fusion-sep-none fusion-title-text fusion-title-size-two\" style=\"--awb-text-color:var(--awb-color5);--awb-margin-top:60px;\"><h2 class=\"fusion-title-heading title-heading-left\" style=\"margin:0;\">5 BONNES RAISONS DE CHOISIR LE CIFS<\/h2><\/div><div class=\"fusion-builder-row fusion-builder-row-inner fusion-row fusion-flex-align-items-flex-start fusion-flex-content-wrap\" style=\"width:104% !important;max-width:104% !important;margin-left: calc(-4% \/ 2 );margin-right: calc(-4% \/ 2 );\"><div class=\"fusion-layout-column fusion_builder_column_inner fusion-builder-nested-column-0 fusion_builder_column_inner_1_3 1_3 fusion-flex-column\" style=\"--awb-padding-top:30px;--awb-padding-right:15px;--awb-padding-bottom:15px;--awb-padding-left:15px;--awb-bg-color:var(--awb-color1);--awb-bg-color-hover:var(--awb-color1);--awb-bg-size:cover;--awb-width-large:33.333333333333%;--awb-margin-top-large:50px;--awb-spacing-right-large:5.76%;--awb-margin-bottom-large:20px;--awb-spacing-left-large:5.76%;--awb-width-medium:33.333333333333%;--awb-order-medium:0;--awb-spacing-right-medium:5.76%;--awb-spacing-left-medium:5.76%;--awb-width-small:100%;--awb-order-small:0;--awb-spacing-right-small:1.92%;--awb-spacing-left-small:1.92%;\"><div class=\"fusion-column-wrapper fusion-column-has-shadow fusion-flex-justify-content-flex-start fusion-content-layout-column\"><div class=\"fusion-text fusion-text-3\"><p><strong><span style=\"color: red;\">Une scolarit\u00e9 fran\u00e7aise d&rsquo;excellence <\/span><\/strong><\/p>\n<p>&#8230;<\/p>\n<\/div><\/div><\/div><div class=\"fusion-layout-column fusion_builder_column_inner fusion-builder-nested-column-1 fusion_builder_column_inner_1_3 1_3 fusion-flex-column\" style=\"--awb-padding-top:30px;--awb-padding-right:15px;--awb-padding-bottom:15px;--awb-padding-left:15px;--awb-bg-color:var(--awb-color1);--awb-bg-color-hover:var(--awb-color1);--awb-bg-size:cover;--awb-width-large:33.333333333333%;--awb-margin-top-large:50px;--awb-spacing-right-large:5.76%;--awb-margin-bottom-large:20px;--awb-spacing-left-large:5.76%;--awb-width-medium:33.333333333333%;--awb-order-medium:0;--awb-spacing-right-medium:5.76%;--awb-spacing-left-medium:5.76%;--awb-width-small:100%;--awb-order-small:0;--awb-spacing-right-small:1.92%;--awb-spacing-left-small:1.92%;\"><div class=\"fusion-column-wrapper fusion-column-has-shadow fusion-flex-justify-content-flex-start fusion-content-layout-column\"><div class=\"fusion-text fusion-text-4\"><p><strong><span style=\"color: red;\">Une \u00e9ducation internationale<\/span><\/strong><\/p>\n<p>&#8230;<\/p>\n<\/div><\/div><\/div><div class=\"fusion-layout-column fusion_builder_column_inner fusion-builder-nested-column-2 fusion_builder_column_inner_1_3 1_3 fusion-flex-column\" style=\"--awb-padding-top:30px;--awb-padding-right:15px;--awb-padding-bottom:15px;--awb-padding-left:15px;--awb-bg-color:var(--awb-color1);--awb-bg-color-hover:var(--awb-color1);--awb-bg-size:cover;--awb-width-large:33.333333333333%;--awb-margin-top-large:50px;--awb-spacing-right-large:5.76%;--awb-margin-bottom-large:20px;--awb-spacing-left-large:5.76%;--awb-width-medium:33.333333333333%;--awb-order-medium:0;--awb-spacing-right-medium:5.76%;--awb-spacing-left-medium:5.76%;--awb-width-small:100%;--awb-order-small:0;--awb-spacing-right-small:1.92%;--awb-spacing-left-small:1.92%;\"><div class=\"fusion-column-wrapper fusion-column-has-shadow fusion-flex-justify-content-flex-start fusion-content-layout-column\"><div class=\"fusion-text fusion-text-5\"><p><strong><span style=\"color: red;\">Un accompagnement personnalis\u00e9<\/span><\/strong><\/p>\n<p>&#8230;<\/p>\n<\/div><\/div><\/div><\/div><\/div><\/div><div class=\"fusion-layout-column fusion_builder_column fusion-builder-column-3 fusion_builder_column_1_1 1_1 fusion-flex-column\" style=\"--awb-bg-size:cover;--awb-width-large:100%;--awb-margin-top-large:0px;--awb-spacing-right-large:1.92%;--awb-margin-bottom-large:20px;--awb-spacing-left-large:1.92%;--awb-width-medium:100%;--awb-order-medium:0;--awb-spacing-right-medium:1.92%;--awb-spacing-left-medium:1.92%;--awb-width-small:100%;--awb-order-small:0;--awb-spacing-right-small:1.92%;--awb-spacing-left-small:1.92%;\"><div class=\"fusion-column-wrapper fusion-column-has-shadow fusion-flex-justify-content-flex-start fusion-content-layout-column\"><div class=\"fusion-builder-row fusion-builder-row-inner fusion-row fusion-flex-align-items-flex-start fusion-flex-content-wrap\" style=\"width:104% !important;max-width:104% !important;margin-left: calc(-4% \/ 2 );margin-right: calc(-4% \/ 2 );\"><div class=\"fusion-layout-column fusion_builder_column_inner fusion-builder-nested-column-3 fusion_builder_column_inner_1_3 1_3 fusion-flex-column\" style=\"--awb-padding-top:40px;--awb-padding-right:15px;--awb-padding-bottom:15px;--awb-padding-left:15px;--awb-bg-color:var(--awb-color1);--awb-bg-color-hover:var(--awb-color1);--awb-bg-size:cover;--awb-width-large:33.333333333333%;--awb-margin-top-large:30px;--awb-spacing-right-large:5.76%;--awb-margin-bottom-large:20px;--awb-spacing-left-large:5.76%;--awb-width-medium:33.333333333333%;--awb-order-medium:0;--awb-spacing-right-medium:5.76%;--awb-spacing-left-medium:5.76%;--awb-width-small:100%;--awb-order-small:0;--awb-spacing-right-small:1.92%;--awb-spacing-left-small:1.92%;\"><div class=\"fusion-column-wrapper fusion-column-has-shadow fusion-flex-justify-content-flex-start fusion-content-layout-column\"><div class=\"fusion-text fusion-text-6\"><p><strong><span style=\"color: red;\">Une scolarit\u00e9 \u00e9panouissante<\/span><\/strong><\/p>\n<p>&#8230;<\/p>\n<\/div><\/div><\/div><div class=\"fusion-layout-column fusion_builder_column_inner fusion-builder-nested-column-4 fusion_builder_column_inner_1_3 1_3 fusion-flex-column\" style=\"--awb-padding-top:30px;--awb-padding-right:15px;--awb-padding-bottom:15px;--awb-padding-left:15px;--awb-bg-color:var(--awb-color1);--awb-bg-color-hover:var(--awb-color1);--awb-bg-size:cover;--awb-width-large:33.333333333333%;--awb-margin-top-large:30px;--awb-spacing-right-large:5.76%;--awb-margin-bottom-large:20px;--awb-spacing-left-large:5.76%;--awb-width-medium:33.333333333333%;--awb-order-medium:0;--awb-spacing-right-medium:5.76%;--awb-spacing-left-medium:5.76%;--awb-width-small:100%;--awb-order-small:0;--awb-spacing-right-small:1.92%;--awb-spacing-left-small:1.92%;\"><div class=\"fusion-column-wrapper fusion-column-has-shadow fusion-flex-justify-content-flex-start fusion-content-layout-column\"><div class=\"fusion-text fusion-text-7\"><p><strong><span style=\"color: red;\">Une p\u00e9dagogie innovante et bienveillante<\/span><\/strong><\/p>\n<p>&#8230;<\/p>\n<\/div><\/div><\/div><\/div><\/div><\/div><\/div><\/div><\/p>\n","protected":false},"excerpt":{"rendered":"","protected":false},"author":1,"featured_media":0,"parent":523,"menu_order":0,"comment_status":"closed","ping_status":"closed","template":"100-width.php","meta":{"footnotes":""},"class_list":["post-529","page","type-page","status-publish","hentry"],"yoast_head":"<!-- This site is optimized with the Yoast SEO plugin v27.1.1 - https:\/\/yoast.com\/product\/yoast-seo-wordpress\/ -->\n<title>Pourquoi le CIFS Sarajevo | Ecole fran\u00e7aise internationale<\/title>\n<meta name=\"description\" content=\"Reconnu pour sa philosophie \u00e9ducative, le CIFS est l\u2019un des \u00e9tablissements scolaires les plus prestigieux de Bosnie-Herz\u00e9govine.\" \/>\n<meta name=\"robots\" content=\"index, follow, max-snippet:-1, max-image-preview:large, max-video-preview:-1\" \/>\n<link rel=\"canonical\" href=\"https:\/\/cifs.edu.ba\/fr\/a-propos\/pourquoi-le-cifs-sarajevo\/\" \/>\n<meta property=\"og:locale\" content=\"fr_FR\" \/>\n<meta property=\"og:type\" content=\"article\" \/>\n<meta property=\"og:title\" content=\"Pourquoi le CIFS Sarajevo | Ecole fran\u00e7aise internationale\" \/>\n<meta property=\"og:description\" content=\"Reconnu pour sa philosophie \u00e9ducative, le CIFS est l\u2019un des \u00e9tablissements scolaires les plus prestigieux de Bosnie-Herz\u00e9govine.\" \/>\n<meta property=\"og:url\" content=\"https:\/\/cifs.edu.ba\/fr\/a-propos\/pourquoi-le-cifs-sarajevo\/\" \/>\n<meta property=\"og:site_name\" content=\"CIFS\" \/>\n<meta property=\"article:publisher\" content=\"https:\/\/www.facebook.com\/CIFSarajevo\/\" \/>\n<meta property=\"article:modified_time\" content=\"2026-03-04T00:34:34+00:00\" \/>\n<meta property=\"og:image\" content=\"https:\/\/cifs.edu.ba\/wp-content\/uploads\/2023\/11\/CIFS-25-years-French-International-School-Sarajevo.jpg\" \/>\n\t<meta property=\"og:image:width\" content=\"1200\" \/>\n\t<meta property=\"og:image:height\" content=\"900\" \/>\n\t<meta property=\"og:image:type\" content=\"image\/jpeg\" \/>\n<meta name=\"twitter:card\" content=\"summary_large_image\" \/>\n<meta name=\"twitter:label1\" content=\"Dur\u00e9e de lecture estim\u00e9e\" \/>\n\t<meta name=\"twitter:data1\" content=\"1 minute\" \/>\n<script type=\"application\/ld+json\" class=\"yoast-schema-graph\">{\"@context\":\"https:\/\/schema.org\",\"@graph\":[{\"@type\":\"WebPage\",\"@id\":\"https:\/\/cifs.edu.ba\/fr\/a-propos\/pourquoi-le-cifs-sarajevo\/\",\"url\":\"https:\/\/cifs.edu.ba\/fr\/a-propos\/pourquoi-le-cifs-sarajevo\/\",\"name\":\"Pourquoi le CIFS Sarajevo | Ecole fran\u00e7aise internationale\",\"isPartOf\":{\"@id\":\"https:\/\/cifs.edu.ba\/#website\"},\"primaryImageOfPage\":{\"@id\":\"https:\/\/cifs.edu.ba\/fr\/a-propos\/pourquoi-le-cifs-sarajevo\/#primaryimage\"},\"image\":{\"@id\":\"https:\/\/cifs.edu.ba\/fr\/a-propos\/pourquoi-le-cifs-sarajevo\/#primaryimage\"},\"thumbnailUrl\":\"https:\/\/cifs.edu.ba\/wp-content\/uploads\/2023\/11\/CIFS-25-years-French-International-School-Sarajevo.jpg\",\"datePublished\":\"2023-11-11T15:50:13+00:00\",\"dateModified\":\"2026-03-04T00:34:34+00:00\",\"description\":\"Reconnu pour sa philosophie \u00e9ducative, le CIFS est l\u2019un des \u00e9tablissements scolaires les plus prestigieux de Bosnie-Herz\u00e9govine.\",\"breadcrumb\":{\"@id\":\"https:\/\/cifs.edu.ba\/fr\/a-propos\/pourquoi-le-cifs-sarajevo\/#breadcrumb\"},\"inLanguage\":\"fr-FR\",\"potentialAction\":[{\"@type\":\"ReadAction\",\"target\":[\"https:\/\/cifs.edu.ba\/fr\/a-propos\/pourquoi-le-cifs-sarajevo\/\"]}]},{\"@type\":\"ImageObject\",\"inLanguage\":\"fr-FR\",\"@id\":\"https:\/\/cifs.edu.ba\/fr\/a-propos\/pourquoi-le-cifs-sarajevo\/#primaryimage\",\"url\":\"https:\/\/cifs.edu.ba\/wp-content\/uploads\/2023\/11\/CIFS-25-years-French-International-School-Sarajevo.jpg\",\"contentUrl\":\"https:\/\/cifs.edu.ba\/wp-content\/uploads\/2023\/11\/CIFS-25-years-French-International-School-Sarajevo.jpg\"},{\"@type\":\"BreadcrumbList\",\"@id\":\"https:\/\/cifs.edu.ba\/fr\/a-propos\/pourquoi-le-cifs-sarajevo\/#breadcrumb\",\"itemListElement\":[{\"@type\":\"ListItem\",\"position\":1,\"name\":\"Home\",\"item\":\"https:\/\/cifs.edu.ba\/fr\/\"},{\"@type\":\"ListItem\",\"position\":2,\"name\":\"A propos\",\"item\":\"https:\/\/cifs.edu.ba\/fr\/a-propos\/\"},{\"@type\":\"ListItem\",\"position\":3,\"name\":\"Pourquoi le CIFS Sarajevo\"}]},{\"@type\":\"WebSite\",\"@id\":\"https:\/\/cifs.edu.ba\/#website\",\"url\":\"https:\/\/cifs.edu.ba\/\",\"name\":\"International School in Sarajevo!\",\"description\":\"\",\"potentialAction\":[{\"@type\":\"SearchAction\",\"target\":{\"@type\":\"EntryPoint\",\"urlTemplate\":\"https:\/\/cifs.edu.ba\/?s={search_term_string}\"},\"query-input\":{\"@type\":\"PropertyValueSpecification\",\"valueRequired\":true,\"valueName\":\"search_term_string\"}}],\"inLanguage\":\"fr-FR\"}]}<\/script>\n<!-- \/ Yoast SEO plugin. -->","yoast_head_json":{"title":"Pourquoi le CIFS Sarajevo | Ecole fran\u00e7aise internationale","description":"Reconnu pour sa philosophie \u00e9ducative, le CIFS est l\u2019un des \u00e9tablissements scolaires les plus prestigieux de Bosnie-Herz\u00e9govine.","robots":{"index":"index","follow":"follow","max-snippet":"max-snippet:-1","max-image-preview":"max-image-preview:large","max-video-preview":"max-video-preview:-1"},"canonical":"https:\/\/cifs.edu.ba\/fr\/a-propos\/pourquoi-le-cifs-sarajevo\/","og_locale":"fr_FR","og_type":"article","og_title":"Pourquoi le CIFS Sarajevo | Ecole fran\u00e7aise internationale","og_description":"Reconnu pour sa philosophie \u00e9ducative, le CIFS est l\u2019un des \u00e9tablissements scolaires les plus prestigieux de Bosnie-Herz\u00e9govine.","og_url":"https:\/\/cifs.edu.ba\/fr\/a-propos\/pourquoi-le-cifs-sarajevo\/","og_site_name":"CIFS","article_publisher":"https:\/\/www.facebook.com\/CIFSarajevo\/","article_modified_time":"2026-03-04T00:34:34+00:00","og_image":[{"width":1200,"height":900,"url":"https:\/\/cifs.edu.ba\/wp-content\/uploads\/2023\/11\/CIFS-25-years-French-International-School-Sarajevo.jpg","type":"image\/jpeg"}],"twitter_card":"summary_large_image","twitter_misc":{"Dur\u00e9e de lecture estim\u00e9e":"1 minute"},"schema":{"@context":"https:\/\/schema.org","@graph":[{"@type":"WebPage","@id":"https:\/\/cifs.edu.ba\/fr\/a-propos\/pourquoi-le-cifs-sarajevo\/","url":"https:\/\/cifs.edu.ba\/fr\/a-propos\/pourquoi-le-cifs-sarajevo\/","name":"Pourquoi le CIFS Sarajevo | Ecole fran\u00e7aise internationale","isPartOf":{"@id":"https:\/\/cifs.edu.ba\/#website"},"primaryImageOfPage":{"@id":"https:\/\/cifs.edu.ba\/fr\/a-propos\/pourquoi-le-cifs-sarajevo\/#primaryimage"},"image":{"@id":"https:\/\/cifs.edu.ba\/fr\/a-propos\/pourquoi-le-cifs-sarajevo\/#primaryimage"},"thumbnailUrl":"https:\/\/cifs.edu.ba\/wp-content\/uploads\/2023\/11\/CIFS-25-years-French-International-School-Sarajevo.jpg","datePublished":"2023-11-11T15:50:13+00:00","dateModified":"2026-03-04T00:34:34+00:00","description":"Reconnu pour sa philosophie \u00e9ducative, le CIFS est l\u2019un des \u00e9tablissements scolaires les plus prestigieux de Bosnie-Herz\u00e9govine.","breadcrumb":{"@id":"https:\/\/cifs.edu.ba\/fr\/a-propos\/pourquoi-le-cifs-sarajevo\/#breadcrumb"},"inLanguage":"fr-FR","potentialAction":[{"@type":"ReadAction","target":["https:\/\/cifs.edu.ba\/fr\/a-propos\/pourquoi-le-cifs-sarajevo\/"]}]},{"@type":"ImageObject","inLanguage":"fr-FR","@id":"https:\/\/cifs.edu.ba\/fr\/a-propos\/pourquoi-le-cifs-sarajevo\/#primaryimage","url":"https:\/\/cifs.edu.ba\/wp-content\/uploads\/2023\/11\/CIFS-25-years-French-International-School-Sarajevo.jpg","contentUrl":"https:\/\/cifs.edu.ba\/wp-content\/uploads\/2023\/11\/CIFS-25-years-French-International-School-Sarajevo.jpg"},{"@type":"BreadcrumbList","@id":"https:\/\/cifs.edu.ba\/fr\/a-propos\/pourquoi-le-cifs-sarajevo\/#breadcrumb","itemListElement":[{"@type":"ListItem","position":1,"name":"Home","item":"https:\/\/cifs.edu.ba\/fr\/"},{"@type":"ListItem","position":2,"name":"A propos","item":"https:\/\/cifs.edu.ba\/fr\/a-propos\/"},{"@type":"ListItem","position":3,"name":"Pourquoi le CIFS Sarajevo"}]},{"@type":"WebSite","@id":"https:\/\/cifs.edu.ba\/#website","url":"https:\/\/cifs.edu.ba\/","name":"International School in Sarajevo!","description":"","potentialAction":[{"@type":"SearchAction","target":{"@type":"EntryPoint","urlTemplate":"https:\/\/cifs.edu.ba\/?s={search_term_string}"},"query-input":{"@type":"PropertyValueSpecification","valueRequired":true,"valueName":"search_term_string"}}],"inLanguage":"fr-FR"}]}},"_links":{"self":[{"href":"https:\/\/cifs.edu.ba\/fr\/wp-json\/wp\/v2\/pages\/529","targetHints":{"allow":["GET"]}}],"collection":[{"href":"https:\/\/cifs.edu.ba\/fr\/wp-json\/wp\/v2\/pages"}],"about":[{"href":"https:\/\/cifs.edu.ba\/fr\/wp-json\/wp\/v2\/types\/page"}],"author":[{"embeddable":true,"href":"https:\/\/cifs.edu.ba\/fr\/wp-json\/wp\/v2\/users\/1"}],"replies":[{"embeddable":true,"href":"https:\/\/cifs.edu.ba\/fr\/wp-json\/wp\/v2\/comments?post=529"}],"version-history":[{"count":5,"href":"https:\/\/cifs.edu.ba\/fr\/wp-json\/wp\/v2\/pages\/529\/revisions"}],"predecessor-version":[{"id":2427,"href":"https:\/\/cifs.edu.ba\/fr\/wp-json\/wp\/v2\/pages\/529\/revisions\/2427"}],"up":[{"embeddable":true,"href":"https:\/\/cifs.edu.ba\/fr\/wp-json\/wp\/v2\/pages\/523"}],"wp:attachment":[{"href":"https:\/\/cifs.edu.ba\/fr\/wp-json\/wp\/v2\/media?parent=529"}],"curies":[{"name":"wp","href":"https:\/\/api.w.org\/{rel}","templated":true}]}}