{"id":523,"date":"2023-11-11T22:46:55","date_gmt":"2023-11-11T22:46:55","guid":{"rendered":"https:\/\/cifs.edu.ba\/about-us\/"},"modified":"2026-03-10T12:31:29","modified_gmt":"2026-03-10T12:31:29","slug":"a-propos","status":"publish","type":"page","link":"https:\/\/cifs.edu.ba\/fr\/a-propos\/","title":{"rendered":"A propos"},"content":{"rendered":"<p><div class=\"fusion-fullwidth fullwidth-box fusion-builder-row-1 fusion-flex-container has-pattern-background has-mask-background nonhundred-percent-fullwidth non-hundred-percent-height-scrolling\" style=\"--awb-background-position:left top;--awb-background-repeat:repeat;--awb-background-blend-mode:overlay;--awb-border-radius-top-left:0px;--awb-border-radius-top-right:0px;--awb-border-radius-bottom-right:0px;--awb-border-radius-bottom-left:0px;--awb-flex-wrap:wrap;\" ><div class=\"fusion-builder-row fusion-row fusion-flex-align-items-flex-start fusion-flex-content-wrap\" style=\"max-width:1248px;margin-left: calc(-4% \/ 2 );margin-right: calc(-4% \/ 2 );\"><div class=\"fusion-layout-column fusion_builder_column fusion-builder-column-0 fusion_builder_column_1_2 1_2 fusion-flex-column\" style=\"--awb-padding-top:40px;--awb-bg-size:cover;--awb-width-large:50%;--awb-margin-top-large:0px;--awb-spacing-right-large:3.84%;--awb-margin-bottom-large:20px;--awb-spacing-left-large:3.84%;--awb-width-medium:50%;--awb-order-medium:0;--awb-spacing-right-medium:3.84%;--awb-spacing-left-medium:3.84%;--awb-width-small:100%;--awb-order-small:0;--awb-spacing-right-small:1.92%;--awb-spacing-left-small:1.92%;\"><div class=\"fusion-column-wrapper fusion-column-has-shadow fusion-flex-justify-content-flex-start fusion-content-layout-column\"><div class=\"fusion-text fusion-text-1\"><p><img decoding=\"async\" class=\"alignnone size-full wp-image-128\" src=\"https:\/\/cifs.edu.ba\/wp-content\/uploads\/2023\/11\/Nordine-Mebarki-Head-of-CIFS-School-.jpg\" alt=\"Nordine Mebarki - Head of CIFS School-\" width=\"750\" height=\"533\" srcset=\"https:\/\/cifs.edu.ba\/wp-content\/uploads\/2023\/11\/Nordine-Mebarki-Head-of-CIFS-School--200x142.jpg 200w, https:\/\/cifs.edu.ba\/wp-content\/uploads\/2023\/11\/Nordine-Mebarki-Head-of-CIFS-School--300x214.jpg 300w, https:\/\/cifs.edu.ba\/wp-content\/uploads\/2023\/11\/Nordine-Mebarki-Head-of-CIFS-School--400x284.jpg 400w, https:\/\/cifs.edu.ba\/wp-content\/uploads\/2023\/11\/Nordine-Mebarki-Head-of-CIFS-School--600x426.jpg 600w, https:\/\/cifs.edu.ba\/wp-content\/uploads\/2023\/11\/Nordine-Mebarki-Head-of-CIFS-School-.jpg 750w\" sizes=\"(max-width: 750px) 100vw, 750px\" \/><\/p>\n<\/div><\/div><\/div><div class=\"fusion-layout-column fusion_builder_column fusion-builder-column-1 fusion_builder_column_1_2 1_2 fusion-flex-column\" style=\"--awb-padding-top:50px;--awb-bg-size:cover;--awb-width-large:50%;--awb-margin-top-large:0px;--awb-spacing-right-large:3.84%;--awb-margin-bottom-large:20px;--awb-spacing-left-large:3.84%;--awb-width-medium:50%;--awb-order-medium:0;--awb-spacing-right-medium:3.84%;--awb-spacing-left-medium:3.84%;--awb-width-small:100%;--awb-order-small:0;--awb-spacing-right-small:1.92%;--awb-spacing-left-small:1.92%;\"><div class=\"fusion-column-wrapper fusion-column-has-shadow fusion-flex-justify-content-flex-start fusion-content-layout-column\"><div class=\"fusion-text fusion-text-2\" style=\"--awb-text-color:var(--awb-color7);\"><h2>Mot du Directeur<strong><br \/>\n<\/strong><\/h2>\n<p>Le Coll\u00e8ge International Fran\u00e7ais de Sarajevo accueille actuellement 266 \u00e9l\u00e8ves r\u00e9partis en 15 divisions. Il regroupe sur un m\u00eame site les \u00e9l\u00e8ves de la Tr\u00e8s Petite Section de maternelle \u00e0 la Terminale. Le b\u00e2timent de style Austro-hongrois, spacieux, calme, lumineux, et bien am\u00e9nag\u00e9, constitue un cadre exceptionnel propre \u00e0 favoriser la r\u00e9ussite de tous.<\/p>\n<\/div><div style=\"text-align:left;\"><a class=\"fusion-button button-flat fusion-button-default-size button-custom fusion-button-default button-1 fusion-button-default-span fusion-button-default-type\" style=\"--button_accent_color:var(--awb-color1);--button_accent_hover_color:var(--awb-color1);--button_border_hover_color:var(--awb-color1);--button_gradient_top_color:#1f3565;--button_gradient_bottom_color:#1f3565;--button_gradient_top_color_hover:#2b2293;--button_gradient_bottom_color_hover:#2b2293;\" target=\"_self\" href=\"https:\/\/cifs.edu.ba\/fr\/a-propos\/message-de-bienvenue\/\"><span class=\"fusion-button-text awb-button__text awb-button__text--default\">En savoir plus<\/span><\/a><\/div><\/div><\/div><\/div><\/div><div class=\"fusion-fullwidth fullwidth-box fusion-builder-row-2 fusion-flex-container has-pattern-background has-mask-background nonhundred-percent-fullwidth non-hundred-percent-height-scrolling\" style=\"--awb-background-position:left top;--awb-background-repeat:repeat;--awb-background-blend-mode:overlay;--awb-border-radius-top-left:0px;--awb-border-radius-top-right:0px;--awb-border-radius-bottom-right:0px;--awb-border-radius-bottom-left:0px;--awb-background-color:#e9fcfe;--awb-flex-wrap:wrap;\" ><div class=\"fusion-builder-row fusion-row fusion-flex-align-items-flex-start fusion-flex-content-wrap\" style=\"max-width:1248px;margin-left: calc(-4% \/ 2 );margin-right: calc(-4% \/ 2 );\"><div class=\"fusion-layout-column fusion_builder_column fusion-builder-column-2 fusion_builder_column_1_2 1_2 fusion-flex-column\" style=\"--awb-padding-top:50px;--awb-bg-size:cover;--awb-width-large:50%;--awb-margin-top-large:0px;--awb-spacing-right-large:3.84%;--awb-margin-bottom-large:20px;--awb-spacing-left-large:3.84%;--awb-width-medium:50%;--awb-order-medium:0;--awb-spacing-right-medium:3.84%;--awb-spacing-left-medium:3.84%;--awb-width-small:100%;--awb-order-small:0;--awb-spacing-right-small:1.92%;--awb-spacing-left-small:1.92%;\"><div class=\"fusion-column-wrapper fusion-column-has-shadow fusion-flex-justify-content-flex-start fusion-content-layout-column\"><div class=\"fusion-text fusion-text-3\" style=\"--awb-text-color:var(--awb-color7);\"><h2>Notre \u00c9tablissement<\/h2>\n<p>Fond\u00e9 en 1998, Le Coll\u00e8ge International Fran\u00e7ais de Sarajevo accueille aujourd\u2019hui 266 \u00e9l\u00e8ves de la maternelle \u00e0 la Terminale.<\/p>\n<p>Avec son \u00e9quipe p\u00e9dagogique dynamique et engag\u00e9e, l\u2019\u00e9cole aspire \u00e0 offrir \u00e0 chaque \u00e9l\u00e8ve des connaissances et comp\u00e9tences solides et une scolarit\u00e9 ouverte sur l\u2019Europe et le monde.<\/p>\n<p>Elle contribue \u00e0 la diffusion de la langue et de la culture fran\u00e7aise internationale dans un cadre p\u00e9dagogique la\u00efque, plurilingue et interculturel.<\/p>\n<\/div><div ><a class=\"fusion-button button-flat fusion-button-default-size button-custom fusion-button-default button-2 fusion-button-default-span fusion-button-default-type\" style=\"--button_accent_color:var(--awb-color1);--button_accent_hover_color:var(--awb-color1);--button_border_hover_color:var(--awb-color1);--button_gradient_top_color:#ef4956;--button_gradient_bottom_color:#ef4956;--button_gradient_top_color_hover:#d55862;--button_gradient_bottom_color_hover:#d55862;\" target=\"_self\" href=\"https:\/\/cifs.edu.ba\/fr\/a-propos\/notre-etablissement\/\"><span class=\"fusion-button-text awb-button__text awb-button__text--default\">En savoir plus<\/span><\/a><\/div><\/div><\/div><div class=\"fusion-layout-column fusion_builder_column fusion-builder-column-3 fusion_builder_column_1_2 1_2 fusion-flex-column\" style=\"--awb-padding-top:40px;--awb-bg-size:cover;--awb-width-large:50%;--awb-margin-top-large:0px;--awb-spacing-right-large:3.84%;--awb-margin-bottom-large:20px;--awb-spacing-left-large:3.84%;--awb-width-medium:50%;--awb-order-medium:0;--awb-spacing-right-medium:3.84%;--awb-spacing-left-medium:3.84%;--awb-width-small:100%;--awb-order-small:0;--awb-spacing-right-small:1.92%;--awb-spacing-left-small:1.92%;\"><div class=\"fusion-column-wrapper fusion-column-has-shadow fusion-flex-justify-content-flex-start fusion-content-layout-column\"><div class=\"fusion-text fusion-text-4\"><p><img decoding=\"async\" class=\"alignleft wp-image-2498 size-full\" src=\"https:\/\/cifs.edu.ba\/wp-content\/uploads\/2026\/03\/Our-School.jpg\" alt=\"\" width=\"1200\" height=\"900\" srcset=\"https:\/\/cifs.edu.ba\/wp-content\/uploads\/2026\/03\/Our-School-200x150.jpg 200w, https:\/\/cifs.edu.ba\/wp-content\/uploads\/2026\/03\/Our-School-300x225.jpg 300w, https:\/\/cifs.edu.ba\/wp-content\/uploads\/2026\/03\/Our-School-400x300.jpg 400w, https:\/\/cifs.edu.ba\/wp-content\/uploads\/2026\/03\/Our-School-600x450.jpg 600w, https:\/\/cifs.edu.ba\/wp-content\/uploads\/2026\/03\/Our-School-768x576.jpg 768w, https:\/\/cifs.edu.ba\/wp-content\/uploads\/2026\/03\/Our-School-800x600.jpg 800w, https:\/\/cifs.edu.ba\/wp-content\/uploads\/2026\/03\/Our-School-1024x768.jpg 1024w, https:\/\/cifs.edu.ba\/wp-content\/uploads\/2026\/03\/Our-School.jpg 1200w\" sizes=\"(max-width: 1200px) 100vw, 1200px\" \/><\/p>\n<\/div><\/div><\/div><\/div><\/div><div class=\"fusion-fullwidth fullwidth-box fusion-builder-row-3 fusion-flex-container has-pattern-background has-mask-background nonhundred-percent-fullwidth non-hundred-percent-height-scrolling\" style=\"--awb-background-position:left top;--awb-background-repeat:repeat;--awb-background-blend-mode:overlay;--awb-border-radius-top-left:0px;--awb-border-radius-top-right:0px;--awb-border-radius-bottom-right:0px;--awb-border-radius-bottom-left:0px;--awb-flex-wrap:wrap;\" ><div class=\"fusion-builder-row fusion-row fusion-flex-align-items-flex-start fusion-flex-content-wrap\" style=\"max-width:1248px;margin-left: calc(-4% \/ 2 );margin-right: calc(-4% \/ 2 );\"><div class=\"fusion-layout-column fusion_builder_column fusion-builder-column-4 fusion_builder_column_1_2 1_2 fusion-flex-column\" style=\"--awb-padding-top:40px;--awb-bg-size:cover;--awb-width-large:50%;--awb-margin-top-large:0px;--awb-spacing-right-large:3.84%;--awb-margin-bottom-large:20px;--awb-spacing-left-large:3.84%;--awb-width-medium:50%;--awb-order-medium:0;--awb-spacing-right-medium:3.84%;--awb-spacing-left-medium:3.84%;--awb-width-small:100%;--awb-order-small:0;--awb-spacing-right-small:1.92%;--awb-spacing-left-small:1.92%;\"><div class=\"fusion-column-wrapper fusion-column-has-shadow fusion-flex-justify-content-flex-start fusion-content-layout-column\"><div class=\"fusion-text fusion-text-5\"><p><img decoding=\"async\" class=\"alignleft wp-image-2487 size-full\" src=\"https:\/\/cifs.edu.ba\/wp-content\/uploads\/2026\/03\/Why-CIFS.jpg\" alt=\"\" width=\"1200\" height=\"900\" srcset=\"https:\/\/cifs.edu.ba\/wp-content\/uploads\/2026\/03\/Why-CIFS-200x150.jpg 200w, https:\/\/cifs.edu.ba\/wp-content\/uploads\/2026\/03\/Why-CIFS-300x225.jpg 300w, https:\/\/cifs.edu.ba\/wp-content\/uploads\/2026\/03\/Why-CIFS-400x300.jpg 400w, https:\/\/cifs.edu.ba\/wp-content\/uploads\/2026\/03\/Why-CIFS-600x450.jpg 600w, https:\/\/cifs.edu.ba\/wp-content\/uploads\/2026\/03\/Why-CIFS-768x576.jpg 768w, https:\/\/cifs.edu.ba\/wp-content\/uploads\/2026\/03\/Why-CIFS-800x600.jpg 800w, https:\/\/cifs.edu.ba\/wp-content\/uploads\/2026\/03\/Why-CIFS-1024x768.jpg 1024w, https:\/\/cifs.edu.ba\/wp-content\/uploads\/2026\/03\/Why-CIFS.jpg 1200w\" sizes=\"(max-width: 1200px) 100vw, 1200px\" \/><\/p>\n<\/div><\/div><\/div><div class=\"fusion-layout-column fusion_builder_column fusion-builder-column-5 fusion_builder_column_1_2 1_2 fusion-flex-column\" style=\"--awb-padding-top:50px;--awb-bg-size:cover;--awb-width-large:50%;--awb-margin-top-large:0px;--awb-spacing-right-large:3.84%;--awb-margin-bottom-large:20px;--awb-spacing-left-large:3.84%;--awb-width-medium:50%;--awb-order-medium:0;--awb-spacing-right-medium:3.84%;--awb-spacing-left-medium:3.84%;--awb-width-small:100%;--awb-order-small:0;--awb-spacing-right-small:1.92%;--awb-spacing-left-small:1.92%;\"><div class=\"fusion-column-wrapper fusion-column-has-shadow fusion-flex-justify-content-flex-start fusion-content-layout-column\"><div class=\"fusion-text fusion-text-6\" style=\"--awb-text-color:var(--awb-color7);\"><h2>Pourquoi Le CIFS Sarajevo?<strong><br \/>\n<\/strong><\/h2>\n<p>Reconnu \u00a0pour sa philosophie \u00e9ducative, le CIFS est l\u2019un des \u00e9tablissements scolaires les plus prestigieux de Bosnie-Herz\u00e9govine, alliant exigence \u00e9ducative et bien-\u00eatre des \u00e9l\u00e8ves, et l\u2019unique \u00e9tablissement fran\u00e7ais homologu\u00e9e par le minist\u00e8re de l\u2019Education Nationale fran\u00e7ais.<\/p>\n<p>Choisir de rejoindre notre \u00e9tablissement, c\u2019est choisir une \u00e9ducation internationale dans laquelle l\u2019excellence \u00e9ducative fran\u00e7aise est mise \u00e0 l\u2019honneur. Les programmes d\u2019enseignement sont garantis par le partenariat avec l\u2019AEFE et l\u2019approche p\u00e9dagogique consiste \u00e0 ouvrir nos \u00e9l\u00e8ves sur le monde.<\/p>\n<\/div><div style=\"text-align:left;\"><a class=\"fusion-button button-flat fusion-button-default-size button-custom fusion-button-default button-3 fusion-button-default-span fusion-button-default-type\" style=\"--button_accent_color:var(--awb-color1);--button_accent_hover_color:var(--awb-color1);--button_border_hover_color:var(--awb-color1);--button_gradient_top_color:#1f3565;--button_gradient_bottom_color:#1f3565;--button_gradient_top_color_hover:#2b2293;--button_gradient_bottom_color_hover:#2b2293;\" target=\"_self\" href=\"https:\/\/cifs.edu.ba\/fr\/a-propos\/pourquoi-le-cifs-sarajevo\/\"><span class=\"fusion-button-text awb-button__text awb-button__text--default\">En savoir plus<\/span><\/a><\/div><\/div><\/div><\/div><\/div><div class=\"fusion-fullwidth fullwidth-box fusion-builder-row-4 fusion-flex-container has-pattern-background has-mask-background nonhundred-percent-fullwidth non-hundred-percent-height-scrolling\" style=\"--awb-background-position:left top;--awb-background-repeat:repeat;--awb-background-blend-mode:overlay;--awb-border-radius-top-left:0px;--awb-border-radius-top-right:0px;--awb-border-radius-bottom-right:0px;--awb-border-radius-bottom-left:0px;--awb-margin-bottom:-50px;--awb-background-color:#e9fcfe;--awb-flex-wrap:wrap;\" ><div class=\"fusion-builder-row fusion-row fusion-flex-align-items-flex-start fusion-flex-content-wrap\" style=\"max-width:1248px;margin-left: calc(-4% \/ 2 );margin-right: calc(-4% \/ 2 );\"><div class=\"fusion-layout-column fusion_builder_column fusion-builder-column-6 fusion_builder_column_1_2 1_2 fusion-flex-column\" style=\"--awb-padding-top:50px;--awb-bg-size:cover;--awb-width-large:50%;--awb-margin-top-large:0px;--awb-spacing-right-large:3.84%;--awb-margin-bottom-large:20px;--awb-spacing-left-large:3.84%;--awb-width-medium:50%;--awb-order-medium:0;--awb-spacing-right-medium:3.84%;--awb-spacing-left-medium:3.84%;--awb-width-small:100%;--awb-order-small:0;--awb-spacing-right-small:1.92%;--awb-spacing-left-small:1.92%;\"><div class=\"fusion-column-wrapper fusion-column-has-shadow fusion-flex-justify-content-flex-start fusion-content-layout-column\"><div class=\"fusion-text fusion-text-7\" style=\"--awb-text-color:var(--awb-color7);\"><h2>R\u00e9seau Scolaire Odyssey<\/h2>\n<p>Odyssey est un groupe fran\u00e7ais d\u2019\u00e9ducation internationale dont les \u00e9tablissements \u00e0 travers le monde offrent, de la maternelle au lyc\u00e9e, une scolarit\u00e9 d\u2019excellence alliant aux programmes scolaires fran\u00e7ais une p\u00e9dagogie innovante et une ouverture internationale. Bas\u00e9 \u00e0 Paris, le Groupe Odyssey a \u00e9t\u00e9 fond\u00e9 par des sp\u00e9cialistes de l\u2019\u00e9ducation d\u00e9sireux de cr\u00e9er un nouveau groupe \u00e9ducatif alliant le meilleur de l\u2019\u00e9ducation fran\u00e7aise et internationale.<\/p>\n<\/div><div ><a class=\"fusion-button button-flat fusion-button-default-size button-custom fusion-button-default button-4 fusion-button-default-span fusion-button-default-type\" style=\"--button_accent_color:var(--awb-color1);--button_accent_hover_color:var(--awb-color1);--button_border_hover_color:var(--awb-color1);--button_gradient_top_color:#ef4956;--button_gradient_bottom_color:#ef4956;--button_gradient_top_color_hover:#d55862;--button_gradient_bottom_color_hover:#d55862;\" target=\"_self\" href=\"https:\/\/cifs.edu.ba\/fr\/a-propos\/reseau-scolaire-odyssey\/\"><span class=\"fusion-button-text awb-button__text awb-button__text--default\">En savoir plus<\/span><\/a><\/div><\/div><\/div><div class=\"fusion-layout-column fusion_builder_column fusion-builder-column-7 fusion_builder_column_1_2 1_2 fusion-flex-column\" style=\"--awb-padding-top:40px;--awb-bg-size:cover;--awb-width-large:50%;--awb-margin-top-large:0px;--awb-spacing-right-large:3.84%;--awb-margin-bottom-large:20px;--awb-spacing-left-large:3.84%;--awb-width-medium:50%;--awb-order-medium:0;--awb-spacing-right-medium:3.84%;--awb-spacing-left-medium:3.84%;--awb-width-small:100%;--awb-order-small:0;--awb-spacing-right-small:1.92%;--awb-spacing-left-small:1.92%;\"><div class=\"fusion-column-wrapper fusion-column-has-shadow fusion-flex-justify-content-flex-start fusion-content-layout-column\"><div class=\"fusion-text fusion-text-8\"><p><img decoding=\"async\" class=\"alignnone wp-image-1519 size-full\" src=\"https:\/\/efis.mk\/wp-content\/uploads\/2023\/02\/Odyssey.png\" alt=\"Odyssey\" width=\"722\" height=\"564\" \/><\/p>\n<\/div><\/div><\/div><\/div><\/div><\/p>\n","protected":false},"excerpt":{"rendered":"","protected":false},"author":1,"featured_media":0,"parent":0,"menu_order":0,"comment_status":"closed","ping_status":"closed","template":"100-width.php","meta":{"footnotes":""},"class_list":["post-523","page","type-page","status-publish","hentry"],"yoast_head":"<!-- This site is optimized with the Yoast SEO plugin v27.1.1 - https:\/\/yoast.com\/product\/yoast-seo-wordpress\/ -->\n<title>A Propos CIFS | Ecole Fran\u00e7aise Internationale \u00e0 Sarajevo<\/title>\n<meta name=\"description\" content=\"Fond\u00e9 en 1998, Le Coll\u00e8ge International Fran\u00e7ais de Sarajevo accueille aujourd\u2019hui 266 \u00e9l\u00e8ves de la maternelle \u00e0 la Terminale.\" \/>\n<meta name=\"robots\" content=\"index, follow, max-snippet:-1, max-image-preview:large, max-video-preview:-1\" \/>\n<link rel=\"canonical\" href=\"https:\/\/cifs.edu.ba\/fr\/a-propos\/\" \/>\n<meta property=\"og:locale\" content=\"fr_FR\" \/>\n<meta property=\"og:type\" content=\"article\" \/>\n<meta property=\"og:title\" content=\"A Propos CIFS | Ecole Fran\u00e7aise Internationale \u00e0 Sarajevo\" \/>\n<meta property=\"og:description\" content=\"Fond\u00e9 en 1998, Le Coll\u00e8ge International Fran\u00e7ais de Sarajevo accueille aujourd\u2019hui 266 \u00e9l\u00e8ves de la maternelle \u00e0 la Terminale.\" \/>\n<meta property=\"og:url\" content=\"https:\/\/cifs.edu.ba\/fr\/a-propos\/\" \/>\n<meta property=\"og:site_name\" content=\"CIFS\" \/>\n<meta property=\"article:publisher\" content=\"https:\/\/www.facebook.com\/CIFSarajevo\/\" \/>\n<meta property=\"article:modified_time\" content=\"2026-03-10T12:31:29+00:00\" \/>\n<meta property=\"og:image\" content=\"https:\/\/cifs.edu.ba\/wp-content\/uploads\/2023\/11\/Nordine-Mebarki-Head-of-CIFS-School-.jpg\" \/>\n\t<meta property=\"og:image:width\" content=\"750\" \/>\n\t<meta property=\"og:image:height\" content=\"533\" \/>\n\t<meta property=\"og:image:type\" content=\"image\/jpeg\" \/>\n<meta name=\"twitter:card\" content=\"summary_large_image\" \/>\n<meta name=\"twitter:label1\" content=\"Dur\u00e9e de lecture estim\u00e9e\" \/>\n\t<meta name=\"twitter:data1\" content=\"3 minutes\" \/>\n<script type=\"application\/ld+json\" class=\"yoast-schema-graph\">{\"@context\":\"https:\/\/schema.org\",\"@graph\":[{\"@type\":\"WebPage\",\"@id\":\"https:\/\/cifs.edu.ba\/fr\/a-propos\/\",\"url\":\"https:\/\/cifs.edu.ba\/fr\/a-propos\/\",\"name\":\"A Propos CIFS | Ecole Fran\u00e7aise Internationale \u00e0 Sarajevo\",\"isPartOf\":{\"@id\":\"https:\/\/cifs.edu.ba\/#website\"},\"primaryImageOfPage\":{\"@id\":\"https:\/\/cifs.edu.ba\/fr\/a-propos\/#primaryimage\"},\"image\":{\"@id\":\"https:\/\/cifs.edu.ba\/fr\/a-propos\/#primaryimage\"},\"thumbnailUrl\":\"https:\/\/cifs.edu.ba\/wp-content\/uploads\/2023\/11\/Nordine-Mebarki-Head-of-CIFS-School-.jpg\",\"datePublished\":\"2023-11-11T22:46:55+00:00\",\"dateModified\":\"2026-03-10T12:31:29+00:00\",\"description\":\"Fond\u00e9 en 1998, Le Coll\u00e8ge International Fran\u00e7ais de Sarajevo accueille aujourd\u2019hui 266 \u00e9l\u00e8ves de la maternelle \u00e0 la Terminale.\",\"breadcrumb\":{\"@id\":\"https:\/\/cifs.edu.ba\/fr\/a-propos\/#breadcrumb\"},\"inLanguage\":\"fr-FR\",\"potentialAction\":[{\"@type\":\"ReadAction\",\"target\":[\"https:\/\/cifs.edu.ba\/fr\/a-propos\/\"]}]},{\"@type\":\"ImageObject\",\"inLanguage\":\"fr-FR\",\"@id\":\"https:\/\/cifs.edu.ba\/fr\/a-propos\/#primaryimage\",\"url\":\"https:\/\/cifs.edu.ba\/wp-content\/uploads\/2023\/11\/Nordine-Mebarki-Head-of-CIFS-School-.jpg\",\"contentUrl\":\"https:\/\/cifs.edu.ba\/wp-content\/uploads\/2023\/11\/Nordine-Mebarki-Head-of-CIFS-School-.jpg\"},{\"@type\":\"BreadcrumbList\",\"@id\":\"https:\/\/cifs.edu.ba\/fr\/a-propos\/#breadcrumb\",\"itemListElement\":[{\"@type\":\"ListItem\",\"position\":1,\"name\":\"Home\",\"item\":\"https:\/\/cifs.edu.ba\/fr\/\"},{\"@type\":\"ListItem\",\"position\":2,\"name\":\"A propos\"}]},{\"@type\":\"WebSite\",\"@id\":\"https:\/\/cifs.edu.ba\/#website\",\"url\":\"https:\/\/cifs.edu.ba\/\",\"name\":\"International School in Sarajevo!\",\"description\":\"\",\"potentialAction\":[{\"@type\":\"SearchAction\",\"target\":{\"@type\":\"EntryPoint\",\"urlTemplate\":\"https:\/\/cifs.edu.ba\/?s={search_term_string}\"},\"query-input\":{\"@type\":\"PropertyValueSpecification\",\"valueRequired\":true,\"valueName\":\"search_term_string\"}}],\"inLanguage\":\"fr-FR\"}]}<\/script>\n<!-- \/ Yoast SEO plugin. -->","yoast_head_json":{"title":"A Propos CIFS | Ecole Fran\u00e7aise Internationale \u00e0 Sarajevo","description":"Fond\u00e9 en 1998, Le Coll\u00e8ge International Fran\u00e7ais de Sarajevo accueille aujourd\u2019hui 266 \u00e9l\u00e8ves de la maternelle \u00e0 la Terminale.","robots":{"index":"index","follow":"follow","max-snippet":"max-snippet:-1","max-image-preview":"max-image-preview:large","max-video-preview":"max-video-preview:-1"},"canonical":"https:\/\/cifs.edu.ba\/fr\/a-propos\/","og_locale":"fr_FR","og_type":"article","og_title":"A Propos CIFS | Ecole Fran\u00e7aise Internationale \u00e0 Sarajevo","og_description":"Fond\u00e9 en 1998, Le Coll\u00e8ge International Fran\u00e7ais de Sarajevo accueille aujourd\u2019hui 266 \u00e9l\u00e8ves de la maternelle \u00e0 la Terminale.","og_url":"https:\/\/cifs.edu.ba\/fr\/a-propos\/","og_site_name":"CIFS","article_publisher":"https:\/\/www.facebook.com\/CIFSarajevo\/","article_modified_time":"2026-03-10T12:31:29+00:00","og_image":[{"width":750,"height":533,"url":"https:\/\/cifs.edu.ba\/wp-content\/uploads\/2023\/11\/Nordine-Mebarki-Head-of-CIFS-School-.jpg","type":"image\/jpeg"}],"twitter_card":"summary_large_image","twitter_misc":{"Dur\u00e9e de lecture estim\u00e9e":"3 minutes"},"schema":{"@context":"https:\/\/schema.org","@graph":[{"@type":"WebPage","@id":"https:\/\/cifs.edu.ba\/fr\/a-propos\/","url":"https:\/\/cifs.edu.ba\/fr\/a-propos\/","name":"A Propos CIFS | Ecole Fran\u00e7aise Internationale \u00e0 Sarajevo","isPartOf":{"@id":"https:\/\/cifs.edu.ba\/#website"},"primaryImageOfPage":{"@id":"https:\/\/cifs.edu.ba\/fr\/a-propos\/#primaryimage"},"image":{"@id":"https:\/\/cifs.edu.ba\/fr\/a-propos\/#primaryimage"},"thumbnailUrl":"https:\/\/cifs.edu.ba\/wp-content\/uploads\/2023\/11\/Nordine-Mebarki-Head-of-CIFS-School-.jpg","datePublished":"2023-11-11T22:46:55+00:00","dateModified":"2026-03-10T12:31:29+00:00","description":"Fond\u00e9 en 1998, Le Coll\u00e8ge International Fran\u00e7ais de Sarajevo accueille aujourd\u2019hui 266 \u00e9l\u00e8ves de la maternelle \u00e0 la Terminale.","breadcrumb":{"@id":"https:\/\/cifs.edu.ba\/fr\/a-propos\/#breadcrumb"},"inLanguage":"fr-FR","potentialAction":[{"@type":"ReadAction","target":["https:\/\/cifs.edu.ba\/fr\/a-propos\/"]}]},{"@type":"ImageObject","inLanguage":"fr-FR","@id":"https:\/\/cifs.edu.ba\/fr\/a-propos\/#primaryimage","url":"https:\/\/cifs.edu.ba\/wp-content\/uploads\/2023\/11\/Nordine-Mebarki-Head-of-CIFS-School-.jpg","contentUrl":"https:\/\/cifs.edu.ba\/wp-content\/uploads\/2023\/11\/Nordine-Mebarki-Head-of-CIFS-School-.jpg"},{"@type":"BreadcrumbList","@id":"https:\/\/cifs.edu.ba\/fr\/a-propos\/#breadcrumb","itemListElement":[{"@type":"ListItem","position":1,"name":"Home","item":"https:\/\/cifs.edu.ba\/fr\/"},{"@type":"ListItem","position":2,"name":"A propos"}]},{"@type":"WebSite","@id":"https:\/\/cifs.edu.ba\/#website","url":"https:\/\/cifs.edu.ba\/","name":"International School in Sarajevo!","description":"","potentialAction":[{"@type":"SearchAction","target":{"@type":"EntryPoint","urlTemplate":"https:\/\/cifs.edu.ba\/?s={search_term_string}"},"query-input":{"@type":"PropertyValueSpecification","valueRequired":true,"valueName":"search_term_string"}}],"inLanguage":"fr-FR"}]}},"_links":{"self":[{"href":"https:\/\/cifs.edu.ba\/fr\/wp-json\/wp\/v2\/pages\/523","targetHints":{"allow":["GET"]}}],"collection":[{"href":"https:\/\/cifs.edu.ba\/fr\/wp-json\/wp\/v2\/pages"}],"about":[{"href":"https:\/\/cifs.edu.ba\/fr\/wp-json\/wp\/v2\/types\/page"}],"author":[{"embeddable":true,"href":"https:\/\/cifs.edu.ba\/fr\/wp-json\/wp\/v2\/users\/1"}],"replies":[{"embeddable":true,"href":"https:\/\/cifs.edu.ba\/fr\/wp-json\/wp\/v2\/comments?post=523"}],"version-history":[{"count":7,"href":"https:\/\/cifs.edu.ba\/fr\/wp-json\/wp\/v2\/pages\/523\/revisions"}],"predecessor-version":[{"id":2565,"href":"https:\/\/cifs.edu.ba\/fr\/wp-json\/wp\/v2\/pages\/523\/revisions\/2565"}],"wp:attachment":[{"href":"https:\/\/cifs.edu.ba\/fr\/wp-json\/wp\/v2\/media?parent=523"}],"curies":[{"name":"wp","href":"https:\/\/api.w.org\/{rel}","templated":true}]}}