{"id":517,"date":"2023-11-11T15:40:23","date_gmt":"2023-11-11T15:40:23","guid":{"rendered":"https:\/\/cifs.edu.ba\/our-school\/"},"modified":"2026-03-04T00:27:52","modified_gmt":"2026-03-04T00:27:52","slug":"notre-etablissement","status":"publish","type":"page","link":"https:\/\/cifs.edu.ba\/fr\/a-propos\/notre-etablissement\/","title":{"rendered":"Notre \u00e9tablissement"},"content":{"rendered":"<div class=\"fusion-fullwidth fullwidth-box fusion-builder-row-1 fusion-flex-container has-pattern-background has-mask-background fusion-parallax-none nonhundred-percent-fullwidth non-hundred-percent-height-scrolling\" style=\"--awb-background-position:left top;--awb-background-repeat:repeat;--awb-background-blend-mode:overlay;--awb-border-radius-top-left:0px;--awb-border-radius-top-right:0px;--awb-border-radius-bottom-right:0px;--awb-border-radius-bottom-left:0px;--awb-margin-top:-50px;--awb-margin-bottom:-50px;--awb-background-image:url(&quot;https:\/\/cifs.edu.ba\/wp-content\/uploads\/2023\/11\/patern-red.png&quot;);--awb-flex-wrap:wrap;\" ><div class=\"fusion-builder-row fusion-row fusion-flex-align-items-flex-start fusion-flex-content-wrap\" style=\"max-width:1248px;margin-left: calc(-4% \/ 2 );margin-right: calc(-4% \/ 2 );\"><div class=\"fusion-layout-column fusion_builder_column fusion-builder-column-0 fusion_builder_column_1_3 1_3 fusion-flex-column\" style=\"--awb-padding-top:40px;--awb-bg-size:cover;--awb-width-large:33.333333333333%;--awb-margin-top-large:0px;--awb-spacing-right-large:5.76%;--awb-margin-bottom-large:20px;--awb-spacing-left-large:5.76%;--awb-width-medium:33.333333333333%;--awb-order-medium:0;--awb-spacing-right-medium:5.76%;--awb-spacing-left-medium:5.76%;--awb-width-small:100%;--awb-order-small:0;--awb-spacing-right-small:1.92%;--awb-spacing-left-small:1.92%;\"><div class=\"fusion-column-wrapper fusion-column-has-shadow fusion-flex-justify-content-flex-start fusion-content-layout-column\"><div class=\"fusion-title title fusion-title-1 fusion-sep-none fusion-title-text fusion-title-size-two\" style=\"--awb-text-color:var(--awb-color1);\"><h2 class=\"fusion-title-heading title-heading-left\" style=\"margin:0;\">CIFS SARAJEVO<\/h2><\/div><div class=\"fusion-text fusion-text-1\"><p><img decoding=\"async\" class=\"alignnone size-full wp-image-262\" src=\"https:\/\/cifs.edu.ba\/wp-content\/uploads\/2023\/11\/French-International-School-of-Sarajevo.jpg\" alt=\"French International School of Sarajevo\" width=\"1000\" height=\"750\" srcset=\"https:\/\/cifs.edu.ba\/wp-content\/uploads\/2023\/11\/French-International-School-of-Sarajevo-200x150.jpg 200w, https:\/\/cifs.edu.ba\/wp-content\/uploads\/2023\/11\/French-International-School-of-Sarajevo-300x225.jpg 300w, https:\/\/cifs.edu.ba\/wp-content\/uploads\/2023\/11\/French-International-School-of-Sarajevo-400x300.jpg 400w, https:\/\/cifs.edu.ba\/wp-content\/uploads\/2023\/11\/French-International-School-of-Sarajevo-600x450.jpg 600w, https:\/\/cifs.edu.ba\/wp-content\/uploads\/2023\/11\/French-International-School-of-Sarajevo-768x576.jpg 768w, https:\/\/cifs.edu.ba\/wp-content\/uploads\/2023\/11\/French-International-School-of-Sarajevo-800x600.jpg 800w, https:\/\/cifs.edu.ba\/wp-content\/uploads\/2023\/11\/French-International-School-of-Sarajevo.jpg 1000w\" sizes=\"(max-width: 1000px) 100vw, 1000px\" \/><\/p>\n<\/div><\/div><\/div><div class=\"fusion-layout-column fusion_builder_column fusion-builder-column-1 fusion_builder_column_2_3 2_3 fusion-flex-column\" style=\"--awb-padding-top:50px;--awb-bg-size:cover;--awb-width-large:66.666666666667%;--awb-margin-top-large:0px;--awb-spacing-right-large:2.88%;--awb-margin-bottom-large:20px;--awb-spacing-left-large:2.88%;--awb-width-medium:66.666666666667%;--awb-order-medium:0;--awb-spacing-right-medium:2.88%;--awb-spacing-left-medium:2.88%;--awb-width-small:100%;--awb-order-small:0;--awb-spacing-right-small:1.92%;--awb-spacing-left-small:1.92%;\"><div class=\"fusion-column-wrapper fusion-column-has-shadow fusion-flex-justify-content-flex-start fusion-content-layout-column\"><div class=\"fusion-text fusion-text-2\" style=\"--awb-text-color:var(--awb-color1);\"><p>Fond\u00e9 en 1998, Le Coll\u00e8ge International Fran\u00e7ais de Sarajevo accueille aujourd\u2019hui 266 \u00e9l\u00e8ves de la maternelle \u00e0 la Terminale.<\/p>\n<p>Avec son \u00e9quipe p\u00e9dagogique dynamique et engag\u00e9e, l\u2019\u00e9cole aspire \u00e0 offrir \u00e0 chaque \u00e9l\u00e8ve des connaissances et comp\u00e9tences solides et une scolarit\u00e9 ouverte sur l\u2019Europe et le monde.<\/p>\n<p>Elle contribue \u00e0 la diffusion de la langue et de la culture fran\u00e7aise internationale dans un cadre p\u00e9dagogique la\u00efque, plurilingue et interculturel.<\/p>\n<p><strong>Le CIFS est un \u00e9tablissement homologu\u00e9 jusqu\u2019en classe de Terminale par le Minist\u00e8re de l\u2019Education Nationale en France et par le Minist\u00e8re bosnien de l\u2019Education du Canton de Sarajevo.<\/strong><\/p>\n<p>Tous les \u00e9l\u00e8ves issus du CIFS peuvent poursuivre leur scolarit\u00e9 dans un \u00e9tablissement du r\u00e9seau ODYSSEY \u00e0 l\u2019\u00e9tranger ou dans le r\u00e9seau mondial de l\u2019AEFE sans examen d\u2019admission.<\/p>\n<\/div><\/div><\/div><\/div><\/div>\n","protected":false},"excerpt":{"rendered":"","protected":false},"author":1,"featured_media":0,"parent":523,"menu_order":0,"comment_status":"closed","ping_status":"closed","template":"100-width.php","meta":{"footnotes":""},"class_list":["post-517","page","type-page","status-publish","hentry"],"yoast_head":"<!-- This site is optimized with the Yoast SEO plugin v27.1.1 - https:\/\/yoast.com\/product\/yoast-seo-wordpress\/ -->\n<title>Ecole fran\u00e7aise internationale \u00e0 Sarajevo | CIFS Ecole<\/title>\n<meta name=\"description\" content=\"Le CIFS est un \u00e9tablissement homologu\u00e9 par le Minist\u00e8re de l\u2019Education Nationale en France et par le Minist\u00e8re bosnien de l\u2019Education du Canton de Sarajevo\" \/>\n<meta name=\"robots\" content=\"index, follow, max-snippet:-1, max-image-preview:large, max-video-preview:-1\" \/>\n<link rel=\"canonical\" href=\"https:\/\/cifs.edu.ba\/fr\/a-propos\/notre-etablissement\/\" \/>\n<meta property=\"og:locale\" content=\"fr_FR\" \/>\n<meta property=\"og:type\" content=\"article\" \/>\n<meta property=\"og:title\" content=\"Ecole fran\u00e7aise internationale \u00e0 Sarajevo | CIFS Ecole\" \/>\n<meta property=\"og:description\" content=\"Le CIFS est un \u00e9tablissement homologu\u00e9 par le Minist\u00e8re de l\u2019Education Nationale en France et par le Minist\u00e8re bosnien de l\u2019Education du Canton de Sarajevo\" \/>\n<meta property=\"og:url\" content=\"https:\/\/cifs.edu.ba\/fr\/a-propos\/notre-etablissement\/\" \/>\n<meta property=\"og:site_name\" content=\"CIFS\" \/>\n<meta property=\"article:publisher\" content=\"https:\/\/www.facebook.com\/CIFSarajevo\/\" \/>\n<meta property=\"article:modified_time\" content=\"2026-03-04T00:27:52+00:00\" \/>\n<meta property=\"og:image\" content=\"https:\/\/cifs.edu.ba\/wp-content\/uploads\/2023\/11\/French-International-School-of-Sarajevo.jpg\" \/>\n\t<meta property=\"og:image:width\" content=\"1000\" \/>\n\t<meta property=\"og:image:height\" content=\"750\" \/>\n\t<meta property=\"og:image:type\" content=\"image\/jpeg\" \/>\n<meta name=\"twitter:card\" content=\"summary_large_image\" \/>\n<meta name=\"twitter:label1\" content=\"Dur\u00e9e de lecture estim\u00e9e\" \/>\n\t<meta name=\"twitter:data1\" content=\"1 minute\" \/>\n<script type=\"application\/ld+json\" class=\"yoast-schema-graph\">{\"@context\":\"https:\/\/schema.org\",\"@graph\":[{\"@type\":\"WebPage\",\"@id\":\"https:\/\/cifs.edu.ba\/fr\/a-propos\/notre-etablissement\/\",\"url\":\"https:\/\/cifs.edu.ba\/fr\/a-propos\/notre-etablissement\/\",\"name\":\"Ecole fran\u00e7aise internationale \u00e0 Sarajevo | CIFS Ecole\",\"isPartOf\":{\"@id\":\"https:\/\/cifs.edu.ba\/#website\"},\"primaryImageOfPage\":{\"@id\":\"https:\/\/cifs.edu.ba\/fr\/a-propos\/notre-etablissement\/#primaryimage\"},\"image\":{\"@id\":\"https:\/\/cifs.edu.ba\/fr\/a-propos\/notre-etablissement\/#primaryimage\"},\"thumbnailUrl\":\"https:\/\/cifs.edu.ba\/wp-content\/uploads\/2023\/11\/French-International-School-of-Sarajevo.jpg\",\"datePublished\":\"2023-11-11T15:40:23+00:00\",\"dateModified\":\"2026-03-04T00:27:52+00:00\",\"description\":\"Le CIFS est un \u00e9tablissement homologu\u00e9 par le Minist\u00e8re de l\u2019Education Nationale en France et par le Minist\u00e8re bosnien de l\u2019Education du Canton de Sarajevo\",\"breadcrumb\":{\"@id\":\"https:\/\/cifs.edu.ba\/fr\/a-propos\/notre-etablissement\/#breadcrumb\"},\"inLanguage\":\"fr-FR\",\"potentialAction\":[{\"@type\":\"ReadAction\",\"target\":[\"https:\/\/cifs.edu.ba\/fr\/a-propos\/notre-etablissement\/\"]}]},{\"@type\":\"ImageObject\",\"inLanguage\":\"fr-FR\",\"@id\":\"https:\/\/cifs.edu.ba\/fr\/a-propos\/notre-etablissement\/#primaryimage\",\"url\":\"https:\/\/cifs.edu.ba\/wp-content\/uploads\/2023\/11\/French-International-School-of-Sarajevo.jpg\",\"contentUrl\":\"https:\/\/cifs.edu.ba\/wp-content\/uploads\/2023\/11\/French-International-School-of-Sarajevo.jpg\"},{\"@type\":\"BreadcrumbList\",\"@id\":\"https:\/\/cifs.edu.ba\/fr\/a-propos\/notre-etablissement\/#breadcrumb\",\"itemListElement\":[{\"@type\":\"ListItem\",\"position\":1,\"name\":\"Home\",\"item\":\"https:\/\/cifs.edu.ba\/fr\/\"},{\"@type\":\"ListItem\",\"position\":2,\"name\":\"A propos\",\"item\":\"https:\/\/cifs.edu.ba\/fr\/a-propos\/\"},{\"@type\":\"ListItem\",\"position\":3,\"name\":\"Notre \u00e9tablissement\"}]},{\"@type\":\"WebSite\",\"@id\":\"https:\/\/cifs.edu.ba\/#website\",\"url\":\"https:\/\/cifs.edu.ba\/\",\"name\":\"International School in Sarajevo!\",\"description\":\"\",\"potentialAction\":[{\"@type\":\"SearchAction\",\"target\":{\"@type\":\"EntryPoint\",\"urlTemplate\":\"https:\/\/cifs.edu.ba\/?s={search_term_string}\"},\"query-input\":{\"@type\":\"PropertyValueSpecification\",\"valueRequired\":true,\"valueName\":\"search_term_string\"}}],\"inLanguage\":\"fr-FR\"}]}<\/script>\n<!-- \/ Yoast SEO plugin. -->","yoast_head_json":{"title":"Ecole fran\u00e7aise internationale \u00e0 Sarajevo | CIFS Ecole","description":"Le CIFS est un \u00e9tablissement homologu\u00e9 par le Minist\u00e8re de l\u2019Education Nationale en France et par le Minist\u00e8re bosnien de l\u2019Education du Canton de Sarajevo","robots":{"index":"index","follow":"follow","max-snippet":"max-snippet:-1","max-image-preview":"max-image-preview:large","max-video-preview":"max-video-preview:-1"},"canonical":"https:\/\/cifs.edu.ba\/fr\/a-propos\/notre-etablissement\/","og_locale":"fr_FR","og_type":"article","og_title":"Ecole fran\u00e7aise internationale \u00e0 Sarajevo | CIFS Ecole","og_description":"Le CIFS est un \u00e9tablissement homologu\u00e9 par le Minist\u00e8re de l\u2019Education Nationale en France et par le Minist\u00e8re bosnien de l\u2019Education du Canton de Sarajevo","og_url":"https:\/\/cifs.edu.ba\/fr\/a-propos\/notre-etablissement\/","og_site_name":"CIFS","article_publisher":"https:\/\/www.facebook.com\/CIFSarajevo\/","article_modified_time":"2026-03-04T00:27:52+00:00","og_image":[{"width":1000,"height":750,"url":"https:\/\/cifs.edu.ba\/wp-content\/uploads\/2023\/11\/French-International-School-of-Sarajevo.jpg","type":"image\/jpeg"}],"twitter_card":"summary_large_image","twitter_misc":{"Dur\u00e9e de lecture estim\u00e9e":"1 minute"},"schema":{"@context":"https:\/\/schema.org","@graph":[{"@type":"WebPage","@id":"https:\/\/cifs.edu.ba\/fr\/a-propos\/notre-etablissement\/","url":"https:\/\/cifs.edu.ba\/fr\/a-propos\/notre-etablissement\/","name":"Ecole fran\u00e7aise internationale \u00e0 Sarajevo | CIFS Ecole","isPartOf":{"@id":"https:\/\/cifs.edu.ba\/#website"},"primaryImageOfPage":{"@id":"https:\/\/cifs.edu.ba\/fr\/a-propos\/notre-etablissement\/#primaryimage"},"image":{"@id":"https:\/\/cifs.edu.ba\/fr\/a-propos\/notre-etablissement\/#primaryimage"},"thumbnailUrl":"https:\/\/cifs.edu.ba\/wp-content\/uploads\/2023\/11\/French-International-School-of-Sarajevo.jpg","datePublished":"2023-11-11T15:40:23+00:00","dateModified":"2026-03-04T00:27:52+00:00","description":"Le CIFS est un \u00e9tablissement homologu\u00e9 par le Minist\u00e8re de l\u2019Education Nationale en France et par le Minist\u00e8re bosnien de l\u2019Education du Canton de Sarajevo","breadcrumb":{"@id":"https:\/\/cifs.edu.ba\/fr\/a-propos\/notre-etablissement\/#breadcrumb"},"inLanguage":"fr-FR","potentialAction":[{"@type":"ReadAction","target":["https:\/\/cifs.edu.ba\/fr\/a-propos\/notre-etablissement\/"]}]},{"@type":"ImageObject","inLanguage":"fr-FR","@id":"https:\/\/cifs.edu.ba\/fr\/a-propos\/notre-etablissement\/#primaryimage","url":"https:\/\/cifs.edu.ba\/wp-content\/uploads\/2023\/11\/French-International-School-of-Sarajevo.jpg","contentUrl":"https:\/\/cifs.edu.ba\/wp-content\/uploads\/2023\/11\/French-International-School-of-Sarajevo.jpg"},{"@type":"BreadcrumbList","@id":"https:\/\/cifs.edu.ba\/fr\/a-propos\/notre-etablissement\/#breadcrumb","itemListElement":[{"@type":"ListItem","position":1,"name":"Home","item":"https:\/\/cifs.edu.ba\/fr\/"},{"@type":"ListItem","position":2,"name":"A propos","item":"https:\/\/cifs.edu.ba\/fr\/a-propos\/"},{"@type":"ListItem","position":3,"name":"Notre \u00e9tablissement"}]},{"@type":"WebSite","@id":"https:\/\/cifs.edu.ba\/#website","url":"https:\/\/cifs.edu.ba\/","name":"International School in Sarajevo!","description":"","potentialAction":[{"@type":"SearchAction","target":{"@type":"EntryPoint","urlTemplate":"https:\/\/cifs.edu.ba\/?s={search_term_string}"},"query-input":{"@type":"PropertyValueSpecification","valueRequired":true,"valueName":"search_term_string"}}],"inLanguage":"fr-FR"}]}},"_links":{"self":[{"href":"https:\/\/cifs.edu.ba\/fr\/wp-json\/wp\/v2\/pages\/517","targetHints":{"allow":["GET"]}}],"collection":[{"href":"https:\/\/cifs.edu.ba\/fr\/wp-json\/wp\/v2\/pages"}],"about":[{"href":"https:\/\/cifs.edu.ba\/fr\/wp-json\/wp\/v2\/types\/page"}],"author":[{"embeddable":true,"href":"https:\/\/cifs.edu.ba\/fr\/wp-json\/wp\/v2\/users\/1"}],"replies":[{"embeddable":true,"href":"https:\/\/cifs.edu.ba\/fr\/wp-json\/wp\/v2\/comments?post=517"}],"version-history":[{"count":6,"href":"https:\/\/cifs.edu.ba\/fr\/wp-json\/wp\/v2\/pages\/517\/revisions"}],"predecessor-version":[{"id":2424,"href":"https:\/\/cifs.edu.ba\/fr\/wp-json\/wp\/v2\/pages\/517\/revisions\/2424"}],"up":[{"embeddable":true,"href":"https:\/\/cifs.edu.ba\/fr\/wp-json\/wp\/v2\/pages\/523"}],"wp:attachment":[{"href":"https:\/\/cifs.edu.ba\/fr\/wp-json\/wp\/v2\/media?parent=517"}],"curies":[{"name":"wp","href":"https:\/\/api.w.org\/{rel}","templated":true}]}}