{"id":1016,"date":"2024-04-16T15:28:12","date_gmt":"2024-04-16T15:28:12","guid":{"rendered":"https:\/\/cifs.edu.ba\/luc-chatel-president-executif-odyssey\/"},"modified":"2024-04-16T18:48:04","modified_gmt":"2024-04-16T18:48:04","slug":"luc-chatel-president-executif","status":"publish","type":"page","link":"https:\/\/cifs.edu.ba\/fr\/luc-chatel-president-executif\/","title":{"rendered":"Luc Chatel &#8211; Pr\u00e9sident ex\u00e9cutif"},"content":{"rendered":"<div class=\"fusion-fullwidth fullwidth-box fusion-builder-row-1 fusion-flex-container has-pattern-background has-mask-background fusion-parallax-none nonhundred-percent-fullwidth non-hundred-percent-height-scrolling\" style=\"--awb-background-position:left top;--awb-background-repeat:repeat;--awb-background-blend-mode:overlay;--awb-border-radius-top-left:0px;--awb-border-radius-top-right:0px;--awb-border-radius-bottom-right:0px;--awb-border-radius-bottom-left:0px;--awb-margin-top:-50px;--awb-margin-bottom:-50px;--awb-background-image:url(&quot;https:\/\/cifs.edu.ba\/wp-content\/uploads\/2023\/11\/patern-red-300x300.png&quot;);--awb-flex-wrap:wrap;\" ><div class=\"fusion-builder-row fusion-row fusion-flex-align-items-flex-start fusion-flex-content-wrap\" style=\"max-width:1248px;margin-left: calc(-4% \/ 2 );margin-right: calc(-4% \/ 2 );\"><div class=\"fusion-layout-column fusion_builder_column fusion-builder-column-0 fusion_builder_column_1_3 1_3 fusion-flex-column\" style=\"--awb-padding-top:40px;--awb-bg-size:cover;--awb-width-large:33.333333333333%;--awb-margin-top-large:0px;--awb-spacing-right-large:5.76%;--awb-margin-bottom-large:20px;--awb-spacing-left-large:5.76%;--awb-width-medium:33.333333333333%;--awb-order-medium:0;--awb-spacing-right-medium:5.76%;--awb-spacing-left-medium:5.76%;--awb-width-small:100%;--awb-order-small:0;--awb-spacing-right-small:1.92%;--awb-spacing-left-small:1.92%;\"><div class=\"fusion-column-wrapper fusion-column-has-shadow fusion-flex-justify-content-flex-start fusion-content-layout-column\"><div class=\"fusion-title title fusion-title-1 fusion-sep-none fusion-title-text fusion-title-size-two\" style=\"--awb-text-color:var(--awb-color1);\"><h2 class=\"fusion-title-heading title-heading-left\" style=\"margin:0;\">ODYSSEY<\/h2><\/div><div class=\"fusion-text fusion-text-1\" style=\"--awb-text-color:var(--awb-color1);\"><p><img decoding=\"async\" class=\"alignnone wp-image-1011 size-full\" src=\"https:\/\/cifs.edu.ba\/wp-content\/uploads\/2024\/04\/Luc-Chatel.jpg\" alt=\"Luc Chatel\" width=\"390\" height=\"443\" srcset=\"https:\/\/cifs.edu.ba\/wp-content\/uploads\/2024\/04\/Luc-Chatel-200x227.jpg 200w, https:\/\/cifs.edu.ba\/wp-content\/uploads\/2024\/04\/Luc-Chatel-264x300.jpg 264w, https:\/\/cifs.edu.ba\/wp-content\/uploads\/2024\/04\/Luc-Chatel.jpg 390w\" sizes=\"(max-width: 390px) 100vw, 390px\" \/><\/p>\n<\/div><\/div><\/div><div class=\"fusion-layout-column fusion_builder_column fusion-builder-column-1 fusion_builder_column_2_3 2_3 fusion-flex-column\" style=\"--awb-padding-top:50px;--awb-bg-size:cover;--awb-width-large:66.666666666667%;--awb-margin-top-large:0px;--awb-spacing-right-large:2.88%;--awb-margin-bottom-large:20px;--awb-spacing-left-large:2.88%;--awb-width-medium:66.666666666667%;--awb-order-medium:0;--awb-spacing-right-medium:2.88%;--awb-spacing-left-medium:2.88%;--awb-width-small:100%;--awb-order-small:0;--awb-spacing-right-small:1.92%;--awb-spacing-left-small:1.92%;\"><div class=\"fusion-column-wrapper fusion-column-has-shadow fusion-flex-justify-content-flex-start fusion-content-layout-column\"><div class=\"fusion-title title fusion-title-2 fusion-sep-none fusion-title-text fusion-title-size-three\" style=\"--awb-text-color:var(--awb-color1);\"><h3 class=\"fusion-title-heading title-heading-left\" style=\"margin:0;\">Luc Chatel Biographie<\/h3><\/div><div class=\"fusion-text fusion-text-2\" style=\"--awb-text-color:var(--awb-color1);\"><p class=\"p1\"><span class=\"s1\">Ancien ministre fran\u00e7ais, Luc Chatel a cofond\u00e9 Odyssey Education avec la volont\u00e9 de prolonger son engagement au service de l\u2019\u00e9ducation.\u00a0<\/span><\/p>\n<p class=\"p1\"><span class=\"s1\">Luc Chatel a d\u00e9but\u00e9 sa carri\u00e8re chez l\u2019Or\u00e9al o\u00f9 il a notamment \u00e9t\u00e9 Directeur des ressources humaines. Entre 1998 et 2017, il a eu plusieurs fonctions \u00e9lectives et gouvernementales en France : Ministre de l\u2019\u00c9ducation nationale, Secr\u00e9taire d\u2019Etat \u00e0 l\u2019Industrie, Porte-parole du Gouvernement, D\u00e9put\u00e9 et Maire.\u00a0Depuis 2017, Luc Chatel est \u00e9galement Pr\u00e9sident de la Plateforme Automobile (f\u00e9d\u00e9ration de l\u2019industrie automobile fran\u00e7aise).<span class=\"Apple-converted-space\">\u00a0<\/span><\/span><\/p>\n<p class=\"p1\"><span class=\"s1\">Luc Chatel est chevalier dans l\u2019ordre de la L\u00e9gion d\u2019honneur et Commandeur des Palmes acad\u00e9miques.<\/span><\/p>\n<\/div><\/div><\/div><\/div><\/div>\n","protected":false},"excerpt":{"rendered":"","protected":false},"author":1,"featured_media":0,"parent":0,"menu_order":0,"comment_status":"closed","ping_status":"closed","template":"100-width.php","meta":{"footnotes":""},"class_list":["post-1016","page","type-page","status-publish","hentry"],"yoast_head":"<!-- This site is optimized with the Yoast SEO plugin v27.1.1 - https:\/\/yoast.com\/product\/yoast-seo-wordpress\/ -->\n<title>Luc Chatel - Pr\u00e9sident ex\u00e9cutif - CIFS<\/title>\n<meta name=\"robots\" content=\"index, follow, max-snippet:-1, max-image-preview:large, max-video-preview:-1\" \/>\n<link rel=\"canonical\" href=\"https:\/\/cifs.edu.ba\/luc-chatel-executive-president\/\" \/>\n<meta property=\"og:locale\" content=\"fr_FR\" \/>\n<meta property=\"og:type\" content=\"article\" \/>\n<meta property=\"og:title\" content=\"Luc Chatel - Pr\u00e9sident ex\u00e9cutif - CIFS\" \/>\n<meta property=\"og:url\" content=\"https:\/\/cifs.edu.ba\/luc-chatel-executive-president\/\" \/>\n<meta property=\"og:site_name\" content=\"CIFS\" \/>\n<meta property=\"article:publisher\" content=\"https:\/\/www.facebook.com\/CIFSarajevo\/\" \/>\n<meta property=\"article:modified_time\" content=\"2024-04-16T18:48:04+00:00\" \/>\n<meta property=\"og:image\" content=\"https:\/\/cifs.edu.ba\/wp-content\/uploads\/2024\/04\/Luc-Chatel.jpg\" \/>\n<meta name=\"twitter:card\" content=\"summary_large_image\" \/>\n<meta name=\"twitter:label1\" content=\"Dur\u00e9e de lecture estim\u00e9e\" \/>\n\t<meta name=\"twitter:data1\" content=\"10 minutes\" \/>\n<script type=\"application\/ld+json\" class=\"yoast-schema-graph\">{\"@context\":\"https:\/\/schema.org\",\"@graph\":[{\"@type\":\"WebPage\",\"@id\":\"https:\/\/cifs.edu.ba\/luc-chatel-executive-president\/\",\"url\":\"https:\/\/cifs.edu.ba\/luc-chatel-executive-president\/\",\"name\":\"Luc Chatel - Pr\u00e9sident ex\u00e9cutif - CIFS\",\"isPartOf\":{\"@id\":\"https:\/\/cifs.edu.ba\/#website\"},\"primaryImageOfPage\":{\"@id\":\"https:\/\/cifs.edu.ba\/luc-chatel-executive-president\/#primaryimage\"},\"image\":{\"@id\":\"https:\/\/cifs.edu.ba\/luc-chatel-executive-president\/#primaryimage\"},\"thumbnailUrl\":\"https:\/\/cifs.edu.ba\/wp-content\/uploads\/2024\/04\/Luc-Chatel.jpg\",\"datePublished\":\"2024-04-16T15:28:12+00:00\",\"dateModified\":\"2024-04-16T18:48:04+00:00\",\"breadcrumb\":{\"@id\":\"https:\/\/cifs.edu.ba\/luc-chatel-executive-president\/#breadcrumb\"},\"inLanguage\":\"fr-FR\",\"potentialAction\":[{\"@type\":\"ReadAction\",\"target\":[\"https:\/\/cifs.edu.ba\/luc-chatel-executive-president\/\"]}]},{\"@type\":\"ImageObject\",\"inLanguage\":\"fr-FR\",\"@id\":\"https:\/\/cifs.edu.ba\/luc-chatel-executive-president\/#primaryimage\",\"url\":\"https:\/\/cifs.edu.ba\/wp-content\/uploads\/2024\/04\/Luc-Chatel.jpg\",\"contentUrl\":\"https:\/\/cifs.edu.ba\/wp-content\/uploads\/2024\/04\/Luc-Chatel.jpg\"},{\"@type\":\"BreadcrumbList\",\"@id\":\"https:\/\/cifs.edu.ba\/luc-chatel-executive-president\/#breadcrumb\",\"itemListElement\":[{\"@type\":\"ListItem\",\"position\":1,\"name\":\"Home\",\"item\":\"https:\/\/cifs.edu.ba\/fr\/\"},{\"@type\":\"ListItem\",\"position\":2,\"name\":\"Luc Chatel &#8211; Pr\u00e9sident ex\u00e9cutif\"}]},{\"@type\":\"WebSite\",\"@id\":\"https:\/\/cifs.edu.ba\/#website\",\"url\":\"https:\/\/cifs.edu.ba\/\",\"name\":\"International School in Sarajevo!\",\"description\":\"\",\"potentialAction\":[{\"@type\":\"SearchAction\",\"target\":{\"@type\":\"EntryPoint\",\"urlTemplate\":\"https:\/\/cifs.edu.ba\/?s={search_term_string}\"},\"query-input\":{\"@type\":\"PropertyValueSpecification\",\"valueRequired\":true,\"valueName\":\"search_term_string\"}}],\"inLanguage\":\"fr-FR\"}]}<\/script>\n<!-- \/ Yoast SEO plugin. -->","yoast_head_json":{"title":"Luc Chatel - Pr\u00e9sident ex\u00e9cutif - CIFS","robots":{"index":"index","follow":"follow","max-snippet":"max-snippet:-1","max-image-preview":"max-image-preview:large","max-video-preview":"max-video-preview:-1"},"canonical":"https:\/\/cifs.edu.ba\/luc-chatel-executive-president\/","og_locale":"fr_FR","og_type":"article","og_title":"Luc Chatel - Pr\u00e9sident ex\u00e9cutif - CIFS","og_url":"https:\/\/cifs.edu.ba\/luc-chatel-executive-president\/","og_site_name":"CIFS","article_publisher":"https:\/\/www.facebook.com\/CIFSarajevo\/","article_modified_time":"2024-04-16T18:48:04+00:00","og_image":[{"url":"https:\/\/cifs.edu.ba\/wp-content\/uploads\/2024\/04\/Luc-Chatel.jpg","type":"","width":"","height":""}],"twitter_card":"summary_large_image","twitter_misc":{"Dur\u00e9e de lecture estim\u00e9e":"10 minutes"},"schema":{"@context":"https:\/\/schema.org","@graph":[{"@type":"WebPage","@id":"https:\/\/cifs.edu.ba\/luc-chatel-executive-president\/","url":"https:\/\/cifs.edu.ba\/luc-chatel-executive-president\/","name":"Luc Chatel - Pr\u00e9sident ex\u00e9cutif - CIFS","isPartOf":{"@id":"https:\/\/cifs.edu.ba\/#website"},"primaryImageOfPage":{"@id":"https:\/\/cifs.edu.ba\/luc-chatel-executive-president\/#primaryimage"},"image":{"@id":"https:\/\/cifs.edu.ba\/luc-chatel-executive-president\/#primaryimage"},"thumbnailUrl":"https:\/\/cifs.edu.ba\/wp-content\/uploads\/2024\/04\/Luc-Chatel.jpg","datePublished":"2024-04-16T15:28:12+00:00","dateModified":"2024-04-16T18:48:04+00:00","breadcrumb":{"@id":"https:\/\/cifs.edu.ba\/luc-chatel-executive-president\/#breadcrumb"},"inLanguage":"fr-FR","potentialAction":[{"@type":"ReadAction","target":["https:\/\/cifs.edu.ba\/luc-chatel-executive-president\/"]}]},{"@type":"ImageObject","inLanguage":"fr-FR","@id":"https:\/\/cifs.edu.ba\/luc-chatel-executive-president\/#primaryimage","url":"https:\/\/cifs.edu.ba\/wp-content\/uploads\/2024\/04\/Luc-Chatel.jpg","contentUrl":"https:\/\/cifs.edu.ba\/wp-content\/uploads\/2024\/04\/Luc-Chatel.jpg"},{"@type":"BreadcrumbList","@id":"https:\/\/cifs.edu.ba\/luc-chatel-executive-president\/#breadcrumb","itemListElement":[{"@type":"ListItem","position":1,"name":"Home","item":"https:\/\/cifs.edu.ba\/fr\/"},{"@type":"ListItem","position":2,"name":"Luc Chatel &#8211; Pr\u00e9sident ex\u00e9cutif"}]},{"@type":"WebSite","@id":"https:\/\/cifs.edu.ba\/#website","url":"https:\/\/cifs.edu.ba\/","name":"International School in Sarajevo!","description":"","potentialAction":[{"@type":"SearchAction","target":{"@type":"EntryPoint","urlTemplate":"https:\/\/cifs.edu.ba\/?s={search_term_string}"},"query-input":{"@type":"PropertyValueSpecification","valueRequired":true,"valueName":"search_term_string"}}],"inLanguage":"fr-FR"}]}},"_links":{"self":[{"href":"https:\/\/cifs.edu.ba\/fr\/wp-json\/wp\/v2\/pages\/1016","targetHints":{"allow":["GET"]}}],"collection":[{"href":"https:\/\/cifs.edu.ba\/fr\/wp-json\/wp\/v2\/pages"}],"about":[{"href":"https:\/\/cifs.edu.ba\/fr\/wp-json\/wp\/v2\/types\/page"}],"author":[{"embeddable":true,"href":"https:\/\/cifs.edu.ba\/fr\/wp-json\/wp\/v2\/users\/1"}],"replies":[{"embeddable":true,"href":"https:\/\/cifs.edu.ba\/fr\/wp-json\/wp\/v2\/comments?post=1016"}],"version-history":[{"count":3,"href":"https:\/\/cifs.edu.ba\/fr\/wp-json\/wp\/v2\/pages\/1016\/revisions"}],"predecessor-version":[{"id":1027,"href":"https:\/\/cifs.edu.ba\/fr\/wp-json\/wp\/v2\/pages\/1016\/revisions\/1027"}],"wp:attachment":[{"href":"https:\/\/cifs.edu.ba\/fr\/wp-json\/wp\/v2\/media?parent=1016"}],"curies":[{"name":"wp","href":"https:\/\/api.w.org\/{rel}","templated":true}]}}