{"id":661,"date":"2023-11-29T11:33:35","date_gmt":"2023-11-29T11:33:35","guid":{"rendered":"https:\/\/cifs.edu.ba\/employment\/"},"modified":"2026-03-04T01:33:31","modified_gmt":"2026-03-04T01:33:31","slug":"zaposljavanje","status":"publish","type":"page","link":"https:\/\/cifs.edu.ba\/bs\/zaposljavanje\/","title":{"rendered":"Zapo\u0161ljavanje"},"content":{"rendered":"<div class=\"fusion-fullwidth fullwidth-box fusion-builder-row-1 fusion-flex-container nonhundred-percent-fullwidth non-hundred-percent-height-scrolling\" style=\"--awb-border-radius-top-left:0px;--awb-border-radius-top-right:0px;--awb-border-radius-bottom-right:0px;--awb-border-radius-bottom-left:0px;--awb-flex-wrap:wrap;\" ><div class=\"fusion-builder-row fusion-row fusion-flex-align-items-flex-start fusion-flex-content-wrap\" style=\"max-width:1248px;margin-left: calc(-4% \/ 2 );margin-right: calc(-4% \/ 2 );\"><div class=\"fusion-layout-column fusion_builder_column fusion-builder-column-0 fusion_builder_column_1_1 1_1 fusion-flex-column\" style=\"--awb-bg-size:cover;--awb-width-large:100%;--awb-margin-top-large:0px;--awb-spacing-right-large:1.92%;--awb-margin-bottom-large:0px;--awb-spacing-left-large:1.92%;--awb-width-medium:100%;--awb-spacing-right-medium:1.92%;--awb-spacing-left-medium:1.92%;--awb-width-small:100%;--awb-spacing-right-small:1.92%;--awb-spacing-left-small:1.92%;\"><div class=\"fusion-column-wrapper fusion-flex-justify-content-flex-start fusion-content-layout-column\"><div class=\"fusion-text fusion-text-1\"><p>Zapo\u0161ljavamo nastavnike, sa diplomom prema slobodnim radnim mjestima tokom \u0161kolske godine.<\/p>\n<p>Tako\u0111e, tokom \u0161kolske godine zapo\u0161ljavamo i nenastavno osoblje.<\/p>\n<p>Molimo vas da po\u0161aljete svoju prijavu na <a href=\"mailto:recrutement@cifs.edu.ba\" target=\"_blank\" rel=\"noopener noreferrer\">recrutement@cifs.edu.ba<\/a> sa va\u0161im \u017eivotopisom i motivacijskim pismom.<\/p>\n<\/div><\/div><\/div><\/div><\/div>\n","protected":false},"excerpt":{"rendered":"","protected":false},"author":1,"featured_media":0,"parent":0,"menu_order":0,"comment_status":"closed","ping_status":"closed","template":"100-width.php","meta":{"footnotes":""},"class_list":["post-661","page","type-page","status-publish","hentry"],"yoast_head":"<!-- This site is optimized with the Yoast SEO plugin v27.1.1 - https:\/\/yoast.com\/product\/yoast-seo-wordpress\/ -->\n<title>Zapo\u0161ljavanje u Me\u0111unarodnoj \u0160koli u Sarajevu<\/title>\n<meta name=\"description\" content=\"Zapo\u0161ljavamo nastavnike, sa diplomom prema slobodnim radnim mjestima tokom \u0161kolske godine.Molimo vas da po\u0161aljete svoju prijavu!\" \/>\n<meta name=\"robots\" content=\"index, follow, max-snippet:-1, max-image-preview:large, max-video-preview:-1\" \/>\n<link rel=\"canonical\" href=\"https:\/\/cifs.edu.ba\/bs\/zaposljavanje\/\" \/>\n<meta property=\"og:locale\" content=\"bs_BA\" \/>\n<meta property=\"og:type\" content=\"article\" \/>\n<meta property=\"og:title\" content=\"Zapo\u0161ljavanje u Me\u0111unarodnoj \u0160koli u Sarajevu\" \/>\n<meta property=\"og:description\" content=\"Zapo\u0161ljavamo nastavnike, sa diplomom prema slobodnim radnim mjestima tokom \u0161kolske godine.Molimo vas da po\u0161aljete svoju prijavu!\" \/>\n<meta property=\"og:url\" content=\"https:\/\/cifs.edu.ba\/bs\/zaposljavanje\/\" \/>\n<meta property=\"og:site_name\" content=\"CIFS\" \/>\n<meta property=\"article:publisher\" content=\"https:\/\/www.facebook.com\/CIFSarajevo\/\" \/>\n<meta property=\"article:modified_time\" content=\"2026-03-04T01:33:31+00:00\" \/>\n<meta name=\"twitter:card\" content=\"summary_large_image\" \/>\n<meta name=\"twitter:label1\" content=\"Est. reading time\" \/>\n\t<meta name=\"twitter:data1\" content=\"1 minuta\" \/>\n<script type=\"application\/ld+json\" class=\"yoast-schema-graph\">{\"@context\":\"https:\/\/schema.org\",\"@graph\":[{\"@type\":\"WebPage\",\"@id\":\"https:\/\/cifs.edu.ba\/bs\/zaposljavanje\/\",\"url\":\"https:\/\/cifs.edu.ba\/bs\/zaposljavanje\/\",\"name\":\"Zapo\u0161ljavanje u Me\u0111unarodnoj \u0160koli u Sarajevu\",\"isPartOf\":{\"@id\":\"https:\/\/cifs.edu.ba\/#website\"},\"datePublished\":\"2023-11-29T11:33:35+00:00\",\"dateModified\":\"2026-03-04T01:33:31+00:00\",\"description\":\"Zapo\u0161ljavamo nastavnike, sa diplomom prema slobodnim radnim mjestima tokom \u0161kolske godine.Molimo vas da po\u0161aljete svoju prijavu!\",\"breadcrumb\":{\"@id\":\"https:\/\/cifs.edu.ba\/bs\/zaposljavanje\/#breadcrumb\"},\"inLanguage\":\"bs-BA\",\"potentialAction\":[{\"@type\":\"ReadAction\",\"target\":[\"https:\/\/cifs.edu.ba\/bs\/zaposljavanje\/\"]}]},{\"@type\":\"BreadcrumbList\",\"@id\":\"https:\/\/cifs.edu.ba\/bs\/zaposljavanje\/#breadcrumb\",\"itemListElement\":[{\"@type\":\"ListItem\",\"position\":1,\"name\":\"Home\",\"item\":\"https:\/\/cifs.edu.ba\/bs\/\"},{\"@type\":\"ListItem\",\"position\":2,\"name\":\"Zapo\u0161ljavanje\"}]},{\"@type\":\"WebSite\",\"@id\":\"https:\/\/cifs.edu.ba\/#website\",\"url\":\"https:\/\/cifs.edu.ba\/\",\"name\":\"International School in Sarajevo!\",\"description\":\"\",\"potentialAction\":[{\"@type\":\"SearchAction\",\"target\":{\"@type\":\"EntryPoint\",\"urlTemplate\":\"https:\/\/cifs.edu.ba\/?s={search_term_string}\"},\"query-input\":{\"@type\":\"PropertyValueSpecification\",\"valueRequired\":true,\"valueName\":\"search_term_string\"}}],\"inLanguage\":\"bs-BA\"}]}<\/script>\n<!-- \/ Yoast SEO plugin. -->","yoast_head_json":{"title":"Zapo\u0161ljavanje u Me\u0111unarodnoj \u0160koli u Sarajevu","description":"Zapo\u0161ljavamo nastavnike, sa diplomom prema slobodnim radnim mjestima tokom \u0161kolske godine.Molimo vas da po\u0161aljete svoju prijavu!","robots":{"index":"index","follow":"follow","max-snippet":"max-snippet:-1","max-image-preview":"max-image-preview:large","max-video-preview":"max-video-preview:-1"},"canonical":"https:\/\/cifs.edu.ba\/bs\/zaposljavanje\/","og_locale":"bs_BA","og_type":"article","og_title":"Zapo\u0161ljavanje u Me\u0111unarodnoj \u0160koli u Sarajevu","og_description":"Zapo\u0161ljavamo nastavnike, sa diplomom prema slobodnim radnim mjestima tokom \u0161kolske godine.Molimo vas da po\u0161aljete svoju prijavu!","og_url":"https:\/\/cifs.edu.ba\/bs\/zaposljavanje\/","og_site_name":"CIFS","article_publisher":"https:\/\/www.facebook.com\/CIFSarajevo\/","article_modified_time":"2026-03-04T01:33:31+00:00","twitter_card":"summary_large_image","twitter_misc":{"Est. reading time":"1 minuta"},"schema":{"@context":"https:\/\/schema.org","@graph":[{"@type":"WebPage","@id":"https:\/\/cifs.edu.ba\/bs\/zaposljavanje\/","url":"https:\/\/cifs.edu.ba\/bs\/zaposljavanje\/","name":"Zapo\u0161ljavanje u Me\u0111unarodnoj \u0160koli u Sarajevu","isPartOf":{"@id":"https:\/\/cifs.edu.ba\/#website"},"datePublished":"2023-11-29T11:33:35+00:00","dateModified":"2026-03-04T01:33:31+00:00","description":"Zapo\u0161ljavamo nastavnike, sa diplomom prema slobodnim radnim mjestima tokom \u0161kolske godine.Molimo vas da po\u0161aljete svoju prijavu!","breadcrumb":{"@id":"https:\/\/cifs.edu.ba\/bs\/zaposljavanje\/#breadcrumb"},"inLanguage":"bs-BA","potentialAction":[{"@type":"ReadAction","target":["https:\/\/cifs.edu.ba\/bs\/zaposljavanje\/"]}]},{"@type":"BreadcrumbList","@id":"https:\/\/cifs.edu.ba\/bs\/zaposljavanje\/#breadcrumb","itemListElement":[{"@type":"ListItem","position":1,"name":"Home","item":"https:\/\/cifs.edu.ba\/bs\/"},{"@type":"ListItem","position":2,"name":"Zapo\u0161ljavanje"}]},{"@type":"WebSite","@id":"https:\/\/cifs.edu.ba\/#website","url":"https:\/\/cifs.edu.ba\/","name":"International School in Sarajevo!","description":"","potentialAction":[{"@type":"SearchAction","target":{"@type":"EntryPoint","urlTemplate":"https:\/\/cifs.edu.ba\/?s={search_term_string}"},"query-input":{"@type":"PropertyValueSpecification","valueRequired":true,"valueName":"search_term_string"}}],"inLanguage":"bs-BA"}]}},"_links":{"self":[{"href":"https:\/\/cifs.edu.ba\/bs\/wp-json\/wp\/v2\/pages\/661","targetHints":{"allow":["GET"]}}],"collection":[{"href":"https:\/\/cifs.edu.ba\/bs\/wp-json\/wp\/v2\/pages"}],"about":[{"href":"https:\/\/cifs.edu.ba\/bs\/wp-json\/wp\/v2\/types\/page"}],"author":[{"embeddable":true,"href":"https:\/\/cifs.edu.ba\/bs\/wp-json\/wp\/v2\/users\/1"}],"replies":[{"embeddable":true,"href":"https:\/\/cifs.edu.ba\/bs\/wp-json\/wp\/v2\/comments?post=661"}],"version-history":[{"count":8,"href":"https:\/\/cifs.edu.ba\/bs\/wp-json\/wp\/v2\/pages\/661\/revisions"}],"predecessor-version":[{"id":2010,"href":"https:\/\/cifs.edu.ba\/bs\/wp-json\/wp\/v2\/pages\/661\/revisions\/2010"}],"wp:attachment":[{"href":"https:\/\/cifs.edu.ba\/bs\/wp-json\/wp\/v2\/media?parent=661"}],"curies":[{"name":"wp","href":"https:\/\/api.w.org\/{rel}","templated":true}]}}