{"id":651,"date":"2023-11-12T00:58:06","date_gmt":"2023-11-12T00:58:06","guid":{"rendered":"https:\/\/cifs.edu.ba\/school-transport\/"},"modified":"2026-03-04T02:54:49","modified_gmt":"2026-03-04T02:54:49","slug":"skolski-prevoz","status":"publish","type":"page","link":"https:\/\/cifs.edu.ba\/bs\/skolski-prevoz\/","title":{"rendered":"\u0160kolski prevoz"},"content":{"rendered":"<div class=\"fusion-fullwidth fullwidth-box fusion-builder-row-1 fusion-flex-container has-pattern-background has-mask-background nonhundred-percent-fullwidth non-hundred-percent-height-scrolling\" style=\"--awb-border-radius-top-left:0px;--awb-border-radius-top-right:0px;--awb-border-radius-bottom-right:0px;--awb-border-radius-bottom-left:0px;--awb-flex-wrap:wrap;\" ><div class=\"fusion-builder-row fusion-row fusion-flex-align-items-flex-start fusion-flex-content-wrap\" style=\"max-width:1248px;margin-left: calc(-4% \/ 2 );margin-right: calc(-4% \/ 2 );\"><div class=\"fusion-layout-column fusion_builder_column fusion-builder-column-0 fusion_builder_column_1_1 1_1 fusion-flex-column\" style=\"--awb-bg-size:cover;--awb-width-large:100%;--awb-margin-top-large:0px;--awb-spacing-right-large:1.92%;--awb-margin-bottom-large:20px;--awb-spacing-left-large:1.92%;--awb-width-medium:100%;--awb-order-medium:0;--awb-spacing-right-medium:1.92%;--awb-spacing-left-medium:1.92%;--awb-width-small:100%;--awb-order-small:0;--awb-spacing-right-small:1.92%;--awb-spacing-left-small:1.92%;\"><div class=\"fusion-column-wrapper fusion-column-has-shadow fusion-flex-justify-content-flex-start fusion-content-layout-column\"><div class=\"fusion-text fusion-text-1\"><p>CIFS nudi organizovan \u0161kolski prevoz.<\/p>\n<p><strong>Termini prevoza<\/strong><\/p>\n<p><u>Ujutro:<\/u><\/p>\n<p>\u2013 \u0161kolski prevoz je organizovan u jutarnjim satima prema rasporedu vo\u017enje i dovodi u\u010denike do CIFS-a \u00a0oko 8h20, prije prvog \u010dasa.<\/p>\n<p><u>Poslijepodne:<\/u><\/p>\n<p>\u2013 Ponedjeljak | utorak | \u010detvrtak \u2013 u 16:10 i 17:10<br \/>\n\u2013 Srijeda u 12:30 i 16h10 i\/ili 17h10<br \/>\n\u2013 Petak u 12:30<\/p>\n<p><strong>Lokacije<\/strong><br \/>\nAutobusi pokrivaju skoro sve lokacije u Sarajevu.<\/p>\n<p>Ukoliko ste zainteresirani za upis va\u0161eg djeteta na \u0161kolski prevoz, potrebno je ispuniti formular, te isti poslati na mail adresu \u0161kole ili ga dostaviti li\u010dno administraciji koja se nalazi na prizemlju.<\/p>\n<\/div><div class=\"fusion-separator fusion-full-width-sep\" style=\"align-self: center;margin-left: auto;margin-right: auto;margin-top:13px;margin-bottom:13px;width:100%;\"><\/div><div ><a class=\"fusion-button button-flat fusion-button-default-size button-default fusion-button-default button-1 fusion-button-default-span fusion-button-default-type\" target=\"_blank\" rel=\"noopener noreferrer\" href=\"https:\/\/cifs.edu.ba\/wp-content\/uploads\/2024\/10\/Skolski-prevoz-.pdf\"><span class=\"fusion-button-text awb-button__text awb-button__text--default\">FORMULAR &#8211; \u0160KOLSKI PREVOZ<\/span><\/a><\/div><\/div><\/div><\/div><\/div>\n","protected":false},"excerpt":{"rendered":"","protected":false},"author":1,"featured_media":0,"parent":0,"menu_order":0,"comment_status":"closed","ping_status":"closed","template":"100-width.php","meta":{"footnotes":""},"class_list":["post-651","page","type-page","status-publish","hentry"],"yoast_head":"<!-- This site is optimized with the Yoast SEO plugin v27.1.1 - https:\/\/yoast.com\/product\/yoast-seo-wordpress\/ -->\n<title>\u0160kolski Prevoz | Me\u0111unarodna Francuska \u0160kola u Sarajevu<\/title>\n<meta name=\"description\" content=\"Ukoliko ste zainteresirani za upis va\u0161eg djeteta na \u0161kolski prevoz, potrebno je ispuniti formular, te isti poslati na mail adresu \u0161kole...\" \/>\n<meta name=\"robots\" content=\"index, follow, max-snippet:-1, max-image-preview:large, max-video-preview:-1\" \/>\n<link rel=\"canonical\" href=\"https:\/\/cifs.edu.ba\/bs\/skolski-prevoz\/\" \/>\n<meta property=\"og:locale\" content=\"bs_BA\" \/>\n<meta property=\"og:type\" content=\"article\" \/>\n<meta property=\"og:title\" content=\"\u0160kolski Prevoz | Me\u0111unarodna Francuska \u0160kola u Sarajevu\" \/>\n<meta property=\"og:description\" content=\"Ukoliko ste zainteresirani za upis va\u0161eg djeteta na \u0161kolski prevoz, potrebno je ispuniti formular, te isti poslati na mail adresu \u0161kole...\" \/>\n<meta property=\"og:url\" content=\"https:\/\/cifs.edu.ba\/bs\/skolski-prevoz\/\" \/>\n<meta property=\"og:site_name\" content=\"CIFS\" \/>\n<meta property=\"article:publisher\" content=\"https:\/\/www.facebook.com\/CIFSarajevo\/\" \/>\n<meta property=\"article:modified_time\" content=\"2026-03-04T02:54:49+00:00\" \/>\n<meta name=\"twitter:card\" content=\"summary_large_image\" \/>\n<meta name=\"twitter:label1\" content=\"Est. reading time\" \/>\n\t<meta name=\"twitter:data1\" content=\"1 minuta\" \/>\n<script type=\"application\/ld+json\" class=\"yoast-schema-graph\">{\"@context\":\"https:\/\/schema.org\",\"@graph\":[{\"@type\":\"WebPage\",\"@id\":\"https:\/\/cifs.edu.ba\/bs\/skolski-prevoz\/\",\"url\":\"https:\/\/cifs.edu.ba\/bs\/skolski-prevoz\/\",\"name\":\"\u0160kolski Prevoz | Me\u0111unarodna Francuska \u0160kola u Sarajevu\",\"isPartOf\":{\"@id\":\"https:\/\/cifs.edu.ba\/#website\"},\"datePublished\":\"2023-11-12T00:58:06+00:00\",\"dateModified\":\"2026-03-04T02:54:49+00:00\",\"description\":\"Ukoliko ste zainteresirani za upis va\u0161eg djeteta na \u0161kolski prevoz, potrebno je ispuniti formular, te isti poslati na mail adresu \u0161kole...\",\"breadcrumb\":{\"@id\":\"https:\/\/cifs.edu.ba\/bs\/skolski-prevoz\/#breadcrumb\"},\"inLanguage\":\"bs-BA\",\"potentialAction\":[{\"@type\":\"ReadAction\",\"target\":[\"https:\/\/cifs.edu.ba\/bs\/skolski-prevoz\/\"]}]},{\"@type\":\"BreadcrumbList\",\"@id\":\"https:\/\/cifs.edu.ba\/bs\/skolski-prevoz\/#breadcrumb\",\"itemListElement\":[{\"@type\":\"ListItem\",\"position\":1,\"name\":\"Home\",\"item\":\"https:\/\/cifs.edu.ba\/bs\/\"},{\"@type\":\"ListItem\",\"position\":2,\"name\":\"\u0160kolski prevoz\"}]},{\"@type\":\"WebSite\",\"@id\":\"https:\/\/cifs.edu.ba\/#website\",\"url\":\"https:\/\/cifs.edu.ba\/\",\"name\":\"International School in Sarajevo!\",\"description\":\"\",\"potentialAction\":[{\"@type\":\"SearchAction\",\"target\":{\"@type\":\"EntryPoint\",\"urlTemplate\":\"https:\/\/cifs.edu.ba\/?s={search_term_string}\"},\"query-input\":{\"@type\":\"PropertyValueSpecification\",\"valueRequired\":true,\"valueName\":\"search_term_string\"}}],\"inLanguage\":\"bs-BA\"}]}<\/script>\n<!-- \/ Yoast SEO plugin. -->","yoast_head_json":{"title":"\u0160kolski Prevoz | Me\u0111unarodna Francuska \u0160kola u Sarajevu","description":"Ukoliko ste zainteresirani za upis va\u0161eg djeteta na \u0161kolski prevoz, potrebno je ispuniti formular, te isti poslati na mail adresu \u0161kole...","robots":{"index":"index","follow":"follow","max-snippet":"max-snippet:-1","max-image-preview":"max-image-preview:large","max-video-preview":"max-video-preview:-1"},"canonical":"https:\/\/cifs.edu.ba\/bs\/skolski-prevoz\/","og_locale":"bs_BA","og_type":"article","og_title":"\u0160kolski Prevoz | Me\u0111unarodna Francuska \u0160kola u Sarajevu","og_description":"Ukoliko ste zainteresirani za upis va\u0161eg djeteta na \u0161kolski prevoz, potrebno je ispuniti formular, te isti poslati na mail adresu \u0161kole...","og_url":"https:\/\/cifs.edu.ba\/bs\/skolski-prevoz\/","og_site_name":"CIFS","article_publisher":"https:\/\/www.facebook.com\/CIFSarajevo\/","article_modified_time":"2026-03-04T02:54:49+00:00","twitter_card":"summary_large_image","twitter_misc":{"Est. reading time":"1 minuta"},"schema":{"@context":"https:\/\/schema.org","@graph":[{"@type":"WebPage","@id":"https:\/\/cifs.edu.ba\/bs\/skolski-prevoz\/","url":"https:\/\/cifs.edu.ba\/bs\/skolski-prevoz\/","name":"\u0160kolski Prevoz | Me\u0111unarodna Francuska \u0160kola u Sarajevu","isPartOf":{"@id":"https:\/\/cifs.edu.ba\/#website"},"datePublished":"2023-11-12T00:58:06+00:00","dateModified":"2026-03-04T02:54:49+00:00","description":"Ukoliko ste zainteresirani za upis va\u0161eg djeteta na \u0161kolski prevoz, potrebno je ispuniti formular, te isti poslati na mail adresu \u0161kole...","breadcrumb":{"@id":"https:\/\/cifs.edu.ba\/bs\/skolski-prevoz\/#breadcrumb"},"inLanguage":"bs-BA","potentialAction":[{"@type":"ReadAction","target":["https:\/\/cifs.edu.ba\/bs\/skolski-prevoz\/"]}]},{"@type":"BreadcrumbList","@id":"https:\/\/cifs.edu.ba\/bs\/skolski-prevoz\/#breadcrumb","itemListElement":[{"@type":"ListItem","position":1,"name":"Home","item":"https:\/\/cifs.edu.ba\/bs\/"},{"@type":"ListItem","position":2,"name":"\u0160kolski prevoz"}]},{"@type":"WebSite","@id":"https:\/\/cifs.edu.ba\/#website","url":"https:\/\/cifs.edu.ba\/","name":"International School in Sarajevo!","description":"","potentialAction":[{"@type":"SearchAction","target":{"@type":"EntryPoint","urlTemplate":"https:\/\/cifs.edu.ba\/?s={search_term_string}"},"query-input":{"@type":"PropertyValueSpecification","valueRequired":true,"valueName":"search_term_string"}}],"inLanguage":"bs-BA"}]}},"_links":{"self":[{"href":"https:\/\/cifs.edu.ba\/bs\/wp-json\/wp\/v2\/pages\/651","targetHints":{"allow":["GET"]}}],"collection":[{"href":"https:\/\/cifs.edu.ba\/bs\/wp-json\/wp\/v2\/pages"}],"about":[{"href":"https:\/\/cifs.edu.ba\/bs\/wp-json\/wp\/v2\/types\/page"}],"author":[{"embeddable":true,"href":"https:\/\/cifs.edu.ba\/bs\/wp-json\/wp\/v2\/users\/1"}],"replies":[{"embeddable":true,"href":"https:\/\/cifs.edu.ba\/bs\/wp-json\/wp\/v2\/comments?post=651"}],"version-history":[{"count":5,"href":"https:\/\/cifs.edu.ba\/bs\/wp-json\/wp\/v2\/pages\/651\/revisions"}],"predecessor-version":[{"id":1417,"href":"https:\/\/cifs.edu.ba\/bs\/wp-json\/wp\/v2\/pages\/651\/revisions\/1417"}],"wp:attachment":[{"href":"https:\/\/cifs.edu.ba\/bs\/wp-json\/wp\/v2\/media?parent=651"}],"curies":[{"name":"wp","href":"https:\/\/api.w.org\/{rel}","templated":true}]}}