{"id":627,"date":"2023-11-12T00:46:25","date_gmt":"2023-11-12T00:46:25","guid":{"rendered":"https:\/\/cifs.edu.ba\/timetable\/"},"modified":"2026-03-04T02:25:08","modified_gmt":"2026-03-04T02:25:08","slug":"skolski-kalendar-i-organizacija","status":"publish","type":"page","link":"https:\/\/cifs.edu.ba\/bs\/skolski-kalendar-i-organizacija\/","title":{"rendered":"\u0160kolski kalendar i organizacija"},"content":{"rendered":"<div class=\"fusion-fullwidth fullwidth-box fusion-builder-row-1 fusion-flex-container has-pattern-background has-mask-background nonhundred-percent-fullwidth non-hundred-percent-height-scrolling\" style=\"--awb-border-radius-top-left:0px;--awb-border-radius-top-right:0px;--awb-border-radius-bottom-right:0px;--awb-border-radius-bottom-left:0px;--awb-flex-wrap:wrap;\" ><div class=\"fusion-builder-row fusion-row fusion-flex-align-items-flex-start fusion-flex-content-wrap\" style=\"max-width:1248px;margin-left: calc(-4% \/ 2 );margin-right: calc(-4% \/ 2 );\"><div class=\"fusion-layout-column fusion_builder_column fusion-builder-column-0 fusion_builder_column_1_1 1_1 fusion-flex-column\" style=\"--awb-bg-size:cover;--awb-width-large:100%;--awb-margin-top-large:0px;--awb-spacing-right-large:1.92%;--awb-margin-bottom-large:20px;--awb-spacing-left-large:1.92%;--awb-width-medium:100%;--awb-order-medium:0;--awb-spacing-right-medium:1.92%;--awb-spacing-left-medium:1.92%;--awb-width-small:100%;--awb-order-small:0;--awb-spacing-right-small:1.92%;--awb-spacing-left-small:1.92%;\"><div class=\"fusion-column-wrapper fusion-column-has-shadow fusion-flex-justify-content-flex-start fusion-content-layout-column\"><div class=\"fusion-text fusion-text-1\"><div class=\"vc_row wpb_row vc_row-fluid\">\n<div class=\"wpb_column vc_column_container vc_col-sm-12\">\n<div class=\"vc_column-inner\">\n<div class=\"wpb_wrapper\">\n<div class=\"wpb_text_column wpb_content_element \">\n<div class=\"wpb_wrapper\">\n<p>Godi\u0161nji kalendar kao i sedmi\u010dni i dnevni ritam \u0161kole ure\u0111uju francusko Ministarstvo obrazovanja i AEFE. Raspored svake godine se usvaja na Vije\u0107u \u0161kole. Isti je podijeljen na periode od 6 do 7 sedmica nastave isprekidanih dvonedjeljnim \u0161kolskim raspustom.<\/p>\n<\/div>\n<\/div>\n<\/div>\n<\/div>\n<\/div>\n<\/div>\n<div class=\"vc_row wpb_row vc_row-fluid vc_custom_1638521835756\">\n<div class=\"wpb_column vc_column_container vc_col-sm-12\">\n<div class=\"vc_column-inner\">\n<div class=\"wpb_wrapper\">\n<div class=\" ubtn-ctn-center \">Dnevni boravak radi svakog dana od 7:30 do 17:30. (prije po\u010detka nastave) i nakon nastave do 17:30 sati.<\/div>\n<\/div>\n<\/div>\n<\/div>\n<\/div>\n<\/div><div class=\"fusion-separator fusion-full-width-sep\" style=\"align-self: center;margin-left: auto;margin-right: auto;margin-top:15px;margin-bottom:15px;width:100%;\"><\/div><div ><a class=\"fusion-button button-flat fusion-button-default-size button-default fusion-button-default button-1 fusion-button-default-span fusion-button-default-type\" target=\"_blank\" rel=\"noopener noreferrer\" href=\"https:\/\/cifs.edu.ba\/wp-content\/uploads\/2025\/08\/CIFS-Calendrier-scolaire-2025-2026.pdf\"><span class=\"fusion-button-text awb-button__text awb-button__text--default\">\u0160KOLSKI KALENDAR 2025-2026<\/span><\/a><\/div><div class=\"fusion-separator fusion-full-width-sep\" style=\"align-self: center;margin-left: auto;margin-right: auto;margin-top:15px;margin-bottom:15px;width:100%;\"><\/div><div class=\"fusion-text fusion-text-2\"><div class=\"vc_row wpb_row vc_row-fluid\">\n<div class=\"wpb_column vc_column_container vc_col-sm-12\">\n<div class=\"vc_column-inner\">\n<div class=\"wpb_wrapper\">\n<div class=\"wpb_text_column wpb_content_element \">\n<div class=\"wpb_wrapper\">\n<div class=\"vc_row wpb_row vc_row-fluid\">\n<div class=\"wpb_column vc_column_container vc_col-sm-12\">\n<div class=\"vc_column-inner\">\n<div class=\"wpb_wrapper\">\n<div class=\"wpb_text_column wpb_content_element \">\n<div class=\"wpb_wrapper\">\n<p>Do\u010dek u\u010denika se odvija od ponedjeljka do petka. \u0160kolska vrata se otvaraju u 7h30, a nastava se odvija po slede\u0107oj satnici:<\/p>\n<\/div>\n<\/div>\n<\/div>\n<\/div>\n<\/div>\n<\/div>\n<\/div>\n<\/div>\n<\/div>\n<\/div>\n<\/div>\n<\/div>\n<\/div><div class=\"fusion-separator fusion-full-width-sep\" style=\"align-self: center;margin-left: auto;margin-right: auto;margin-top:7px;margin-bottom:7px;width:100%;\"><\/div><a class=\"awb-lightbox awb-lightbox-1\" href=\"https:\/\/cifs.edu.ba\/wp-content\/uploads\/2024\/01\/Skolski-kalendar-organizacija.jpg\" data-rel=\"iLightbox\"><img decoding=\"async\" src=\"https:\/\/cifs.edu.ba\/wp-content\/uploads\/2024\/01\/Skolski-kalendar-organizacija.jpg\" alt=\"\u0160kolski kalendar -o rganizacija\"><\/a><\/div><\/div><\/div><\/div>\n","protected":false},"excerpt":{"rendered":"","protected":false},"author":1,"featured_media":0,"parent":0,"menu_order":0,"comment_status":"closed","ping_status":"closed","template":"100-width.php","meta":{"footnotes":""},"class_list":["post-627","page","type-page","status-publish","hentry"],"yoast_head":"<!-- This site is optimized with the Yoast SEO plugin v27.1.1 - https:\/\/yoast.com\/product\/yoast-seo-wordpress\/ -->\n<title>\u0160kolski Kalendar i Organizacija | CIFS \u0160kola Sarajevo<\/title>\n<meta name=\"description\" content=\"Godi\u0161nji kalendar kao i sedmi\u010dni i dnevni ritam \u0161kole ure\u0111uju francusko Ministarstvo obrazovanja i AEFE. KOntaktirajte nas!\" \/>\n<meta name=\"robots\" content=\"index, follow, max-snippet:-1, max-image-preview:large, max-video-preview:-1\" \/>\n<link rel=\"canonical\" href=\"https:\/\/cifs.edu.ba\/bs\/skolski-kalendar-i-organizacija\/\" \/>\n<meta property=\"og:locale\" content=\"bs_BA\" \/>\n<meta property=\"og:type\" content=\"article\" \/>\n<meta property=\"og:title\" content=\"\u0160kolski Kalendar i Organizacija | CIFS \u0160kola Sarajevo\" \/>\n<meta property=\"og:description\" content=\"Godi\u0161nji kalendar kao i sedmi\u010dni i dnevni ritam \u0161kole ure\u0111uju francusko Ministarstvo obrazovanja i AEFE. KOntaktirajte nas!\" \/>\n<meta property=\"og:url\" content=\"https:\/\/cifs.edu.ba\/bs\/skolski-kalendar-i-organizacija\/\" \/>\n<meta property=\"og:site_name\" content=\"CIFS\" \/>\n<meta property=\"article:publisher\" content=\"https:\/\/www.facebook.com\/CIFSarajevo\/\" \/>\n<meta property=\"article:modified_time\" content=\"2026-03-04T02:25:08+00:00\" \/>\n<meta name=\"twitter:card\" content=\"summary_large_image\" \/>\n<script type=\"application\/ld+json\" class=\"yoast-schema-graph\">{\"@context\":\"https:\/\/schema.org\",\"@graph\":[{\"@type\":\"WebPage\",\"@id\":\"https:\/\/cifs.edu.ba\/bs\/skolski-kalendar-i-organizacija\/\",\"url\":\"https:\/\/cifs.edu.ba\/bs\/skolski-kalendar-i-organizacija\/\",\"name\":\"\u0160kolski Kalendar i Organizacija | CIFS \u0160kola Sarajevo\",\"isPartOf\":{\"@id\":\"https:\/\/cifs.edu.ba\/#website\"},\"datePublished\":\"2023-11-12T00:46:25+00:00\",\"dateModified\":\"2026-03-04T02:25:08+00:00\",\"description\":\"Godi\u0161nji kalendar kao i sedmi\u010dni i dnevni ritam \u0161kole ure\u0111uju francusko Ministarstvo obrazovanja i AEFE. KOntaktirajte nas!\",\"breadcrumb\":{\"@id\":\"https:\/\/cifs.edu.ba\/bs\/skolski-kalendar-i-organizacija\/#breadcrumb\"},\"inLanguage\":\"bs-BA\",\"potentialAction\":[{\"@type\":\"ReadAction\",\"target\":[\"https:\/\/cifs.edu.ba\/bs\/skolski-kalendar-i-organizacija\/\"]}]},{\"@type\":\"BreadcrumbList\",\"@id\":\"https:\/\/cifs.edu.ba\/bs\/skolski-kalendar-i-organizacija\/#breadcrumb\",\"itemListElement\":[{\"@type\":\"ListItem\",\"position\":1,\"name\":\"Home\",\"item\":\"https:\/\/cifs.edu.ba\/bs\/\"},{\"@type\":\"ListItem\",\"position\":2,\"name\":\"\u0160kolski kalendar i organizacija\"}]},{\"@type\":\"WebSite\",\"@id\":\"https:\/\/cifs.edu.ba\/#website\",\"url\":\"https:\/\/cifs.edu.ba\/\",\"name\":\"International School in Sarajevo!\",\"description\":\"\",\"potentialAction\":[{\"@type\":\"SearchAction\",\"target\":{\"@type\":\"EntryPoint\",\"urlTemplate\":\"https:\/\/cifs.edu.ba\/?s={search_term_string}\"},\"query-input\":{\"@type\":\"PropertyValueSpecification\",\"valueRequired\":true,\"valueName\":\"search_term_string\"}}],\"inLanguage\":\"bs-BA\"}]}<\/script>\n<!-- \/ Yoast SEO plugin. -->","yoast_head_json":{"title":"\u0160kolski Kalendar i Organizacija | CIFS \u0160kola Sarajevo","description":"Godi\u0161nji kalendar kao i sedmi\u010dni i dnevni ritam \u0161kole ure\u0111uju francusko Ministarstvo obrazovanja i AEFE. KOntaktirajte nas!","robots":{"index":"index","follow":"follow","max-snippet":"max-snippet:-1","max-image-preview":"max-image-preview:large","max-video-preview":"max-video-preview:-1"},"canonical":"https:\/\/cifs.edu.ba\/bs\/skolski-kalendar-i-organizacija\/","og_locale":"bs_BA","og_type":"article","og_title":"\u0160kolski Kalendar i Organizacija | CIFS \u0160kola Sarajevo","og_description":"Godi\u0161nji kalendar kao i sedmi\u010dni i dnevni ritam \u0161kole ure\u0111uju francusko Ministarstvo obrazovanja i AEFE. KOntaktirajte nas!","og_url":"https:\/\/cifs.edu.ba\/bs\/skolski-kalendar-i-organizacija\/","og_site_name":"CIFS","article_publisher":"https:\/\/www.facebook.com\/CIFSarajevo\/","article_modified_time":"2026-03-04T02:25:08+00:00","twitter_card":"summary_large_image","schema":{"@context":"https:\/\/schema.org","@graph":[{"@type":"WebPage","@id":"https:\/\/cifs.edu.ba\/bs\/skolski-kalendar-i-organizacija\/","url":"https:\/\/cifs.edu.ba\/bs\/skolski-kalendar-i-organizacija\/","name":"\u0160kolski Kalendar i Organizacija | CIFS \u0160kola Sarajevo","isPartOf":{"@id":"https:\/\/cifs.edu.ba\/#website"},"datePublished":"2023-11-12T00:46:25+00:00","dateModified":"2026-03-04T02:25:08+00:00","description":"Godi\u0161nji kalendar kao i sedmi\u010dni i dnevni ritam \u0161kole ure\u0111uju francusko Ministarstvo obrazovanja i AEFE. KOntaktirajte nas!","breadcrumb":{"@id":"https:\/\/cifs.edu.ba\/bs\/skolski-kalendar-i-organizacija\/#breadcrumb"},"inLanguage":"bs-BA","potentialAction":[{"@type":"ReadAction","target":["https:\/\/cifs.edu.ba\/bs\/skolski-kalendar-i-organizacija\/"]}]},{"@type":"BreadcrumbList","@id":"https:\/\/cifs.edu.ba\/bs\/skolski-kalendar-i-organizacija\/#breadcrumb","itemListElement":[{"@type":"ListItem","position":1,"name":"Home","item":"https:\/\/cifs.edu.ba\/bs\/"},{"@type":"ListItem","position":2,"name":"\u0160kolski kalendar i organizacija"}]},{"@type":"WebSite","@id":"https:\/\/cifs.edu.ba\/#website","url":"https:\/\/cifs.edu.ba\/","name":"International School in Sarajevo!","description":"","potentialAction":[{"@type":"SearchAction","target":{"@type":"EntryPoint","urlTemplate":"https:\/\/cifs.edu.ba\/?s={search_term_string}"},"query-input":{"@type":"PropertyValueSpecification","valueRequired":true,"valueName":"search_term_string"}}],"inLanguage":"bs-BA"}]}},"_links":{"self":[{"href":"https:\/\/cifs.edu.ba\/bs\/wp-json\/wp\/v2\/pages\/627","targetHints":{"allow":["GET"]}}],"collection":[{"href":"https:\/\/cifs.edu.ba\/bs\/wp-json\/wp\/v2\/pages"}],"about":[{"href":"https:\/\/cifs.edu.ba\/bs\/wp-json\/wp\/v2\/types\/page"}],"author":[{"embeddable":true,"href":"https:\/\/cifs.edu.ba\/bs\/wp-json\/wp\/v2\/users\/1"}],"replies":[{"embeddable":true,"href":"https:\/\/cifs.edu.ba\/bs\/wp-json\/wp\/v2\/comments?post=627"}],"version-history":[{"count":7,"href":"https:\/\/cifs.edu.ba\/bs\/wp-json\/wp\/v2\/pages\/627\/revisions"}],"predecessor-version":[{"id":1966,"href":"https:\/\/cifs.edu.ba\/bs\/wp-json\/wp\/v2\/pages\/627\/revisions\/1966"}],"wp:attachment":[{"href":"https:\/\/cifs.edu.ba\/bs\/wp-json\/wp\/v2\/media?parent=627"}],"curies":[{"name":"wp","href":"https:\/\/api.w.org\/{rel}","templated":true}]}}