{"id":614,"date":"2023-11-11T23:22:18","date_gmt":"2023-11-11T23:22:18","guid":{"rendered":"https:\/\/cifs.edu.ba\/vannastavne-aktivnosti\/after-school\/"},"modified":"2026-03-04T01:54:23","modified_gmt":"2026-03-04T01:54:23","slug":"poslije-skole","status":"publish","type":"page","link":"https:\/\/cifs.edu.ba\/bs\/vannastavne-aktivnosti\/poslije-skole\/","title":{"rendered":"Poslije \u0161kole"},"content":{"rendered":"<p><div class=\"fusion-fullwidth fullwidth-box fusion-builder-row-1 fusion-flex-container has-pattern-background has-mask-background nonhundred-percent-fullwidth non-hundred-percent-height-scrolling\" style=\"--awb-background-position:left top;--awb-background-repeat:repeat;--awb-background-blend-mode:overlay;--awb-border-radius-top-left:0px;--awb-border-radius-top-right:0px;--awb-border-radius-bottom-right:0px;--awb-border-radius-bottom-left:0px;--awb-margin-top:-50px;--awb-margin-bottom:-50px;--awb-background-color:#e9fcfe;--awb-flex-wrap:wrap;\" ><div class=\"fusion-builder-row fusion-row fusion-flex-align-items-flex-start fusion-flex-content-wrap\" style=\"max-width:1248px;margin-left: calc(-4% \/ 2 );margin-right: calc(-4% \/ 2 );\"><div class=\"fusion-layout-column fusion_builder_column fusion-builder-column-0 fusion_builder_column_1_1 1_1 fusion-flex-column\" style=\"--awb-padding-top:50px;--awb-bg-size:cover;--awb-width-large:100%;--awb-margin-top-large:0px;--awb-spacing-right-large:1.92%;--awb-margin-bottom-large:20px;--awb-spacing-left-large:1.92%;--awb-width-medium:100%;--awb-order-medium:0;--awb-spacing-right-medium:1.92%;--awb-spacing-left-medium:1.92%;--awb-width-small:100%;--awb-order-small:0;--awb-spacing-right-small:1.92%;--awb-spacing-left-small:1.92%;\"><div class=\"fusion-column-wrapper fusion-column-has-shadow fusion-flex-justify-content-flex-start fusion-content-layout-column\"><div class=\"fusion-text fusion-text-1\" style=\"--awb-text-color:var(--awb-color7);\"><p>CIFS nudi razne vannastavne aktivnosti koje se odr\u017eavaju utorkom, srijedom i petkom u \u0161kolskoj zgradi.<\/p>\n<p>Roditelji mogu birati izme\u0111u: multisport, kineski jezik, umjetnosti, \u0161ah, klavir.<\/p>\n<\/div><\/div><\/div><\/div><\/div><div class=\"fusion-fullwidth fullwidth-box fusion-builder-row-2 fusion-flex-container has-pattern-background has-mask-background nonhundred-percent-fullwidth non-hundred-percent-height-scrolling\" style=\"--awb-background-position:left top;--awb-background-repeat:repeat;--awb-background-blend-mode:overlay;--awb-border-radius-top-left:0px;--awb-border-radius-top-right:0px;--awb-border-radius-bottom-right:0px;--awb-border-radius-bottom-left:0px;--awb-margin-top:50px;--awb-margin-bottom:-50px;--awb-flex-wrap:wrap;\" ><div class=\"fusion-builder-row fusion-row fusion-flex-align-items-flex-start fusion-flex-content-wrap\" style=\"max-width:1248px;margin-left: calc(-4% \/ 2 );margin-right: calc(-4% \/ 2 );\"><div class=\"fusion-layout-column fusion_builder_column fusion-builder-column-1 fusion_builder_column_1_1 1_1 fusion-flex-column\" style=\"--awb-padding-top:40px;--awb-bg-size:cover;--awb-width-large:100%;--awb-margin-top-large:0px;--awb-spacing-right-large:1.92%;--awb-margin-bottom-large:20px;--awb-spacing-left-large:1.92%;--awb-width-medium:100%;--awb-order-medium:0;--awb-spacing-right-medium:1.92%;--awb-spacing-left-medium:1.92%;--awb-width-small:100%;--awb-order-small:0;--awb-spacing-right-small:1.92%;--awb-spacing-left-small:1.92%;\"><div class=\"fusion-column-wrapper fusion-column-has-shadow fusion-flex-justify-content-flex-start fusion-content-layout-column\"><div class=\"fusion-title title fusion-title-1 fusion-sep-none fusion-title-center fusion-title-highlight fusion-animate-once fusion-highlight-underline fusion-title-size-two\" style=\"--awb-text-color:var(--awb-color5);--awb-highlight-color:var(--awb-color4);\" data-highlight=\"underline\"><h2 class=\"fusion-title-heading title-heading-center\" style=\"margin:0;\"><span class=\"fusion-highlighted-text-prefix\"><\/span> <span class=\"fusion-highlighted-text-wrapper\"><span class=\"fusion-highlighted-text\">PONU\u0110ENE AKTIVNOSTI<\/span><svg xmlns=\"http:\/\/www.w3.org\/2000\/svg\" viewBox=\"0 0 500 150\" preserveAspectRatio=\"none\"><path d=\"M8.1,146.2c0,0,240.6-55.6,479-13.8\"><\/path><\/svg><\/span> <span class=\"fusion-highlighted-text-postfix\"><\/span><\/h2><\/div><\/div><\/div><\/div><\/div><div class=\"fusion-fullwidth fullwidth-box fusion-builder-row-3 fusion-flex-container has-pattern-background has-mask-background nonhundred-percent-fullwidth non-hundred-percent-height-scrolling\" style=\"--awb-border-radius-top-left:0px;--awb-border-radius-top-right:0px;--awb-border-radius-bottom-right:0px;--awb-border-radius-bottom-left:0px;--awb-margin-top:50px;--awb-flex-wrap:wrap;\" ><div class=\"fusion-builder-row fusion-row fusion-flex-align-items-flex-start fusion-flex-content-wrap\" style=\"max-width:1248px;margin-left: calc(-4% \/ 2 );margin-right: calc(-4% \/ 2 );\"><div class=\"fusion-layout-column fusion_builder_column fusion-builder-column-2 fusion_builder_column_1_3 1_3 fusion-flex-column\" style=\"--awb-overflow:hidden;--awb-bg-size:cover;--awb-border-radius:70px 0px 0px 0px;--awb-width-large:33.333333333333%;--awb-margin-top-large:0px;--awb-spacing-right-large:5.76%;--awb-margin-bottom-large:20px;--awb-spacing-left-large:5.76%;--awb-width-medium:50%;--awb-order-medium:0;--awb-spacing-right-medium:3.84%;--awb-spacing-left-medium:3.84%;--awb-width-small:100%;--awb-order-small:0;--awb-spacing-right-small:1.92%;--awb-spacing-left-small:1.92%;\"><div class=\"fusion-column-wrapper fusion-column-has-shadow fusion-flex-justify-content-flex-start fusion-content-layout-column\"><div class=\"awb-gallery-wrapper awb-gallery-wrapper-1 button-span-no\" style=\"--more-btn-alignment:center;\"><div style=\"margin:-5px;--awb-bordersize:0px;\" class=\"fusion-gallery fusion-gallery-container fusion-grid-1 fusion-columns-total-1 fusion-gallery-layout-grid fusion-gallery-1\"><div style=\"padding:5px;\" class=\"fusion-grid-column fusion-gallery-column fusion-gallery-column-1 hover-type-none\"><div class=\"fusion-gallery-image\"><a href=\"https:\/\/cifs.edu.ba\/wp-content\/uploads\/2025\/11\/Multisport.jpg\" rel=\"noreferrer\" data-rel=\"iLightbox[gallery_image_1]\" class=\"fusion-lightbox\" target=\"_self\"><img decoding=\"async\" src=\"https:\/\/cifs.edu.ba\/wp-content\/uploads\/2025\/11\/Multisport.jpg\" width=\"1080\" height=\"1350\" alt=\"Multisport\" title=\"Multisport\" aria-label=\"Multisport\" class=\"img-responsive wp-image-2126\" srcset=\"https:\/\/cifs.edu.ba\/wp-content\/uploads\/2025\/11\/Multisport-200x250.jpg 200w, https:\/\/cifs.edu.ba\/wp-content\/uploads\/2025\/11\/Multisport-400x500.jpg 400w, https:\/\/cifs.edu.ba\/wp-content\/uploads\/2025\/11\/Multisport-600x750.jpg 600w, https:\/\/cifs.edu.ba\/wp-content\/uploads\/2025\/11\/Multisport-800x1000.jpg 800w, https:\/\/cifs.edu.ba\/wp-content\/uploads\/2025\/11\/Multisport.jpg 1080w\" sizes=\"(min-width: 2200px) 100vw, (min-width: 640px) 1200px, \" \/><\/a><\/div><\/div><div class=\"clearfix\"><\/div><\/div><\/div><div class=\"fusion-text fusion-text-2\" style=\"--awb-margin-top:15px;\"><p style=\"text-align: center;\"><strong>Multisport<\/strong><\/p>\n<\/div><\/div><\/div><div class=\"fusion-layout-column fusion_builder_column fusion-builder-column-3 fusion_builder_column_1_3 1_3 fusion-flex-column\" style=\"--awb-overflow:hidden;--awb-bg-size:cover;--awb-border-radius:0px 70px 0px 0px;--awb-width-large:33.333333333333%;--awb-margin-top-large:0px;--awb-spacing-right-large:5.76%;--awb-margin-bottom-large:20px;--awb-spacing-left-large:5.76%;--awb-width-medium:50%;--awb-order-medium:0;--awb-spacing-right-medium:3.84%;--awb-spacing-left-medium:3.84%;--awb-width-small:100%;--awb-order-small:0;--awb-spacing-right-small:1.92%;--awb-spacing-left-small:1.92%;\"><div class=\"fusion-column-wrapper fusion-column-has-shadow fusion-flex-justify-content-flex-start fusion-content-layout-column\"><div class=\"awb-gallery-wrapper awb-gallery-wrapper-2 button-span-no\" style=\"--more-btn-alignment:center;\"><div style=\"margin:-5px;--awb-bordersize:0px;\" class=\"fusion-gallery fusion-gallery-container fusion-grid-1 fusion-columns-total-1 fusion-gallery-layout-grid fusion-gallery-2\"><div style=\"padding:5px;\" class=\"fusion-grid-column fusion-gallery-column fusion-gallery-column-1 hover-type-none\"><div class=\"fusion-gallery-image\"><a href=\"https:\/\/cifs.edu.ba\/wp-content\/uploads\/2025\/11\/Chinese.jpg\" rel=\"noreferrer\" data-rel=\"iLightbox[gallery_image_2]\" class=\"fusion-lightbox\" target=\"_self\"><img decoding=\"async\" src=\"https:\/\/cifs.edu.ba\/wp-content\/uploads\/2025\/11\/Chinese.jpg\" width=\"1080\" height=\"1350\" alt=\"Chinese\" title=\"Chinese\" aria-label=\"Chinese\" class=\"img-responsive wp-image-2129\" srcset=\"https:\/\/cifs.edu.ba\/wp-content\/uploads\/2025\/11\/Chinese-200x250.jpg 200w, https:\/\/cifs.edu.ba\/wp-content\/uploads\/2025\/11\/Chinese-400x500.jpg 400w, https:\/\/cifs.edu.ba\/wp-content\/uploads\/2025\/11\/Chinese-600x750.jpg 600w, https:\/\/cifs.edu.ba\/wp-content\/uploads\/2025\/11\/Chinese-800x1000.jpg 800w, https:\/\/cifs.edu.ba\/wp-content\/uploads\/2025\/11\/Chinese.jpg 1080w\" sizes=\"(min-width: 2200px) 100vw, (min-width: 640px) 1200px, \" \/><\/a><\/div><\/div><div class=\"clearfix\"><\/div><\/div><\/div><div class=\"fusion-text fusion-text-3\" style=\"--awb-margin-top:15px;\"><p style=\"text-align: center;\"><strong>Kineski jezik<\/strong><\/p>\n<\/div><\/div><\/div><div class=\"fusion-layout-column fusion_builder_column fusion-builder-column-4 fusion_builder_column_1_3 1_3 fusion-flex-column\" style=\"--awb-overflow:hidden;--awb-bg-size:cover;--awb-border-radius:70px 0px 0px 0px;--awb-width-large:33.333333333333%;--awb-margin-top-large:0px;--awb-spacing-right-large:5.76%;--awb-margin-bottom-large:20px;--awb-spacing-left-large:5.76%;--awb-width-medium:50%;--awb-order-medium:0;--awb-spacing-right-medium:3.84%;--awb-spacing-left-medium:3.84%;--awb-width-small:100%;--awb-order-small:0;--awb-spacing-right-small:1.92%;--awb-spacing-left-small:1.92%;\"><div class=\"fusion-column-wrapper fusion-column-has-shadow fusion-flex-justify-content-flex-start fusion-content-layout-column\"><div class=\"awb-gallery-wrapper awb-gallery-wrapper-3 button-span-no\" style=\"--more-btn-alignment:center;\"><div style=\"margin:-5px;--awb-bordersize:0px;\" class=\"fusion-gallery fusion-gallery-container fusion-grid-1 fusion-columns-total-1 fusion-gallery-layout-grid fusion-gallery-3\"><div style=\"padding:5px;\" class=\"fusion-grid-column fusion-gallery-column fusion-gallery-column-1 hover-type-none\"><div class=\"fusion-gallery-image\"><a href=\"https:\/\/cifs.edu.ba\/wp-content\/uploads\/2025\/11\/Art.jpg\" rel=\"noreferrer\" data-rel=\"iLightbox[gallery_image_3]\" class=\"fusion-lightbox\" target=\"_self\"><img decoding=\"async\" src=\"https:\/\/cifs.edu.ba\/wp-content\/uploads\/2025\/11\/Art.jpg\" width=\"1080\" height=\"1350\" alt=\"Art\" title=\"Art\" aria-label=\"Art\" class=\"img-responsive wp-image-2132\" srcset=\"https:\/\/cifs.edu.ba\/wp-content\/uploads\/2025\/11\/Art-200x250.jpg 200w, https:\/\/cifs.edu.ba\/wp-content\/uploads\/2025\/11\/Art-400x500.jpg 400w, https:\/\/cifs.edu.ba\/wp-content\/uploads\/2025\/11\/Art-600x750.jpg 600w, https:\/\/cifs.edu.ba\/wp-content\/uploads\/2025\/11\/Art-800x1000.jpg 800w, https:\/\/cifs.edu.ba\/wp-content\/uploads\/2025\/11\/Art.jpg 1080w\" sizes=\"(min-width: 2200px) 100vw, (min-width: 640px) 1200px, \" \/><\/a><\/div><\/div><div class=\"clearfix\"><\/div><\/div><\/div><div class=\"fusion-text fusion-text-4\" style=\"--awb-margin-top:15px;\"><p style=\"text-align: center;\"><strong>Umjetnost<\/strong><\/p>\n<\/div><\/div><\/div><div class=\"fusion-layout-column fusion_builder_column fusion-builder-column-5 fusion_builder_column_1_3 1_3 fusion-flex-column\" style=\"--awb-overflow:hidden;--awb-bg-size:cover;--awb-border-radius:0px 70px 0px 0px;--awb-width-large:33.333333333333%;--awb-margin-top-large:0px;--awb-spacing-right-large:5.76%;--awb-margin-bottom-large:20px;--awb-spacing-left-large:5.76%;--awb-width-medium:50%;--awb-order-medium:0;--awb-spacing-right-medium:3.84%;--awb-spacing-left-medium:3.84%;--awb-width-small:100%;--awb-order-small:0;--awb-spacing-right-small:1.92%;--awb-spacing-left-small:1.92%;\"><div class=\"fusion-column-wrapper fusion-column-has-shadow fusion-flex-justify-content-flex-start fusion-content-layout-column\"><div class=\"awb-gallery-wrapper awb-gallery-wrapper-4 button-span-no\" style=\"--more-btn-alignment:center;\"><div style=\"margin:-5px;--awb-bordersize:0px;\" class=\"fusion-gallery fusion-gallery-container fusion-grid-1 fusion-columns-total-1 fusion-gallery-layout-grid fusion-gallery-4\"><div style=\"padding:5px;\" class=\"fusion-grid-column fusion-gallery-column fusion-gallery-column-1 hover-type-none\"><div class=\"fusion-gallery-image\"><a href=\"https:\/\/cifs.edu.ba\/wp-content\/uploads\/2025\/11\/Chess.jpg\" rel=\"noreferrer\" data-rel=\"iLightbox[gallery_image_4]\" class=\"fusion-lightbox\" target=\"_self\"><img decoding=\"async\" src=\"https:\/\/cifs.edu.ba\/wp-content\/uploads\/2025\/11\/Chess.jpg\" width=\"1080\" height=\"1350\" alt=\"Chess\" title=\"Chess\" aria-label=\"Chess\" class=\"img-responsive wp-image-2135\" srcset=\"https:\/\/cifs.edu.ba\/wp-content\/uploads\/2025\/11\/Chess-200x250.jpg 200w, https:\/\/cifs.edu.ba\/wp-content\/uploads\/2025\/11\/Chess-400x500.jpg 400w, https:\/\/cifs.edu.ba\/wp-content\/uploads\/2025\/11\/Chess-600x750.jpg 600w, https:\/\/cifs.edu.ba\/wp-content\/uploads\/2025\/11\/Chess-800x1000.jpg 800w, https:\/\/cifs.edu.ba\/wp-content\/uploads\/2025\/11\/Chess.jpg 1080w\" sizes=\"(min-width: 2200px) 100vw, (min-width: 640px) 1200px, \" \/><\/a><\/div><\/div><div class=\"clearfix\"><\/div><\/div><\/div><div class=\"fusion-text fusion-text-5\" style=\"--awb-margin-top:15px;\"><p style=\"text-align: center;\"><strong>\u0160ah<\/strong><\/p>\n<\/div><\/div><\/div><div class=\"fusion-layout-column fusion_builder_column fusion-builder-column-6 fusion_builder_column_1_3 1_3 fusion-flex-column\" style=\"--awb-overflow:hidden;--awb-bg-size:cover;--awb-border-radius:70px 0px 0px 0px;--awb-width-large:33.333333333333%;--awb-margin-top-large:0px;--awb-spacing-right-large:5.76%;--awb-margin-bottom-large:20px;--awb-spacing-left-large:5.76%;--awb-width-medium:50%;--awb-order-medium:0;--awb-spacing-right-medium:3.84%;--awb-spacing-left-medium:3.84%;--awb-width-small:100%;--awb-order-small:0;--awb-spacing-right-small:1.92%;--awb-spacing-left-small:1.92%;\"><div class=\"fusion-column-wrapper fusion-column-has-shadow fusion-flex-justify-content-flex-start fusion-content-layout-column\"><div class=\"awb-gallery-wrapper awb-gallery-wrapper-5 button-span-no\" style=\"--more-btn-alignment:center;\"><div style=\"margin:-5px;--awb-bordersize:0px;\" class=\"fusion-gallery fusion-gallery-container fusion-grid-1 fusion-columns-total-1 fusion-gallery-layout-grid fusion-gallery-5\"><div style=\"padding:5px;\" class=\"fusion-grid-column fusion-gallery-column fusion-gallery-column-1 hover-type-none\"><div class=\"fusion-gallery-image\"><a href=\"https:\/\/cifs.edu.ba\/wp-content\/uploads\/2025\/11\/Piano.jpg\" rel=\"noreferrer\" data-rel=\"iLightbox[gallery_image_5]\" class=\"fusion-lightbox\" target=\"_self\"><img decoding=\"async\" src=\"https:\/\/cifs.edu.ba\/wp-content\/uploads\/2025\/11\/Piano.jpg\" width=\"1080\" height=\"1350\" alt=\"Piano\" title=\"Piano\" aria-label=\"Piano\" class=\"img-responsive wp-image-2138\" srcset=\"https:\/\/cifs.edu.ba\/wp-content\/uploads\/2025\/11\/Piano-200x250.jpg 200w, https:\/\/cifs.edu.ba\/wp-content\/uploads\/2025\/11\/Piano-400x500.jpg 400w, https:\/\/cifs.edu.ba\/wp-content\/uploads\/2025\/11\/Piano-600x750.jpg 600w, https:\/\/cifs.edu.ba\/wp-content\/uploads\/2025\/11\/Piano-800x1000.jpg 800w, https:\/\/cifs.edu.ba\/wp-content\/uploads\/2025\/11\/Piano.jpg 1080w\" sizes=\"(min-width: 2200px) 100vw, (min-width: 640px) 1200px, \" \/><\/a><\/div><\/div><div class=\"clearfix\"><\/div><\/div><\/div><div class=\"fusion-text fusion-text-6\" style=\"--awb-margin-top:15px;\"><p style=\"text-align: center;\"><strong>Klavir<\/strong><\/p>\n<\/div><\/div><\/div><div class=\"fusion-layout-column fusion_builder_column fusion-builder-column-7 fusion_builder_column_1_3 1_3 fusion-flex-column\" style=\"--awb-overflow:hidden;--awb-bg-size:cover;--awb-border-radius:0px 70px 0px 0px;--awb-width-large:33.333333333333%;--awb-margin-top-large:0px;--awb-spacing-right-large:5.76%;--awb-margin-bottom-large:20px;--awb-spacing-left-large:5.76%;--awb-width-medium:50%;--awb-order-medium:0;--awb-spacing-right-medium:3.84%;--awb-spacing-left-medium:3.84%;--awb-width-small:100%;--awb-order-small:0;--awb-spacing-right-small:1.92%;--awb-spacing-left-small:1.92%;\"><div class=\"fusion-column-wrapper fusion-column-has-shadow fusion-flex-justify-content-flex-start fusion-content-layout-column\"><\/div><\/div><\/div><\/div><div class=\"fusion-fullwidth fullwidth-box fusion-builder-row-4 fusion-flex-container has-pattern-background has-mask-background fusion-parallax-none nonhundred-percent-fullwidth non-hundred-percent-height-scrolling\" style=\"--awb-background-position:left top;--awb-background-repeat:repeat;--awb-background-blend-mode:overlay;--awb-border-radius-top-left:0px;--awb-border-radius-top-right:0px;--awb-border-radius-bottom-right:0px;--awb-border-radius-bottom-left:0px;--awb-margin-bottom:-50px;--awb-background-image:url(&quot;https:\/\/cifs.edu.ba\/wp-content\/uploads\/2023\/11\/patern-red.png&quot;);--awb-flex-wrap:wrap;\" ><div class=\"fusion-builder-row fusion-row fusion-flex-align-items-flex-start fusion-flex-content-wrap\" style=\"max-width:1248px;margin-left: calc(-4% \/ 2 );margin-right: calc(-4% \/ 2 );\"><div class=\"fusion-layout-column fusion_builder_column fusion-builder-column-8 fusion_builder_column_1_1 1_1 fusion-flex-column\" style=\"--awb-padding-top:30px;--awb-bg-size:cover;--awb-width-large:100%;--awb-margin-top-large:0px;--awb-spacing-right-large:1.92%;--awb-margin-bottom-large:20px;--awb-spacing-left-large:1.92%;--awb-width-medium:100%;--awb-order-medium:0;--awb-spacing-right-medium:1.92%;--awb-spacing-left-medium:1.92%;--awb-width-small:100%;--awb-order-small:0;--awb-spacing-right-small:1.92%;--awb-spacing-left-small:1.92%;\"><div class=\"fusion-column-wrapper fusion-column-has-shadow fusion-flex-justify-content-flex-start fusion-content-layout-column\"><div class=\"fusion-text fusion-text-7\" style=\"--awb-text-color:var(--awb-color1);\"><h3 style=\"color: white;\">MISIJA I OBRAZOVNE VRIJEDNOSTI<\/h3>\n<p>Stub intelektualnog i dru\u0161tvenog razvoja je preno\u0161enje osnovnog znanja i op\u0107e kulture na\u0161oj djeci.<br \/>\nRazvijanje osnovnih vje\u0161tina kao \u0161to su \u017eelja za u\u010denjem, preciznost, kreativnost, kriti\u010dki duh i radoznalost.<br \/>\nUsmjeravanje djece ka bogatstvima svijeta u\u010de\u0107i ih od malih nogu da govore vi\u0161e jezika i da budu otvorena za kulturnu razmjenu.<br \/>\nVrednovanje talenta.<\/p>\n<\/div><\/div><\/div><\/div><\/div><\/p>\n","protected":false},"excerpt":{"rendered":"","protected":false},"author":1,"featured_media":0,"parent":608,"menu_order":0,"comment_status":"closed","ping_status":"closed","template":"100-width.php","meta":{"footnotes":""},"class_list":["post-614","page","type-page","status-publish","hentry"],"yoast_head":"<!-- This site is optimized with the Yoast SEO plugin v27.1.1 - https:\/\/yoast.com\/product\/yoast-seo-wordpress\/ -->\n<title>Poslije \u0160kole | Vannastavne Aktivnosti | CIFS Sarajevo<\/title>\n<meta name=\"description\" content=\"Me\u0111unarodna \u0161kola u Sarajevu. Roditelji mogu birati izme\u0111u: multisport, kineski jezik, umjetnosti, \u0161ah, klavir. Kontaktirajte nas!\" \/>\n<meta name=\"robots\" content=\"index, follow, max-snippet:-1, max-image-preview:large, max-video-preview:-1\" \/>\n<link rel=\"canonical\" href=\"https:\/\/cifs.edu.ba\/bs\/vannastavne-aktivnosti\/poslije-skole\/\" \/>\n<meta property=\"og:locale\" content=\"bs_BA\" \/>\n<meta property=\"og:type\" content=\"article\" \/>\n<meta property=\"og:title\" content=\"Poslije \u0160kole | Vannastavne Aktivnosti | CIFS Sarajevo\" \/>\n<meta property=\"og:description\" content=\"Me\u0111unarodna \u0161kola u Sarajevu. Roditelji mogu birati izme\u0111u: multisport, kineski jezik, umjetnosti, \u0161ah, klavir. Kontaktirajte nas!\" \/>\n<meta property=\"og:url\" content=\"https:\/\/cifs.edu.ba\/bs\/vannastavne-aktivnosti\/poslije-skole\/\" \/>\n<meta property=\"og:site_name\" content=\"CIFS\" \/>\n<meta property=\"article:publisher\" content=\"https:\/\/www.facebook.com\/CIFSarajevo\/\" \/>\n<meta property=\"article:modified_time\" content=\"2026-03-04T01:54:23+00:00\" \/>\n<meta name=\"twitter:card\" content=\"summary_large_image\" \/>\n<meta name=\"twitter:label1\" content=\"Est. reading time\" \/>\n\t<meta name=\"twitter:data1\" content=\"2 minute\" \/>\n<script type=\"application\/ld+json\" class=\"yoast-schema-graph\">{\"@context\":\"https:\/\/schema.org\",\"@graph\":[{\"@type\":\"WebPage\",\"@id\":\"https:\/\/cifs.edu.ba\/bs\/vannastavne-aktivnosti\/poslije-skole\/\",\"url\":\"https:\/\/cifs.edu.ba\/bs\/vannastavne-aktivnosti\/poslije-skole\/\",\"name\":\"Poslije \u0160kole | Vannastavne Aktivnosti | CIFS Sarajevo\",\"isPartOf\":{\"@id\":\"https:\/\/cifs.edu.ba\/#website\"},\"datePublished\":\"2023-11-11T23:22:18+00:00\",\"dateModified\":\"2026-03-04T01:54:23+00:00\",\"description\":\"Me\u0111unarodna \u0161kola u Sarajevu. Roditelji mogu birati izme\u0111u: multisport, kineski jezik, umjetnosti, \u0161ah, klavir. Kontaktirajte nas!\",\"breadcrumb\":{\"@id\":\"https:\/\/cifs.edu.ba\/bs\/vannastavne-aktivnosti\/poslije-skole\/#breadcrumb\"},\"inLanguage\":\"bs-BA\",\"potentialAction\":[{\"@type\":\"ReadAction\",\"target\":[\"https:\/\/cifs.edu.ba\/bs\/vannastavne-aktivnosti\/poslije-skole\/\"]}]},{\"@type\":\"BreadcrumbList\",\"@id\":\"https:\/\/cifs.edu.ba\/bs\/vannastavne-aktivnosti\/poslije-skole\/#breadcrumb\",\"itemListElement\":[{\"@type\":\"ListItem\",\"position\":1,\"name\":\"Home\",\"item\":\"https:\/\/cifs.edu.ba\/bs\/\"},{\"@type\":\"ListItem\",\"position\":2,\"name\":\"Vannastavne aktivnosti\",\"item\":\"https:\/\/cifs.edu.ba\/bs\/vannastavne-aktivnosti\/\"},{\"@type\":\"ListItem\",\"position\":3,\"name\":\"Poslije \u0161kole\"}]},{\"@type\":\"WebSite\",\"@id\":\"https:\/\/cifs.edu.ba\/#website\",\"url\":\"https:\/\/cifs.edu.ba\/\",\"name\":\"International School in Sarajevo!\",\"description\":\"\",\"potentialAction\":[{\"@type\":\"SearchAction\",\"target\":{\"@type\":\"EntryPoint\",\"urlTemplate\":\"https:\/\/cifs.edu.ba\/?s={search_term_string}\"},\"query-input\":{\"@type\":\"PropertyValueSpecification\",\"valueRequired\":true,\"valueName\":\"search_term_string\"}}],\"inLanguage\":\"bs-BA\"}]}<\/script>\n<!-- \/ Yoast SEO plugin. -->","yoast_head_json":{"title":"Poslije \u0160kole | Vannastavne Aktivnosti | CIFS Sarajevo","description":"Me\u0111unarodna \u0161kola u Sarajevu. Roditelji mogu birati izme\u0111u: multisport, kineski jezik, umjetnosti, \u0161ah, klavir. Kontaktirajte nas!","robots":{"index":"index","follow":"follow","max-snippet":"max-snippet:-1","max-image-preview":"max-image-preview:large","max-video-preview":"max-video-preview:-1"},"canonical":"https:\/\/cifs.edu.ba\/bs\/vannastavne-aktivnosti\/poslije-skole\/","og_locale":"bs_BA","og_type":"article","og_title":"Poslije \u0160kole | Vannastavne Aktivnosti | CIFS Sarajevo","og_description":"Me\u0111unarodna \u0161kola u Sarajevu. Roditelji mogu birati izme\u0111u: multisport, kineski jezik, umjetnosti, \u0161ah, klavir. Kontaktirajte nas!","og_url":"https:\/\/cifs.edu.ba\/bs\/vannastavne-aktivnosti\/poslije-skole\/","og_site_name":"CIFS","article_publisher":"https:\/\/www.facebook.com\/CIFSarajevo\/","article_modified_time":"2026-03-04T01:54:23+00:00","twitter_card":"summary_large_image","twitter_misc":{"Est. reading time":"2 minute"},"schema":{"@context":"https:\/\/schema.org","@graph":[{"@type":"WebPage","@id":"https:\/\/cifs.edu.ba\/bs\/vannastavne-aktivnosti\/poslije-skole\/","url":"https:\/\/cifs.edu.ba\/bs\/vannastavne-aktivnosti\/poslije-skole\/","name":"Poslije \u0160kole | Vannastavne Aktivnosti | CIFS Sarajevo","isPartOf":{"@id":"https:\/\/cifs.edu.ba\/#website"},"datePublished":"2023-11-11T23:22:18+00:00","dateModified":"2026-03-04T01:54:23+00:00","description":"Me\u0111unarodna \u0161kola u Sarajevu. Roditelji mogu birati izme\u0111u: multisport, kineski jezik, umjetnosti, \u0161ah, klavir. Kontaktirajte nas!","breadcrumb":{"@id":"https:\/\/cifs.edu.ba\/bs\/vannastavne-aktivnosti\/poslije-skole\/#breadcrumb"},"inLanguage":"bs-BA","potentialAction":[{"@type":"ReadAction","target":["https:\/\/cifs.edu.ba\/bs\/vannastavne-aktivnosti\/poslije-skole\/"]}]},{"@type":"BreadcrumbList","@id":"https:\/\/cifs.edu.ba\/bs\/vannastavne-aktivnosti\/poslije-skole\/#breadcrumb","itemListElement":[{"@type":"ListItem","position":1,"name":"Home","item":"https:\/\/cifs.edu.ba\/bs\/"},{"@type":"ListItem","position":2,"name":"Vannastavne aktivnosti","item":"https:\/\/cifs.edu.ba\/bs\/vannastavne-aktivnosti\/"},{"@type":"ListItem","position":3,"name":"Poslije \u0161kole"}]},{"@type":"WebSite","@id":"https:\/\/cifs.edu.ba\/#website","url":"https:\/\/cifs.edu.ba\/","name":"International School in Sarajevo!","description":"","potentialAction":[{"@type":"SearchAction","target":{"@type":"EntryPoint","urlTemplate":"https:\/\/cifs.edu.ba\/?s={search_term_string}"},"query-input":{"@type":"PropertyValueSpecification","valueRequired":true,"valueName":"search_term_string"}}],"inLanguage":"bs-BA"}]}},"_links":{"self":[{"href":"https:\/\/cifs.edu.ba\/bs\/wp-json\/wp\/v2\/pages\/614","targetHints":{"allow":["GET"]}}],"collection":[{"href":"https:\/\/cifs.edu.ba\/bs\/wp-json\/wp\/v2\/pages"}],"about":[{"href":"https:\/\/cifs.edu.ba\/bs\/wp-json\/wp\/v2\/types\/page"}],"author":[{"embeddable":true,"href":"https:\/\/cifs.edu.ba\/bs\/wp-json\/wp\/v2\/users\/1"}],"replies":[{"embeddable":true,"href":"https:\/\/cifs.edu.ba\/bs\/wp-json\/wp\/v2\/comments?post=614"}],"version-history":[{"count":10,"href":"https:\/\/cifs.edu.ba\/bs\/wp-json\/wp\/v2\/pages\/614\/revisions"}],"predecessor-version":[{"id":2434,"href":"https:\/\/cifs.edu.ba\/bs\/wp-json\/wp\/v2\/pages\/614\/revisions\/2434"}],"up":[{"embeddable":true,"href":"https:\/\/cifs.edu.ba\/bs\/wp-json\/wp\/v2\/pages\/608"}],"wp:attachment":[{"href":"https:\/\/cifs.edu.ba\/bs\/wp-json\/wp\/v2\/media?parent=614"}],"curies":[{"name":"wp","href":"https:\/\/api.w.org\/{rel}","templated":true}]}}