{"id":602,"date":"2023-11-11T22:08:14","date_gmt":"2023-11-11T22:08:14","guid":{"rendered":"https:\/\/cifs.edu.ba\/curriculum\/high-school\/"},"modified":"2026-03-10T13:54:26","modified_gmt":"2026-03-10T13:54:26","slug":"srednja-skola","status":"publish","type":"page","link":"https:\/\/cifs.edu.ba\/bs\/nastavni-plan-i-program\/srednja-skola\/","title":{"rendered":"Srednja \u0161kola"},"content":{"rendered":"<p><div class=\"fusion-fullwidth fullwidth-box fusion-builder-row-1 fusion-flex-container has-pattern-background has-mask-background fusion-parallax-none nonhundred-percent-fullwidth non-hundred-percent-height-scrolling\" style=\"--awb-background-position:left top;--awb-background-repeat:repeat;--awb-background-blend-mode:overlay;--awb-border-radius-top-left:0px;--awb-border-radius-top-right:0px;--awb-border-radius-bottom-right:0px;--awb-border-radius-bottom-left:0px;--awb-margin-top:-50px;--awb-background-image:url(&quot;https:\/\/cifs.edu.ba\/wp-content\/uploads\/2023\/11\/patern-red.png&quot;);--awb-flex-wrap:wrap;\" ><div class=\"fusion-builder-row fusion-row fusion-flex-align-items-flex-start fusion-flex-content-wrap\" style=\"max-width:1248px;margin-left: calc(-4% \/ 2 );margin-right: calc(-4% \/ 2 );\"><div class=\"fusion-layout-column fusion_builder_column fusion-builder-column-0 fusion_builder_column_1_3 1_3 fusion-flex-column\" style=\"--awb-padding-top:40px;--awb-bg-size:cover;--awb-width-large:33.333333333333%;--awb-margin-top-large:0px;--awb-spacing-right-large:5.76%;--awb-margin-bottom-large:20px;--awb-spacing-left-large:5.76%;--awb-width-medium:33.333333333333%;--awb-order-medium:0;--awb-spacing-right-medium:5.76%;--awb-spacing-left-medium:5.76%;--awb-width-small:100%;--awb-order-small:0;--awb-spacing-right-small:1.92%;--awb-spacing-left-small:1.92%;\"><div class=\"fusion-column-wrapper fusion-column-has-shadow fusion-flex-justify-content-flex-start fusion-content-layout-column\"><div class=\"fusion-title title fusion-title-1 fusion-sep-none fusion-title-text fusion-title-size-two\" style=\"--awb-text-color:var(--awb-color1);\"><h2 class=\"fusion-title-heading title-heading-left\" style=\"margin:0;\"><p>SREDNJA<br \/>\n\u0160KOLA<\/p><\/h2><\/div><\/div><\/div><div class=\"fusion-layout-column fusion_builder_column fusion-builder-column-1 fusion_builder_column_2_3 2_3 fusion-flex-column\" style=\"--awb-padding-top:50px;--awb-bg-size:cover;--awb-width-large:66.666666666667%;--awb-margin-top-large:0px;--awb-spacing-right-large:2.88%;--awb-margin-bottom-large:20px;--awb-spacing-left-large:2.88%;--awb-width-medium:66.666666666667%;--awb-order-medium:0;--awb-spacing-right-medium:2.88%;--awb-spacing-left-medium:2.88%;--awb-width-small:100%;--awb-order-small:0;--awb-spacing-right-small:1.92%;--awb-spacing-left-small:1.92%;\"><div class=\"fusion-column-wrapper fusion-column-has-shadow fusion-flex-justify-content-flex-start fusion-content-layout-column\"><div class=\"fusion-text fusion-text-1\" style=\"--awb-text-color:var(--awb-color1);\"><p>Nakon 4 godine utvr\u0111ivanja znanja koja \u010dini koled\u017e, dolazi srednja \u0161kola koja \u010dini zavr\u0161ni ciklus. Izbori koje \u0107e u\u010denici donijeti bit \u0107e odlu\u010duju\u0107i za njihovu studentsku karijeru.<\/p>\n<p>Op\u0107i smjer priprema , tokom 2 godine, srednjo\u0161kolce\u00a0 za op\u0107u maturu i za nastavak visokog obrazovanja, uglavnom na univerzitetu ili u pripremnim razredima. Njemu prethodi ciklus odre\u0111ivanja u trajanju od jedne godine.<\/p>\n<p>Organizacija op\u0107e gimnazije nudi smjerove koje svaki srednjo\u0161kolac bira prema ukusu i ambicijama.<\/p>\n<p><strong>Srednja \u0161kola nudi tri vrste obrazovanja:<\/strong><\/p>\n<ul>\n<li>\u0160iroka baza zajedni\u010dke, humanisti\u010dke i nau\u010dne kulture, otvorene za izazove budu\u0107nosti.<\/li>\n<li>Specijalisti\u010dke discipline koje bira u\u010denik i pove\u0107avaju se izme\u0111u 2. i 3. razreda (tri discipline u drugom razredu, a zatim dvije u tre\u0107em od tri koje prati u drugom razredu). Ove discipline imaju ve\u0107i broj sati koji omogu\u0107ava da se ponude ambiciozni programi i da se u\u010denicima da vremena za u\u010denje. Fakultativni \u010dasovi \u0107e tako\u0111e omogu\u0107iti u\u010deniku da upotpuni svoj smjer.<\/li>\n<li>Vrijeme pomo\u0107i u orijentaciji kroz srednju \u0161kolu kako bi se pripremili za izbor karijere i, kona\u010dno, ulazak u visoko obrazovanje. Pra\u0107enje u\u010denika vr\u0161i\u0107e se prema broju sati predvi\u0111enim u okviru granica autonomije ustanove (grupe sa smanjenim brojem u\u010denika, diferencirana pedagogija, Mooc, itd.).<\/li>\n<\/ul>\n<p><strong>Diploma<\/strong><strong> BACCALAUREAT- matura<\/strong><\/p>\n<p>\u0160kola registruje kandidate za ispite francuske mature. Testovi se odvijaju u pridru\u017eenoj srednjoj \u0161koli CIFS-a u Beogradu. Na kraju ispita kandidatu se dodeljuje francuska nacionalna diploma mature i mo\u017ee potom ako \u017eeli da nastavi studije u Francuskoj.<\/p>\n<\/div><\/div><\/div><\/div><\/div><div class=\"fusion-fullwidth fullwidth-box fusion-builder-row-2 fusion-flex-container has-pattern-background has-mask-background nonhundred-percent-fullwidth non-hundred-percent-height-scrolling\" style=\"--awb-border-radius-top-left:0px;--awb-border-radius-top-right:0px;--awb-border-radius-bottom-right:0px;--awb-border-radius-bottom-left:0px;--awb-margin-top:50px;--awb-flex-wrap:wrap;\" ><div class=\"fusion-builder-row fusion-row fusion-flex-align-items-flex-start fusion-flex-content-wrap\" style=\"max-width:1248px;margin-left: calc(-4% \/ 2 );margin-right: calc(-4% \/ 2 );\"><div class=\"fusion-layout-column fusion_builder_column fusion-builder-column-2 fusion_builder_column_1_2 1_2 fusion-flex-column\" style=\"--awb-bg-size:cover;--awb-width-large:50%;--awb-margin-top-large:0px;--awb-spacing-right-large:3.84%;--awb-margin-bottom-large:20px;--awb-spacing-left-large:3.84%;--awb-width-medium:50%;--awb-order-medium:0;--awb-spacing-right-medium:3.84%;--awb-spacing-left-medium:3.84%;--awb-width-small:100%;--awb-order-small:0;--awb-spacing-right-small:1.92%;--awb-spacing-left-small:1.92%;\"><div class=\"fusion-column-wrapper fusion-column-has-shadow fusion-flex-justify-content-flex-start fusion-content-layout-column\"><div class=\"fusion-text fusion-text-2\"><p><img decoding=\"async\" class=\"alignnone size-full wp-image-256\" src=\"https:\/\/cifs.edu.ba\/wp-content\/uploads\/2023\/11\/International-French-School-High-School.jpg\" alt=\"\" width=\"1000\" height=\"667\" srcset=\"https:\/\/cifs.edu.ba\/wp-content\/uploads\/2023\/11\/International-French-School-High-School-200x133.jpg 200w, https:\/\/cifs.edu.ba\/wp-content\/uploads\/2023\/11\/International-French-School-High-School-300x200.jpg 300w, https:\/\/cifs.edu.ba\/wp-content\/uploads\/2023\/11\/International-French-School-High-School-400x267.jpg 400w, https:\/\/cifs.edu.ba\/wp-content\/uploads\/2023\/11\/International-French-School-High-School-600x400.jpg 600w, https:\/\/cifs.edu.ba\/wp-content\/uploads\/2023\/11\/International-French-School-High-School-768x512.jpg 768w, https:\/\/cifs.edu.ba\/wp-content\/uploads\/2023\/11\/International-French-School-High-School-800x534.jpg 800w, https:\/\/cifs.edu.ba\/wp-content\/uploads\/2023\/11\/International-French-School-High-School.jpg 1000w\" sizes=\"(max-width: 1000px) 100vw, 1000px\" \/><\/p>\n<\/div><\/div><\/div><div class=\"fusion-layout-column fusion_builder_column fusion-builder-column-3 fusion_builder_column_1_2 1_2 fusion-flex-column\" style=\"--awb-bg-size:cover;--awb-width-large:50%;--awb-margin-top-large:0px;--awb-spacing-right-large:3.84%;--awb-margin-bottom-large:20px;--awb-spacing-left-large:3.84%;--awb-width-medium:50%;--awb-order-medium:0;--awb-spacing-right-medium:3.84%;--awb-spacing-left-medium:3.84%;--awb-width-small:100%;--awb-order-small:0;--awb-spacing-right-small:1.92%;--awb-spacing-left-small:1.92%;\"><div class=\"fusion-column-wrapper fusion-column-has-shadow fusion-flex-justify-content-flex-start fusion-content-layout-column\"><div class=\"fusion-text fusion-text-3\"><p><img decoding=\"async\" class=\"alignnone size-full wp-image-298\" src=\"https:\/\/cifs.edu.ba\/wp-content\/uploads\/2023\/11\/French-School-Sarajevo-High-School-2.jpg\" alt=\"French School Sarajevo - High School 2\" width=\"1000\" height=\"667\" srcset=\"https:\/\/cifs.edu.ba\/wp-content\/uploads\/2023\/11\/French-School-Sarajevo-High-School-2-200x133.jpg 200w, https:\/\/cifs.edu.ba\/wp-content\/uploads\/2023\/11\/French-School-Sarajevo-High-School-2-300x200.jpg 300w, https:\/\/cifs.edu.ba\/wp-content\/uploads\/2023\/11\/French-School-Sarajevo-High-School-2-400x267.jpg 400w, https:\/\/cifs.edu.ba\/wp-content\/uploads\/2023\/11\/French-School-Sarajevo-High-School-2-600x400.jpg 600w, https:\/\/cifs.edu.ba\/wp-content\/uploads\/2023\/11\/French-School-Sarajevo-High-School-2-768x512.jpg 768w, https:\/\/cifs.edu.ba\/wp-content\/uploads\/2023\/11\/French-School-Sarajevo-High-School-2-800x534.jpg 800w, https:\/\/cifs.edu.ba\/wp-content\/uploads\/2023\/11\/French-School-Sarajevo-High-School-2.jpg 1000w\" sizes=\"(max-width: 1000px) 100vw, 1000px\" \/><\/p>\n<\/div><\/div><\/div><\/div><\/div><\/p>\n","protected":false},"excerpt":{"rendered":"","protected":false},"author":1,"featured_media":0,"parent":568,"menu_order":0,"comment_status":"closed","ping_status":"closed","template":"100-width.php","meta":{"footnotes":""},"class_list":["post-602","page","type-page","status-publish","hentry"],"yoast_head":"<!-- This site is optimized with the Yoast SEO plugin v27.1.1 - https:\/\/yoast.com\/product\/yoast-seo-wordpress\/ -->\n<title>Srednja \u0160kola | Francuska Me\u0111unarodna \u0160kola u Sarajevu<\/title>\n<meta name=\"description\" content=\"Organizacija op\u0107e gimnazije \/ srednje \u0161kole nudi smjerove koje svaki srednjo\u0161kolac bira prema ukusu i ambicijama.\" \/>\n<meta name=\"robots\" content=\"index, follow, max-snippet:-1, max-image-preview:large, max-video-preview:-1\" \/>\n<link rel=\"canonical\" href=\"https:\/\/cifs.edu.ba\/bs\/nastavni-plan-i-program\/srednja-skola\/\" \/>\n<meta property=\"og:locale\" content=\"bs_BA\" \/>\n<meta property=\"og:type\" content=\"article\" \/>\n<meta property=\"og:title\" content=\"Srednja \u0160kola | Francuska Me\u0111unarodna \u0160kola u Sarajevu\" \/>\n<meta property=\"og:description\" content=\"Organizacija op\u0107e gimnazije \/ srednje \u0161kole nudi smjerove koje svaki srednjo\u0161kolac bira prema ukusu i ambicijama.\" \/>\n<meta property=\"og:url\" content=\"https:\/\/cifs.edu.ba\/bs\/nastavni-plan-i-program\/srednja-skola\/\" \/>\n<meta property=\"og:site_name\" content=\"CIFS\" \/>\n<meta property=\"article:publisher\" content=\"https:\/\/www.facebook.com\/CIFSarajevo\/\" \/>\n<meta property=\"article:modified_time\" content=\"2026-03-10T13:54:26+00:00\" \/>\n<meta property=\"og:image\" content=\"https:\/\/cifs.edu.ba\/wp-content\/uploads\/2023\/11\/International-French-School-High-School.jpg\" \/>\n\t<meta property=\"og:image:width\" content=\"1000\" \/>\n\t<meta property=\"og:image:height\" content=\"667\" \/>\n\t<meta property=\"og:image:type\" content=\"image\/jpeg\" \/>\n<meta name=\"twitter:card\" content=\"summary_large_image\" \/>\n<script type=\"application\/ld+json\" class=\"yoast-schema-graph\">{\"@context\":\"https:\/\/schema.org\",\"@graph\":[{\"@type\":\"WebPage\",\"@id\":\"https:\/\/cifs.edu.ba\/bs\/nastavni-plan-i-program\/srednja-skola\/\",\"url\":\"https:\/\/cifs.edu.ba\/bs\/nastavni-plan-i-program\/srednja-skola\/\",\"name\":\"Srednja \u0160kola | Francuska Me\u0111unarodna \u0160kola u Sarajevu\",\"isPartOf\":{\"@id\":\"https:\/\/cifs.edu.ba\/#website\"},\"primaryImageOfPage\":{\"@id\":\"https:\/\/cifs.edu.ba\/bs\/nastavni-plan-i-program\/srednja-skola\/#primaryimage\"},\"image\":{\"@id\":\"https:\/\/cifs.edu.ba\/bs\/nastavni-plan-i-program\/srednja-skola\/#primaryimage\"},\"thumbnailUrl\":\"https:\/\/cifs.edu.ba\/wp-content\/uploads\/2023\/11\/International-French-School-High-School.jpg\",\"datePublished\":\"2023-11-11T22:08:14+00:00\",\"dateModified\":\"2026-03-10T13:54:26+00:00\",\"description\":\"Organizacija op\u0107e gimnazije \/ srednje \u0161kole nudi smjerove koje svaki srednjo\u0161kolac bira prema ukusu i ambicijama.\",\"breadcrumb\":{\"@id\":\"https:\/\/cifs.edu.ba\/bs\/nastavni-plan-i-program\/srednja-skola\/#breadcrumb\"},\"inLanguage\":\"bs-BA\",\"potentialAction\":[{\"@type\":\"ReadAction\",\"target\":[\"https:\/\/cifs.edu.ba\/bs\/nastavni-plan-i-program\/srednja-skola\/\"]}]},{\"@type\":\"ImageObject\",\"inLanguage\":\"bs-BA\",\"@id\":\"https:\/\/cifs.edu.ba\/bs\/nastavni-plan-i-program\/srednja-skola\/#primaryimage\",\"url\":\"https:\/\/cifs.edu.ba\/wp-content\/uploads\/2023\/11\/International-French-School-High-School.jpg\",\"contentUrl\":\"https:\/\/cifs.edu.ba\/wp-content\/uploads\/2023\/11\/International-French-School-High-School.jpg\"},{\"@type\":\"BreadcrumbList\",\"@id\":\"https:\/\/cifs.edu.ba\/bs\/nastavni-plan-i-program\/srednja-skola\/#breadcrumb\",\"itemListElement\":[{\"@type\":\"ListItem\",\"position\":1,\"name\":\"Home\",\"item\":\"https:\/\/cifs.edu.ba\/bs\/\"},{\"@type\":\"ListItem\",\"position\":2,\"name\":\"Nastavni plan i program\",\"item\":\"https:\/\/cifs.edu.ba\/bs\/nastavni-plan-i-program\/\"},{\"@type\":\"ListItem\",\"position\":3,\"name\":\"Srednja \u0161kola\"}]},{\"@type\":\"WebSite\",\"@id\":\"https:\/\/cifs.edu.ba\/#website\",\"url\":\"https:\/\/cifs.edu.ba\/\",\"name\":\"International School in Sarajevo!\",\"description\":\"\",\"potentialAction\":[{\"@type\":\"SearchAction\",\"target\":{\"@type\":\"EntryPoint\",\"urlTemplate\":\"https:\/\/cifs.edu.ba\/?s={search_term_string}\"},\"query-input\":{\"@type\":\"PropertyValueSpecification\",\"valueRequired\":true,\"valueName\":\"search_term_string\"}}],\"inLanguage\":\"bs-BA\"}]}<\/script>\n<!-- \/ Yoast SEO plugin. -->","yoast_head_json":{"title":"Srednja \u0160kola | Francuska Me\u0111unarodna \u0160kola u Sarajevu","description":"Organizacija op\u0107e gimnazije \/ srednje \u0161kole nudi smjerove koje svaki srednjo\u0161kolac bira prema ukusu i ambicijama.","robots":{"index":"index","follow":"follow","max-snippet":"max-snippet:-1","max-image-preview":"max-image-preview:large","max-video-preview":"max-video-preview:-1"},"canonical":"https:\/\/cifs.edu.ba\/bs\/nastavni-plan-i-program\/srednja-skola\/","og_locale":"bs_BA","og_type":"article","og_title":"Srednja \u0160kola | Francuska Me\u0111unarodna \u0160kola u Sarajevu","og_description":"Organizacija op\u0107e gimnazije \/ srednje \u0161kole nudi smjerove koje svaki srednjo\u0161kolac bira prema ukusu i ambicijama.","og_url":"https:\/\/cifs.edu.ba\/bs\/nastavni-plan-i-program\/srednja-skola\/","og_site_name":"CIFS","article_publisher":"https:\/\/www.facebook.com\/CIFSarajevo\/","article_modified_time":"2026-03-10T13:54:26+00:00","og_image":[{"width":1000,"height":667,"url":"https:\/\/cifs.edu.ba\/wp-content\/uploads\/2023\/11\/International-French-School-High-School.jpg","type":"image\/jpeg"}],"twitter_card":"summary_large_image","schema":{"@context":"https:\/\/schema.org","@graph":[{"@type":"WebPage","@id":"https:\/\/cifs.edu.ba\/bs\/nastavni-plan-i-program\/srednja-skola\/","url":"https:\/\/cifs.edu.ba\/bs\/nastavni-plan-i-program\/srednja-skola\/","name":"Srednja \u0160kola | Francuska Me\u0111unarodna \u0160kola u Sarajevu","isPartOf":{"@id":"https:\/\/cifs.edu.ba\/#website"},"primaryImageOfPage":{"@id":"https:\/\/cifs.edu.ba\/bs\/nastavni-plan-i-program\/srednja-skola\/#primaryimage"},"image":{"@id":"https:\/\/cifs.edu.ba\/bs\/nastavni-plan-i-program\/srednja-skola\/#primaryimage"},"thumbnailUrl":"https:\/\/cifs.edu.ba\/wp-content\/uploads\/2023\/11\/International-French-School-High-School.jpg","datePublished":"2023-11-11T22:08:14+00:00","dateModified":"2026-03-10T13:54:26+00:00","description":"Organizacija op\u0107e gimnazije \/ srednje \u0161kole nudi smjerove koje svaki srednjo\u0161kolac bira prema ukusu i ambicijama.","breadcrumb":{"@id":"https:\/\/cifs.edu.ba\/bs\/nastavni-plan-i-program\/srednja-skola\/#breadcrumb"},"inLanguage":"bs-BA","potentialAction":[{"@type":"ReadAction","target":["https:\/\/cifs.edu.ba\/bs\/nastavni-plan-i-program\/srednja-skola\/"]}]},{"@type":"ImageObject","inLanguage":"bs-BA","@id":"https:\/\/cifs.edu.ba\/bs\/nastavni-plan-i-program\/srednja-skola\/#primaryimage","url":"https:\/\/cifs.edu.ba\/wp-content\/uploads\/2023\/11\/International-French-School-High-School.jpg","contentUrl":"https:\/\/cifs.edu.ba\/wp-content\/uploads\/2023\/11\/International-French-School-High-School.jpg"},{"@type":"BreadcrumbList","@id":"https:\/\/cifs.edu.ba\/bs\/nastavni-plan-i-program\/srednja-skola\/#breadcrumb","itemListElement":[{"@type":"ListItem","position":1,"name":"Home","item":"https:\/\/cifs.edu.ba\/bs\/"},{"@type":"ListItem","position":2,"name":"Nastavni plan i program","item":"https:\/\/cifs.edu.ba\/bs\/nastavni-plan-i-program\/"},{"@type":"ListItem","position":3,"name":"Srednja \u0161kola"}]},{"@type":"WebSite","@id":"https:\/\/cifs.edu.ba\/#website","url":"https:\/\/cifs.edu.ba\/","name":"International School in Sarajevo!","description":"","potentialAction":[{"@type":"SearchAction","target":{"@type":"EntryPoint","urlTemplate":"https:\/\/cifs.edu.ba\/?s={search_term_string}"},"query-input":{"@type":"PropertyValueSpecification","valueRequired":true,"valueName":"search_term_string"}}],"inLanguage":"bs-BA"}]}},"_links":{"self":[{"href":"https:\/\/cifs.edu.ba\/bs\/wp-json\/wp\/v2\/pages\/602","targetHints":{"allow":["GET"]}}],"collection":[{"href":"https:\/\/cifs.edu.ba\/bs\/wp-json\/wp\/v2\/pages"}],"about":[{"href":"https:\/\/cifs.edu.ba\/bs\/wp-json\/wp\/v2\/types\/page"}],"author":[{"embeddable":true,"href":"https:\/\/cifs.edu.ba\/bs\/wp-json\/wp\/v2\/users\/1"}],"replies":[{"embeddable":true,"href":"https:\/\/cifs.edu.ba\/bs\/wp-json\/wp\/v2\/comments?post=602"}],"version-history":[{"count":3,"href":"https:\/\/cifs.edu.ba\/bs\/wp-json\/wp\/v2\/pages\/602\/revisions"}],"predecessor-version":[{"id":607,"href":"https:\/\/cifs.edu.ba\/bs\/wp-json\/wp\/v2\/pages\/602\/revisions\/607"}],"up":[{"embeddable":true,"href":"https:\/\/cifs.edu.ba\/bs\/wp-json\/wp\/v2\/pages\/568"}],"wp:attachment":[{"href":"https:\/\/cifs.edu.ba\/bs\/wp-json\/wp\/v2\/media?parent=602"}],"curies":[{"name":"wp","href":"https:\/\/api.w.org\/{rel}","templated":true}]}}