{"id":595,"date":"2023-11-11T22:06:01","date_gmt":"2023-11-11T22:06:01","guid":{"rendered":"https:\/\/cifs.edu.ba\/curriculum\/middle-school\/"},"modified":"2026-03-10T13:40:07","modified_gmt":"2026-03-10T13:40:07","slug":"stariji-razredi-osnovne-skole","status":"publish","type":"page","link":"https:\/\/cifs.edu.ba\/bs\/nastavni-plan-i-program\/stariji-razredi-osnovne-skole\/","title":{"rendered":"Stariji razredi osnovne \u0161kole"},"content":{"rendered":"<p><div class=\"fusion-fullwidth fullwidth-box fusion-builder-row-1 fusion-flex-container has-pattern-background has-mask-background fusion-parallax-none nonhundred-percent-fullwidth non-hundred-percent-height-scrolling\" style=\"--awb-background-position:left top;--awb-background-repeat:repeat;--awb-background-blend-mode:overlay;--awb-border-radius-top-left:0px;--awb-border-radius-top-right:0px;--awb-border-radius-bottom-right:0px;--awb-border-radius-bottom-left:0px;--awb-margin-top:-50px;--awb-background-image:url(&quot;https:\/\/cifs.edu.ba\/wp-content\/uploads\/2023\/11\/patern-red.png&quot;);--awb-flex-wrap:wrap;\" ><div class=\"fusion-builder-row fusion-row fusion-flex-align-items-flex-start fusion-flex-content-wrap\" style=\"max-width:1248px;margin-left: calc(-4% \/ 2 );margin-right: calc(-4% \/ 2 );\"><div class=\"fusion-layout-column fusion_builder_column fusion-builder-column-0 fusion_builder_column_1_3 1_3 fusion-flex-column\" style=\"--awb-padding-top:40px;--awb-bg-size:cover;--awb-width-large:33.333333333333%;--awb-margin-top-large:0px;--awb-spacing-right-large:5.76%;--awb-margin-bottom-large:20px;--awb-spacing-left-large:5.76%;--awb-width-medium:33.333333333333%;--awb-order-medium:0;--awb-spacing-right-medium:5.76%;--awb-spacing-left-medium:5.76%;--awb-width-small:100%;--awb-order-small:0;--awb-spacing-right-small:1.92%;--awb-spacing-left-small:1.92%;\"><div class=\"fusion-column-wrapper fusion-column-has-shadow fusion-flex-justify-content-flex-start fusion-content-layout-column\"><div class=\"fusion-title title fusion-title-1 fusion-sep-none fusion-title-text fusion-title-size-two\" style=\"--awb-text-color:var(--awb-color1);\"><h2 class=\"fusion-title-heading title-heading-left\" style=\"margin:0;\"><p>OSNOVNA<br \/>\n\u0160KOLA<\/p><\/h2><\/div><\/div><\/div><div class=\"fusion-layout-column fusion_builder_column fusion-builder-column-1 fusion_builder_column_2_3 2_3 fusion-flex-column\" style=\"--awb-padding-top:50px;--awb-bg-size:cover;--awb-width-large:66.666666666667%;--awb-margin-top-large:0px;--awb-spacing-right-large:2.88%;--awb-margin-bottom-large:20px;--awb-spacing-left-large:2.88%;--awb-width-medium:66.666666666667%;--awb-order-medium:0;--awb-spacing-right-medium:2.88%;--awb-spacing-left-medium:2.88%;--awb-width-small:100%;--awb-order-small:0;--awb-spacing-right-small:1.92%;--awb-spacing-left-small:1.92%;\"><div class=\"fusion-column-wrapper fusion-column-has-shadow fusion-flex-justify-content-flex-start fusion-content-layout-column\"><div class=\"fusion-text fusion-text-1\" style=\"--awb-text-color:var(--awb-color1);\"><p>CIFS prima u\u010denike od 11 do 15 godina.<\/p>\n<p>Koled\u017e ima za cilj osna\u017eiti sticanje temeljnih znanja kombinovanjem teoretskog i prakti\u010dnog u\u010denja uz uzimanje u obzir specifi\u010dnosti svakog u\u010denika kako bi svima omogu\u0107io uspjeh. Na\u0161 cilj je da u\u010denicima pru\u017eimo nove vje\u0161tine prilago\u0111ene dana\u0161njem svijetu i u\u010dinimo koled\u017e mjestom gdje \u0107e biti ispunjenji i izgra\u0111eni gra\u0111anini, zajednicom u kojoj se insistira na\u00a0 individualnom iskustvu i kolektivnoj aktivnosti.<\/p>\n<p><strong>Objedinjuje pet oblasti u\u010denja:<\/strong><\/p>\n<ul>\n<li>Jezik za razmi\u0161ljanje i komunikaciju (francuski, strani i doma\u0107i jezici, matemati\u010dki jezik, itd.)<\/li>\n<li>Metode i alati za u\u010denje (digitalni alati, projekti, organizacija, itd.)<\/li>\n<li>Formiranje li\u010dnosti i gra\u0111anina (moralno formiranje, \u017eivot u dru\u0161tvu, po\u0161tovanje itd.)<\/li>\n<li>Prirodni sistemi i tehni\u010dki sistemi (nauka, radoznalost, rje\u0161avanje problema,\u2026)<\/li>\n<li>Prikazi svijeta i ljudske djelatnosti (historija, kultura, geografija, itd.)<\/li>\n<\/ul>\n<p>Na kraju razreda 9. razreda, <strong>Nacionalna diploma Brevet (DNB)<\/strong> potvr\u0111uje vje\u0161tine ste\u010dene na kraju koled\u017ea putem zajedni\u010dke baza znanja. Zajedni\u010dka baza znanja, vje\u0161tina i kulture predstavlja ono \u0161to svaki u\u010denik treba da zna i savlada na kraju obaveznog \u0161kolovanja. Objedinjuje sva znanja, vje\u0161tine, vrijednosti i stavove neophodne za uspje\u0161no obrazovanje, \u017eivot pojedinca i budu\u0107eg gra\u0111anina.<\/p>\n<\/div><\/div><\/div><\/div><\/div><div class=\"fusion-fullwidth fullwidth-box fusion-builder-row-2 fusion-flex-container has-pattern-background has-mask-background nonhundred-percent-fullwidth non-hundred-percent-height-scrolling\" style=\"--awb-border-radius-top-left:0px;--awb-border-radius-top-right:0px;--awb-border-radius-bottom-right:0px;--awb-border-radius-bottom-left:0px;--awb-margin-top:50px;--awb-flex-wrap:wrap;\" ><div class=\"fusion-builder-row fusion-row fusion-flex-align-items-flex-start fusion-flex-content-wrap\" style=\"max-width:1248px;margin-left: calc(-4% \/ 2 );margin-right: calc(-4% \/ 2 );\"><div class=\"fusion-layout-column fusion_builder_column fusion-builder-column-2 fusion_builder_column_1_1 1_1 fusion-flex-column\" style=\"--awb-bg-size:cover;--awb-width-large:100%;--awb-margin-top-large:0px;--awb-spacing-right-large:1.92%;--awb-margin-bottom-large:20px;--awb-spacing-left-large:1.92%;--awb-width-medium:100%;--awb-order-medium:0;--awb-spacing-right-medium:1.92%;--awb-spacing-left-medium:1.92%;--awb-width-small:100%;--awb-order-small:0;--awb-spacing-right-small:1.92%;--awb-spacing-left-small:1.92%;\"><div class=\"fusion-column-wrapper fusion-column-has-shadow fusion-flex-justify-content-flex-start fusion-content-layout-column\"><div class=\"fusion-text fusion-text-2\"><h3 style=\"text-align: center;\">Nacionalna diploma brevet (mala matura) se mijenja 2026. godine<\/h3>\n<p style=\"text-align: center;\">(za u\u010denike upisane u 9. razred u \u0161kolskoj 2025\u20132026. godini<\/p>\n<\/div><\/div><\/div><div class=\"fusion-layout-column fusion_builder_column fusion-builder-column-3 fusion_builder_column_1_2 1_2 fusion-flex-column\" style=\"--awb-bg-size:cover;--awb-width-large:50%;--awb-margin-top-large:0px;--awb-spacing-right-large:3.84%;--awb-margin-bottom-large:20px;--awb-spacing-left-large:3.84%;--awb-width-medium:50%;--awb-order-medium:0;--awb-spacing-right-medium:3.84%;--awb-spacing-left-medium:3.84%;--awb-width-small:100%;--awb-order-small:0;--awb-spacing-right-small:1.92%;--awb-spacing-left-small:1.92%;\"><div class=\"fusion-column-wrapper fusion-column-has-shadow fusion-flex-justify-content-flex-start fusion-content-layout-column\"><div class=\"fusion-text fusion-text-3\"><ul>\n<li>Po\u010dev\u0161i od ispitne sesije <strong>2026<\/strong>, diploma \u0107e se dodjeljivati kandidatima koji ostvare kona\u010dni prosjek jednak ili vi\u0161i od 10 \/ 20 (ukida se sistem ocjenjivanja na 800 poena). <strong>Ocjena iz kontinuirane provjere znanja ra\u010dunat \u0107e se na osnovu godi\u0161njih prosjeka iz svih predmeta<\/strong> (svi imaju isti koeficijent) koje u\u010denici ostvare u 9. razredu, a ne vi\u0161e na osnovu osam komponenti <a href=\"https:\/\/www.education.gouv.fr\/le-socle-commun-de-connaissances-de-competences-et-de-culture-12512\" target=\"_blank\" rel=\"noopener\">zajedni\u010dke baze znanja, vje\u0161tina i kulture<\/a>.<\/li>\n<li><strong>Uspostavlja se i nova ravnote\u017ea izme\u0111u kontinuirane provjere znanja i zavr\u0161nih ispita<\/strong>: zavr\u0161ni ispiti sada \u010dine 60% kona\u010dne ocjene, dok kontinuirana provjera predstavlja 40%.<\/li>\n<\/ul>\n<\/div><\/div><\/div><div class=\"fusion-layout-column fusion_builder_column fusion-builder-column-4 fusion_builder_column_1_2 1_2 fusion-flex-column\" style=\"--awb-bg-size:cover;--awb-width-large:50%;--awb-margin-top-large:0px;--awb-spacing-right-large:3.84%;--awb-margin-bottom-large:20px;--awb-spacing-left-large:3.84%;--awb-width-medium:50%;--awb-order-medium:0;--awb-spacing-right-medium:3.84%;--awb-spacing-left-medium:3.84%;--awb-width-small:100%;--awb-order-small:0;--awb-spacing-right-small:1.92%;--awb-spacing-left-small:1.92%;\"><div class=\"fusion-column-wrapper fusion-column-has-shadow fusion-flex-justify-content-flex-start fusion-content-layout-column\"><div class=\"fusion-video fusion-youtube\" style=\"--awb-max-width:600px;--awb-max-height:360px;\"><div class=\"video-shortcode\"><div class=\"fluid-width-video-wrapper\" style=\"padding-top:60%;\" ><iframe title=\"YouTube video player 1\" src=\"https:\/\/www.youtube.com\/embed\/HKm6takCz-k?wmode=transparent&autoplay=0\" width=\"600\" height=\"360\" allowfullscreen allow=\"autoplay; clipboard-write; encrypted-media; gyroscope; picture-in-picture;\"><\/iframe><\/div><\/div><\/div><\/div><\/div><\/div><\/div><div class=\"fusion-fullwidth fullwidth-box fusion-builder-row-3 fusion-flex-container has-pattern-background has-mask-background nonhundred-percent-fullwidth non-hundred-percent-height-scrolling\" style=\"--awb-border-radius-top-left:0px;--awb-border-radius-top-right:0px;--awb-border-radius-bottom-right:0px;--awb-border-radius-bottom-left:0px;--awb-margin-top:50px;--awb-flex-wrap:wrap;\" ><div class=\"fusion-builder-row fusion-row fusion-flex-align-items-flex-start fusion-flex-content-wrap\" style=\"max-width:1248px;margin-left: calc(-4% \/ 2 );margin-right: calc(-4% \/ 2 );\"><div class=\"fusion-layout-column fusion_builder_column fusion-builder-column-5 fusion_builder_column_1_2 1_2 fusion-flex-column\" style=\"--awb-bg-size:cover;--awb-width-large:50%;--awb-margin-top-large:0px;--awb-spacing-right-large:3.84%;--awb-margin-bottom-large:20px;--awb-spacing-left-large:3.84%;--awb-width-medium:50%;--awb-order-medium:0;--awb-spacing-right-medium:3.84%;--awb-spacing-left-medium:3.84%;--awb-width-small:100%;--awb-order-small:0;--awb-spacing-right-small:1.92%;--awb-spacing-left-small:1.92%;\"><div class=\"fusion-column-wrapper fusion-column-has-shadow fusion-flex-justify-content-flex-start fusion-content-layout-column\"><div class=\"fusion-text fusion-text-4\"><p><img decoding=\"async\" class=\"alignleft wp-image-2471 size-full\" src=\"https:\/\/cifs.edu.ba\/wp-content\/uploads\/2026\/03\/Middle-School-2.jpg\" alt=\"French International School of Sarajevo - Middle School\" width=\"1200\" height=\"800\" srcset=\"https:\/\/cifs.edu.ba\/wp-content\/uploads\/2026\/03\/Middle-School-2-200x133.jpg 200w, https:\/\/cifs.edu.ba\/wp-content\/uploads\/2026\/03\/Middle-School-2-300x200.jpg 300w, https:\/\/cifs.edu.ba\/wp-content\/uploads\/2026\/03\/Middle-School-2-400x267.jpg 400w, https:\/\/cifs.edu.ba\/wp-content\/uploads\/2026\/03\/Middle-School-2-600x400.jpg 600w, https:\/\/cifs.edu.ba\/wp-content\/uploads\/2026\/03\/Middle-School-2-768x512.jpg 768w, https:\/\/cifs.edu.ba\/wp-content\/uploads\/2026\/03\/Middle-School-2-800x533.jpg 800w, https:\/\/cifs.edu.ba\/wp-content\/uploads\/2026\/03\/Middle-School-2-1024x683.jpg 1024w, https:\/\/cifs.edu.ba\/wp-content\/uploads\/2026\/03\/Middle-School-2.jpg 1200w\" sizes=\"(max-width: 1200px) 100vw, 1200px\" \/><\/p>\n<\/div><\/div><\/div><div class=\"fusion-layout-column fusion_builder_column fusion-builder-column-6 fusion_builder_column_1_2 1_2 fusion-flex-column\" style=\"--awb-bg-size:cover;--awb-width-large:50%;--awb-margin-top-large:0px;--awb-spacing-right-large:3.84%;--awb-margin-bottom-large:20px;--awb-spacing-left-large:3.84%;--awb-width-medium:50%;--awb-order-medium:0;--awb-spacing-right-medium:3.84%;--awb-spacing-left-medium:3.84%;--awb-width-small:100%;--awb-order-small:0;--awb-spacing-right-small:1.92%;--awb-spacing-left-small:1.92%;\"><div class=\"fusion-column-wrapper fusion-column-has-shadow fusion-flex-justify-content-flex-start fusion-content-layout-column\"><div class=\"fusion-text fusion-text-5\"><p><img decoding=\"async\" class=\"alignleft wp-image-2480 size-full\" src=\"https:\/\/cifs.edu.ba\/wp-content\/uploads\/2026\/03\/Middle-School-3.jpg\" alt=\"French International School of Sarajevo - Middle School 2\" width=\"1200\" height=\"800\" srcset=\"https:\/\/cifs.edu.ba\/wp-content\/uploads\/2026\/03\/Middle-School-3-200x133.jpg 200w, https:\/\/cifs.edu.ba\/wp-content\/uploads\/2026\/03\/Middle-School-3-300x200.jpg 300w, https:\/\/cifs.edu.ba\/wp-content\/uploads\/2026\/03\/Middle-School-3-400x267.jpg 400w, https:\/\/cifs.edu.ba\/wp-content\/uploads\/2026\/03\/Middle-School-3-600x400.jpg 600w, https:\/\/cifs.edu.ba\/wp-content\/uploads\/2026\/03\/Middle-School-3-768x512.jpg 768w, https:\/\/cifs.edu.ba\/wp-content\/uploads\/2026\/03\/Middle-School-3-800x533.jpg 800w, https:\/\/cifs.edu.ba\/wp-content\/uploads\/2026\/03\/Middle-School-3-1024x683.jpg 1024w, https:\/\/cifs.edu.ba\/wp-content\/uploads\/2026\/03\/Middle-School-3.jpg 1200w\" sizes=\"(max-width: 1200px) 100vw, 1200px\" \/><\/p>\n<\/div><\/div><\/div><\/div><\/div><\/p>\n","protected":false},"excerpt":{"rendered":"","protected":false},"author":1,"featured_media":0,"parent":568,"menu_order":0,"comment_status":"closed","ping_status":"closed","template":"100-width.php","meta":{"footnotes":""},"class_list":["post-595","page","type-page","status-publish","hentry"],"yoast_head":"<!-- This site is optimized with the Yoast SEO plugin v27.1.1 - https:\/\/yoast.com\/product\/yoast-seo-wordpress\/ -->\n<title>Stariji Razredi Osnovne \u0160kole | Me\u0111unarodna \u0160kola u Sarajevu<\/title>\n<meta name=\"description\" content=\"Koled\u017e ima za cilj osna\u017eiti sticanje temeljnih znanja kombinovanjem teoretskog i prakti\u010dnog u\u010denja uz uzimanje u obzir specifi\u010dnosti u\u010denika.\" \/>\n<meta name=\"robots\" content=\"index, follow, max-snippet:-1, max-image-preview:large, max-video-preview:-1\" \/>\n<link rel=\"canonical\" href=\"https:\/\/cifs.edu.ba\/bs\/nastavni-plan-i-program\/stariji-razredi-osnovne-skole\/\" \/>\n<meta property=\"og:locale\" content=\"bs_BA\" \/>\n<meta property=\"og:type\" content=\"article\" \/>\n<meta property=\"og:title\" content=\"Stariji Razredi Osnovne \u0160kole | Me\u0111unarodna \u0160kola u Sarajevu\" \/>\n<meta property=\"og:description\" content=\"Koled\u017e ima za cilj osna\u017eiti sticanje temeljnih znanja kombinovanjem teoretskog i prakti\u010dnog u\u010denja uz uzimanje u obzir specifi\u010dnosti u\u010denika.\" \/>\n<meta property=\"og:url\" content=\"https:\/\/cifs.edu.ba\/bs\/nastavni-plan-i-program\/stariji-razredi-osnovne-skole\/\" \/>\n<meta property=\"og:site_name\" content=\"CIFS\" \/>\n<meta property=\"article:publisher\" content=\"https:\/\/www.facebook.com\/CIFSarajevo\/\" \/>\n<meta property=\"article:modified_time\" content=\"2026-03-10T13:40:07+00:00\" \/>\n<meta property=\"og:image\" content=\"https:\/\/cifs.edu.ba\/wp-content\/uploads\/2026\/03\/Middle-School-2.jpg\" \/>\n\t<meta property=\"og:image:width\" content=\"1200\" \/>\n\t<meta property=\"og:image:height\" content=\"800\" \/>\n\t<meta property=\"og:image:type\" content=\"image\/jpeg\" \/>\n<meta name=\"twitter:card\" content=\"summary_large_image\" \/>\n<meta name=\"twitter:label1\" content=\"Est. reading time\" \/>\n\t<meta name=\"twitter:data1\" content=\"2 minute\" \/>\n<script type=\"application\/ld+json\" class=\"yoast-schema-graph\">{\"@context\":\"https:\/\/schema.org\",\"@graph\":[{\"@type\":\"WebPage\",\"@id\":\"https:\/\/cifs.edu.ba\/bs\/nastavni-plan-i-program\/stariji-razredi-osnovne-skole\/\",\"url\":\"https:\/\/cifs.edu.ba\/bs\/nastavni-plan-i-program\/stariji-razredi-osnovne-skole\/\",\"name\":\"Stariji Razredi Osnovne \u0160kole | Me\u0111unarodna \u0160kola u Sarajevu\",\"isPartOf\":{\"@id\":\"https:\/\/cifs.edu.ba\/#website\"},\"primaryImageOfPage\":{\"@id\":\"https:\/\/cifs.edu.ba\/bs\/nastavni-plan-i-program\/stariji-razredi-osnovne-skole\/#primaryimage\"},\"image\":{\"@id\":\"https:\/\/cifs.edu.ba\/bs\/nastavni-plan-i-program\/stariji-razredi-osnovne-skole\/#primaryimage\"},\"thumbnailUrl\":\"https:\/\/cifs.edu.ba\/wp-content\/uploads\/2026\/03\/Middle-School-2.jpg\",\"datePublished\":\"2023-11-11T22:06:01+00:00\",\"dateModified\":\"2026-03-10T13:40:07+00:00\",\"description\":\"Koled\u017e ima za cilj osna\u017eiti sticanje temeljnih znanja kombinovanjem teoretskog i prakti\u010dnog u\u010denja uz uzimanje u obzir specifi\u010dnosti u\u010denika.\",\"breadcrumb\":{\"@id\":\"https:\/\/cifs.edu.ba\/bs\/nastavni-plan-i-program\/stariji-razredi-osnovne-skole\/#breadcrumb\"},\"inLanguage\":\"bs-BA\",\"potentialAction\":[{\"@type\":\"ReadAction\",\"target\":[\"https:\/\/cifs.edu.ba\/bs\/nastavni-plan-i-program\/stariji-razredi-osnovne-skole\/\"]}]},{\"@type\":\"ImageObject\",\"inLanguage\":\"bs-BA\",\"@id\":\"https:\/\/cifs.edu.ba\/bs\/nastavni-plan-i-program\/stariji-razredi-osnovne-skole\/#primaryimage\",\"url\":\"https:\/\/cifs.edu.ba\/wp-content\/uploads\/2026\/03\/Middle-School-2.jpg\",\"contentUrl\":\"https:\/\/cifs.edu.ba\/wp-content\/uploads\/2026\/03\/Middle-School-2.jpg\"},{\"@type\":\"BreadcrumbList\",\"@id\":\"https:\/\/cifs.edu.ba\/bs\/nastavni-plan-i-program\/stariji-razredi-osnovne-skole\/#breadcrumb\",\"itemListElement\":[{\"@type\":\"ListItem\",\"position\":1,\"name\":\"Home\",\"item\":\"https:\/\/cifs.edu.ba\/bs\/\"},{\"@type\":\"ListItem\",\"position\":2,\"name\":\"Nastavni plan i program\",\"item\":\"https:\/\/cifs.edu.ba\/bs\/nastavni-plan-i-program\/\"},{\"@type\":\"ListItem\",\"position\":3,\"name\":\"Stariji razredi osnovne \u0161kole\"}]},{\"@type\":\"WebSite\",\"@id\":\"https:\/\/cifs.edu.ba\/#website\",\"url\":\"https:\/\/cifs.edu.ba\/\",\"name\":\"International School in Sarajevo!\",\"description\":\"\",\"potentialAction\":[{\"@type\":\"SearchAction\",\"target\":{\"@type\":\"EntryPoint\",\"urlTemplate\":\"https:\/\/cifs.edu.ba\/?s={search_term_string}\"},\"query-input\":{\"@type\":\"PropertyValueSpecification\",\"valueRequired\":true,\"valueName\":\"search_term_string\"}}],\"inLanguage\":\"bs-BA\"}]}<\/script>\n<!-- \/ Yoast SEO plugin. -->","yoast_head_json":{"title":"Stariji Razredi Osnovne \u0160kole | Me\u0111unarodna \u0160kola u Sarajevu","description":"Koled\u017e ima za cilj osna\u017eiti sticanje temeljnih znanja kombinovanjem teoretskog i prakti\u010dnog u\u010denja uz uzimanje u obzir specifi\u010dnosti u\u010denika.","robots":{"index":"index","follow":"follow","max-snippet":"max-snippet:-1","max-image-preview":"max-image-preview:large","max-video-preview":"max-video-preview:-1"},"canonical":"https:\/\/cifs.edu.ba\/bs\/nastavni-plan-i-program\/stariji-razredi-osnovne-skole\/","og_locale":"bs_BA","og_type":"article","og_title":"Stariji Razredi Osnovne \u0160kole | Me\u0111unarodna \u0160kola u Sarajevu","og_description":"Koled\u017e ima za cilj osna\u017eiti sticanje temeljnih znanja kombinovanjem teoretskog i prakti\u010dnog u\u010denja uz uzimanje u obzir specifi\u010dnosti u\u010denika.","og_url":"https:\/\/cifs.edu.ba\/bs\/nastavni-plan-i-program\/stariji-razredi-osnovne-skole\/","og_site_name":"CIFS","article_publisher":"https:\/\/www.facebook.com\/CIFSarajevo\/","article_modified_time":"2026-03-10T13:40:07+00:00","og_image":[{"width":1200,"height":800,"url":"https:\/\/cifs.edu.ba\/wp-content\/uploads\/2026\/03\/Middle-School-2.jpg","type":"image\/jpeg"}],"twitter_card":"summary_large_image","twitter_misc":{"Est. reading time":"2 minute"},"schema":{"@context":"https:\/\/schema.org","@graph":[{"@type":"WebPage","@id":"https:\/\/cifs.edu.ba\/bs\/nastavni-plan-i-program\/stariji-razredi-osnovne-skole\/","url":"https:\/\/cifs.edu.ba\/bs\/nastavni-plan-i-program\/stariji-razredi-osnovne-skole\/","name":"Stariji Razredi Osnovne \u0160kole | Me\u0111unarodna \u0160kola u Sarajevu","isPartOf":{"@id":"https:\/\/cifs.edu.ba\/#website"},"primaryImageOfPage":{"@id":"https:\/\/cifs.edu.ba\/bs\/nastavni-plan-i-program\/stariji-razredi-osnovne-skole\/#primaryimage"},"image":{"@id":"https:\/\/cifs.edu.ba\/bs\/nastavni-plan-i-program\/stariji-razredi-osnovne-skole\/#primaryimage"},"thumbnailUrl":"https:\/\/cifs.edu.ba\/wp-content\/uploads\/2026\/03\/Middle-School-2.jpg","datePublished":"2023-11-11T22:06:01+00:00","dateModified":"2026-03-10T13:40:07+00:00","description":"Koled\u017e ima za cilj osna\u017eiti sticanje temeljnih znanja kombinovanjem teoretskog i prakti\u010dnog u\u010denja uz uzimanje u obzir specifi\u010dnosti u\u010denika.","breadcrumb":{"@id":"https:\/\/cifs.edu.ba\/bs\/nastavni-plan-i-program\/stariji-razredi-osnovne-skole\/#breadcrumb"},"inLanguage":"bs-BA","potentialAction":[{"@type":"ReadAction","target":["https:\/\/cifs.edu.ba\/bs\/nastavni-plan-i-program\/stariji-razredi-osnovne-skole\/"]}]},{"@type":"ImageObject","inLanguage":"bs-BA","@id":"https:\/\/cifs.edu.ba\/bs\/nastavni-plan-i-program\/stariji-razredi-osnovne-skole\/#primaryimage","url":"https:\/\/cifs.edu.ba\/wp-content\/uploads\/2026\/03\/Middle-School-2.jpg","contentUrl":"https:\/\/cifs.edu.ba\/wp-content\/uploads\/2026\/03\/Middle-School-2.jpg"},{"@type":"BreadcrumbList","@id":"https:\/\/cifs.edu.ba\/bs\/nastavni-plan-i-program\/stariji-razredi-osnovne-skole\/#breadcrumb","itemListElement":[{"@type":"ListItem","position":1,"name":"Home","item":"https:\/\/cifs.edu.ba\/bs\/"},{"@type":"ListItem","position":2,"name":"Nastavni plan i program","item":"https:\/\/cifs.edu.ba\/bs\/nastavni-plan-i-program\/"},{"@type":"ListItem","position":3,"name":"Stariji razredi osnovne \u0161kole"}]},{"@type":"WebSite","@id":"https:\/\/cifs.edu.ba\/#website","url":"https:\/\/cifs.edu.ba\/","name":"International School in Sarajevo!","description":"","potentialAction":[{"@type":"SearchAction","target":{"@type":"EntryPoint","urlTemplate":"https:\/\/cifs.edu.ba\/?s={search_term_string}"},"query-input":{"@type":"PropertyValueSpecification","valueRequired":true,"valueName":"search_term_string"}}],"inLanguage":"bs-BA"}]}},"_links":{"self":[{"href":"https:\/\/cifs.edu.ba\/bs\/wp-json\/wp\/v2\/pages\/595","targetHints":{"allow":["GET"]}}],"collection":[{"href":"https:\/\/cifs.edu.ba\/bs\/wp-json\/wp\/v2\/pages"}],"about":[{"href":"https:\/\/cifs.edu.ba\/bs\/wp-json\/wp\/v2\/types\/page"}],"author":[{"embeddable":true,"href":"https:\/\/cifs.edu.ba\/bs\/wp-json\/wp\/v2\/users\/1"}],"replies":[{"embeddable":true,"href":"https:\/\/cifs.edu.ba\/bs\/wp-json\/wp\/v2\/comments?post=595"}],"version-history":[{"count":9,"href":"https:\/\/cifs.edu.ba\/bs\/wp-json\/wp\/v2\/pages\/595\/revisions"}],"predecessor-version":[{"id":2483,"href":"https:\/\/cifs.edu.ba\/bs\/wp-json\/wp\/v2\/pages\/595\/revisions\/2483"}],"up":[{"embeddable":true,"href":"https:\/\/cifs.edu.ba\/bs\/wp-json\/wp\/v2\/pages\/568"}],"wp:attachment":[{"href":"https:\/\/cifs.edu.ba\/bs\/wp-json\/wp\/v2\/media?parent=595"}],"curies":[{"name":"wp","href":"https:\/\/api.w.org\/{rel}","templated":true}]}}