{"id":590,"date":"2023-11-11T21:58:20","date_gmt":"2023-11-11T21:58:20","guid":{"rendered":"https:\/\/cifs.edu.ba\/curriculum\/elementary-school\/"},"modified":"2026-03-10T13:34:52","modified_gmt":"2026-03-10T13:34:52","slug":"nizi-razredi-osnovne-skole","status":"publish","type":"page","link":"https:\/\/cifs.edu.ba\/bs\/nastavni-plan-i-program\/nizi-razredi-osnovne-skole\/","title":{"rendered":"Ni\u017ei razredi osnovne \u0161kole"},"content":{"rendered":"<p><div class=\"fusion-fullwidth fullwidth-box fusion-builder-row-1 fusion-flex-container has-pattern-background has-mask-background fusion-parallax-none nonhundred-percent-fullwidth non-hundred-percent-height-scrolling\" style=\"--awb-background-position:left top;--awb-background-repeat:repeat;--awb-background-blend-mode:overlay;--awb-border-radius-top-left:0px;--awb-border-radius-top-right:0px;--awb-border-radius-bottom-right:0px;--awb-border-radius-bottom-left:0px;--awb-margin-top:-50px;--awb-background-image:url(&quot;https:\/\/cifs.edu.ba\/wp-content\/uploads\/2023\/11\/patern-red.png&quot;);--awb-flex-wrap:wrap;\" ><div class=\"fusion-builder-row fusion-row fusion-flex-align-items-flex-start fusion-flex-content-wrap\" style=\"max-width:1248px;margin-left: calc(-4% \/ 2 );margin-right: calc(-4% \/ 2 );\"><div class=\"fusion-layout-column fusion_builder_column fusion-builder-column-0 fusion_builder_column_1_3 1_3 fusion-flex-column\" style=\"--awb-padding-top:40px;--awb-bg-size:cover;--awb-width-large:33.333333333333%;--awb-margin-top-large:0px;--awb-spacing-right-large:5.76%;--awb-margin-bottom-large:20px;--awb-spacing-left-large:5.76%;--awb-width-medium:33.333333333333%;--awb-order-medium:0;--awb-spacing-right-medium:5.76%;--awb-spacing-left-medium:5.76%;--awb-width-small:100%;--awb-order-small:0;--awb-spacing-right-small:1.92%;--awb-spacing-left-small:1.92%;\"><div class=\"fusion-column-wrapper fusion-column-has-shadow fusion-flex-justify-content-flex-start fusion-content-layout-column\"><div class=\"fusion-title title fusion-title-1 fusion-sep-none fusion-title-text fusion-title-size-two\" style=\"--awb-text-color:var(--awb-color1);\"><h2 class=\"fusion-title-heading title-heading-left\" style=\"margin:0;\"><p>OSNOVNA<br \/>\n\u0160KOLA<\/p><\/h2><\/div><\/div><\/div><div class=\"fusion-layout-column fusion_builder_column fusion-builder-column-1 fusion_builder_column_2_3 2_3 fusion-flex-column\" style=\"--awb-padding-top:50px;--awb-bg-size:cover;--awb-width-large:66.666666666667%;--awb-margin-top-large:0px;--awb-spacing-right-large:2.88%;--awb-margin-bottom-large:20px;--awb-spacing-left-large:2.88%;--awb-width-medium:66.666666666667%;--awb-order-medium:0;--awb-spacing-right-medium:2.88%;--awb-spacing-left-medium:2.88%;--awb-width-small:100%;--awb-order-small:0;--awb-spacing-right-small:1.92%;--awb-spacing-left-small:1.92%;\"><div class=\"fusion-column-wrapper fusion-column-has-shadow fusion-flex-justify-content-flex-start fusion-content-layout-column\"><div class=\"fusion-text fusion-text-1\" style=\"--awb-text-color:var(--awb-color1);\"><p>Osnovna \u0161kola prima u\u010denike uzrasta od 6 do 11 godina.<\/p>\n<p>\u0160kola uzima u obzir pluralitet i raznolike sklonosti svakog u\u010denika. Uz rasu\u0111ivanje i intelektualno razmi\u0161ljanje, razvijaju se osje\u0107aj zapa\u017eanja, \u017eelja za eksperimentiranje, osje\u0107ajnost, motori\u010dke sposobnosti i kreativna ma\u0161ta.<\/p>\n<p>U skladu sa programima Francuskog nacionalnog obrazovanja, nastava se izvodi na francuskom jeziku, ali je od ciklusa osnovnog\u00a0 u\u010denja, u\u010denje stranih jezika\u00a0 prioritet, kako bi se u\u010denicima od najranije dobi dali klju\u010devi me\u0111unarodnog okru\u017eenja u kojem se razvijaju.<\/p>\n<p>Tako da u\u010denici od male grupe imaju obavezne \u010dasove b\/h\/s jezika, koje vodi nastavnik \u010diji je\u00a0 to maternji jezik. Od srednje grupe po\u010dinje u\u010denje engleskog jezika, \u0161to se nastavlja do kraja \u0161kolovanja.<\/p>\n<p><strong>Oblasti u\u010denja su<\/strong><strong> :<\/strong><\/p>\n<ul>\n<li><strong>Francuski jezik<\/strong><\/li>\n<li><strong>Matematika<\/strong><\/li>\n<li><strong>Strani jezici<\/strong><\/li>\n<li><strong>Tjelesni i zdravstveni odgoj<\/strong><\/li>\n<li><strong>Likovna i muzi\u010dka kultura<\/strong><\/li>\n<li><strong>Moralno i gra\u0111ansko vaspitanje<\/strong><\/li>\n<li><strong>Historija i geografija<\/strong><\/li>\n<li><strong>Priroda i dru\u0161tvo<\/strong><\/li>\n<\/ul>\n<blockquote>\n<p>Treba napomenuti uvo\u0111enje FLE-FLSCO (jezi\u010dka podr\u0161ka za nastavu francuskog kao stranog jezika), koji ima za cilj da omogu\u0107i alofonim u\u010denicima nesmetani prelazak na francuski jezik, uz intervenciju dvojezi\u010dnog nastavnika, kao podr\u0161ku u\u010ditelju.<\/p>\n<\/blockquote>\n<\/div><\/div><\/div><\/div><\/div><div class=\"fusion-fullwidth fullwidth-box fusion-builder-row-2 fusion-flex-container has-pattern-background has-mask-background nonhundred-percent-fullwidth non-hundred-percent-height-scrolling\" style=\"--awb-border-radius-top-left:0px;--awb-border-radius-top-right:0px;--awb-border-radius-bottom-right:0px;--awb-border-radius-bottom-left:0px;--awb-margin-top:50px;--awb-flex-wrap:wrap;\" ><div class=\"fusion-builder-row fusion-row fusion-flex-align-items-flex-start fusion-flex-content-wrap\" style=\"max-width:1248px;margin-left: calc(-4% \/ 2 );margin-right: calc(-4% \/ 2 );\"><div class=\"fusion-layout-column fusion_builder_column fusion-builder-column-2 fusion_builder_column_1_2 1_2 fusion-flex-column\" style=\"--awb-bg-size:cover;--awb-width-large:50%;--awb-margin-top-large:0px;--awb-spacing-right-large:3.84%;--awb-margin-bottom-large:20px;--awb-spacing-left-large:3.84%;--awb-width-medium:50%;--awb-order-medium:0;--awb-spacing-right-medium:3.84%;--awb-spacing-left-medium:3.84%;--awb-width-small:100%;--awb-order-small:0;--awb-spacing-right-small:1.92%;--awb-spacing-left-small:1.92%;\"><div class=\"fusion-column-wrapper fusion-column-has-shadow fusion-flex-justify-content-flex-start fusion-content-layout-column\"><div class=\"fusion-text fusion-text-2\"><p><img decoding=\"async\" class=\"alignleft wp-image-2462 size-full\" src=\"https:\/\/cifs.edu.ba\/wp-content\/uploads\/2026\/03\/Elementary-School.jpg\" alt=\"Elementary School\" width=\"1200\" height=\"800\" srcset=\"https:\/\/cifs.edu.ba\/wp-content\/uploads\/2026\/03\/Elementary-School-200x133.jpg 200w, https:\/\/cifs.edu.ba\/wp-content\/uploads\/2026\/03\/Elementary-School-300x200.jpg 300w, https:\/\/cifs.edu.ba\/wp-content\/uploads\/2026\/03\/Elementary-School-400x267.jpg 400w, https:\/\/cifs.edu.ba\/wp-content\/uploads\/2026\/03\/Elementary-School-600x400.jpg 600w, https:\/\/cifs.edu.ba\/wp-content\/uploads\/2026\/03\/Elementary-School-768x512.jpg 768w, https:\/\/cifs.edu.ba\/wp-content\/uploads\/2026\/03\/Elementary-School-800x533.jpg 800w, https:\/\/cifs.edu.ba\/wp-content\/uploads\/2026\/03\/Elementary-School-1024x683.jpg 1024w, https:\/\/cifs.edu.ba\/wp-content\/uploads\/2026\/03\/Elementary-School.jpg 1200w\" sizes=\"(max-width: 1200px) 100vw, 1200px\" \/><\/p>\n<\/div><\/div><\/div><div class=\"fusion-layout-column fusion_builder_column fusion-builder-column-3 fusion_builder_column_1_2 1_2 fusion-flex-column\" style=\"--awb-bg-size:cover;--awb-width-large:50%;--awb-margin-top-large:0px;--awb-spacing-right-large:3.84%;--awb-margin-bottom-large:20px;--awb-spacing-left-large:3.84%;--awb-width-medium:50%;--awb-order-medium:0;--awb-spacing-right-medium:3.84%;--awb-spacing-left-medium:3.84%;--awb-width-small:100%;--awb-order-small:0;--awb-spacing-right-small:1.92%;--awb-spacing-left-small:1.92%;\"><div class=\"fusion-column-wrapper fusion-column-has-shadow fusion-flex-justify-content-flex-start fusion-content-layout-column\"><div class=\"fusion-text fusion-text-3\"><p><img decoding=\"async\" class=\"alignleft wp-image-2465 size-full\" src=\"https:\/\/cifs.edu.ba\/wp-content\/uploads\/2026\/03\/Elementary-School-3.jpg\" alt=\"Elementary School-\" width=\"1200\" height=\"800\" srcset=\"https:\/\/cifs.edu.ba\/wp-content\/uploads\/2026\/03\/Elementary-School-3-200x133.jpg 200w, https:\/\/cifs.edu.ba\/wp-content\/uploads\/2026\/03\/Elementary-School-3-300x200.jpg 300w, https:\/\/cifs.edu.ba\/wp-content\/uploads\/2026\/03\/Elementary-School-3-400x267.jpg 400w, https:\/\/cifs.edu.ba\/wp-content\/uploads\/2026\/03\/Elementary-School-3-600x400.jpg 600w, https:\/\/cifs.edu.ba\/wp-content\/uploads\/2026\/03\/Elementary-School-3-768x512.jpg 768w, https:\/\/cifs.edu.ba\/wp-content\/uploads\/2026\/03\/Elementary-School-3-800x533.jpg 800w, https:\/\/cifs.edu.ba\/wp-content\/uploads\/2026\/03\/Elementary-School-3-1024x683.jpg 1024w, https:\/\/cifs.edu.ba\/wp-content\/uploads\/2026\/03\/Elementary-School-3.jpg 1200w\" sizes=\"(max-width: 1200px) 100vw, 1200px\" \/><\/p>\n<\/div><\/div><\/div><\/div><\/div><div class=\"fusion-fullwidth fullwidth-box fusion-builder-row-3 fusion-flex-container has-pattern-background has-mask-background fusion-parallax-none nonhundred-percent-fullwidth non-hundred-percent-height-scrolling\" style=\"--awb-background-position:left top;--awb-background-repeat:repeat;--awb-background-blend-mode:overlay;--awb-border-radius-top-left:0px;--awb-border-radius-top-right:0px;--awb-border-radius-bottom-right:0px;--awb-border-radius-bottom-left:0px;--awb-background-image:url(&quot;https:\/\/cifs.edu.ba\/wp-content\/uploads\/2023\/11\/patern-red.png&quot;);--awb-flex-wrap:wrap;\" ><div class=\"fusion-builder-row fusion-row fusion-flex-align-items-flex-start fusion-flex-content-wrap\" style=\"max-width:1248px;margin-left: calc(-4% \/ 2 );margin-right: calc(-4% \/ 2 );\"><div class=\"fusion-layout-column fusion_builder_column fusion-builder-column-4 fusion_builder_column_1_3 1_3 fusion-flex-column\" style=\"--awb-padding-top:40px;--awb-bg-size:cover;--awb-width-large:33.333333333333%;--awb-margin-top-large:0px;--awb-spacing-right-large:5.76%;--awb-margin-bottom-large:20px;--awb-spacing-left-large:5.76%;--awb-width-medium:33.333333333333%;--awb-order-medium:0;--awb-spacing-right-medium:5.76%;--awb-spacing-left-medium:5.76%;--awb-width-small:100%;--awb-order-small:0;--awb-spacing-right-small:1.92%;--awb-spacing-left-small:1.92%;\"><div class=\"fusion-column-wrapper fusion-column-has-shadow fusion-flex-justify-content-flex-start fusion-content-layout-column\"><div class=\"fusion-title title fusion-title-2 fusion-sep-none fusion-title-text fusion-title-size-two\" style=\"--awb-text-color:var(--awb-color1);\"><h2 class=\"fusion-title-heading title-heading-left\" style=\"margin:0;\">OBRAZOVNI<br \/>\nPROGRAM<\/h2><\/div><\/div><\/div><div class=\"fusion-layout-column fusion_builder_column fusion-builder-column-5 fusion_builder_column_2_3 2_3 fusion-flex-column\" style=\"--awb-padding-top:50px;--awb-bg-size:cover;--awb-width-large:66.666666666667%;--awb-margin-top-large:0px;--awb-spacing-right-large:2.88%;--awb-margin-bottom-large:20px;--awb-spacing-left-large:2.88%;--awb-width-medium:66.666666666667%;--awb-order-medium:0;--awb-spacing-right-medium:2.88%;--awb-spacing-left-medium:2.88%;--awb-width-small:100%;--awb-order-small:0;--awb-spacing-right-small:1.92%;--awb-spacing-left-small:1.92%;\"><div class=\"fusion-column-wrapper fusion-column-has-shadow fusion-flex-justify-content-flex-start fusion-content-layout-column\"><div class=\"fusion-text fusion-text-4\" style=\"--awb-text-color:var(--awb-color1);\"><p>Engleski jezik se dodaje u srednjoj grupi, a njegovo prou\u010davanje se neprekidno nastavlja do kraja obrazovanja.<\/p>\n<p>Va\u017ena napomena u vezi sa u\u010denjem FLE (podr\u0161ka u\u010denju francuskog jezika kao stranog) omogu\u0107ava u\u010denicima, koji imaju drugi maternji jezik, da se lak\u0161e prilagode u\u010denju francuskog jezika. Naime, dijete koje ne u\u010di iz svog maternjeg jezika bez kulturnih karakteristika svog okru\u017eenja, i koje se na\u0161lo u svJetu nepoznatog jezika, mo\u017ee biti nesigurno i suo\u010diti se s mogu\u0107no\u0161\u0107u neuspjeha. Zbog toga se primjenjuje FLE sistem, koji omogu\u0107ava anga\u017eovanje &#8220;bilingvalnog u\u010ditelja&#8221; kao podr\u0161ku u\u010ditelju u razredu.<\/p>\n<\/div><\/div><\/div><\/div><\/div><\/p>\n","protected":false},"excerpt":{"rendered":"","protected":false},"author":1,"featured_media":0,"parent":568,"menu_order":0,"comment_status":"closed","ping_status":"closed","template":"100-width.php","meta":{"footnotes":""},"class_list":["post-590","page","type-page","status-publish","hentry"],"yoast_head":"<!-- This site is optimized with the Yoast SEO plugin v27.1.1 - https:\/\/yoast.com\/product\/yoast-seo-wordpress\/ -->\n<title>Ni\u017ei Razredi Osnovne \u0160kole | Me\u0111unarodna \u0160kola u Sarajevu<\/title>\n<meta name=\"description\" content=\"Osnovna \u0161kola prima u\u010denike uzrasta od 6 do 11 godina.\u0160kola uzima u obzir pluralitet i raznolike sklonosti svakog u\u010denika.\" \/>\n<meta name=\"robots\" content=\"index, follow, max-snippet:-1, max-image-preview:large, max-video-preview:-1\" \/>\n<link rel=\"canonical\" href=\"https:\/\/cifs.edu.ba\/bs\/nastavni-plan-i-program\/nizi-razredi-osnovne-skole\/\" \/>\n<meta property=\"og:locale\" content=\"bs_BA\" \/>\n<meta property=\"og:type\" content=\"article\" \/>\n<meta property=\"og:title\" content=\"Ni\u017ei Razredi Osnovne \u0160kole | Me\u0111unarodna \u0160kola u Sarajevu\" \/>\n<meta property=\"og:description\" content=\"Osnovna \u0161kola prima u\u010denike uzrasta od 6 do 11 godina.\u0160kola uzima u obzir pluralitet i raznolike sklonosti svakog u\u010denika.\" \/>\n<meta property=\"og:url\" content=\"https:\/\/cifs.edu.ba\/bs\/nastavni-plan-i-program\/nizi-razredi-osnovne-skole\/\" \/>\n<meta property=\"og:site_name\" content=\"CIFS\" \/>\n<meta property=\"article:publisher\" content=\"https:\/\/www.facebook.com\/CIFSarajevo\/\" \/>\n<meta property=\"article:modified_time\" content=\"2026-03-10T13:34:52+00:00\" \/>\n<meta property=\"og:image\" content=\"https:\/\/cifs.edu.ba\/wp-content\/uploads\/2026\/03\/Elementary-School.jpg\" \/>\n\t<meta property=\"og:image:width\" content=\"1200\" \/>\n\t<meta property=\"og:image:height\" content=\"800\" \/>\n\t<meta property=\"og:image:type\" content=\"image\/jpeg\" \/>\n<meta name=\"twitter:card\" content=\"summary_large_image\" \/>\n<meta name=\"twitter:label1\" content=\"Est. reading time\" \/>\n\t<meta name=\"twitter:data1\" content=\"2 minute\" \/>\n<script type=\"application\/ld+json\" class=\"yoast-schema-graph\">{\"@context\":\"https:\/\/schema.org\",\"@graph\":[{\"@type\":\"WebPage\",\"@id\":\"https:\/\/cifs.edu.ba\/bs\/nastavni-plan-i-program\/nizi-razredi-osnovne-skole\/\",\"url\":\"https:\/\/cifs.edu.ba\/bs\/nastavni-plan-i-program\/nizi-razredi-osnovne-skole\/\",\"name\":\"Ni\u017ei Razredi Osnovne \u0160kole | Me\u0111unarodna \u0160kola u Sarajevu\",\"isPartOf\":{\"@id\":\"https:\/\/cifs.edu.ba\/#website\"},\"primaryImageOfPage\":{\"@id\":\"https:\/\/cifs.edu.ba\/bs\/nastavni-plan-i-program\/nizi-razredi-osnovne-skole\/#primaryimage\"},\"image\":{\"@id\":\"https:\/\/cifs.edu.ba\/bs\/nastavni-plan-i-program\/nizi-razredi-osnovne-skole\/#primaryimage\"},\"thumbnailUrl\":\"https:\/\/cifs.edu.ba\/wp-content\/uploads\/2026\/03\/Elementary-School.jpg\",\"datePublished\":\"2023-11-11T21:58:20+00:00\",\"dateModified\":\"2026-03-10T13:34:52+00:00\",\"description\":\"Osnovna \u0161kola prima u\u010denike uzrasta od 6 do 11 godina.\u0160kola uzima u obzir pluralitet i raznolike sklonosti svakog u\u010denika.\",\"breadcrumb\":{\"@id\":\"https:\/\/cifs.edu.ba\/bs\/nastavni-plan-i-program\/nizi-razredi-osnovne-skole\/#breadcrumb\"},\"inLanguage\":\"bs-BA\",\"potentialAction\":[{\"@type\":\"ReadAction\",\"target\":[\"https:\/\/cifs.edu.ba\/bs\/nastavni-plan-i-program\/nizi-razredi-osnovne-skole\/\"]}]},{\"@type\":\"ImageObject\",\"inLanguage\":\"bs-BA\",\"@id\":\"https:\/\/cifs.edu.ba\/bs\/nastavni-plan-i-program\/nizi-razredi-osnovne-skole\/#primaryimage\",\"url\":\"https:\/\/cifs.edu.ba\/wp-content\/uploads\/2026\/03\/Elementary-School.jpg\",\"contentUrl\":\"https:\/\/cifs.edu.ba\/wp-content\/uploads\/2026\/03\/Elementary-School.jpg\"},{\"@type\":\"BreadcrumbList\",\"@id\":\"https:\/\/cifs.edu.ba\/bs\/nastavni-plan-i-program\/nizi-razredi-osnovne-skole\/#breadcrumb\",\"itemListElement\":[{\"@type\":\"ListItem\",\"position\":1,\"name\":\"Home\",\"item\":\"https:\/\/cifs.edu.ba\/bs\/\"},{\"@type\":\"ListItem\",\"position\":2,\"name\":\"Nastavni plan i program\",\"item\":\"https:\/\/cifs.edu.ba\/bs\/nastavni-plan-i-program\/\"},{\"@type\":\"ListItem\",\"position\":3,\"name\":\"Ni\u017ei razredi osnovne \u0161kole\"}]},{\"@type\":\"WebSite\",\"@id\":\"https:\/\/cifs.edu.ba\/#website\",\"url\":\"https:\/\/cifs.edu.ba\/\",\"name\":\"International School in Sarajevo!\",\"description\":\"\",\"potentialAction\":[{\"@type\":\"SearchAction\",\"target\":{\"@type\":\"EntryPoint\",\"urlTemplate\":\"https:\/\/cifs.edu.ba\/?s={search_term_string}\"},\"query-input\":{\"@type\":\"PropertyValueSpecification\",\"valueRequired\":true,\"valueName\":\"search_term_string\"}}],\"inLanguage\":\"bs-BA\"}]}<\/script>\n<!-- \/ Yoast SEO plugin. -->","yoast_head_json":{"title":"Ni\u017ei Razredi Osnovne \u0160kole | Me\u0111unarodna \u0160kola u Sarajevu","description":"Osnovna \u0161kola prima u\u010denike uzrasta od 6 do 11 godina.\u0160kola uzima u obzir pluralitet i raznolike sklonosti svakog u\u010denika.","robots":{"index":"index","follow":"follow","max-snippet":"max-snippet:-1","max-image-preview":"max-image-preview:large","max-video-preview":"max-video-preview:-1"},"canonical":"https:\/\/cifs.edu.ba\/bs\/nastavni-plan-i-program\/nizi-razredi-osnovne-skole\/","og_locale":"bs_BA","og_type":"article","og_title":"Ni\u017ei Razredi Osnovne \u0160kole | Me\u0111unarodna \u0160kola u Sarajevu","og_description":"Osnovna \u0161kola prima u\u010denike uzrasta od 6 do 11 godina.\u0160kola uzima u obzir pluralitet i raznolike sklonosti svakog u\u010denika.","og_url":"https:\/\/cifs.edu.ba\/bs\/nastavni-plan-i-program\/nizi-razredi-osnovne-skole\/","og_site_name":"CIFS","article_publisher":"https:\/\/www.facebook.com\/CIFSarajevo\/","article_modified_time":"2026-03-10T13:34:52+00:00","og_image":[{"width":1200,"height":800,"url":"https:\/\/cifs.edu.ba\/wp-content\/uploads\/2026\/03\/Elementary-School.jpg","type":"image\/jpeg"}],"twitter_card":"summary_large_image","twitter_misc":{"Est. reading time":"2 minute"},"schema":{"@context":"https:\/\/schema.org","@graph":[{"@type":"WebPage","@id":"https:\/\/cifs.edu.ba\/bs\/nastavni-plan-i-program\/nizi-razredi-osnovne-skole\/","url":"https:\/\/cifs.edu.ba\/bs\/nastavni-plan-i-program\/nizi-razredi-osnovne-skole\/","name":"Ni\u017ei Razredi Osnovne \u0160kole | Me\u0111unarodna \u0160kola u Sarajevu","isPartOf":{"@id":"https:\/\/cifs.edu.ba\/#website"},"primaryImageOfPage":{"@id":"https:\/\/cifs.edu.ba\/bs\/nastavni-plan-i-program\/nizi-razredi-osnovne-skole\/#primaryimage"},"image":{"@id":"https:\/\/cifs.edu.ba\/bs\/nastavni-plan-i-program\/nizi-razredi-osnovne-skole\/#primaryimage"},"thumbnailUrl":"https:\/\/cifs.edu.ba\/wp-content\/uploads\/2026\/03\/Elementary-School.jpg","datePublished":"2023-11-11T21:58:20+00:00","dateModified":"2026-03-10T13:34:52+00:00","description":"Osnovna \u0161kola prima u\u010denike uzrasta od 6 do 11 godina.\u0160kola uzima u obzir pluralitet i raznolike sklonosti svakog u\u010denika.","breadcrumb":{"@id":"https:\/\/cifs.edu.ba\/bs\/nastavni-plan-i-program\/nizi-razredi-osnovne-skole\/#breadcrumb"},"inLanguage":"bs-BA","potentialAction":[{"@type":"ReadAction","target":["https:\/\/cifs.edu.ba\/bs\/nastavni-plan-i-program\/nizi-razredi-osnovne-skole\/"]}]},{"@type":"ImageObject","inLanguage":"bs-BA","@id":"https:\/\/cifs.edu.ba\/bs\/nastavni-plan-i-program\/nizi-razredi-osnovne-skole\/#primaryimage","url":"https:\/\/cifs.edu.ba\/wp-content\/uploads\/2026\/03\/Elementary-School.jpg","contentUrl":"https:\/\/cifs.edu.ba\/wp-content\/uploads\/2026\/03\/Elementary-School.jpg"},{"@type":"BreadcrumbList","@id":"https:\/\/cifs.edu.ba\/bs\/nastavni-plan-i-program\/nizi-razredi-osnovne-skole\/#breadcrumb","itemListElement":[{"@type":"ListItem","position":1,"name":"Home","item":"https:\/\/cifs.edu.ba\/bs\/"},{"@type":"ListItem","position":2,"name":"Nastavni plan i program","item":"https:\/\/cifs.edu.ba\/bs\/nastavni-plan-i-program\/"},{"@type":"ListItem","position":3,"name":"Ni\u017ei razredi osnovne \u0161kole"}]},{"@type":"WebSite","@id":"https:\/\/cifs.edu.ba\/#website","url":"https:\/\/cifs.edu.ba\/","name":"International School in Sarajevo!","description":"","potentialAction":[{"@type":"SearchAction","target":{"@type":"EntryPoint","urlTemplate":"https:\/\/cifs.edu.ba\/?s={search_term_string}"},"query-input":{"@type":"PropertyValueSpecification","valueRequired":true,"valueName":"search_term_string"}}],"inLanguage":"bs-BA"}]}},"_links":{"self":[{"href":"https:\/\/cifs.edu.ba\/bs\/wp-json\/wp\/v2\/pages\/590","targetHints":{"allow":["GET"]}}],"collection":[{"href":"https:\/\/cifs.edu.ba\/bs\/wp-json\/wp\/v2\/pages"}],"about":[{"href":"https:\/\/cifs.edu.ba\/bs\/wp-json\/wp\/v2\/types\/page"}],"author":[{"embeddable":true,"href":"https:\/\/cifs.edu.ba\/bs\/wp-json\/wp\/v2\/users\/1"}],"replies":[{"embeddable":true,"href":"https:\/\/cifs.edu.ba\/bs\/wp-json\/wp\/v2\/comments?post=590"}],"version-history":[{"count":7,"href":"https:\/\/cifs.edu.ba\/bs\/wp-json\/wp\/v2\/pages\/590\/revisions"}],"predecessor-version":[{"id":2468,"href":"https:\/\/cifs.edu.ba\/bs\/wp-json\/wp\/v2\/pages\/590\/revisions\/2468"}],"up":[{"embeddable":true,"href":"https:\/\/cifs.edu.ba\/bs\/wp-json\/wp\/v2\/pages\/568"}],"wp:attachment":[{"href":"https:\/\/cifs.edu.ba\/bs\/wp-json\/wp\/v2\/media?parent=590"}],"curies":[{"name":"wp","href":"https:\/\/api.w.org\/{rel}","templated":true}]}}