{"id":585,"date":"2023-11-11T22:15:22","date_gmt":"2023-11-11T22:15:22","guid":{"rendered":"https:\/\/cifs.edu.ba\/curriculum\/pedagoski-model\/pedagogical-approach\/"},"modified":"2026-03-10T13:03:57","modified_gmt":"2026-03-10T13:03:57","slug":"pedagoski-pristup","status":"publish","type":"page","link":"https:\/\/cifs.edu.ba\/bs\/nastavni-plan-i-program\/pedagoski-model\/pedagoski-pristup\/","title":{"rendered":"Pedago\u0161ki pristup"},"content":{"rendered":"<div class=\"fusion-fullwidth fullwidth-box fusion-builder-row-1 fusion-flex-container has-pattern-background has-mask-background nonhundred-percent-fullwidth non-hundred-percent-height-scrolling\" style=\"--awb-background-position:left top;--awb-background-repeat:repeat;--awb-background-blend-mode:overlay;--awb-border-radius-top-left:0px;--awb-border-radius-top-right:0px;--awb-border-radius-bottom-right:0px;--awb-border-radius-bottom-left:0px;--awb-margin-top:-50px;--awb-margin-bottom:-50px;--awb-background-color:#e9fcfe;--awb-flex-wrap:wrap;\" ><div class=\"fusion-builder-row fusion-row fusion-flex-align-items-flex-start fusion-flex-content-wrap\" style=\"max-width:1248px;margin-left: calc(-4% \/ 2 );margin-right: calc(-4% \/ 2 );\"><div class=\"fusion-layout-column fusion_builder_column fusion-builder-column-0 fusion_builder_column_1_2 1_2 fusion-flex-column\" style=\"--awb-padding-top:40px;--awb-bg-size:cover;--awb-width-large:50%;--awb-margin-top-large:0px;--awb-spacing-right-large:3.84%;--awb-margin-bottom-large:20px;--awb-spacing-left-large:3.84%;--awb-width-medium:50%;--awb-order-medium:0;--awb-spacing-right-medium:3.84%;--awb-spacing-left-medium:3.84%;--awb-width-small:100%;--awb-order-small:0;--awb-spacing-right-small:1.92%;--awb-spacing-left-small:1.92%;\"><div class=\"fusion-column-wrapper fusion-column-has-shadow fusion-flex-justify-content-flex-start fusion-content-layout-column\"><div class=\"fusion-text fusion-text-1\"><p><img decoding=\"async\" class=\"alignleft wp-image-2489 size-full\" src=\"https:\/\/cifs.edu.ba\/wp-content\/uploads\/2026\/03\/Pedagogical-approach.jpg\" alt=\"\" width=\"1200\" height=\"900\" srcset=\"https:\/\/cifs.edu.ba\/wp-content\/uploads\/2026\/03\/Pedagogical-approach-200x150.jpg 200w, https:\/\/cifs.edu.ba\/wp-content\/uploads\/2026\/03\/Pedagogical-approach-300x225.jpg 300w, https:\/\/cifs.edu.ba\/wp-content\/uploads\/2026\/03\/Pedagogical-approach-400x300.jpg 400w, https:\/\/cifs.edu.ba\/wp-content\/uploads\/2026\/03\/Pedagogical-approach-600x450.jpg 600w, https:\/\/cifs.edu.ba\/wp-content\/uploads\/2026\/03\/Pedagogical-approach-768x576.jpg 768w, https:\/\/cifs.edu.ba\/wp-content\/uploads\/2026\/03\/Pedagogical-approach-800x600.jpg 800w, https:\/\/cifs.edu.ba\/wp-content\/uploads\/2026\/03\/Pedagogical-approach-1024x768.jpg 1024w, https:\/\/cifs.edu.ba\/wp-content\/uploads\/2026\/03\/Pedagogical-approach.jpg 1200w\" sizes=\"(max-width: 1200px) 100vw, 1200px\" \/><\/p>\n<\/div><\/div><\/div><div class=\"fusion-layout-column fusion_builder_column fusion-builder-column-1 fusion_builder_column_1_2 1_2 fusion-flex-column\" style=\"--awb-padding-top:50px;--awb-bg-size:cover;--awb-width-large:50%;--awb-margin-top-large:0px;--awb-spacing-right-large:3.84%;--awb-margin-bottom-large:20px;--awb-spacing-left-large:3.84%;--awb-width-medium:50%;--awb-order-medium:0;--awb-spacing-right-medium:3.84%;--awb-spacing-left-medium:3.84%;--awb-width-small:100%;--awb-order-small:0;--awb-spacing-right-small:1.92%;--awb-spacing-left-small:1.92%;\"><div class=\"fusion-column-wrapper fusion-column-has-shadow fusion-flex-justify-content-flex-start fusion-content-layout-column\"><div class=\"fusion-text fusion-text-2\" style=\"--awb-text-color:var(--awb-color7);\"><p>CIFS nudi svojim studentima obrazovanje koje spaja &#8220;najbolje iz oba svijeta&#8221;, odnosno \u0161kolovanje koje kombinuje francuski stil obrazovanja s najboljim elementima me\u0111unarodnog obrazovanja. Na\u0161i u\u010ditelji koriste metode \u010diji je zajedni\u010dki dio individualna i aktivna pedagogija.<\/p>\n<\/div><\/div><\/div><\/div><\/div>\n","protected":false},"excerpt":{"rendered":"","protected":false},"author":1,"featured_media":0,"parent":563,"menu_order":0,"comment_status":"closed","ping_status":"closed","template":"100-width.php","meta":{"footnotes":""},"class_list":["post-585","page","type-page","status-publish","hentry"],"yoast_head":"<!-- This site is optimized with the Yoast SEO plugin v27.1.1 - https:\/\/yoast.com\/product\/yoast-seo-wordpress\/ -->\n<title>Pedago\u0161ki Pristup | Me\u0111unarodna \u0160kola u Sarajevu<\/title>\n<meta name=\"description\" content=\"CIFS nudi svojim studentima obrazovanje koje spaja \u201cnajbolje iz oba svijeta\u201d, odnosno \u0161kolovanje koje kombinuje francuski stil obrazovanja...\" \/>\n<meta name=\"robots\" content=\"index, follow, max-snippet:-1, max-image-preview:large, max-video-preview:-1\" \/>\n<link rel=\"canonical\" href=\"https:\/\/cifs.edu.ba\/bs\/nastavni-plan-i-program\/pedagoski-model\/pedagoski-pristup\/\" \/>\n<meta property=\"og:locale\" content=\"bs_BA\" \/>\n<meta property=\"og:type\" content=\"article\" \/>\n<meta property=\"og:title\" content=\"Pedago\u0161ki Pristup | Me\u0111unarodna \u0160kola u Sarajevu\" \/>\n<meta property=\"og:description\" content=\"CIFS nudi svojim studentima obrazovanje koje spaja \u201cnajbolje iz oba svijeta\u201d, odnosno \u0161kolovanje koje kombinuje francuski stil obrazovanja...\" \/>\n<meta property=\"og:url\" content=\"https:\/\/cifs.edu.ba\/bs\/nastavni-plan-i-program\/pedagoski-model\/pedagoski-pristup\/\" \/>\n<meta property=\"og:site_name\" content=\"CIFS\" \/>\n<meta property=\"article:publisher\" content=\"https:\/\/www.facebook.com\/CIFSarajevo\/\" \/>\n<meta property=\"article:modified_time\" content=\"2026-03-10T13:03:57+00:00\" \/>\n<meta property=\"og:image\" content=\"https:\/\/cifs.edu.ba\/wp-content\/uploads\/2026\/03\/Pedagogical-approach.jpg\" \/>\n\t<meta property=\"og:image:width\" content=\"1200\" \/>\n\t<meta property=\"og:image:height\" content=\"900\" \/>\n\t<meta property=\"og:image:type\" content=\"image\/jpeg\" \/>\n<meta name=\"twitter:card\" content=\"summary_large_image\" \/>\n<meta name=\"twitter:label1\" content=\"Est. reading time\" \/>\n\t<meta name=\"twitter:data1\" content=\"1 minuta\" \/>\n<script type=\"application\/ld+json\" class=\"yoast-schema-graph\">{\"@context\":\"https:\/\/schema.org\",\"@graph\":[{\"@type\":\"WebPage\",\"@id\":\"https:\/\/cifs.edu.ba\/bs\/nastavni-plan-i-program\/pedagoski-model\/pedagoski-pristup\/\",\"url\":\"https:\/\/cifs.edu.ba\/bs\/nastavni-plan-i-program\/pedagoski-model\/pedagoski-pristup\/\",\"name\":\"Pedago\u0161ki Pristup | Me\u0111unarodna \u0160kola u Sarajevu\",\"isPartOf\":{\"@id\":\"https:\/\/cifs.edu.ba\/#website\"},\"primaryImageOfPage\":{\"@id\":\"https:\/\/cifs.edu.ba\/bs\/nastavni-plan-i-program\/pedagoski-model\/pedagoski-pristup\/#primaryimage\"},\"image\":{\"@id\":\"https:\/\/cifs.edu.ba\/bs\/nastavni-plan-i-program\/pedagoski-model\/pedagoski-pristup\/#primaryimage\"},\"thumbnailUrl\":\"https:\/\/cifs.edu.ba\/wp-content\/uploads\/2026\/03\/Pedagogical-approach.jpg\",\"datePublished\":\"2023-11-11T22:15:22+00:00\",\"dateModified\":\"2026-03-10T13:03:57+00:00\",\"description\":\"CIFS nudi svojim studentima obrazovanje koje spaja \u201cnajbolje iz oba svijeta\u201d, odnosno \u0161kolovanje koje kombinuje francuski stil obrazovanja...\",\"breadcrumb\":{\"@id\":\"https:\/\/cifs.edu.ba\/bs\/nastavni-plan-i-program\/pedagoski-model\/pedagoski-pristup\/#breadcrumb\"},\"inLanguage\":\"bs-BA\",\"potentialAction\":[{\"@type\":\"ReadAction\",\"target\":[\"https:\/\/cifs.edu.ba\/bs\/nastavni-plan-i-program\/pedagoski-model\/pedagoski-pristup\/\"]}]},{\"@type\":\"ImageObject\",\"inLanguage\":\"bs-BA\",\"@id\":\"https:\/\/cifs.edu.ba\/bs\/nastavni-plan-i-program\/pedagoski-model\/pedagoski-pristup\/#primaryimage\",\"url\":\"https:\/\/cifs.edu.ba\/wp-content\/uploads\/2026\/03\/Pedagogical-approach.jpg\",\"contentUrl\":\"https:\/\/cifs.edu.ba\/wp-content\/uploads\/2026\/03\/Pedagogical-approach.jpg\"},{\"@type\":\"BreadcrumbList\",\"@id\":\"https:\/\/cifs.edu.ba\/bs\/nastavni-plan-i-program\/pedagoski-model\/pedagoski-pristup\/#breadcrumb\",\"itemListElement\":[{\"@type\":\"ListItem\",\"position\":1,\"name\":\"Home\",\"item\":\"https:\/\/cifs.edu.ba\/bs\/\"},{\"@type\":\"ListItem\",\"position\":2,\"name\":\"Nastavni plan i program\",\"item\":\"https:\/\/cifs.edu.ba\/bs\/nastavni-plan-i-program\/\"},{\"@type\":\"ListItem\",\"position\":3,\"name\":\"Pedago\u0161ki model\",\"item\":\"https:\/\/cifs.edu.ba\/bs\/nastavni-plan-i-program\/pedagoski-model\/\"},{\"@type\":\"ListItem\",\"position\":4,\"name\":\"Pedago\u0161ki pristup\"}]},{\"@type\":\"WebSite\",\"@id\":\"https:\/\/cifs.edu.ba\/#website\",\"url\":\"https:\/\/cifs.edu.ba\/\",\"name\":\"International School in Sarajevo!\",\"description\":\"\",\"potentialAction\":[{\"@type\":\"SearchAction\",\"target\":{\"@type\":\"EntryPoint\",\"urlTemplate\":\"https:\/\/cifs.edu.ba\/?s={search_term_string}\"},\"query-input\":{\"@type\":\"PropertyValueSpecification\",\"valueRequired\":true,\"valueName\":\"search_term_string\"}}],\"inLanguage\":\"bs-BA\"}]}<\/script>\n<!-- \/ Yoast SEO plugin. -->","yoast_head_json":{"title":"Pedago\u0161ki Pristup | Me\u0111unarodna \u0160kola u Sarajevu","description":"CIFS nudi svojim studentima obrazovanje koje spaja \u201cnajbolje iz oba svijeta\u201d, odnosno \u0161kolovanje koje kombinuje francuski stil obrazovanja...","robots":{"index":"index","follow":"follow","max-snippet":"max-snippet:-1","max-image-preview":"max-image-preview:large","max-video-preview":"max-video-preview:-1"},"canonical":"https:\/\/cifs.edu.ba\/bs\/nastavni-plan-i-program\/pedagoski-model\/pedagoski-pristup\/","og_locale":"bs_BA","og_type":"article","og_title":"Pedago\u0161ki Pristup | Me\u0111unarodna \u0160kola u Sarajevu","og_description":"CIFS nudi svojim studentima obrazovanje koje spaja \u201cnajbolje iz oba svijeta\u201d, odnosno \u0161kolovanje koje kombinuje francuski stil obrazovanja...","og_url":"https:\/\/cifs.edu.ba\/bs\/nastavni-plan-i-program\/pedagoski-model\/pedagoski-pristup\/","og_site_name":"CIFS","article_publisher":"https:\/\/www.facebook.com\/CIFSarajevo\/","article_modified_time":"2026-03-10T13:03:57+00:00","og_image":[{"width":1200,"height":900,"url":"https:\/\/cifs.edu.ba\/wp-content\/uploads\/2026\/03\/Pedagogical-approach.jpg","type":"image\/jpeg"}],"twitter_card":"summary_large_image","twitter_misc":{"Est. reading time":"1 minuta"},"schema":{"@context":"https:\/\/schema.org","@graph":[{"@type":"WebPage","@id":"https:\/\/cifs.edu.ba\/bs\/nastavni-plan-i-program\/pedagoski-model\/pedagoski-pristup\/","url":"https:\/\/cifs.edu.ba\/bs\/nastavni-plan-i-program\/pedagoski-model\/pedagoski-pristup\/","name":"Pedago\u0161ki Pristup | Me\u0111unarodna \u0160kola u Sarajevu","isPartOf":{"@id":"https:\/\/cifs.edu.ba\/#website"},"primaryImageOfPage":{"@id":"https:\/\/cifs.edu.ba\/bs\/nastavni-plan-i-program\/pedagoski-model\/pedagoski-pristup\/#primaryimage"},"image":{"@id":"https:\/\/cifs.edu.ba\/bs\/nastavni-plan-i-program\/pedagoski-model\/pedagoski-pristup\/#primaryimage"},"thumbnailUrl":"https:\/\/cifs.edu.ba\/wp-content\/uploads\/2026\/03\/Pedagogical-approach.jpg","datePublished":"2023-11-11T22:15:22+00:00","dateModified":"2026-03-10T13:03:57+00:00","description":"CIFS nudi svojim studentima obrazovanje koje spaja \u201cnajbolje iz oba svijeta\u201d, odnosno \u0161kolovanje koje kombinuje francuski stil obrazovanja...","breadcrumb":{"@id":"https:\/\/cifs.edu.ba\/bs\/nastavni-plan-i-program\/pedagoski-model\/pedagoski-pristup\/#breadcrumb"},"inLanguage":"bs-BA","potentialAction":[{"@type":"ReadAction","target":["https:\/\/cifs.edu.ba\/bs\/nastavni-plan-i-program\/pedagoski-model\/pedagoski-pristup\/"]}]},{"@type":"ImageObject","inLanguage":"bs-BA","@id":"https:\/\/cifs.edu.ba\/bs\/nastavni-plan-i-program\/pedagoski-model\/pedagoski-pristup\/#primaryimage","url":"https:\/\/cifs.edu.ba\/wp-content\/uploads\/2026\/03\/Pedagogical-approach.jpg","contentUrl":"https:\/\/cifs.edu.ba\/wp-content\/uploads\/2026\/03\/Pedagogical-approach.jpg"},{"@type":"BreadcrumbList","@id":"https:\/\/cifs.edu.ba\/bs\/nastavni-plan-i-program\/pedagoski-model\/pedagoski-pristup\/#breadcrumb","itemListElement":[{"@type":"ListItem","position":1,"name":"Home","item":"https:\/\/cifs.edu.ba\/bs\/"},{"@type":"ListItem","position":2,"name":"Nastavni plan i program","item":"https:\/\/cifs.edu.ba\/bs\/nastavni-plan-i-program\/"},{"@type":"ListItem","position":3,"name":"Pedago\u0161ki model","item":"https:\/\/cifs.edu.ba\/bs\/nastavni-plan-i-program\/pedagoski-model\/"},{"@type":"ListItem","position":4,"name":"Pedago\u0161ki pristup"}]},{"@type":"WebSite","@id":"https:\/\/cifs.edu.ba\/#website","url":"https:\/\/cifs.edu.ba\/","name":"International School in Sarajevo!","description":"","potentialAction":[{"@type":"SearchAction","target":{"@type":"EntryPoint","urlTemplate":"https:\/\/cifs.edu.ba\/?s={search_term_string}"},"query-input":{"@type":"PropertyValueSpecification","valueRequired":true,"valueName":"search_term_string"}}],"inLanguage":"bs-BA"}]}},"_links":{"self":[{"href":"https:\/\/cifs.edu.ba\/bs\/wp-json\/wp\/v2\/pages\/585","targetHints":{"allow":["GET"]}}],"collection":[{"href":"https:\/\/cifs.edu.ba\/bs\/wp-json\/wp\/v2\/pages"}],"about":[{"href":"https:\/\/cifs.edu.ba\/bs\/wp-json\/wp\/v2\/types\/page"}],"author":[{"embeddable":true,"href":"https:\/\/cifs.edu.ba\/bs\/wp-json\/wp\/v2\/users\/1"}],"replies":[{"embeddable":true,"href":"https:\/\/cifs.edu.ba\/bs\/wp-json\/wp\/v2\/comments?post=585"}],"version-history":[{"count":4,"href":"https:\/\/cifs.edu.ba\/bs\/wp-json\/wp\/v2\/pages\/585\/revisions"}],"predecessor-version":[{"id":2503,"href":"https:\/\/cifs.edu.ba\/bs\/wp-json\/wp\/v2\/pages\/585\/revisions\/2503"}],"up":[{"embeddable":true,"href":"https:\/\/cifs.edu.ba\/bs\/wp-json\/wp\/v2\/pages\/563"}],"wp:attachment":[{"href":"https:\/\/cifs.edu.ba\/bs\/wp-json\/wp\/v2\/media?parent=585"}],"curies":[{"name":"wp","href":"https:\/\/api.w.org\/{rel}","templated":true}]}}