{"id":578,"date":"2023-11-11T21:45:04","date_gmt":"2023-11-11T21:45:04","guid":{"rendered":"https:\/\/cifs.edu.ba\/curriculum\/kindergarten\/"},"modified":"2026-03-10T13:21:11","modified_gmt":"2026-03-10T13:21:11","slug":"mala-skola","status":"publish","type":"page","link":"https:\/\/cifs.edu.ba\/bs\/nastavni-plan-i-program\/mala-skola\/","title":{"rendered":"Mala \u0161kola"},"content":{"rendered":"<p><div class=\"fusion-fullwidth fullwidth-box fusion-builder-row-1 fusion-flex-container has-pattern-background has-mask-background fusion-parallax-none nonhundred-percent-fullwidth non-hundred-percent-height-scrolling\" style=\"--awb-background-position:left top;--awb-background-repeat:repeat;--awb-background-blend-mode:overlay;--awb-border-radius-top-left:0px;--awb-border-radius-top-right:0px;--awb-border-radius-bottom-right:0px;--awb-border-radius-bottom-left:0px;--awb-margin-top:-50px;--awb-background-image:url(&quot;https:\/\/cifs.edu.ba\/wp-content\/uploads\/2023\/11\/patern-red.png&quot;);--awb-flex-wrap:wrap;\" ><div class=\"fusion-builder-row fusion-row fusion-flex-align-items-flex-start fusion-flex-content-wrap\" style=\"max-width:1248px;margin-left: calc(-4% \/ 2 );margin-right: calc(-4% \/ 2 );\"><div class=\"fusion-layout-column fusion_builder_column fusion-builder-column-0 fusion_builder_column_1_3 1_3 fusion-flex-column\" style=\"--awb-padding-top:40px;--awb-bg-size:cover;--awb-width-large:33.333333333333%;--awb-margin-top-large:0px;--awb-spacing-right-large:5.76%;--awb-margin-bottom-large:20px;--awb-spacing-left-large:5.76%;--awb-width-medium:33.333333333333%;--awb-order-medium:0;--awb-spacing-right-medium:5.76%;--awb-spacing-left-medium:5.76%;--awb-width-small:100%;--awb-order-small:0;--awb-spacing-right-small:1.92%;--awb-spacing-left-small:1.92%;\"><div class=\"fusion-column-wrapper fusion-column-has-shadow fusion-flex-justify-content-flex-start fusion-content-layout-column\"><div class=\"fusion-title title fusion-title-1 fusion-sep-none fusion-title-text fusion-title-size-two\" style=\"--awb-text-color:var(--awb-color1);\"><h2 class=\"fusion-title-heading title-heading-left\" style=\"margin:0;\">OSNOVNI<br \/>\nCILJEVI<\/h2><\/div><\/div><\/div><div class=\"fusion-layout-column fusion_builder_column fusion-builder-column-1 fusion_builder_column_2_3 2_3 fusion-flex-column\" style=\"--awb-padding-top:50px;--awb-bg-size:cover;--awb-width-large:66.666666666667%;--awb-margin-top-large:0px;--awb-spacing-right-large:2.88%;--awb-margin-bottom-large:20px;--awb-spacing-left-large:2.88%;--awb-width-medium:66.666666666667%;--awb-order-medium:0;--awb-spacing-right-medium:2.88%;--awb-spacing-left-medium:2.88%;--awb-width-small:100%;--awb-order-small:0;--awb-spacing-right-small:1.92%;--awb-spacing-left-small:1.92%;\"><div class=\"fusion-column-wrapper fusion-column-has-shadow fusion-flex-justify-content-flex-start fusion-content-layout-column\"><div class=\"fusion-text fusion-text-1\" style=\"--awb-text-color:var(--awb-color1);\"><p><strong>Jako mala grupa : 2 do 3 godine<\/strong><\/p>\n<p><strong>Mala grupa\u00a0: 3 do 4 godina<\/strong><\/p>\n<p><strong>Srednja grupa\u00a0: 4 do 5 godina<\/strong><\/p>\n<p><strong>Velika grupa\u00a0: 5 do 6 godina <\/strong><\/p>\n<p>Mala \u0161kola priprema za osnovno u\u010denje \u010ditanja, pisanja i ra\u010dunanja. Njegovi su\u0161tinski ciljevi su socijalizacija, u\u010denje jezika, brojeva i grafi\u010dkog pokreta, razvoj osjetljivosti i li\u010dnosti svakog u\u010denika. Njegove metode favoriziraju manipulaciju, otkrivanje, eksperimentisanje u razli\u010ditim poljima: umjetni\u010dkim, kulturnim, fizi\u010dkim, nau\u010dnim.<\/p>\n<p>Mala \u0161kola je izgra\u0111ena po modelu koji je prije svega edukativan, a ne socijalni ili higijenisti\u010dki. To je faza ranog u\u010denja koja \u0107e omogu\u0107iti u\u010denicima da izgrade \u010dvrste temelje koje \u0107e se pro\u0161iriti u razredima osnovne \u0161kole i koja \u0107e im omogu\u0107iti pristup trojezi\u010dnosti.<\/p>\n<p>Njen nastavni program (curriculum) koji\u00a0 defini\u0161e Ministarstvo nacionalnog obrazovanja, je priprema za osnovnu \u0161kolu u kojem se u\u010di da se \u201epostane u\u010denik\u201c i da razvija i strukturira jezik (prioritet je\u00a0 usmeni jezik, ali i pismeni, da razmi\u0161lja o svijetu i po\u010dinje analizirati jezik).<\/p>\n<p><strong>Francuski programi u Maloj \u0161koli su razvijeni oko 5 oblasti:<\/strong><\/p>\n<ul>\n<li>Mobilizirati jezik u svim njegovim dimenzijama (i usmenim i pismenim)<\/li>\n<li>Tjelesni i zdravstveni odgoj (sport, igre, ples, itd.)<\/li>\n<li>Likovna i muzi\u010dka kultura (slikanje, crtanje, pjevanje, itd.)<\/li>\n<li>Matematika<\/li>\n<li>Moja okolina (nauke, otkrivanje prolaznosti vremena, svijeta oko nas, itd.)<\/li>\n<\/ul>\n<\/div><\/div><\/div><\/div><\/div><div class=\"fusion-fullwidth fullwidth-box fusion-builder-row-2 fusion-flex-container has-pattern-background has-mask-background nonhundred-percent-fullwidth non-hundred-percent-height-scrolling\" style=\"--awb-border-radius-top-left:0px;--awb-border-radius-top-right:0px;--awb-border-radius-bottom-right:0px;--awb-border-radius-bottom-left:0px;--awb-margin-top:50px;--awb-flex-wrap:wrap;\" ><div class=\"fusion-builder-row fusion-row fusion-flex-align-items-flex-start fusion-flex-content-wrap\" style=\"max-width:1248px;margin-left: calc(-4% \/ 2 );margin-right: calc(-4% \/ 2 );\"><div class=\"fusion-layout-column fusion_builder_column fusion-builder-column-2 fusion_builder_column_1_2 1_2 fusion-flex-column\" style=\"--awb-bg-size:cover;--awb-width-large:50%;--awb-margin-top-large:0px;--awb-spacing-right-large:3.84%;--awb-margin-bottom-large:20px;--awb-spacing-left-large:3.84%;--awb-width-medium:50%;--awb-order-medium:0;--awb-spacing-right-medium:3.84%;--awb-spacing-left-medium:3.84%;--awb-width-small:100%;--awb-order-small:0;--awb-spacing-right-small:1.92%;--awb-spacing-left-small:1.92%;\"><div class=\"fusion-column-wrapper fusion-column-has-shadow fusion-flex-justify-content-flex-start fusion-content-layout-column\"><div class=\"fusion-text fusion-text-2\"><p><img decoding=\"async\" class=\"alignleft wp-image-2506 size-full\" src=\"https:\/\/cifs.edu.ba\/wp-content\/uploads\/2026\/03\/Kindergarten.jpg\" alt=\"\" width=\"1200\" height=\"900\" srcset=\"https:\/\/cifs.edu.ba\/wp-content\/uploads\/2026\/03\/Kindergarten-200x150.jpg 200w, https:\/\/cifs.edu.ba\/wp-content\/uploads\/2026\/03\/Kindergarten-300x225.jpg 300w, https:\/\/cifs.edu.ba\/wp-content\/uploads\/2026\/03\/Kindergarten-400x300.jpg 400w, https:\/\/cifs.edu.ba\/wp-content\/uploads\/2026\/03\/Kindergarten-600x450.jpg 600w, https:\/\/cifs.edu.ba\/wp-content\/uploads\/2026\/03\/Kindergarten-768x576.jpg 768w, https:\/\/cifs.edu.ba\/wp-content\/uploads\/2026\/03\/Kindergarten-800x600.jpg 800w, https:\/\/cifs.edu.ba\/wp-content\/uploads\/2026\/03\/Kindergarten-1024x768.jpg 1024w, https:\/\/cifs.edu.ba\/wp-content\/uploads\/2026\/03\/Kindergarten.jpg 1200w\" sizes=\"(max-width: 1200px) 100vw, 1200px\" \/><\/p>\n<\/div><\/div><\/div><div class=\"fusion-layout-column fusion_builder_column fusion-builder-column-3 fusion_builder_column_1_2 1_2 fusion-flex-column\" style=\"--awb-bg-size:cover;--awb-width-large:50%;--awb-margin-top-large:0px;--awb-spacing-right-large:3.84%;--awb-margin-bottom-large:20px;--awb-spacing-left-large:3.84%;--awb-width-medium:50%;--awb-order-medium:0;--awb-spacing-right-medium:3.84%;--awb-spacing-left-medium:3.84%;--awb-width-small:100%;--awb-order-small:0;--awb-spacing-right-small:1.92%;--awb-spacing-left-small:1.92%;\"><div class=\"fusion-column-wrapper fusion-column-has-shadow fusion-flex-justify-content-flex-start fusion-content-layout-column\"><div class=\"fusion-text fusion-text-3\"><p><img decoding=\"async\" class=\"alignleft wp-image-2528 size-full\" src=\"https:\/\/cifs.edu.ba\/wp-content\/uploads\/2026\/03\/Kindergarten-2.jpg\" alt=\"\" width=\"1200\" height=\"900\" srcset=\"https:\/\/cifs.edu.ba\/wp-content\/uploads\/2026\/03\/Kindergarten-2-200x150.jpg 200w, https:\/\/cifs.edu.ba\/wp-content\/uploads\/2026\/03\/Kindergarten-2-300x225.jpg 300w, https:\/\/cifs.edu.ba\/wp-content\/uploads\/2026\/03\/Kindergarten-2-400x300.jpg 400w, https:\/\/cifs.edu.ba\/wp-content\/uploads\/2026\/03\/Kindergarten-2-600x450.jpg 600w, https:\/\/cifs.edu.ba\/wp-content\/uploads\/2026\/03\/Kindergarten-2-768x576.jpg 768w, https:\/\/cifs.edu.ba\/wp-content\/uploads\/2026\/03\/Kindergarten-2-800x600.jpg 800w, https:\/\/cifs.edu.ba\/wp-content\/uploads\/2026\/03\/Kindergarten-2-1024x768.jpg 1024w, https:\/\/cifs.edu.ba\/wp-content\/uploads\/2026\/03\/Kindergarten-2.jpg 1200w\" sizes=\"(max-width: 1200px) 100vw, 1200px\" \/><\/p>\n<\/div><\/div><\/div><\/div><\/div><div class=\"fusion-fullwidth fullwidth-box fusion-builder-row-3 fusion-flex-container has-pattern-background has-mask-background fusion-parallax-none nonhundred-percent-fullwidth non-hundred-percent-height-scrolling\" style=\"--awb-background-position:left top;--awb-background-repeat:repeat;--awb-background-blend-mode:overlay;--awb-border-radius-top-left:0px;--awb-border-radius-top-right:0px;--awb-border-radius-bottom-right:0px;--awb-border-radius-bottom-left:0px;--awb-background-image:url(&quot;https:\/\/cifs.edu.ba\/wp-content\/uploads\/2023\/11\/patern-red.png&quot;);--awb-flex-wrap:wrap;\" ><div class=\"fusion-builder-row fusion-row fusion-flex-align-items-flex-start fusion-flex-content-wrap\" style=\"max-width:1248px;margin-left: calc(-4% \/ 2 );margin-right: calc(-4% \/ 2 );\"><div class=\"fusion-layout-column fusion_builder_column fusion-builder-column-4 fusion_builder_column_1_3 1_3 fusion-flex-column\" style=\"--awb-padding-top:40px;--awb-bg-size:cover;--awb-width-large:33.333333333333%;--awb-margin-top-large:0px;--awb-spacing-right-large:5.76%;--awb-margin-bottom-large:20px;--awb-spacing-left-large:5.76%;--awb-width-medium:33.333333333333%;--awb-order-medium:0;--awb-spacing-right-medium:5.76%;--awb-spacing-left-medium:5.76%;--awb-width-small:100%;--awb-order-small:0;--awb-spacing-right-small:1.92%;--awb-spacing-left-small:1.92%;\"><div class=\"fusion-column-wrapper fusion-column-has-shadow fusion-flex-justify-content-flex-start fusion-content-layout-column\"><div class=\"fusion-title title fusion-title-2 fusion-sep-none fusion-title-text fusion-title-size-two\" style=\"--awb-text-color:var(--awb-color1);\"><h2 class=\"fusion-title-heading title-heading-left\" style=\"margin:0;\">OBRAZOVNA<br \/>\nVIZIJA<\/h2><\/div><\/div><\/div><div class=\"fusion-layout-column fusion_builder_column fusion-builder-column-5 fusion_builder_column_2_3 2_3 fusion-flex-column\" style=\"--awb-padding-top:50px;--awb-bg-size:cover;--awb-width-large:66.666666666667%;--awb-margin-top-large:0px;--awb-spacing-right-large:2.88%;--awb-margin-bottom-large:20px;--awb-spacing-left-large:2.88%;--awb-width-medium:66.666666666667%;--awb-order-medium:0;--awb-spacing-right-medium:2.88%;--awb-spacing-left-medium:2.88%;--awb-width-small:100%;--awb-order-small:0;--awb-spacing-right-small:1.92%;--awb-spacing-left-small:1.92%;\"><div class=\"fusion-column-wrapper fusion-column-has-shadow fusion-flex-justify-content-flex-start fusion-content-layout-column\"><div class=\"fusion-text fusion-text-4\" style=\"--awb-text-color:var(--awb-color1);\"><p>Mala \u0161kola funkcioni\u0161e prema obrazovnom modelu, a ne modelu \u010duvanja ili \u010duvanja djece. Predstavlja fazu ranog u\u010denja koja \u0107e omogu\u0107iti u\u010denicima da izgrade \u010dvrste temelje koji \u0107e se pro\u0161iriti na osnovno obrazovanje i pru\u017eiti im osnovu za postajanje trojezi\u010dnim u\u010denicima.<\/p>\n<p>Kurikulum Male \u0161kole defini\u0161e Ministarstvo obrazovanja Francuske kao pripremu za osnovnu \u0161kolu, gdje se u\u010di kako &#8220;postati u\u010denik&#8221; i razvijati i strukturirati jezik (prioritetno usmeni jezik, ali tako\u0111er i uvo\u0111enje pisanog izra\u017eavanja, kako bi se razmi\u0161ljalo o svijetu i zapo\u010delo s analizom jezika). Mala \u0161kola je akreditovan i pod pedago\u0161kom odgovorno\u0161\u0107u francuske inspekcije za jugoisto\u010dnu Evropu \u2013 koja pru\u017ea nadzor nad sprovo\u0111enjem kurikuluma i generalno nad kvalitetom na\u0161e Male \u0161kole.<\/p>\n<p>Mala \u0161kola prihvata djecu od 2 i po godine.<\/p>\n<p>Ako je potrebno, proces odvikavanja od pelena mo\u017ee se obaviti u Maloj \u0161koli. Veli\u010dina grupa je ograni\u010dena na 20 djece, uz jednog u\u010ditelja i asistenta koji vode nastavu i brinu o higijeni djece. U ovim izuzetnim uvjetima pedago\u0161kog okru\u017eenja, ali potrebnim za realizaciju aktivnosti, mo\u017ee po\u010deti ranije u\u010denje koje uspostavlja reputaciju francuskih Malih \u0161kola \u0161irom svijeta.<\/p>\n<p>Djeca koja govore francuski i ona koja ne govore mogu se upisati u bilo koju grupu Male \u0161kole.<\/p>\n<p>Kurikulum Male \u0161kole je podijeljen u 5 domena aktivnosti:<\/p>\n<p><strong>Kurikulum francuske Male \u0161kole razvija se u 5 domena:<\/strong><\/p>\n<ul>\n<li>U\u010denje jezika u svim njegovim dimenzijama (usmeni i pisani);<\/li>\n<li>Izra\u017eavanje, djelovanje i razumijevanje kroz fizi\u010dke aktivnosti (sport, igre, ples itd.);<\/li>\n<li>Izra\u017eavanje, djelovanje i razumijevanje kroz umjetni\u010dke aktivnosti (slikanje, crtanje, pjevanje itd.);<\/li>\n<li>Uspostavljanje prvih alata za strukturirano razmi\u0161ljanje (brojanje, upore\u0111ivanje, organizovanje itd.);<\/li>\n<li>Istra\u017eivanje svijeta oko sebe (otkrivanje nauke, prolazak vremena, svijet oko nas itd.).<\/li>\n<\/ul>\n<\/div><\/div><\/div><\/div><\/div><\/p>\n","protected":false},"excerpt":{"rendered":"","protected":false},"author":1,"featured_media":0,"parent":568,"menu_order":0,"comment_status":"closed","ping_status":"closed","template":"100-width.php","meta":{"footnotes":""},"class_list":["post-578","page","type-page","status-publish","hentry"],"yoast_head":"<!-- This site is optimized with the Yoast SEO plugin v27.1.1 - https:\/\/yoast.com\/product\/yoast-seo-wordpress\/ -->\n<title>Mala \u0160kola | Francuska Me\u0111unarodna \u0160kola u Sarajevu<\/title>\n<meta name=\"description\" content=\"Mala \u0161kola priprema za osnovno u\u010denje \u010ditanja, pisanja i ra\u010dunanja. Njegovi su\u0161tinski ciljevi su socijalizacija, u\u010denje jezika, brojeva...\" \/>\n<meta name=\"robots\" content=\"index, follow, max-snippet:-1, max-image-preview:large, max-video-preview:-1\" \/>\n<link rel=\"canonical\" href=\"https:\/\/cifs.edu.ba\/bs\/nastavni-plan-i-program\/mala-skola\/\" \/>\n<meta property=\"og:locale\" content=\"bs_BA\" \/>\n<meta property=\"og:type\" content=\"article\" \/>\n<meta property=\"og:title\" content=\"Mala \u0160kola | Francuska Me\u0111unarodna \u0160kola u Sarajevu\" \/>\n<meta property=\"og:description\" content=\"Mala \u0161kola priprema za osnovno u\u010denje \u010ditanja, pisanja i ra\u010dunanja. Njegovi su\u0161tinski ciljevi su socijalizacija, u\u010denje jezika, brojeva...\" \/>\n<meta property=\"og:url\" content=\"https:\/\/cifs.edu.ba\/bs\/nastavni-plan-i-program\/mala-skola\/\" \/>\n<meta property=\"og:site_name\" content=\"CIFS\" \/>\n<meta property=\"article:publisher\" content=\"https:\/\/www.facebook.com\/CIFSarajevo\/\" \/>\n<meta property=\"article:modified_time\" content=\"2026-03-10T13:21:11+00:00\" \/>\n<meta property=\"og:image\" content=\"https:\/\/cifs.edu.ba\/wp-content\/uploads\/2026\/03\/Kindergarten.jpg\" \/>\n\t<meta property=\"og:image:width\" content=\"1200\" \/>\n\t<meta property=\"og:image:height\" content=\"900\" \/>\n\t<meta property=\"og:image:type\" content=\"image\/jpeg\" \/>\n<meta name=\"twitter:card\" content=\"summary_large_image\" \/>\n<meta name=\"twitter:label1\" content=\"Est. reading time\" \/>\n\t<meta name=\"twitter:data1\" content=\"3 minute\" \/>\n<script type=\"application\/ld+json\" class=\"yoast-schema-graph\">{\"@context\":\"https:\/\/schema.org\",\"@graph\":[{\"@type\":\"WebPage\",\"@id\":\"https:\/\/cifs.edu.ba\/bs\/nastavni-plan-i-program\/mala-skola\/\",\"url\":\"https:\/\/cifs.edu.ba\/bs\/nastavni-plan-i-program\/mala-skola\/\",\"name\":\"Mala \u0160kola | Francuska Me\u0111unarodna \u0160kola u Sarajevu\",\"isPartOf\":{\"@id\":\"https:\/\/cifs.edu.ba\/#website\"},\"primaryImageOfPage\":{\"@id\":\"https:\/\/cifs.edu.ba\/bs\/nastavni-plan-i-program\/mala-skola\/#primaryimage\"},\"image\":{\"@id\":\"https:\/\/cifs.edu.ba\/bs\/nastavni-plan-i-program\/mala-skola\/#primaryimage\"},\"thumbnailUrl\":\"https:\/\/cifs.edu.ba\/wp-content\/uploads\/2026\/03\/Kindergarten.jpg\",\"datePublished\":\"2023-11-11T21:45:04+00:00\",\"dateModified\":\"2026-03-10T13:21:11+00:00\",\"description\":\"Mala \u0161kola priprema za osnovno u\u010denje \u010ditanja, pisanja i ra\u010dunanja. Njegovi su\u0161tinski ciljevi su socijalizacija, u\u010denje jezika, brojeva...\",\"breadcrumb\":{\"@id\":\"https:\/\/cifs.edu.ba\/bs\/nastavni-plan-i-program\/mala-skola\/#breadcrumb\"},\"inLanguage\":\"bs-BA\",\"potentialAction\":[{\"@type\":\"ReadAction\",\"target\":[\"https:\/\/cifs.edu.ba\/bs\/nastavni-plan-i-program\/mala-skola\/\"]}]},{\"@type\":\"ImageObject\",\"inLanguage\":\"bs-BA\",\"@id\":\"https:\/\/cifs.edu.ba\/bs\/nastavni-plan-i-program\/mala-skola\/#primaryimage\",\"url\":\"https:\/\/cifs.edu.ba\/wp-content\/uploads\/2026\/03\/Kindergarten.jpg\",\"contentUrl\":\"https:\/\/cifs.edu.ba\/wp-content\/uploads\/2026\/03\/Kindergarten.jpg\"},{\"@type\":\"BreadcrumbList\",\"@id\":\"https:\/\/cifs.edu.ba\/bs\/nastavni-plan-i-program\/mala-skola\/#breadcrumb\",\"itemListElement\":[{\"@type\":\"ListItem\",\"position\":1,\"name\":\"Home\",\"item\":\"https:\/\/cifs.edu.ba\/bs\/\"},{\"@type\":\"ListItem\",\"position\":2,\"name\":\"Nastavni plan i program\",\"item\":\"https:\/\/cifs.edu.ba\/bs\/nastavni-plan-i-program\/\"},{\"@type\":\"ListItem\",\"position\":3,\"name\":\"Mala \u0161kola\"}]},{\"@type\":\"WebSite\",\"@id\":\"https:\/\/cifs.edu.ba\/#website\",\"url\":\"https:\/\/cifs.edu.ba\/\",\"name\":\"International School in Sarajevo!\",\"description\":\"\",\"potentialAction\":[{\"@type\":\"SearchAction\",\"target\":{\"@type\":\"EntryPoint\",\"urlTemplate\":\"https:\/\/cifs.edu.ba\/?s={search_term_string}\"},\"query-input\":{\"@type\":\"PropertyValueSpecification\",\"valueRequired\":true,\"valueName\":\"search_term_string\"}}],\"inLanguage\":\"bs-BA\"}]}<\/script>\n<!-- \/ Yoast SEO plugin. -->","yoast_head_json":{"title":"Mala \u0160kola | Francuska Me\u0111unarodna \u0160kola u Sarajevu","description":"Mala \u0161kola priprema za osnovno u\u010denje \u010ditanja, pisanja i ra\u010dunanja. Njegovi su\u0161tinski ciljevi su socijalizacija, u\u010denje jezika, brojeva...","robots":{"index":"index","follow":"follow","max-snippet":"max-snippet:-1","max-image-preview":"max-image-preview:large","max-video-preview":"max-video-preview:-1"},"canonical":"https:\/\/cifs.edu.ba\/bs\/nastavni-plan-i-program\/mala-skola\/","og_locale":"bs_BA","og_type":"article","og_title":"Mala \u0160kola | Francuska Me\u0111unarodna \u0160kola u Sarajevu","og_description":"Mala \u0161kola priprema za osnovno u\u010denje \u010ditanja, pisanja i ra\u010dunanja. Njegovi su\u0161tinski ciljevi su socijalizacija, u\u010denje jezika, brojeva...","og_url":"https:\/\/cifs.edu.ba\/bs\/nastavni-plan-i-program\/mala-skola\/","og_site_name":"CIFS","article_publisher":"https:\/\/www.facebook.com\/CIFSarajevo\/","article_modified_time":"2026-03-10T13:21:11+00:00","og_image":[{"width":1200,"height":900,"url":"https:\/\/cifs.edu.ba\/wp-content\/uploads\/2026\/03\/Kindergarten.jpg","type":"image\/jpeg"}],"twitter_card":"summary_large_image","twitter_misc":{"Est. reading time":"3 minute"},"schema":{"@context":"https:\/\/schema.org","@graph":[{"@type":"WebPage","@id":"https:\/\/cifs.edu.ba\/bs\/nastavni-plan-i-program\/mala-skola\/","url":"https:\/\/cifs.edu.ba\/bs\/nastavni-plan-i-program\/mala-skola\/","name":"Mala \u0160kola | Francuska Me\u0111unarodna \u0160kola u Sarajevu","isPartOf":{"@id":"https:\/\/cifs.edu.ba\/#website"},"primaryImageOfPage":{"@id":"https:\/\/cifs.edu.ba\/bs\/nastavni-plan-i-program\/mala-skola\/#primaryimage"},"image":{"@id":"https:\/\/cifs.edu.ba\/bs\/nastavni-plan-i-program\/mala-skola\/#primaryimage"},"thumbnailUrl":"https:\/\/cifs.edu.ba\/wp-content\/uploads\/2026\/03\/Kindergarten.jpg","datePublished":"2023-11-11T21:45:04+00:00","dateModified":"2026-03-10T13:21:11+00:00","description":"Mala \u0161kola priprema za osnovno u\u010denje \u010ditanja, pisanja i ra\u010dunanja. Njegovi su\u0161tinski ciljevi su socijalizacija, u\u010denje jezika, brojeva...","breadcrumb":{"@id":"https:\/\/cifs.edu.ba\/bs\/nastavni-plan-i-program\/mala-skola\/#breadcrumb"},"inLanguage":"bs-BA","potentialAction":[{"@type":"ReadAction","target":["https:\/\/cifs.edu.ba\/bs\/nastavni-plan-i-program\/mala-skola\/"]}]},{"@type":"ImageObject","inLanguage":"bs-BA","@id":"https:\/\/cifs.edu.ba\/bs\/nastavni-plan-i-program\/mala-skola\/#primaryimage","url":"https:\/\/cifs.edu.ba\/wp-content\/uploads\/2026\/03\/Kindergarten.jpg","contentUrl":"https:\/\/cifs.edu.ba\/wp-content\/uploads\/2026\/03\/Kindergarten.jpg"},{"@type":"BreadcrumbList","@id":"https:\/\/cifs.edu.ba\/bs\/nastavni-plan-i-program\/mala-skola\/#breadcrumb","itemListElement":[{"@type":"ListItem","position":1,"name":"Home","item":"https:\/\/cifs.edu.ba\/bs\/"},{"@type":"ListItem","position":2,"name":"Nastavni plan i program","item":"https:\/\/cifs.edu.ba\/bs\/nastavni-plan-i-program\/"},{"@type":"ListItem","position":3,"name":"Mala \u0161kola"}]},{"@type":"WebSite","@id":"https:\/\/cifs.edu.ba\/#website","url":"https:\/\/cifs.edu.ba\/","name":"International School in Sarajevo!","description":"","potentialAction":[{"@type":"SearchAction","target":{"@type":"EntryPoint","urlTemplate":"https:\/\/cifs.edu.ba\/?s={search_term_string}"},"query-input":{"@type":"PropertyValueSpecification","valueRequired":true,"valueName":"search_term_string"}}],"inLanguage":"bs-BA"}]}},"_links":{"self":[{"href":"https:\/\/cifs.edu.ba\/bs\/wp-json\/wp\/v2\/pages\/578","targetHints":{"allow":["GET"]}}],"collection":[{"href":"https:\/\/cifs.edu.ba\/bs\/wp-json\/wp\/v2\/pages"}],"about":[{"href":"https:\/\/cifs.edu.ba\/bs\/wp-json\/wp\/v2\/types\/page"}],"author":[{"embeddable":true,"href":"https:\/\/cifs.edu.ba\/bs\/wp-json\/wp\/v2\/users\/1"}],"replies":[{"embeddable":true,"href":"https:\/\/cifs.edu.ba\/bs\/wp-json\/wp\/v2\/comments?post=578"}],"version-history":[{"count":11,"href":"https:\/\/cifs.edu.ba\/bs\/wp-json\/wp\/v2\/pages\/578\/revisions"}],"predecessor-version":[{"id":2531,"href":"https:\/\/cifs.edu.ba\/bs\/wp-json\/wp\/v2\/pages\/578\/revisions\/2531"}],"up":[{"embeddable":true,"href":"https:\/\/cifs.edu.ba\/bs\/wp-json\/wp\/v2\/pages\/568"}],"wp:attachment":[{"href":"https:\/\/cifs.edu.ba\/bs\/wp-json\/wp\/v2\/media?parent=578"}],"curies":[{"name":"wp","href":"https:\/\/api.w.org\/{rel}","templated":true}]}}