{"id":573,"date":"2023-11-11T22:18:37","date_gmt":"2023-11-11T22:18:37","guid":{"rendered":"https:\/\/cifs.edu.ba\/curriculum\/pedagoski-model\/language-teaching\/"},"modified":"2026-03-10T13:10:52","modified_gmt":"2026-03-10T13:10:52","slug":"ucenje-jezika","status":"publish","type":"page","link":"https:\/\/cifs.edu.ba\/bs\/nastavni-plan-i-program\/pedagoski-model\/ucenje-jezika\/","title":{"rendered":"U\u010denje jezika"},"content":{"rendered":"<div class=\"fusion-fullwidth fullwidth-box fusion-builder-row-1 fusion-flex-container has-pattern-background has-mask-background nonhundred-percent-fullwidth non-hundred-percent-height-scrolling\" style=\"--awb-background-position:left top;--awb-background-repeat:repeat;--awb-background-blend-mode:overlay;--awb-border-radius-top-left:0px;--awb-border-radius-top-right:0px;--awb-border-radius-bottom-right:0px;--awb-border-radius-bottom-left:0px;--awb-margin-top:-50px;--awb-margin-bottom:-50px;--awb-background-color:#e9fcfe;--awb-flex-wrap:wrap;\" ><div class=\"fusion-builder-row fusion-row fusion-flex-align-items-flex-start fusion-flex-content-wrap\" style=\"max-width:1248px;margin-left: calc(-4% \/ 2 );margin-right: calc(-4% \/ 2 );\"><div class=\"fusion-layout-column fusion_builder_column fusion-builder-column-0 fusion_builder_column_1_2 1_2 fusion-flex-column\" style=\"--awb-padding-top:40px;--awb-bg-size:cover;--awb-width-large:50%;--awb-margin-top-large:0px;--awb-spacing-right-large:3.84%;--awb-margin-bottom-large:20px;--awb-spacing-left-large:3.84%;--awb-width-medium:50%;--awb-order-medium:0;--awb-spacing-right-medium:3.84%;--awb-spacing-left-medium:3.84%;--awb-width-small:100%;--awb-order-small:0;--awb-spacing-right-small:1.92%;--awb-spacing-left-small:1.92%;\"><div class=\"fusion-column-wrapper fusion-column-has-shadow fusion-flex-justify-content-flex-start fusion-content-layout-column\"><div class=\"fusion-text fusion-text-1\"><p><img decoding=\"async\" class=\"alignnone size-full wp-image-291\" src=\"https:\/\/cifs.edu.ba\/wp-content\/uploads\/2023\/11\/Francuska-skola-Sarajevo-Language.jpg\" alt=\"Francuska skola Sarajevo - Language\" width=\"1280\" height=\"853\" srcset=\"https:\/\/cifs.edu.ba\/wp-content\/uploads\/2023\/11\/Francuska-skola-Sarajevo-Language-200x133.jpg 200w, https:\/\/cifs.edu.ba\/wp-content\/uploads\/2023\/11\/Francuska-skola-Sarajevo-Language-300x200.jpg 300w, https:\/\/cifs.edu.ba\/wp-content\/uploads\/2023\/11\/Francuska-skola-Sarajevo-Language-400x267.jpg 400w, https:\/\/cifs.edu.ba\/wp-content\/uploads\/2023\/11\/Francuska-skola-Sarajevo-Language-600x400.jpg 600w, https:\/\/cifs.edu.ba\/wp-content\/uploads\/2023\/11\/Francuska-skola-Sarajevo-Language-768x512.jpg 768w, https:\/\/cifs.edu.ba\/wp-content\/uploads\/2023\/11\/Francuska-skola-Sarajevo-Language-800x533.jpg 800w, https:\/\/cifs.edu.ba\/wp-content\/uploads\/2023\/11\/Francuska-skola-Sarajevo-Language-1024x682.jpg 1024w, https:\/\/cifs.edu.ba\/wp-content\/uploads\/2023\/11\/Francuska-skola-Sarajevo-Language-1200x800.jpg 1200w, https:\/\/cifs.edu.ba\/wp-content\/uploads\/2023\/11\/Francuska-skola-Sarajevo-Language.jpg 1280w\" sizes=\"(max-width: 1280px) 100vw, 1280px\" \/><\/p>\n<\/div><\/div><\/div><div class=\"fusion-layout-column fusion_builder_column fusion-builder-column-1 fusion_builder_column_1_2 1_2 fusion-flex-column\" style=\"--awb-padding-top:50px;--awb-bg-size:cover;--awb-width-large:50%;--awb-margin-top-large:0px;--awb-spacing-right-large:3.84%;--awb-margin-bottom-large:20px;--awb-spacing-left-large:3.84%;--awb-width-medium:50%;--awb-order-medium:0;--awb-spacing-right-medium:3.84%;--awb-spacing-left-medium:3.84%;--awb-width-small:100%;--awb-order-small:0;--awb-spacing-right-small:1.92%;--awb-spacing-left-small:1.92%;\"><div class=\"fusion-column-wrapper fusion-column-has-shadow fusion-flex-justify-content-flex-start fusion-content-layout-column\"><div class=\"fusion-text fusion-text-2\" style=\"--awb-text-color:var(--awb-color7);\"><div>Bhs i engleski jezik se u\u010de ve\u0107 od Male \u0161kole.<\/div>\n<\/div><\/div><\/div><\/div><\/div>\n","protected":false},"excerpt":{"rendered":"","protected":false},"author":1,"featured_media":0,"parent":563,"menu_order":0,"comment_status":"closed","ping_status":"closed","template":"100-width.php","meta":{"footnotes":""},"class_list":["post-573","page","type-page","status-publish","hentry"],"yoast_head":"<!-- This site is optimized with the Yoast SEO plugin v27.1.1 - https:\/\/yoast.com\/product\/yoast-seo-wordpress\/ -->\n<title>U\u010denje Jezika | Me\u0111unarodna \u0160kola u Sarajevu<\/title>\n<meta name=\"description\" content=\"Bhs i engleski jezik se u\u010de ve\u0107 od Male \u0161kole. Zapo\u010dnite svoju budu\u0107nost danas! Otvoreni su upisi za teku\u0107u \u0161kolsku godinu\" \/>\n<meta name=\"robots\" content=\"index, follow, max-snippet:-1, max-image-preview:large, max-video-preview:-1\" \/>\n<link rel=\"canonical\" href=\"https:\/\/cifs.edu.ba\/bs\/nastavni-plan-i-program\/pedagoski-model\/ucenje-jezika\/\" \/>\n<meta property=\"og:locale\" content=\"bs_BA\" \/>\n<meta property=\"og:type\" content=\"article\" \/>\n<meta property=\"og:title\" content=\"U\u010denje Jezika | Me\u0111unarodna \u0160kola u Sarajevu\" \/>\n<meta property=\"og:description\" content=\"Bhs i engleski jezik se u\u010de ve\u0107 od Male \u0161kole. Zapo\u010dnite svoju budu\u0107nost danas! Otvoreni su upisi za teku\u0107u \u0161kolsku godinu\" \/>\n<meta property=\"og:url\" content=\"https:\/\/cifs.edu.ba\/bs\/nastavni-plan-i-program\/pedagoski-model\/ucenje-jezika\/\" \/>\n<meta property=\"og:site_name\" content=\"CIFS\" \/>\n<meta property=\"article:publisher\" content=\"https:\/\/www.facebook.com\/CIFSarajevo\/\" \/>\n<meta property=\"article:modified_time\" content=\"2026-03-10T13:10:52+00:00\" \/>\n<meta property=\"og:image\" content=\"https:\/\/cifs.edu.ba\/wp-content\/uploads\/2023\/11\/Francuska-skola-Sarajevo-Language.jpg\" \/>\n\t<meta property=\"og:image:width\" content=\"1280\" \/>\n\t<meta property=\"og:image:height\" content=\"853\" \/>\n\t<meta property=\"og:image:type\" content=\"image\/jpeg\" \/>\n<meta name=\"twitter:card\" content=\"summary_large_image\" \/>\n<meta name=\"twitter:label1\" content=\"Est. reading time\" \/>\n\t<meta name=\"twitter:data1\" content=\"1 minuta\" \/>\n<script type=\"application\/ld+json\" class=\"yoast-schema-graph\">{\"@context\":\"https:\/\/schema.org\",\"@graph\":[{\"@type\":\"WebPage\",\"@id\":\"https:\/\/cifs.edu.ba\/bs\/nastavni-plan-i-program\/pedagoski-model\/ucenje-jezika\/\",\"url\":\"https:\/\/cifs.edu.ba\/bs\/nastavni-plan-i-program\/pedagoski-model\/ucenje-jezika\/\",\"name\":\"U\u010denje Jezika | Me\u0111unarodna \u0160kola u Sarajevu\",\"isPartOf\":{\"@id\":\"https:\/\/cifs.edu.ba\/#website\"},\"primaryImageOfPage\":{\"@id\":\"https:\/\/cifs.edu.ba\/bs\/nastavni-plan-i-program\/pedagoski-model\/ucenje-jezika\/#primaryimage\"},\"image\":{\"@id\":\"https:\/\/cifs.edu.ba\/bs\/nastavni-plan-i-program\/pedagoski-model\/ucenje-jezika\/#primaryimage\"},\"thumbnailUrl\":\"https:\/\/cifs.edu.ba\/wp-content\/uploads\/2023\/11\/Francuska-skola-Sarajevo-Language.jpg\",\"datePublished\":\"2023-11-11T22:18:37+00:00\",\"dateModified\":\"2026-03-10T13:10:52+00:00\",\"description\":\"Bhs i engleski jezik se u\u010de ve\u0107 od Male \u0161kole. Zapo\u010dnite svoju budu\u0107nost danas! Otvoreni su upisi za teku\u0107u \u0161kolsku godinu\",\"breadcrumb\":{\"@id\":\"https:\/\/cifs.edu.ba\/bs\/nastavni-plan-i-program\/pedagoski-model\/ucenje-jezika\/#breadcrumb\"},\"inLanguage\":\"bs-BA\",\"potentialAction\":[{\"@type\":\"ReadAction\",\"target\":[\"https:\/\/cifs.edu.ba\/bs\/nastavni-plan-i-program\/pedagoski-model\/ucenje-jezika\/\"]}]},{\"@type\":\"ImageObject\",\"inLanguage\":\"bs-BA\",\"@id\":\"https:\/\/cifs.edu.ba\/bs\/nastavni-plan-i-program\/pedagoski-model\/ucenje-jezika\/#primaryimage\",\"url\":\"https:\/\/cifs.edu.ba\/wp-content\/uploads\/2023\/11\/Francuska-skola-Sarajevo-Language.jpg\",\"contentUrl\":\"https:\/\/cifs.edu.ba\/wp-content\/uploads\/2023\/11\/Francuska-skola-Sarajevo-Language.jpg\"},{\"@type\":\"BreadcrumbList\",\"@id\":\"https:\/\/cifs.edu.ba\/bs\/nastavni-plan-i-program\/pedagoski-model\/ucenje-jezika\/#breadcrumb\",\"itemListElement\":[{\"@type\":\"ListItem\",\"position\":1,\"name\":\"Home\",\"item\":\"https:\/\/cifs.edu.ba\/bs\/\"},{\"@type\":\"ListItem\",\"position\":2,\"name\":\"Nastavni plan i program\",\"item\":\"https:\/\/cifs.edu.ba\/bs\/nastavni-plan-i-program\/\"},{\"@type\":\"ListItem\",\"position\":3,\"name\":\"Pedago\u0161ki model\",\"item\":\"https:\/\/cifs.edu.ba\/bs\/nastavni-plan-i-program\/pedagoski-model\/\"},{\"@type\":\"ListItem\",\"position\":4,\"name\":\"U\u010denje jezika\"}]},{\"@type\":\"WebSite\",\"@id\":\"https:\/\/cifs.edu.ba\/#website\",\"url\":\"https:\/\/cifs.edu.ba\/\",\"name\":\"International School in Sarajevo!\",\"description\":\"\",\"potentialAction\":[{\"@type\":\"SearchAction\",\"target\":{\"@type\":\"EntryPoint\",\"urlTemplate\":\"https:\/\/cifs.edu.ba\/?s={search_term_string}\"},\"query-input\":{\"@type\":\"PropertyValueSpecification\",\"valueRequired\":true,\"valueName\":\"search_term_string\"}}],\"inLanguage\":\"bs-BA\"}]}<\/script>\n<!-- \/ Yoast SEO plugin. -->","yoast_head_json":{"title":"U\u010denje Jezika | Me\u0111unarodna \u0160kola u Sarajevu","description":"Bhs i engleski jezik se u\u010de ve\u0107 od Male \u0161kole. Zapo\u010dnite svoju budu\u0107nost danas! Otvoreni su upisi za teku\u0107u \u0161kolsku godinu","robots":{"index":"index","follow":"follow","max-snippet":"max-snippet:-1","max-image-preview":"max-image-preview:large","max-video-preview":"max-video-preview:-1"},"canonical":"https:\/\/cifs.edu.ba\/bs\/nastavni-plan-i-program\/pedagoski-model\/ucenje-jezika\/","og_locale":"bs_BA","og_type":"article","og_title":"U\u010denje Jezika | Me\u0111unarodna \u0160kola u Sarajevu","og_description":"Bhs i engleski jezik se u\u010de ve\u0107 od Male \u0161kole. Zapo\u010dnite svoju budu\u0107nost danas! Otvoreni su upisi za teku\u0107u \u0161kolsku godinu","og_url":"https:\/\/cifs.edu.ba\/bs\/nastavni-plan-i-program\/pedagoski-model\/ucenje-jezika\/","og_site_name":"CIFS","article_publisher":"https:\/\/www.facebook.com\/CIFSarajevo\/","article_modified_time":"2026-03-10T13:10:52+00:00","og_image":[{"width":1280,"height":853,"url":"https:\/\/cifs.edu.ba\/wp-content\/uploads\/2023\/11\/Francuska-skola-Sarajevo-Language.jpg","type":"image\/jpeg"}],"twitter_card":"summary_large_image","twitter_misc":{"Est. reading time":"1 minuta"},"schema":{"@context":"https:\/\/schema.org","@graph":[{"@type":"WebPage","@id":"https:\/\/cifs.edu.ba\/bs\/nastavni-plan-i-program\/pedagoski-model\/ucenje-jezika\/","url":"https:\/\/cifs.edu.ba\/bs\/nastavni-plan-i-program\/pedagoski-model\/ucenje-jezika\/","name":"U\u010denje Jezika | Me\u0111unarodna \u0160kola u Sarajevu","isPartOf":{"@id":"https:\/\/cifs.edu.ba\/#website"},"primaryImageOfPage":{"@id":"https:\/\/cifs.edu.ba\/bs\/nastavni-plan-i-program\/pedagoski-model\/ucenje-jezika\/#primaryimage"},"image":{"@id":"https:\/\/cifs.edu.ba\/bs\/nastavni-plan-i-program\/pedagoski-model\/ucenje-jezika\/#primaryimage"},"thumbnailUrl":"https:\/\/cifs.edu.ba\/wp-content\/uploads\/2023\/11\/Francuska-skola-Sarajevo-Language.jpg","datePublished":"2023-11-11T22:18:37+00:00","dateModified":"2026-03-10T13:10:52+00:00","description":"Bhs i engleski jezik se u\u010de ve\u0107 od Male \u0161kole. Zapo\u010dnite svoju budu\u0107nost danas! Otvoreni su upisi za teku\u0107u \u0161kolsku godinu","breadcrumb":{"@id":"https:\/\/cifs.edu.ba\/bs\/nastavni-plan-i-program\/pedagoski-model\/ucenje-jezika\/#breadcrumb"},"inLanguage":"bs-BA","potentialAction":[{"@type":"ReadAction","target":["https:\/\/cifs.edu.ba\/bs\/nastavni-plan-i-program\/pedagoski-model\/ucenje-jezika\/"]}]},{"@type":"ImageObject","inLanguage":"bs-BA","@id":"https:\/\/cifs.edu.ba\/bs\/nastavni-plan-i-program\/pedagoski-model\/ucenje-jezika\/#primaryimage","url":"https:\/\/cifs.edu.ba\/wp-content\/uploads\/2023\/11\/Francuska-skola-Sarajevo-Language.jpg","contentUrl":"https:\/\/cifs.edu.ba\/wp-content\/uploads\/2023\/11\/Francuska-skola-Sarajevo-Language.jpg"},{"@type":"BreadcrumbList","@id":"https:\/\/cifs.edu.ba\/bs\/nastavni-plan-i-program\/pedagoski-model\/ucenje-jezika\/#breadcrumb","itemListElement":[{"@type":"ListItem","position":1,"name":"Home","item":"https:\/\/cifs.edu.ba\/bs\/"},{"@type":"ListItem","position":2,"name":"Nastavni plan i program","item":"https:\/\/cifs.edu.ba\/bs\/nastavni-plan-i-program\/"},{"@type":"ListItem","position":3,"name":"Pedago\u0161ki model","item":"https:\/\/cifs.edu.ba\/bs\/nastavni-plan-i-program\/pedagoski-model\/"},{"@type":"ListItem","position":4,"name":"U\u010denje jezika"}]},{"@type":"WebSite","@id":"https:\/\/cifs.edu.ba\/#website","url":"https:\/\/cifs.edu.ba\/","name":"International School in Sarajevo!","description":"","potentialAction":[{"@type":"SearchAction","target":{"@type":"EntryPoint","urlTemplate":"https:\/\/cifs.edu.ba\/?s={search_term_string}"},"query-input":{"@type":"PropertyValueSpecification","valueRequired":true,"valueName":"search_term_string"}}],"inLanguage":"bs-BA"}]}},"_links":{"self":[{"href":"https:\/\/cifs.edu.ba\/bs\/wp-json\/wp\/v2\/pages\/573","targetHints":{"allow":["GET"]}}],"collection":[{"href":"https:\/\/cifs.edu.ba\/bs\/wp-json\/wp\/v2\/pages"}],"about":[{"href":"https:\/\/cifs.edu.ba\/bs\/wp-json\/wp\/v2\/types\/page"}],"author":[{"embeddable":true,"href":"https:\/\/cifs.edu.ba\/bs\/wp-json\/wp\/v2\/users\/1"}],"replies":[{"embeddable":true,"href":"https:\/\/cifs.edu.ba\/bs\/wp-json\/wp\/v2\/comments?post=573"}],"version-history":[{"count":5,"href":"https:\/\/cifs.edu.ba\/bs\/wp-json\/wp\/v2\/pages\/573\/revisions"}],"predecessor-version":[{"id":2576,"href":"https:\/\/cifs.edu.ba\/bs\/wp-json\/wp\/v2\/pages\/573\/revisions\/2576"}],"up":[{"embeddable":true,"href":"https:\/\/cifs.edu.ba\/bs\/wp-json\/wp\/v2\/pages\/563"}],"wp:attachment":[{"href":"https:\/\/cifs.edu.ba\/bs\/wp-json\/wp\/v2\/media?parent=573"}],"curies":[{"name":"wp","href":"https:\/\/api.w.org\/{rel}","templated":true}]}}