{"id":563,"date":"2023-11-11T22:25:28","date_gmt":"2023-11-11T22:25:28","guid":{"rendered":"https:\/\/cifs.edu.ba\/pedagogical-model\/"},"modified":"2026-03-10T13:00:02","modified_gmt":"2026-03-10T13:00:02","slug":"pedagoski-model","status":"publish","type":"page","link":"https:\/\/cifs.edu.ba\/bs\/nastavni-plan-i-program\/pedagoski-model\/","title":{"rendered":"Pedago\u0161ki model"},"content":{"rendered":"<p><div class=\"fusion-fullwidth fullwidth-box fusion-builder-row-1 fusion-flex-container has-pattern-background has-mask-background fusion-parallax-none nonhundred-percent-fullwidth non-hundred-percent-height-scrolling\" style=\"--awb-background-position:left top;--awb-background-repeat:repeat;--awb-background-blend-mode:overlay;--awb-border-radius-top-left:0px;--awb-border-radius-top-right:0px;--awb-border-radius-bottom-right:0px;--awb-border-radius-bottom-left:0px;--awb-margin-top:-50px;--awb-margin-bottom:-50px;--awb-background-image:url(&quot;https:\/\/cifs.edu.ba\/wp-content\/uploads\/2023\/11\/patern-red.png&quot;);--awb-flex-wrap:wrap;\" ><div class=\"fusion-builder-row fusion-row fusion-flex-align-items-flex-start fusion-flex-content-wrap\" style=\"max-width:1248px;margin-left: calc(-4% \/ 2 );margin-right: calc(-4% \/ 2 );\"><div class=\"fusion-layout-column fusion_builder_column fusion-builder-column-0 fusion_builder_column_1_3 1_3 fusion-flex-column\" style=\"--awb-padding-top:40px;--awb-bg-size:cover;--awb-width-large:33.333333333333%;--awb-margin-top-large:0px;--awb-spacing-right-large:5.76%;--awb-margin-bottom-large:20px;--awb-spacing-left-large:5.76%;--awb-width-medium:33.333333333333%;--awb-order-medium:0;--awb-spacing-right-medium:5.76%;--awb-spacing-left-medium:5.76%;--awb-width-small:100%;--awb-order-small:0;--awb-spacing-right-small:1.92%;--awb-spacing-left-small:1.92%;\"><div class=\"fusion-column-wrapper fusion-column-has-shadow fusion-flex-justify-content-flex-start fusion-content-layout-column\"><div class=\"fusion-title title fusion-title-1 fusion-sep-none fusion-title-text fusion-title-size-two\" style=\"--awb-text-color:var(--awb-color1);\"><h2 class=\"fusion-title-heading title-heading-left\" style=\"margin:0;\">PEDAGO\u0160KI<br \/>\nMODEL<\/h2><\/div><\/div><\/div><div class=\"fusion-layout-column fusion_builder_column fusion-builder-column-1 fusion_builder_column_2_3 2_3 fusion-flex-column\" style=\"--awb-padding-top:50px;--awb-bg-size:cover;--awb-width-large:66.666666666667%;--awb-margin-top-large:0px;--awb-spacing-right-large:2.88%;--awb-margin-bottom-large:20px;--awb-spacing-left-large:2.88%;--awb-width-medium:66.666666666667%;--awb-order-medium:0;--awb-spacing-right-medium:2.88%;--awb-spacing-left-medium:2.88%;--awb-width-small:100%;--awb-order-small:0;--awb-spacing-right-small:1.92%;--awb-spacing-left-small:1.92%;\"><div class=\"fusion-column-wrapper fusion-column-has-shadow fusion-flex-justify-content-flex-start fusion-content-layout-column\"><div class=\"fusion-text fusion-text-1\" style=\"--awb-text-color:var(--awb-color1);\"><p>Na\u0161a \u0161kola nudi obrazovanje koje je potpuno ekvivalentno obrazovanju u Francuskoj, \u0161to je dijelom osigurano nastavnicima koji su kvalifikovani od strane francuskog Ministarstva nacionalnog obrazovanja i lokalnim nastavnicima iz lokalnog Ministarstva obrazovanja.<\/p>\n<\/div><\/div><\/div><\/div><\/div><div class=\"fusion-fullwidth fullwidth-box fusion-builder-row-2 fusion-flex-container has-pattern-background has-mask-background nonhundred-percent-fullwidth non-hundred-percent-height-scrolling\" style=\"--awb-background-position:left top;--awb-background-repeat:repeat;--awb-background-blend-mode:overlay;--awb-border-radius-top-left:0px;--awb-border-radius-top-right:0px;--awb-border-radius-bottom-right:0px;--awb-border-radius-bottom-left:0px;--awb-margin-top:50px;--awb-margin-bottom:-50px;--awb-flex-wrap:wrap;\" ><div class=\"fusion-builder-row fusion-row fusion-flex-align-items-flex-start fusion-flex-content-wrap\" style=\"max-width:1248px;margin-left: calc(-4% \/ 2 );margin-right: calc(-4% \/ 2 );\"><div class=\"fusion-layout-column fusion_builder_column fusion-builder-column-2 fusion_builder_column_1_2 1_2 fusion-flex-column\" style=\"--awb-padding-top:40px;--awb-bg-size:cover;--awb-width-large:50%;--awb-margin-top-large:0px;--awb-spacing-right-large:3.84%;--awb-margin-bottom-large:20px;--awb-spacing-left-large:3.84%;--awb-width-medium:50%;--awb-order-medium:0;--awb-spacing-right-medium:3.84%;--awb-spacing-left-medium:3.84%;--awb-width-small:100%;--awb-order-small:0;--awb-spacing-right-small:1.92%;--awb-spacing-left-small:1.92%;\"><div class=\"fusion-column-wrapper fusion-column-has-shadow fusion-flex-justify-content-flex-start fusion-content-layout-column\"><div class=\"fusion-text fusion-text-2\"><p><img decoding=\"async\" class=\"alignnone size-full wp-image-260\" src=\"https:\/\/cifs.edu.ba\/wp-content\/uploads\/2023\/11\/Pedagogical-approach.jpg\" alt=\"Pedagogical approach\" width=\"1600\" height=\"1200\" srcset=\"https:\/\/cifs.edu.ba\/wp-content\/uploads\/2023\/11\/Pedagogical-approach-200x150.jpg 200w, https:\/\/cifs.edu.ba\/wp-content\/uploads\/2023\/11\/Pedagogical-approach-300x225.jpg 300w, https:\/\/cifs.edu.ba\/wp-content\/uploads\/2023\/11\/Pedagogical-approach-400x300.jpg 400w, https:\/\/cifs.edu.ba\/wp-content\/uploads\/2023\/11\/Pedagogical-approach-600x450.jpg 600w, https:\/\/cifs.edu.ba\/wp-content\/uploads\/2023\/11\/Pedagogical-approach-768x576.jpg 768w, https:\/\/cifs.edu.ba\/wp-content\/uploads\/2023\/11\/Pedagogical-approach-800x600.jpg 800w, https:\/\/cifs.edu.ba\/wp-content\/uploads\/2023\/11\/Pedagogical-approach-1024x768.jpg 1024w, https:\/\/cifs.edu.ba\/wp-content\/uploads\/2023\/11\/Pedagogical-approach-1200x900.jpg 1200w, https:\/\/cifs.edu.ba\/wp-content\/uploads\/2023\/11\/Pedagogical-approach-1536x1152.jpg 1536w, https:\/\/cifs.edu.ba\/wp-content\/uploads\/2023\/11\/Pedagogical-approach.jpg 1600w\" sizes=\"(max-width: 1600px) 100vw, 1600px\" \/><\/p>\n<\/div><\/div><\/div><div class=\"fusion-layout-column fusion_builder_column fusion-builder-column-3 fusion_builder_column_1_2 1_2 fusion-flex-column\" style=\"--awb-bg-size:cover;--awb-width-large:50%;--awb-margin-top-large:50px;--awb-spacing-right-large:3.84%;--awb-margin-bottom-large:20px;--awb-spacing-left-large:3.84%;--awb-width-medium:50%;--awb-order-medium:0;--awb-spacing-right-medium:3.84%;--awb-spacing-left-medium:3.84%;--awb-width-small:100%;--awb-order-small:0;--awb-spacing-right-small:1.92%;--awb-spacing-left-small:1.92%;\"><div class=\"fusion-column-wrapper fusion-column-has-shadow fusion-flex-justify-content-flex-start fusion-content-layout-column\"><div class=\"fusion-text fusion-text-3\"><h2>PEDAGO\u0160KI PRISTUP<\/h2>\n<p>CIFS nudi svojim studentima obrazovanje koje spaja \u201cnajbolje iz oba svijeta\u201d, odnosno \u0161kolovanje koje kombinuje francuski stil obrazovanja s najboljim elementima me\u0111unarodnog obrazovanja.<\/p>\n<\/div><div ><a class=\"fusion-button button-flat fusion-button-default-size button-default fusion-button-default button-1 fusion-button-default-span fusion-button-default-type\" target=\"_self\" href=\"https:\/\/cifs.edu.ba\/bs\/nastavni-plan-i-program\/pedagoski-model\/pedagoski-pristup\/\"><span class=\"fusion-button-text awb-button__text awb-button__text--default\">Vi\u0161e<\/span><\/a><\/div><\/div><\/div><\/div><\/div><div class=\"fusion-fullwidth fullwidth-box fusion-builder-row-3 fusion-flex-container has-pattern-background has-mask-background nonhundred-percent-fullwidth non-hundred-percent-height-scrolling\" style=\"--awb-background-position:left top;--awb-background-repeat:repeat;--awb-background-blend-mode:overlay;--awb-border-radius-top-left:0px;--awb-border-radius-top-right:0px;--awb-border-radius-bottom-right:0px;--awb-border-radius-bottom-left:0px;--awb-margin-top:50px;--awb-margin-bottom:-50px;--awb-background-color:#fdecee;--awb-flex-wrap:wrap;\" ><div class=\"fusion-builder-row fusion-row fusion-flex-align-items-flex-start fusion-flex-content-wrap\" style=\"max-width:1248px;margin-left: calc(-4% \/ 2 );margin-right: calc(-4% \/ 2 );\"><div class=\"fusion-layout-column fusion_builder_column fusion-builder-column-4 fusion_builder_column_1_2 1_2 fusion-flex-column\" style=\"--awb-bg-size:cover;--awb-width-large:50%;--awb-margin-top-large:50px;--awb-spacing-right-large:3.84%;--awb-margin-bottom-large:20px;--awb-spacing-left-large:3.84%;--awb-width-medium:50%;--awb-order-medium:0;--awb-spacing-right-medium:3.84%;--awb-spacing-left-medium:3.84%;--awb-width-small:100%;--awb-order-small:0;--awb-spacing-right-small:1.92%;--awb-spacing-left-small:1.92%;\"><div class=\"fusion-column-wrapper fusion-column-has-shadow fusion-flex-justify-content-flex-start fusion-content-layout-column\"><div class=\"fusion-text fusion-text-4\"><h2>U\u010cENJE JEZIKA<\/h2>\n<p>Bhs i engleski jezik se u\u010de ve\u0107 od Male \u0161kole.<\/p>\n<\/div><div ><a class=\"fusion-button button-flat fusion-button-default-size button-default fusion-button-default button-2 fusion-button-default-span fusion-button-default-type\" target=\"_self\" href=\"https:\/\/cifs.edu.ba\/bs\/nastavni-plan-i-program\/pedagoski-model\/ucenje-jezika\/\"><span class=\"fusion-button-text awb-button__text awb-button__text--default\">Vi\u0161e<\/span><\/a><\/div><\/div><\/div><div class=\"fusion-layout-column fusion_builder_column fusion-builder-column-5 fusion_builder_column_1_2 1_2 fusion-flex-column\" style=\"--awb-padding-top:40px;--awb-bg-size:cover;--awb-width-large:50%;--awb-margin-top-large:0px;--awb-spacing-right-large:3.84%;--awb-margin-bottom-large:20px;--awb-spacing-left-large:3.84%;--awb-width-medium:50%;--awb-order-medium:0;--awb-spacing-right-medium:3.84%;--awb-spacing-left-medium:3.84%;--awb-width-small:100%;--awb-order-small:0;--awb-spacing-right-small:1.92%;--awb-spacing-left-small:1.92%;\"><div class=\"fusion-column-wrapper fusion-column-has-shadow fusion-flex-justify-content-flex-start fusion-content-layout-column\"><div class=\"fusion-text fusion-text-5\"><p><img decoding=\"async\" class=\"alignnone size-full wp-image-291\" src=\"https:\/\/cifs.edu.ba\/wp-content\/uploads\/2023\/11\/Francuska-skola-Sarajevo-Language.jpg\" alt=\"Francuska skola Sarajevo - Language\" width=\"1280\" height=\"853\" srcset=\"https:\/\/cifs.edu.ba\/wp-content\/uploads\/2023\/11\/Francuska-skola-Sarajevo-Language-200x133.jpg 200w, https:\/\/cifs.edu.ba\/wp-content\/uploads\/2023\/11\/Francuska-skola-Sarajevo-Language-300x200.jpg 300w, https:\/\/cifs.edu.ba\/wp-content\/uploads\/2023\/11\/Francuska-skola-Sarajevo-Language-400x267.jpg 400w, https:\/\/cifs.edu.ba\/wp-content\/uploads\/2023\/11\/Francuska-skola-Sarajevo-Language-600x400.jpg 600w, https:\/\/cifs.edu.ba\/wp-content\/uploads\/2023\/11\/Francuska-skola-Sarajevo-Language-768x512.jpg 768w, https:\/\/cifs.edu.ba\/wp-content\/uploads\/2023\/11\/Francuska-skola-Sarajevo-Language-800x533.jpg 800w, https:\/\/cifs.edu.ba\/wp-content\/uploads\/2023\/11\/Francuska-skola-Sarajevo-Language-1024x682.jpg 1024w, https:\/\/cifs.edu.ba\/wp-content\/uploads\/2023\/11\/Francuska-skola-Sarajevo-Language-1200x800.jpg 1200w, https:\/\/cifs.edu.ba\/wp-content\/uploads\/2023\/11\/Francuska-skola-Sarajevo-Language.jpg 1280w\" sizes=\"(max-width: 1280px) 100vw, 1280px\" \/><\/p>\n<\/div><\/div><\/div><\/div><\/div><\/p>\n","protected":false},"excerpt":{"rendered":"","protected":false},"author":1,"featured_media":0,"parent":568,"menu_order":0,"comment_status":"closed","ping_status":"closed","template":"100-width.php","meta":{"footnotes":""},"class_list":["post-563","page","type-page","status-publish","hentry"],"yoast_head":"<!-- This site is optimized with the Yoast SEO plugin v27.1.1 - https:\/\/yoast.com\/product\/yoast-seo-wordpress\/ -->\n<title>Pedago\u0161ki Model | Me\u0111unarodna \u0160kola u Sarajevu<\/title>\n<meta name=\"description\" content=\"Na\u0161a \u0161kola nudi obrazovanje koje je potpuno ekvivalentno obrazovanju u Francuskoj. Otvoreni su upisi. Zapo\u010dnite svoju budu\u0107nost danas!\" \/>\n<meta name=\"robots\" content=\"index, follow, max-snippet:-1, max-image-preview:large, max-video-preview:-1\" \/>\n<link rel=\"canonical\" href=\"https:\/\/cifs.edu.ba\/bs\/nastavni-plan-i-program\/pedagoski-model\/\" \/>\n<meta property=\"og:locale\" content=\"bs_BA\" \/>\n<meta property=\"og:type\" content=\"article\" \/>\n<meta property=\"og:title\" content=\"Pedago\u0161ki Model | Me\u0111unarodna \u0160kola u Sarajevu\" \/>\n<meta property=\"og:description\" content=\"Na\u0161a \u0161kola nudi obrazovanje koje je potpuno ekvivalentno obrazovanju u Francuskoj. Otvoreni su upisi. Zapo\u010dnite svoju budu\u0107nost danas!\" \/>\n<meta property=\"og:url\" content=\"https:\/\/cifs.edu.ba\/bs\/nastavni-plan-i-program\/pedagoski-model\/\" \/>\n<meta property=\"og:site_name\" content=\"CIFS\" \/>\n<meta property=\"article:publisher\" content=\"https:\/\/www.facebook.com\/CIFSarajevo\/\" \/>\n<meta property=\"article:modified_time\" content=\"2026-03-10T13:00:02+00:00\" \/>\n<meta property=\"og:image\" content=\"https:\/\/cifs.edu.ba\/wp-content\/uploads\/2023\/11\/Pedagogical-approach.jpg\" \/>\n\t<meta property=\"og:image:width\" content=\"1600\" \/>\n\t<meta property=\"og:image:height\" content=\"1200\" \/>\n\t<meta property=\"og:image:type\" content=\"image\/jpeg\" \/>\n<meta name=\"twitter:card\" content=\"summary_large_image\" \/>\n<meta name=\"twitter:label1\" content=\"Est. reading time\" \/>\n\t<meta name=\"twitter:data1\" content=\"1 minuta\" \/>\n<script type=\"application\/ld+json\" class=\"yoast-schema-graph\">{\"@context\":\"https:\/\/schema.org\",\"@graph\":[{\"@type\":\"WebPage\",\"@id\":\"https:\/\/cifs.edu.ba\/bs\/nastavni-plan-i-program\/pedagoski-model\/\",\"url\":\"https:\/\/cifs.edu.ba\/bs\/nastavni-plan-i-program\/pedagoski-model\/\",\"name\":\"Pedago\u0161ki Model | Me\u0111unarodna \u0160kola u Sarajevu\",\"isPartOf\":{\"@id\":\"https:\/\/cifs.edu.ba\/#website\"},\"primaryImageOfPage\":{\"@id\":\"https:\/\/cifs.edu.ba\/bs\/nastavni-plan-i-program\/pedagoski-model\/#primaryimage\"},\"image\":{\"@id\":\"https:\/\/cifs.edu.ba\/bs\/nastavni-plan-i-program\/pedagoski-model\/#primaryimage\"},\"thumbnailUrl\":\"https:\/\/cifs.edu.ba\/wp-content\/uploads\/2023\/11\/Pedagogical-approach.jpg\",\"datePublished\":\"2023-11-11T22:25:28+00:00\",\"dateModified\":\"2026-03-10T13:00:02+00:00\",\"description\":\"Na\u0161a \u0161kola nudi obrazovanje koje je potpuno ekvivalentno obrazovanju u Francuskoj. Otvoreni su upisi. Zapo\u010dnite svoju budu\u0107nost danas!\",\"breadcrumb\":{\"@id\":\"https:\/\/cifs.edu.ba\/bs\/nastavni-plan-i-program\/pedagoski-model\/#breadcrumb\"},\"inLanguage\":\"bs-BA\",\"potentialAction\":[{\"@type\":\"ReadAction\",\"target\":[\"https:\/\/cifs.edu.ba\/bs\/nastavni-plan-i-program\/pedagoski-model\/\"]}]},{\"@type\":\"ImageObject\",\"inLanguage\":\"bs-BA\",\"@id\":\"https:\/\/cifs.edu.ba\/bs\/nastavni-plan-i-program\/pedagoski-model\/#primaryimage\",\"url\":\"https:\/\/cifs.edu.ba\/wp-content\/uploads\/2023\/11\/Pedagogical-approach.jpg\",\"contentUrl\":\"https:\/\/cifs.edu.ba\/wp-content\/uploads\/2023\/11\/Pedagogical-approach.jpg\"},{\"@type\":\"BreadcrumbList\",\"@id\":\"https:\/\/cifs.edu.ba\/bs\/nastavni-plan-i-program\/pedagoski-model\/#breadcrumb\",\"itemListElement\":[{\"@type\":\"ListItem\",\"position\":1,\"name\":\"Home\",\"item\":\"https:\/\/cifs.edu.ba\/bs\/\"},{\"@type\":\"ListItem\",\"position\":2,\"name\":\"Nastavni plan i program\",\"item\":\"https:\/\/cifs.edu.ba\/bs\/nastavni-plan-i-program\/\"},{\"@type\":\"ListItem\",\"position\":3,\"name\":\"Pedago\u0161ki model\"}]},{\"@type\":\"WebSite\",\"@id\":\"https:\/\/cifs.edu.ba\/#website\",\"url\":\"https:\/\/cifs.edu.ba\/\",\"name\":\"International School in Sarajevo!\",\"description\":\"\",\"potentialAction\":[{\"@type\":\"SearchAction\",\"target\":{\"@type\":\"EntryPoint\",\"urlTemplate\":\"https:\/\/cifs.edu.ba\/?s={search_term_string}\"},\"query-input\":{\"@type\":\"PropertyValueSpecification\",\"valueRequired\":true,\"valueName\":\"search_term_string\"}}],\"inLanguage\":\"bs-BA\"}]}<\/script>\n<!-- \/ Yoast SEO plugin. -->","yoast_head_json":{"title":"Pedago\u0161ki Model | Me\u0111unarodna \u0160kola u Sarajevu","description":"Na\u0161a \u0161kola nudi obrazovanje koje je potpuno ekvivalentno obrazovanju u Francuskoj. Otvoreni su upisi. Zapo\u010dnite svoju budu\u0107nost danas!","robots":{"index":"index","follow":"follow","max-snippet":"max-snippet:-1","max-image-preview":"max-image-preview:large","max-video-preview":"max-video-preview:-1"},"canonical":"https:\/\/cifs.edu.ba\/bs\/nastavni-plan-i-program\/pedagoski-model\/","og_locale":"bs_BA","og_type":"article","og_title":"Pedago\u0161ki Model | Me\u0111unarodna \u0160kola u Sarajevu","og_description":"Na\u0161a \u0161kola nudi obrazovanje koje je potpuno ekvivalentno obrazovanju u Francuskoj. Otvoreni su upisi. Zapo\u010dnite svoju budu\u0107nost danas!","og_url":"https:\/\/cifs.edu.ba\/bs\/nastavni-plan-i-program\/pedagoski-model\/","og_site_name":"CIFS","article_publisher":"https:\/\/www.facebook.com\/CIFSarajevo\/","article_modified_time":"2026-03-10T13:00:02+00:00","og_image":[{"width":1600,"height":1200,"url":"https:\/\/cifs.edu.ba\/wp-content\/uploads\/2023\/11\/Pedagogical-approach.jpg","type":"image\/jpeg"}],"twitter_card":"summary_large_image","twitter_misc":{"Est. reading time":"1 minuta"},"schema":{"@context":"https:\/\/schema.org","@graph":[{"@type":"WebPage","@id":"https:\/\/cifs.edu.ba\/bs\/nastavni-plan-i-program\/pedagoski-model\/","url":"https:\/\/cifs.edu.ba\/bs\/nastavni-plan-i-program\/pedagoski-model\/","name":"Pedago\u0161ki Model | Me\u0111unarodna \u0160kola u Sarajevu","isPartOf":{"@id":"https:\/\/cifs.edu.ba\/#website"},"primaryImageOfPage":{"@id":"https:\/\/cifs.edu.ba\/bs\/nastavni-plan-i-program\/pedagoski-model\/#primaryimage"},"image":{"@id":"https:\/\/cifs.edu.ba\/bs\/nastavni-plan-i-program\/pedagoski-model\/#primaryimage"},"thumbnailUrl":"https:\/\/cifs.edu.ba\/wp-content\/uploads\/2023\/11\/Pedagogical-approach.jpg","datePublished":"2023-11-11T22:25:28+00:00","dateModified":"2026-03-10T13:00:02+00:00","description":"Na\u0161a \u0161kola nudi obrazovanje koje je potpuno ekvivalentno obrazovanju u Francuskoj. Otvoreni su upisi. Zapo\u010dnite svoju budu\u0107nost danas!","breadcrumb":{"@id":"https:\/\/cifs.edu.ba\/bs\/nastavni-plan-i-program\/pedagoski-model\/#breadcrumb"},"inLanguage":"bs-BA","potentialAction":[{"@type":"ReadAction","target":["https:\/\/cifs.edu.ba\/bs\/nastavni-plan-i-program\/pedagoski-model\/"]}]},{"@type":"ImageObject","inLanguage":"bs-BA","@id":"https:\/\/cifs.edu.ba\/bs\/nastavni-plan-i-program\/pedagoski-model\/#primaryimage","url":"https:\/\/cifs.edu.ba\/wp-content\/uploads\/2023\/11\/Pedagogical-approach.jpg","contentUrl":"https:\/\/cifs.edu.ba\/wp-content\/uploads\/2023\/11\/Pedagogical-approach.jpg"},{"@type":"BreadcrumbList","@id":"https:\/\/cifs.edu.ba\/bs\/nastavni-plan-i-program\/pedagoski-model\/#breadcrumb","itemListElement":[{"@type":"ListItem","position":1,"name":"Home","item":"https:\/\/cifs.edu.ba\/bs\/"},{"@type":"ListItem","position":2,"name":"Nastavni plan i program","item":"https:\/\/cifs.edu.ba\/bs\/nastavni-plan-i-program\/"},{"@type":"ListItem","position":3,"name":"Pedago\u0161ki model"}]},{"@type":"WebSite","@id":"https:\/\/cifs.edu.ba\/#website","url":"https:\/\/cifs.edu.ba\/","name":"International School in Sarajevo!","description":"","potentialAction":[{"@type":"SearchAction","target":{"@type":"EntryPoint","urlTemplate":"https:\/\/cifs.edu.ba\/?s={search_term_string}"},"query-input":{"@type":"PropertyValueSpecification","valueRequired":true,"valueName":"search_term_string"}}],"inLanguage":"bs-BA"}]}},"_links":{"self":[{"href":"https:\/\/cifs.edu.ba\/bs\/wp-json\/wp\/v2\/pages\/563","targetHints":{"allow":["GET"]}}],"collection":[{"href":"https:\/\/cifs.edu.ba\/bs\/wp-json\/wp\/v2\/pages"}],"about":[{"href":"https:\/\/cifs.edu.ba\/bs\/wp-json\/wp\/v2\/types\/page"}],"author":[{"embeddable":true,"href":"https:\/\/cifs.edu.ba\/bs\/wp-json\/wp\/v2\/users\/1"}],"replies":[{"embeddable":true,"href":"https:\/\/cifs.edu.ba\/bs\/wp-json\/wp\/v2\/comments?post=563"}],"version-history":[{"count":6,"href":"https:\/\/cifs.edu.ba\/bs\/wp-json\/wp\/v2\/pages\/563\/revisions"}],"predecessor-version":[{"id":2572,"href":"https:\/\/cifs.edu.ba\/bs\/wp-json\/wp\/v2\/pages\/563\/revisions\/2572"}],"up":[{"embeddable":true,"href":"https:\/\/cifs.edu.ba\/bs\/wp-json\/wp\/v2\/pages\/568"}],"wp:attachment":[{"href":"https:\/\/cifs.edu.ba\/bs\/wp-json\/wp\/v2\/media?parent=563"}],"curies":[{"name":"wp","href":"https:\/\/api.w.org\/{rel}","templated":true}]}}