{"id":557,"date":"2023-11-11T22:43:29","date_gmt":"2023-11-11T22:43:29","guid":{"rendered":"https:\/\/cifs.edu.ba\/general-overview\/"},"modified":"2026-03-18T11:26:03","modified_gmt":"2026-03-18T11:26:03","slug":"opsti-pregled","status":"publish","type":"page","link":"https:\/\/cifs.edu.ba\/bs\/nastavni-plan-i-program\/opsti-pregled\/","title":{"rendered":"Op\u0161ti pregled"},"content":{"rendered":"<p><div class=\"fusion-fullwidth fullwidth-box fusion-builder-row-1 fusion-flex-container has-pattern-background has-mask-background nonhundred-percent-fullwidth non-hundred-percent-height-scrolling\" style=\"--awb-background-position:left top;--awb-background-repeat:repeat;--awb-background-blend-mode:overlay;--awb-border-radius-top-left:0px;--awb-border-radius-top-right:0px;--awb-border-radius-bottom-right:0px;--awb-border-radius-bottom-left:0px;--awb-margin-top:-50px;--awb-margin-bottom:-50px;--awb-background-color:#e9fcfe;--awb-flex-wrap:wrap;\" ><div class=\"fusion-builder-row fusion-row fusion-flex-align-items-flex-start fusion-flex-content-wrap\" style=\"max-width:1248px;margin-left: calc(-4% \/ 2 );margin-right: calc(-4% \/ 2 );\"><div class=\"fusion-layout-column fusion_builder_column fusion-builder-column-0 fusion_builder_column_1_2 1_2 fusion-flex-column\" style=\"--awb-padding-top:40px;--awb-bg-size:cover;--awb-width-large:50%;--awb-margin-top-large:0px;--awb-spacing-right-large:3.84%;--awb-margin-bottom-large:20px;--awb-spacing-left-large:3.84%;--awb-width-medium:50%;--awb-order-medium:0;--awb-spacing-right-medium:3.84%;--awb-spacing-left-medium:3.84%;--awb-width-small:100%;--awb-order-small:0;--awb-spacing-right-small:1.92%;--awb-spacing-left-small:1.92%;\"><div class=\"fusion-column-wrapper fusion-column-has-shadow fusion-flex-justify-content-flex-start fusion-content-layout-column\"><div class=\"fusion-text fusion-text-1\"><p><img decoding=\"async\" class=\"alignnone size-full wp-image-266\" src=\"https:\/\/cifs.edu.ba\/wp-content\/uploads\/2023\/11\/CIFS-Sarajevo-Bosnia-and-Herzegovina.jpg\" alt=\"CIFS Sarajevo - Bosnia and Herzegovina\" width=\"1920\" height=\"1259\" srcset=\"https:\/\/cifs.edu.ba\/wp-content\/uploads\/2023\/11\/CIFS-Sarajevo-Bosnia-and-Herzegovina-200x131.jpg 200w, https:\/\/cifs.edu.ba\/wp-content\/uploads\/2023\/11\/CIFS-Sarajevo-Bosnia-and-Herzegovina-300x197.jpg 300w, https:\/\/cifs.edu.ba\/wp-content\/uploads\/2023\/11\/CIFS-Sarajevo-Bosnia-and-Herzegovina-400x262.jpg 400w, https:\/\/cifs.edu.ba\/wp-content\/uploads\/2023\/11\/CIFS-Sarajevo-Bosnia-and-Herzegovina-600x393.jpg 600w, https:\/\/cifs.edu.ba\/wp-content\/uploads\/2023\/11\/CIFS-Sarajevo-Bosnia-and-Herzegovina-768x504.jpg 768w, https:\/\/cifs.edu.ba\/wp-content\/uploads\/2023\/11\/CIFS-Sarajevo-Bosnia-and-Herzegovina-800x525.jpg 800w, https:\/\/cifs.edu.ba\/wp-content\/uploads\/2023\/11\/CIFS-Sarajevo-Bosnia-and-Herzegovina-1024x671.jpg 1024w, https:\/\/cifs.edu.ba\/wp-content\/uploads\/2023\/11\/CIFS-Sarajevo-Bosnia-and-Herzegovina-1200x787.jpg 1200w, https:\/\/cifs.edu.ba\/wp-content\/uploads\/2023\/11\/CIFS-Sarajevo-Bosnia-and-Herzegovina-1536x1007.jpg 1536w, https:\/\/cifs.edu.ba\/wp-content\/uploads\/2023\/11\/CIFS-Sarajevo-Bosnia-and-Herzegovina.jpg 1920w\" sizes=\"(max-width: 1920px) 100vw, 1920px\" \/><\/p>\n<\/div><\/div><\/div><div class=\"fusion-layout-column fusion_builder_column fusion-builder-column-1 fusion_builder_column_1_2 1_2 fusion-flex-column\" style=\"--awb-padding-top:50px;--awb-bg-size:cover;--awb-width-large:50%;--awb-margin-top-large:0px;--awb-spacing-right-large:3.84%;--awb-margin-bottom-large:20px;--awb-spacing-left-large:3.84%;--awb-width-medium:50%;--awb-order-medium:0;--awb-spacing-right-medium:3.84%;--awb-spacing-left-medium:3.84%;--awb-width-small:100%;--awb-order-small:0;--awb-spacing-right-small:1.92%;--awb-spacing-left-small:1.92%;\"><div class=\"fusion-column-wrapper fusion-column-has-shadow fusion-flex-justify-content-flex-start fusion-content-layout-column\"><div class=\"fusion-text fusion-text-2\" style=\"--awb-text-color:var(--awb-color7);\"><h2>CIFS SARAJEVO<\/h2>\n<p>Francuska \u0161kola CIFS Sarajevo trenutno ima 266 u\u010denika raspore\u0111enih u 15 odjeljenja\/razreda. \u0160kola na jednom mjestu okuplja u\u010denike od jako male grupe Male \u0161kole (ecole Maternelle) do zavr\u0161ne godine srednje \u0161kole -Terminale. Prostrana, tiha, svijetla i dobro opremljena \u0161kolska zgrada izgra\u0111ena u austro-ugarskom stilu, odli\u010dna je osnova za podsticanje uspjeha za sve.<\/p>\n<\/div><div style=\"text-align:left;\"><a class=\"fusion-button button-flat fusion-button-default-size button-custom fusion-button-default button-1 fusion-button-default-span fusion-button-default-type\" style=\"--button_accent_color:var(--awb-color1);--button_accent_hover_color:var(--awb-color1);--button_border_hover_color:var(--awb-color1);--button_gradient_top_color:#27def2;--button_gradient_bottom_color:#27def2;--button_gradient_top_color_hover:#3dcddd;--button_gradient_bottom_color_hover:#3dcddd;\" target=\"_self\" href=\"https:\/\/cifs.edu.ba\/bs\/o-nama\/\"><span class=\"fusion-button-text awb-button__text awb-button__text--default\">Vi\u0161e<\/span><\/a><\/div><\/div><\/div><\/div><\/div><div class=\"fusion-fullwidth fullwidth-box fusion-builder-row-2 fusion-flex-container has-pattern-background has-mask-background nonhundred-percent-fullwidth non-hundred-percent-height-scrolling\" style=\"--awb-background-position:left top;--awb-background-repeat:repeat;--awb-background-blend-mode:overlay;--awb-border-radius-top-left:0px;--awb-border-radius-top-right:0px;--awb-border-radius-bottom-right:0px;--awb-border-radius-bottom-left:0px;--awb-margin-top:50px;--awb-margin-bottom:-50px;--awb-flex-wrap:wrap;\" ><div class=\"fusion-builder-row fusion-row fusion-flex-align-items-flex-start fusion-flex-content-wrap\" style=\"max-width:1248px;margin-left: calc(-4% \/ 2 );margin-right: calc(-4% \/ 2 );\"><div class=\"fusion-layout-column fusion_builder_column fusion-builder-column-2 fusion_builder_column_1_1 1_1 fusion-flex-column\" style=\"--awb-padding-top:40px;--awb-bg-size:cover;--awb-width-large:100%;--awb-margin-top-large:0px;--awb-spacing-right-large:1.92%;--awb-margin-bottom-large:20px;--awb-spacing-left-large:1.92%;--awb-width-medium:100%;--awb-order-medium:0;--awb-spacing-right-medium:1.92%;--awb-spacing-left-medium:1.92%;--awb-width-small:100%;--awb-order-small:0;--awb-spacing-right-small:1.92%;--awb-spacing-left-small:1.92%;\"><div class=\"fusion-column-wrapper fusion-column-has-shadow fusion-flex-justify-content-flex-start fusion-content-layout-column\"><div class=\"fusion-title title fusion-title-1 fusion-sep-none fusion-title-center fusion-title-highlight fusion-animate-once fusion-highlight-underline fusion-title-size-two\" style=\"--awb-text-color:var(--awb-color5);--awb-highlight-color:var(--awb-color4);\" data-highlight=\"underline\"><h2 class=\"fusion-title-heading title-heading-center\" style=\"margin:0;\"><span class=\"fusion-highlighted-text-prefix\"><\/span> <span class=\"fusion-highlighted-text-wrapper\"><span class=\"fusion-highlighted-text\">TEMELJNE VRIJEDNOSTI<\/span><svg xmlns=\"http:\/\/www.w3.org\/2000\/svg\" viewBox=\"0 0 500 150\" preserveAspectRatio=\"none\"><path d=\"M8.1,146.2c0,0,240.6-55.6,479-13.8\"><\/path><\/svg><\/span> <span class=\"fusion-highlighted-text-postfix\"><\/span><\/h2><\/div><\/div><\/div><\/div><\/div><div class=\"fusion-fullwidth fullwidth-box fusion-builder-row-3 fusion-flex-container has-pattern-background has-mask-background nonhundred-percent-fullwidth non-hundred-percent-height-scrolling\" style=\"--awb-border-radius-top-left:0px;--awb-border-radius-top-right:0px;--awb-border-radius-bottom-right:0px;--awb-border-radius-bottom-left:0px;--awb-margin-top:50px;--awb-flex-wrap:wrap;\" ><div class=\"fusion-builder-row fusion-row fusion-flex-align-items-flex-start fusion-flex-content-wrap\" style=\"max-width:1248px;margin-left: calc(-4% \/ 2 );margin-right: calc(-4% \/ 2 );\"><div class=\"fusion-layout-column fusion_builder_column fusion-builder-column-3 fusion_builder_column_1_3 1_3 fusion-flex-column\" style=\"--awb-overflow:hidden;--awb-bg-size:cover;--awb-border-radius:70px 0px 0px 0px;--awb-width-large:33.333333333333%;--awb-margin-top-large:0px;--awb-spacing-right-large:5.76%;--awb-margin-bottom-large:20px;--awb-spacing-left-large:5.76%;--awb-width-medium:50%;--awb-order-medium:0;--awb-spacing-right-medium:3.84%;--awb-spacing-left-medium:3.84%;--awb-width-small:100%;--awb-order-small:0;--awb-spacing-right-small:1.92%;--awb-spacing-left-small:1.92%;\"><div class=\"fusion-column-wrapper fusion-column-has-shadow fusion-flex-justify-content-flex-start fusion-content-layout-column\"><div class=\"fusion-image-element \" style=\"--awb-caption-title-font-family:var(--h2_typography-font-family);--awb-caption-title-font-weight:var(--h2_typography-font-weight);--awb-caption-title-font-style:var(--h2_typography-font-style);--awb-caption-title-size:var(--h2_typography-font-size);--awb-caption-title-transform:var(--h2_typography-text-transform);--awb-caption-title-line-height:var(--h2_typography-line-height);--awb-caption-title-letter-spacing:var(--h2_typography-letter-spacing);\"><span class=\" fusion-imageframe imageframe-none imageframe-1 hover-type-none\"><img decoding=\"async\" width=\"996\" height=\"664\" title=\"Core value\" src=\"https:\/\/cifs.edu.ba\/wp-content\/uploads\/2023\/11\/Core-value.jpg\" alt class=\"img-responsive wp-image-495\" srcset=\"https:\/\/cifs.edu.ba\/wp-content\/uploads\/2023\/11\/Core-value-200x133.jpg 200w, https:\/\/cifs.edu.ba\/wp-content\/uploads\/2023\/11\/Core-value-400x267.jpg 400w, https:\/\/cifs.edu.ba\/wp-content\/uploads\/2023\/11\/Core-value-600x400.jpg 600w, https:\/\/cifs.edu.ba\/wp-content\/uploads\/2023\/11\/Core-value-800x533.jpg 800w, https:\/\/cifs.edu.ba\/wp-content\/uploads\/2023\/11\/Core-value.jpg 996w\" sizes=\"(max-width: 640px) 100vw, 400px\" \/><\/span><\/div><div class=\"fusion-text fusion-text-3\" style=\"--awb-margin-top:15px;\"><p>Francuska \u0161kola zasnovana na jeziku, kulturi i francuskim obrazovnim programima.<\/p>\n<\/div><\/div><\/div><div class=\"fusion-layout-column fusion_builder_column fusion-builder-column-4 fusion_builder_column_1_3 1_3 fusion-flex-column\" style=\"--awb-bg-size:cover;--awb-width-large:33.333333333333%;--awb-margin-top-large:0px;--awb-spacing-right-large:5.76%;--awb-margin-bottom-large:20px;--awb-spacing-left-large:5.76%;--awb-width-medium:50%;--awb-order-medium:0;--awb-spacing-right-medium:3.84%;--awb-spacing-left-medium:3.84%;--awb-width-small:100%;--awb-order-small:0;--awb-spacing-right-small:1.92%;--awb-spacing-left-small:1.92%;\"><div class=\"fusion-column-wrapper fusion-column-has-shadow fusion-flex-justify-content-flex-start fusion-content-layout-column\"><div class=\"fusion-image-element \" style=\"--awb-caption-title-font-family:var(--h2_typography-font-family);--awb-caption-title-font-weight:var(--h2_typography-font-weight);--awb-caption-title-font-style:var(--h2_typography-font-style);--awb-caption-title-size:var(--h2_typography-font-size);--awb-caption-title-transform:var(--h2_typography-text-transform);--awb-caption-title-line-height:var(--h2_typography-line-height);--awb-caption-title-letter-spacing:var(--h2_typography-letter-spacing);\"><span class=\" fusion-imageframe imageframe-none imageframe-2 hover-type-none\"><img decoding=\"async\" width=\"996\" height=\"664\" title=\"Core value 2\" src=\"https:\/\/cifs.edu.ba\/wp-content\/uploads\/2023\/11\/Core-value-2.jpg\" alt class=\"img-responsive wp-image-497\" srcset=\"https:\/\/cifs.edu.ba\/wp-content\/uploads\/2023\/11\/Core-value-2-200x133.jpg 200w, https:\/\/cifs.edu.ba\/wp-content\/uploads\/2023\/11\/Core-value-2-400x267.jpg 400w, https:\/\/cifs.edu.ba\/wp-content\/uploads\/2023\/11\/Core-value-2-600x400.jpg 600w, https:\/\/cifs.edu.ba\/wp-content\/uploads\/2023\/11\/Core-value-2-800x533.jpg 800w, https:\/\/cifs.edu.ba\/wp-content\/uploads\/2023\/11\/Core-value-2.jpg 996w\" sizes=\"(max-width: 640px) 100vw, 400px\" \/><\/span><\/div><div class=\"fusion-text fusion-text-4\" style=\"--awb-margin-top:15px;\"><div>Me\u0111unarodna \u0161kola u kojoj vi\u0161ejezi\u010dnost, interkulturalna razmjena, otvorenost prema svijetu i duh dijaloga usmjeravaju me\u0111uljudske odnose.<\/div>\n<\/div><\/div><\/div><div class=\"fusion-layout-column fusion_builder_column fusion-builder-column-5 fusion_builder_column_1_3 1_3 fusion-flex-column\" style=\"--awb-overflow:hidden;--awb-bg-size:cover;--awb-border-radius:0px 70px 0px 0px;--awb-width-large:33.333333333333%;--awb-margin-top-large:0px;--awb-spacing-right-large:5.76%;--awb-margin-bottom-large:20px;--awb-spacing-left-large:5.76%;--awb-width-medium:50%;--awb-order-medium:0;--awb-spacing-right-medium:3.84%;--awb-spacing-left-medium:3.84%;--awb-width-small:100%;--awb-order-small:0;--awb-spacing-right-small:1.92%;--awb-spacing-left-small:1.92%;\"><div class=\"fusion-column-wrapper fusion-column-has-shadow fusion-flex-justify-content-flex-start fusion-content-layout-column\"><div class=\"fusion-image-element \" style=\"--awb-caption-title-font-family:var(--h2_typography-font-family);--awb-caption-title-font-weight:var(--h2_typography-font-weight);--awb-caption-title-font-style:var(--h2_typography-font-style);--awb-caption-title-size:var(--h2_typography-font-size);--awb-caption-title-transform:var(--h2_typography-text-transform);--awb-caption-title-line-height:var(--h2_typography-line-height);--awb-caption-title-letter-spacing:var(--h2_typography-letter-spacing);\"><span class=\" fusion-imageframe imageframe-none imageframe-3 hover-type-none\"><img decoding=\"async\" width=\"996\" height=\"664\" title=\"Core value 3\" src=\"https:\/\/cifs.edu.ba\/wp-content\/uploads\/2023\/11\/Core-value-3.jpg\" alt class=\"img-responsive wp-image-499\" srcset=\"https:\/\/cifs.edu.ba\/wp-content\/uploads\/2023\/11\/Core-value-3-200x133.jpg 200w, https:\/\/cifs.edu.ba\/wp-content\/uploads\/2023\/11\/Core-value-3-400x267.jpg 400w, https:\/\/cifs.edu.ba\/wp-content\/uploads\/2023\/11\/Core-value-3-600x400.jpg 600w, https:\/\/cifs.edu.ba\/wp-content\/uploads\/2023\/11\/Core-value-3-800x533.jpg 800w, https:\/\/cifs.edu.ba\/wp-content\/uploads\/2023\/11\/Core-value-3.jpg 996w\" sizes=\"(max-width: 640px) 100vw, 400px\" \/><\/span><\/div><div class=\"fusion-text fusion-text-5\" style=\"--awb-margin-top:15px;\"><div>\u0160kola koja u\u010di, u kojoj je cijela obrazovna zajednica (nastavnici, u\u010denici, roditelji) anga\u017eovana na stalnom unapre\u0111enju svog pedago\u0161kog modela.<\/div>\n<\/div><\/div><\/div><\/div><\/div><div class=\"fusion-fullwidth fullwidth-box fusion-builder-row-4 fusion-flex-container has-pattern-background has-mask-background fusion-parallax-none nonhundred-percent-fullwidth non-hundred-percent-height-scrolling\" style=\"--awb-background-position:left top;--awb-background-repeat:repeat;--awb-background-blend-mode:overlay;--awb-border-radius-top-left:0px;--awb-border-radius-top-right:0px;--awb-border-radius-bottom-right:0px;--awb-border-radius-bottom-left:0px;--awb-margin-bottom:-50px;--awb-background-image:url(&quot;https:\/\/efis.mk\/wp-content\/uploads\/2023\/02\/patern-red.png&quot;);--awb-flex-wrap:wrap;\" ><div class=\"fusion-builder-row fusion-row fusion-flex-align-items-flex-start fusion-flex-content-wrap\" style=\"max-width:1248px;margin-left: calc(-4% \/ 2 );margin-right: calc(-4% \/ 2 );\"><div class=\"fusion-layout-column fusion_builder_column fusion-builder-column-6 fusion_builder_column_1_1 1_1 fusion-flex-column\" style=\"--awb-padding-top:30px;--awb-bg-size:cover;--awb-width-large:100%;--awb-margin-top-large:0px;--awb-spacing-right-large:1.92%;--awb-margin-bottom-large:20px;--awb-spacing-left-large:1.92%;--awb-width-medium:100%;--awb-order-medium:0;--awb-spacing-right-medium:1.92%;--awb-spacing-left-medium:1.92%;--awb-width-small:100%;--awb-order-small:0;--awb-spacing-right-small:1.92%;--awb-spacing-left-small:1.92%;\"><div class=\"fusion-column-wrapper fusion-column-has-shadow fusion-flex-justify-content-flex-start fusion-content-layout-column\"><div class=\"fusion-text fusion-text-6\" style=\"--awb-text-color:var(--awb-color1);\"><h3 style=\"color: white;\">MISIJA I OBRAZOVNE VRIJEDNOSTI<\/h3>\n<p>Prenijeti svakom na\u0161em u\u010deniku temeljna znanja i op\u0161tu kulturu, kao stubove intelektualnog i dru\u0161tvenog razvoja. Razvijati klju\u010dne kvalitete kao \u0161to su ljubav prema u\u010denju, osje\u0107aj za odgovornost i preciznost, kreativnost, kriti\u010dko mi\u0161ljenje i radoznalost. Otvoriti u\u010denike prema bogatstvima svijeta, kroz rano usvajanje jezika i interkulturalnu razmjenu. Vrednovati sve oblike talenata.<\/p>\n<\/div><\/div><\/div><\/div><\/div><\/p>\n","protected":false},"excerpt":{"rendered":"","protected":false},"author":1,"featured_media":0,"parent":568,"menu_order":0,"comment_status":"closed","ping_status":"closed","template":"100-width.php","meta":{"footnotes":""},"class_list":["post-557","page","type-page","status-publish","hentry"],"yoast_head":"<!-- This site is optimized with the Yoast SEO plugin v27.1.1 - https:\/\/yoast.com\/product\/yoast-seo-wordpress\/ -->\n<title>Op\u0161ti Pregled | Me\u0111unarodna \u0160kola u Sarajevu<\/title>\n<meta name=\"description\" content=\"Francuska \u0161kola zasnovana na jeziku, kulturi i francuskim obrazovnim programima. Zapo\u010dnite svoju budu\u0107nost danas!\" \/>\n<meta name=\"robots\" content=\"index, follow, max-snippet:-1, max-image-preview:large, max-video-preview:-1\" \/>\n<link rel=\"canonical\" href=\"https:\/\/cifs.edu.ba\/bs\/nastavni-plan-i-program\/opsti-pregled\/\" \/>\n<meta property=\"og:locale\" content=\"bs_BA\" \/>\n<meta property=\"og:type\" content=\"article\" \/>\n<meta property=\"og:title\" content=\"Op\u0161ti Pregled | Me\u0111unarodna \u0160kola u Sarajevu\" \/>\n<meta property=\"og:description\" content=\"Francuska \u0161kola zasnovana na jeziku, kulturi i francuskim obrazovnim programima. Zapo\u010dnite svoju budu\u0107nost danas!\" \/>\n<meta property=\"og:url\" content=\"https:\/\/cifs.edu.ba\/bs\/nastavni-plan-i-program\/opsti-pregled\/\" \/>\n<meta property=\"og:site_name\" content=\"CIFS\" \/>\n<meta property=\"article:publisher\" content=\"https:\/\/www.facebook.com\/CIFSarajevo\/\" \/>\n<meta property=\"article:modified_time\" content=\"2026-03-18T11:26:03+00:00\" \/>\n<meta property=\"og:image\" content=\"https:\/\/cifs.edu.ba\/wp-content\/uploads\/2023\/11\/CIFS-Sarajevo-Bosnia-and-Herzegovina.jpg\" \/>\n\t<meta property=\"og:image:width\" content=\"1920\" \/>\n\t<meta property=\"og:image:height\" content=\"1259\" \/>\n\t<meta property=\"og:image:type\" content=\"image\/jpeg\" \/>\n<meta name=\"twitter:card\" content=\"summary_large_image\" \/>\n<meta name=\"twitter:label1\" content=\"Est. reading time\" \/>\n\t<meta name=\"twitter:data1\" content=\"2 minute\" \/>\n<script type=\"application\/ld+json\" class=\"yoast-schema-graph\">{\"@context\":\"https:\/\/schema.org\",\"@graph\":[{\"@type\":\"WebPage\",\"@id\":\"https:\/\/cifs.edu.ba\/bs\/nastavni-plan-i-program\/opsti-pregled\/\",\"url\":\"https:\/\/cifs.edu.ba\/bs\/nastavni-plan-i-program\/opsti-pregled\/\",\"name\":\"Op\u0161ti Pregled | Me\u0111unarodna \u0160kola u Sarajevu\",\"isPartOf\":{\"@id\":\"https:\/\/cifs.edu.ba\/#website\"},\"primaryImageOfPage\":{\"@id\":\"https:\/\/cifs.edu.ba\/bs\/nastavni-plan-i-program\/opsti-pregled\/#primaryimage\"},\"image\":{\"@id\":\"https:\/\/cifs.edu.ba\/bs\/nastavni-plan-i-program\/opsti-pregled\/#primaryimage\"},\"thumbnailUrl\":\"https:\/\/cifs.edu.ba\/wp-content\/uploads\/2023\/11\/CIFS-Sarajevo-Bosnia-and-Herzegovina.jpg\",\"datePublished\":\"2023-11-11T22:43:29+00:00\",\"dateModified\":\"2026-03-18T11:26:03+00:00\",\"description\":\"Francuska \u0161kola zasnovana na jeziku, kulturi i francuskim obrazovnim programima. Zapo\u010dnite svoju budu\u0107nost danas!\",\"breadcrumb\":{\"@id\":\"https:\/\/cifs.edu.ba\/bs\/nastavni-plan-i-program\/opsti-pregled\/#breadcrumb\"},\"inLanguage\":\"bs-BA\",\"potentialAction\":[{\"@type\":\"ReadAction\",\"target\":[\"https:\/\/cifs.edu.ba\/bs\/nastavni-plan-i-program\/opsti-pregled\/\"]}]},{\"@type\":\"ImageObject\",\"inLanguage\":\"bs-BA\",\"@id\":\"https:\/\/cifs.edu.ba\/bs\/nastavni-plan-i-program\/opsti-pregled\/#primaryimage\",\"url\":\"https:\/\/cifs.edu.ba\/wp-content\/uploads\/2023\/11\/CIFS-Sarajevo-Bosnia-and-Herzegovina.jpg\",\"contentUrl\":\"https:\/\/cifs.edu.ba\/wp-content\/uploads\/2023\/11\/CIFS-Sarajevo-Bosnia-and-Herzegovina.jpg\"},{\"@type\":\"BreadcrumbList\",\"@id\":\"https:\/\/cifs.edu.ba\/bs\/nastavni-plan-i-program\/opsti-pregled\/#breadcrumb\",\"itemListElement\":[{\"@type\":\"ListItem\",\"position\":1,\"name\":\"Home\",\"item\":\"https:\/\/cifs.edu.ba\/bs\/\"},{\"@type\":\"ListItem\",\"position\":2,\"name\":\"Nastavni plan i program\",\"item\":\"https:\/\/cifs.edu.ba\/bs\/nastavni-plan-i-program\/\"},{\"@type\":\"ListItem\",\"position\":3,\"name\":\"Op\u0161ti pregled\"}]},{\"@type\":\"WebSite\",\"@id\":\"https:\/\/cifs.edu.ba\/#website\",\"url\":\"https:\/\/cifs.edu.ba\/\",\"name\":\"International School in Sarajevo!\",\"description\":\"\",\"potentialAction\":[{\"@type\":\"SearchAction\",\"target\":{\"@type\":\"EntryPoint\",\"urlTemplate\":\"https:\/\/cifs.edu.ba\/?s={search_term_string}\"},\"query-input\":{\"@type\":\"PropertyValueSpecification\",\"valueRequired\":true,\"valueName\":\"search_term_string\"}}],\"inLanguage\":\"bs-BA\"}]}<\/script>\n<!-- \/ Yoast SEO plugin. -->","yoast_head_json":{"title":"Op\u0161ti Pregled | Me\u0111unarodna \u0160kola u Sarajevu","description":"Francuska \u0161kola zasnovana na jeziku, kulturi i francuskim obrazovnim programima. Zapo\u010dnite svoju budu\u0107nost danas!","robots":{"index":"index","follow":"follow","max-snippet":"max-snippet:-1","max-image-preview":"max-image-preview:large","max-video-preview":"max-video-preview:-1"},"canonical":"https:\/\/cifs.edu.ba\/bs\/nastavni-plan-i-program\/opsti-pregled\/","og_locale":"bs_BA","og_type":"article","og_title":"Op\u0161ti Pregled | Me\u0111unarodna \u0160kola u Sarajevu","og_description":"Francuska \u0161kola zasnovana na jeziku, kulturi i francuskim obrazovnim programima. Zapo\u010dnite svoju budu\u0107nost danas!","og_url":"https:\/\/cifs.edu.ba\/bs\/nastavni-plan-i-program\/opsti-pregled\/","og_site_name":"CIFS","article_publisher":"https:\/\/www.facebook.com\/CIFSarajevo\/","article_modified_time":"2026-03-18T11:26:03+00:00","og_image":[{"width":1920,"height":1259,"url":"https:\/\/cifs.edu.ba\/wp-content\/uploads\/2023\/11\/CIFS-Sarajevo-Bosnia-and-Herzegovina.jpg","type":"image\/jpeg"}],"twitter_card":"summary_large_image","twitter_misc":{"Est. reading time":"2 minute"},"schema":{"@context":"https:\/\/schema.org","@graph":[{"@type":"WebPage","@id":"https:\/\/cifs.edu.ba\/bs\/nastavni-plan-i-program\/opsti-pregled\/","url":"https:\/\/cifs.edu.ba\/bs\/nastavni-plan-i-program\/opsti-pregled\/","name":"Op\u0161ti Pregled | Me\u0111unarodna \u0160kola u Sarajevu","isPartOf":{"@id":"https:\/\/cifs.edu.ba\/#website"},"primaryImageOfPage":{"@id":"https:\/\/cifs.edu.ba\/bs\/nastavni-plan-i-program\/opsti-pregled\/#primaryimage"},"image":{"@id":"https:\/\/cifs.edu.ba\/bs\/nastavni-plan-i-program\/opsti-pregled\/#primaryimage"},"thumbnailUrl":"https:\/\/cifs.edu.ba\/wp-content\/uploads\/2023\/11\/CIFS-Sarajevo-Bosnia-and-Herzegovina.jpg","datePublished":"2023-11-11T22:43:29+00:00","dateModified":"2026-03-18T11:26:03+00:00","description":"Francuska \u0161kola zasnovana na jeziku, kulturi i francuskim obrazovnim programima. Zapo\u010dnite svoju budu\u0107nost danas!","breadcrumb":{"@id":"https:\/\/cifs.edu.ba\/bs\/nastavni-plan-i-program\/opsti-pregled\/#breadcrumb"},"inLanguage":"bs-BA","potentialAction":[{"@type":"ReadAction","target":["https:\/\/cifs.edu.ba\/bs\/nastavni-plan-i-program\/opsti-pregled\/"]}]},{"@type":"ImageObject","inLanguage":"bs-BA","@id":"https:\/\/cifs.edu.ba\/bs\/nastavni-plan-i-program\/opsti-pregled\/#primaryimage","url":"https:\/\/cifs.edu.ba\/wp-content\/uploads\/2023\/11\/CIFS-Sarajevo-Bosnia-and-Herzegovina.jpg","contentUrl":"https:\/\/cifs.edu.ba\/wp-content\/uploads\/2023\/11\/CIFS-Sarajevo-Bosnia-and-Herzegovina.jpg"},{"@type":"BreadcrumbList","@id":"https:\/\/cifs.edu.ba\/bs\/nastavni-plan-i-program\/opsti-pregled\/#breadcrumb","itemListElement":[{"@type":"ListItem","position":1,"name":"Home","item":"https:\/\/cifs.edu.ba\/bs\/"},{"@type":"ListItem","position":2,"name":"Nastavni plan i program","item":"https:\/\/cifs.edu.ba\/bs\/nastavni-plan-i-program\/"},{"@type":"ListItem","position":3,"name":"Op\u0161ti pregled"}]},{"@type":"WebSite","@id":"https:\/\/cifs.edu.ba\/#website","url":"https:\/\/cifs.edu.ba\/","name":"International School in Sarajevo!","description":"","potentialAction":[{"@type":"SearchAction","target":{"@type":"EntryPoint","urlTemplate":"https:\/\/cifs.edu.ba\/?s={search_term_string}"},"query-input":{"@type":"PropertyValueSpecification","valueRequired":true,"valueName":"search_term_string"}}],"inLanguage":"bs-BA"}]}},"_links":{"self":[{"href":"https:\/\/cifs.edu.ba\/bs\/wp-json\/wp\/v2\/pages\/557","targetHints":{"allow":["GET"]}}],"collection":[{"href":"https:\/\/cifs.edu.ba\/bs\/wp-json\/wp\/v2\/pages"}],"about":[{"href":"https:\/\/cifs.edu.ba\/bs\/wp-json\/wp\/v2\/types\/page"}],"author":[{"embeddable":true,"href":"https:\/\/cifs.edu.ba\/bs\/wp-json\/wp\/v2\/users\/1"}],"replies":[{"embeddable":true,"href":"https:\/\/cifs.edu.ba\/bs\/wp-json\/wp\/v2\/comments?post=557"}],"version-history":[{"count":8,"href":"https:\/\/cifs.edu.ba\/bs\/wp-json\/wp\/v2\/pages\/557\/revisions"}],"predecessor-version":[{"id":2568,"href":"https:\/\/cifs.edu.ba\/bs\/wp-json\/wp\/v2\/pages\/557\/revisions\/2568"}],"up":[{"embeddable":true,"href":"https:\/\/cifs.edu.ba\/bs\/wp-json\/wp\/v2\/pages\/568"}],"wp:attachment":[{"href":"https:\/\/cifs.edu.ba\/bs\/wp-json\/wp\/v2\/media?parent=557"}],"curies":[{"name":"wp","href":"https:\/\/api.w.org\/{rel}","templated":true}]}}