{"id":546,"date":"2023-11-11T20:47:53","date_gmt":"2023-11-11T20:47:53","guid":{"rendered":"https:\/\/cifs.edu.ba\/o-nama\/our-partners\/"},"modified":"2026-03-04T01:23:36","modified_gmt":"2026-03-04T01:23:36","slug":"nasi-partneri","status":"publish","type":"page","link":"https:\/\/cifs.edu.ba\/bs\/o-nama\/nasi-partneri\/","title":{"rendered":"Na\u0161i partneri"},"content":{"rendered":"<div class=\"fusion-fullwidth fullwidth-box fusion-builder-row-1 fusion-flex-container has-pattern-background has-mask-background nonhundred-percent-fullwidth non-hundred-percent-height-scrolling\" style=\"--awb-border-radius-top-left:0px;--awb-border-radius-top-right:0px;--awb-border-radius-bottom-right:0px;--awb-border-radius-bottom-left:0px;--awb-padding-top:20px;--awb-padding-bottom:10px;--awb-flex-wrap:wrap;\" ><div class=\"fusion-builder-row fusion-row fusion-flex-align-items-flex-start fusion-flex-justify-content-center fusion-flex-content-wrap\" style=\"max-width:calc( 1200px + 0px );margin-left: calc(-0px \/ 2 );margin-right: calc(-0px \/ 2 );\"><div class=\"fusion-layout-column fusion_builder_column fusion-builder-column-0 fusion_builder_column_1_1 1_1 fusion-flex-column\" style=\"--awb-bg-blend:overlay;--awb-bg-size:cover;--awb-width-large:100%;--awb-margin-top-large:0px;--awb-spacing-right-large:0px;--awb-margin-bottom-large:10px;--awb-spacing-left-large:0px;--awb-width-medium:60%;--awb-order-medium:0;--awb-spacing-right-medium:0px;--awb-spacing-left-medium:0px;--awb-width-small:100%;--awb-order-small:0;--awb-spacing-right-small:0px;--awb-spacing-left-small:0px;\"><div class=\"fusion-column-wrapper fusion-column-has-shadow fusion-flex-justify-content-flex-start fusion-content-layout-column\"><div class=\"fusion-text fusion-text-1\"><p>Razvoj \u0161kole od njenog osnivanja podr\u017eale su brojne institucije.<\/p>\n<p>Danas, glavni partneri CIFS-a su:<\/p>\n<p>1. <a href=\"https:\/\/www.aefe.fr\/\" target=\"_blank\" rel=\"noopener\">Agencija za francusko obrazovanje u inostranstvu<\/a><\/p>\n<p>2. <a href=\"https:\/\/ba.ambafrance.org\/\" target=\"_blank\" rel=\"noopener\">Francuska ambasada u BIH<\/a><\/p>\n<p>3. <a href=\"https:\/\/institutfrancais.ba\/fr\/\" target=\"_blank\" rel=\"noopener\">Francuski institut u BIH<\/a><\/p>\n<\/div><\/div><\/div><div class=\"fusion-layout-column fusion_builder_column fusion-builder-column-1 fusion_builder_column_1_1 1_1 fusion-flex-column\" style=\"--awb-padding-top:10px;--awb-bg-blend:overlay;--awb-bg-size:cover;--awb-border-color:var(--awb-color3);--awb-border-top:0;--awb-border-style:solid;--awb-width-large:100%;--awb-margin-top-large:0px;--awb-spacing-right-large:0px;--awb-margin-bottom-large:10px;--awb-spacing-left-large:0px;--awb-width-medium:100%;--awb-order-medium:0;--awb-spacing-right-medium:0px;--awb-spacing-left-medium:0px;--awb-width-small:100%;--awb-order-small:0;--awb-spacing-right-small:0px;--awb-spacing-left-small:0px;\"><div class=\"fusion-column-wrapper fusion-column-has-shadow fusion-flex-justify-content-flex-start fusion-content-layout-column\"><div class=\"fusion-image-carousel fusion-image-carousel-auto fusion-image-carousel-1\"><div class=\"awb-carousel awb-swiper awb-swiper-carousel awb-carousel--carousel awb-swiper-dots-position-bottom\" data-layout=\"carousel\" data-autoplay=\"no\" data-autoplayspeed=\"2500\" data-autoplaypause=\"no\" data-columns=\"4\" data-columnsmedium=\"1\" data-columnssmall=\"1\" data-itemmargin=\"200\" data-itemwidth=\"180\" data-touchscroll=\"no\" data-freemode=\"no\" data-imagesize=\"auto\" data-scrollitems=\"1\" data-centeredslides=\"no\" data-rotationangle=\"50\" data-depth=\"100\" data-speed=\"500\" data-shadow=\"no\" data-pagination=\"bullets\" style=\"--awb-columns:4;--awb-column-spacing:200px;\"><div class=\"swiper-wrapper awb-image-carousel-wrapper fusion-flex-align-items-center\"><div class=\"swiper-slide\"><div class=\"fusion-carousel-item-wrapper\"><div class=\"fusion-image-wrapper hover-type-none\"><a href=\"https:\/\/www.aefe.fr\/\" target=\"_blank\" rel=\"noopener noreferrer\"><img decoding=\"async\" width=\"350\" height=\"350\" src=\"https:\/\/cifs.edu.ba\/wp-content\/uploads\/2023\/11\/AEFE.jpg\" class=\"attachment-full size-full\" alt=\"\" srcset=\"https:\/\/cifs.edu.ba\/wp-content\/uploads\/2023\/11\/AEFE-200x200.jpg 200w, https:\/\/cifs.edu.ba\/wp-content\/uploads\/2023\/11\/AEFE.jpg 350w\" sizes=\"(min-width: 2200px) 100vw, (min-width: 784px) 267px, (min-width: 712px) 400px, (min-width: 640px) 712px, \" \/><\/a><\/div><\/div><\/div><div class=\"swiper-slide\"><div class=\"fusion-carousel-item-wrapper\"><div class=\"fusion-image-wrapper hover-type-none\"><a href=\"https:\/\/ba.ambafrance.org\/\" target=\"_blank\" rel=\"noopener noreferrer\"><img decoding=\"async\" width=\"350\" height=\"350\" src=\"https:\/\/cifs.edu.ba\/wp-content\/uploads\/2023\/11\/Ambasade-de-France-en-Bosnie-Herzegovine.jpg\" class=\"attachment-full size-full\" alt=\"\" srcset=\"https:\/\/cifs.edu.ba\/wp-content\/uploads\/2023\/11\/Ambasade-de-France-en-Bosnie-Herzegovine-200x200.jpg 200w, https:\/\/cifs.edu.ba\/wp-content\/uploads\/2023\/11\/Ambasade-de-France-en-Bosnie-Herzegovine.jpg 350w\" sizes=\"(min-width: 2200px) 100vw, (min-width: 784px) 267px, (min-width: 712px) 400px, (min-width: 640px) 712px, \" \/><\/a><\/div><\/div><\/div><div class=\"swiper-slide\"><div class=\"fusion-carousel-item-wrapper\"><div class=\"fusion-image-wrapper hover-type-none\"><a href=\"https:\/\/institutfrancais.ba\/fr\/\" target=\"_blank\" rel=\"noopener noreferrer\"><img decoding=\"async\" width=\"350\" height=\"207\" src=\"https:\/\/cifs.edu.ba\/wp-content\/uploads\/2023\/11\/Institut-Francais-Sarajevo.jpg\" class=\"attachment-full size-full\" alt=\"\" srcset=\"https:\/\/cifs.edu.ba\/wp-content\/uploads\/2023\/11\/Institut-Francais-Sarajevo-200x118.jpg 200w, https:\/\/cifs.edu.ba\/wp-content\/uploads\/2023\/11\/Institut-Francais-Sarajevo.jpg 350w\" sizes=\"(min-width: 2200px) 100vw, (min-width: 784px) 267px, (min-width: 712px) 400px, (min-width: 640px) 712px, \" \/><\/a><\/div><\/div><\/div><\/div><div class=\"awb-swiper-button awb-swiper-button-prev\"><i class=\"awb-icon-angle-left\" aria-hidden=\"true\"><\/i><\/div><div class=\"awb-swiper-button awb-swiper-button-next\"><i class=\"awb-icon-angle-right\" aria-hidden=\"true\"><\/i><\/div><\/div><\/div><\/div><\/div><\/div><\/div>\n","protected":false},"excerpt":{"rendered":"","protected":false},"author":1,"featured_media":0,"parent":522,"menu_order":0,"comment_status":"closed","ping_status":"closed","template":"100-width.php","meta":{"footnotes":""},"class_list":["post-546","page","type-page","status-publish","hentry"],"yoast_head":"<!-- This site is optimized with the Yoast SEO plugin v27.1.1 - https:\/\/yoast.com\/product\/yoast-seo-wordpress\/ -->\n<title>Na\u0161i Partneri | Me\u0111unarodna Francuska \u0160kola u Sarajevu<\/title>\n<meta name=\"description\" content=\"Razvoj \u0161kole od njenog osnivanja podr\u017eale su brojne institucije. Francuska ambasada u BIH. Francuski institut u BIH. Kontaktirajte nas!\" \/>\n<meta name=\"robots\" content=\"index, follow, max-snippet:-1, max-image-preview:large, max-video-preview:-1\" \/>\n<link rel=\"canonical\" href=\"https:\/\/cifs.edu.ba\/bs\/o-nama\/nasi-partneri\/\" \/>\n<meta property=\"og:locale\" content=\"bs_BA\" \/>\n<meta property=\"og:type\" content=\"article\" \/>\n<meta property=\"og:title\" content=\"Na\u0161i Partneri | Me\u0111unarodna Francuska \u0160kola u Sarajevu\" \/>\n<meta property=\"og:description\" content=\"Razvoj \u0161kole od njenog osnivanja podr\u017eale su brojne institucije. Francuska ambasada u BIH. Francuski institut u BIH. Kontaktirajte nas!\" \/>\n<meta property=\"og:url\" content=\"https:\/\/cifs.edu.ba\/bs\/o-nama\/nasi-partneri\/\" \/>\n<meta property=\"og:site_name\" content=\"CIFS\" \/>\n<meta property=\"article:publisher\" content=\"https:\/\/www.facebook.com\/CIFSarajevo\/\" \/>\n<meta property=\"article:modified_time\" content=\"2026-03-04T01:23:36+00:00\" \/>\n<meta name=\"twitter:card\" content=\"summary_large_image\" \/>\n<meta name=\"twitter:label1\" content=\"Est. reading time\" \/>\n\t<meta name=\"twitter:data1\" content=\"1 minuta\" \/>\n<script type=\"application\/ld+json\" class=\"yoast-schema-graph\">{\"@context\":\"https:\/\/schema.org\",\"@graph\":[{\"@type\":\"WebPage\",\"@id\":\"https:\/\/cifs.edu.ba\/bs\/o-nama\/nasi-partneri\/\",\"url\":\"https:\/\/cifs.edu.ba\/bs\/o-nama\/nasi-partneri\/\",\"name\":\"Na\u0161i Partneri | Me\u0111unarodna Francuska \u0160kola u Sarajevu\",\"isPartOf\":{\"@id\":\"https:\/\/cifs.edu.ba\/#website\"},\"datePublished\":\"2023-11-11T20:47:53+00:00\",\"dateModified\":\"2026-03-04T01:23:36+00:00\",\"description\":\"Razvoj \u0161kole od njenog osnivanja podr\u017eale su brojne institucije. Francuska ambasada u BIH. Francuski institut u BIH. Kontaktirajte nas!\",\"breadcrumb\":{\"@id\":\"https:\/\/cifs.edu.ba\/bs\/o-nama\/nasi-partneri\/#breadcrumb\"},\"inLanguage\":\"bs-BA\",\"potentialAction\":[{\"@type\":\"ReadAction\",\"target\":[\"https:\/\/cifs.edu.ba\/bs\/o-nama\/nasi-partneri\/\"]}]},{\"@type\":\"BreadcrumbList\",\"@id\":\"https:\/\/cifs.edu.ba\/bs\/o-nama\/nasi-partneri\/#breadcrumb\",\"itemListElement\":[{\"@type\":\"ListItem\",\"position\":1,\"name\":\"Home\",\"item\":\"https:\/\/cifs.edu.ba\/bs\/\"},{\"@type\":\"ListItem\",\"position\":2,\"name\":\"O nama\",\"item\":\"https:\/\/cifs.edu.ba\/bs\/o-nama\/\"},{\"@type\":\"ListItem\",\"position\":3,\"name\":\"Na\u0161i partneri\"}]},{\"@type\":\"WebSite\",\"@id\":\"https:\/\/cifs.edu.ba\/#website\",\"url\":\"https:\/\/cifs.edu.ba\/\",\"name\":\"International School in Sarajevo!\",\"description\":\"\",\"potentialAction\":[{\"@type\":\"SearchAction\",\"target\":{\"@type\":\"EntryPoint\",\"urlTemplate\":\"https:\/\/cifs.edu.ba\/?s={search_term_string}\"},\"query-input\":{\"@type\":\"PropertyValueSpecification\",\"valueRequired\":true,\"valueName\":\"search_term_string\"}}],\"inLanguage\":\"bs-BA\"}]}<\/script>\n<!-- \/ Yoast SEO plugin. -->","yoast_head_json":{"title":"Na\u0161i Partneri | Me\u0111unarodna Francuska \u0160kola u Sarajevu","description":"Razvoj \u0161kole od njenog osnivanja podr\u017eale su brojne institucije. Francuska ambasada u BIH. Francuski institut u BIH. Kontaktirajte nas!","robots":{"index":"index","follow":"follow","max-snippet":"max-snippet:-1","max-image-preview":"max-image-preview:large","max-video-preview":"max-video-preview:-1"},"canonical":"https:\/\/cifs.edu.ba\/bs\/o-nama\/nasi-partneri\/","og_locale":"bs_BA","og_type":"article","og_title":"Na\u0161i Partneri | Me\u0111unarodna Francuska \u0160kola u Sarajevu","og_description":"Razvoj \u0161kole od njenog osnivanja podr\u017eale su brojne institucije. Francuska ambasada u BIH. Francuski institut u BIH. Kontaktirajte nas!","og_url":"https:\/\/cifs.edu.ba\/bs\/o-nama\/nasi-partneri\/","og_site_name":"CIFS","article_publisher":"https:\/\/www.facebook.com\/CIFSarajevo\/","article_modified_time":"2026-03-04T01:23:36+00:00","twitter_card":"summary_large_image","twitter_misc":{"Est. reading time":"1 minuta"},"schema":{"@context":"https:\/\/schema.org","@graph":[{"@type":"WebPage","@id":"https:\/\/cifs.edu.ba\/bs\/o-nama\/nasi-partneri\/","url":"https:\/\/cifs.edu.ba\/bs\/o-nama\/nasi-partneri\/","name":"Na\u0161i Partneri | Me\u0111unarodna Francuska \u0160kola u Sarajevu","isPartOf":{"@id":"https:\/\/cifs.edu.ba\/#website"},"datePublished":"2023-11-11T20:47:53+00:00","dateModified":"2026-03-04T01:23:36+00:00","description":"Razvoj \u0161kole od njenog osnivanja podr\u017eale su brojne institucije. Francuska ambasada u BIH. Francuski institut u BIH. Kontaktirajte nas!","breadcrumb":{"@id":"https:\/\/cifs.edu.ba\/bs\/o-nama\/nasi-partneri\/#breadcrumb"},"inLanguage":"bs-BA","potentialAction":[{"@type":"ReadAction","target":["https:\/\/cifs.edu.ba\/bs\/o-nama\/nasi-partneri\/"]}]},{"@type":"BreadcrumbList","@id":"https:\/\/cifs.edu.ba\/bs\/o-nama\/nasi-partneri\/#breadcrumb","itemListElement":[{"@type":"ListItem","position":1,"name":"Home","item":"https:\/\/cifs.edu.ba\/bs\/"},{"@type":"ListItem","position":2,"name":"O nama","item":"https:\/\/cifs.edu.ba\/bs\/o-nama\/"},{"@type":"ListItem","position":3,"name":"Na\u0161i partneri"}]},{"@type":"WebSite","@id":"https:\/\/cifs.edu.ba\/#website","url":"https:\/\/cifs.edu.ba\/","name":"International School in Sarajevo!","description":"","potentialAction":[{"@type":"SearchAction","target":{"@type":"EntryPoint","urlTemplate":"https:\/\/cifs.edu.ba\/?s={search_term_string}"},"query-input":{"@type":"PropertyValueSpecification","valueRequired":true,"valueName":"search_term_string"}}],"inLanguage":"bs-BA"}]}},"_links":{"self":[{"href":"https:\/\/cifs.edu.ba\/bs\/wp-json\/wp\/v2\/pages\/546","targetHints":{"allow":["GET"]}}],"collection":[{"href":"https:\/\/cifs.edu.ba\/bs\/wp-json\/wp\/v2\/pages"}],"about":[{"href":"https:\/\/cifs.edu.ba\/bs\/wp-json\/wp\/v2\/types\/page"}],"author":[{"embeddable":true,"href":"https:\/\/cifs.edu.ba\/bs\/wp-json\/wp\/v2\/users\/1"}],"replies":[{"embeddable":true,"href":"https:\/\/cifs.edu.ba\/bs\/wp-json\/wp\/v2\/comments?post=546"}],"version-history":[{"count":5,"href":"https:\/\/cifs.edu.ba\/bs\/wp-json\/wp\/v2\/pages\/546\/revisions"}],"predecessor-version":[{"id":1824,"href":"https:\/\/cifs.edu.ba\/bs\/wp-json\/wp\/v2\/pages\/546\/revisions\/1824"}],"up":[{"embeddable":true,"href":"https:\/\/cifs.edu.ba\/bs\/wp-json\/wp\/v2\/pages\/522"}],"wp:attachment":[{"href":"https:\/\/cifs.edu.ba\/bs\/wp-json\/wp\/v2\/media?parent=546"}],"curies":[{"name":"wp","href":"https:\/\/api.w.org\/{rel}","templated":true}]}}