{"id":522,"date":"2023-11-11T22:46:55","date_gmt":"2023-11-11T22:46:55","guid":{"rendered":"https:\/\/cifs.edu.ba\/about-us\/"},"modified":"2026-03-10T12:29:30","modified_gmt":"2026-03-10T12:29:30","slug":"o-nama","status":"publish","type":"page","link":"https:\/\/cifs.edu.ba\/bs\/o-nama\/","title":{"rendered":"O nama"},"content":{"rendered":"<p><div class=\"fusion-fullwidth fullwidth-box fusion-builder-row-1 fusion-flex-container has-pattern-background has-mask-background nonhundred-percent-fullwidth non-hundred-percent-height-scrolling\" style=\"--awb-background-position:left top;--awb-background-repeat:repeat;--awb-background-blend-mode:overlay;--awb-border-radius-top-left:0px;--awb-border-radius-top-right:0px;--awb-border-radius-bottom-right:0px;--awb-border-radius-bottom-left:0px;--awb-flex-wrap:wrap;\" ><div class=\"fusion-builder-row fusion-row fusion-flex-align-items-flex-start fusion-flex-content-wrap\" style=\"max-width:1248px;margin-left: calc(-4% \/ 2 );margin-right: calc(-4% \/ 2 );\"><div class=\"fusion-layout-column fusion_builder_column fusion-builder-column-0 fusion_builder_column_1_2 1_2 fusion-flex-column\" style=\"--awb-padding-top:40px;--awb-bg-size:cover;--awb-width-large:50%;--awb-margin-top-large:0px;--awb-spacing-right-large:3.84%;--awb-margin-bottom-large:20px;--awb-spacing-left-large:3.84%;--awb-width-medium:50%;--awb-order-medium:0;--awb-spacing-right-medium:3.84%;--awb-spacing-left-medium:3.84%;--awb-width-small:100%;--awb-order-small:0;--awb-spacing-right-small:1.92%;--awb-spacing-left-small:1.92%;\"><div class=\"fusion-column-wrapper fusion-column-has-shadow fusion-flex-justify-content-flex-start fusion-content-layout-column\"><div class=\"fusion-text fusion-text-1\"><p><img decoding=\"async\" class=\"alignnone size-full wp-image-128\" src=\"https:\/\/cifs.edu.ba\/wp-content\/uploads\/2023\/11\/Nordine-Mebarki-Head-of-CIFS-School-.jpg\" alt=\"Nordine Mebarki - Head of CIFS School-\" width=\"750\" height=\"533\" srcset=\"https:\/\/cifs.edu.ba\/wp-content\/uploads\/2023\/11\/Nordine-Mebarki-Head-of-CIFS-School--200x142.jpg 200w, https:\/\/cifs.edu.ba\/wp-content\/uploads\/2023\/11\/Nordine-Mebarki-Head-of-CIFS-School--300x214.jpg 300w, https:\/\/cifs.edu.ba\/wp-content\/uploads\/2023\/11\/Nordine-Mebarki-Head-of-CIFS-School--400x284.jpg 400w, https:\/\/cifs.edu.ba\/wp-content\/uploads\/2023\/11\/Nordine-Mebarki-Head-of-CIFS-School--600x426.jpg 600w, https:\/\/cifs.edu.ba\/wp-content\/uploads\/2023\/11\/Nordine-Mebarki-Head-of-CIFS-School-.jpg 750w\" sizes=\"(max-width: 750px) 100vw, 750px\" \/><\/p>\n<\/div><\/div><\/div><div class=\"fusion-layout-column fusion_builder_column fusion-builder-column-1 fusion_builder_column_1_2 1_2 fusion-flex-column\" style=\"--awb-padding-top:50px;--awb-bg-size:cover;--awb-width-large:50%;--awb-margin-top-large:0px;--awb-spacing-right-large:3.84%;--awb-margin-bottom-large:20px;--awb-spacing-left-large:3.84%;--awb-width-medium:50%;--awb-order-medium:0;--awb-spacing-right-medium:3.84%;--awb-spacing-left-medium:3.84%;--awb-width-small:100%;--awb-order-small:0;--awb-spacing-right-small:1.92%;--awb-spacing-left-small:1.92%;\"><div class=\"fusion-column-wrapper fusion-column-has-shadow fusion-flex-justify-content-flex-start fusion-content-layout-column\"><div class=\"fusion-text fusion-text-2\" style=\"--awb-text-color:var(--awb-color7);\"><h2>Rije\u010d Direktora pedago\u0161kih programa<strong><br \/>\n<\/strong><\/h2>\n<p>Francuska \u0161kola CIFS Sarajevo trenutno ima 266 u\u010denika raspore\u0111enih u 15 odjeljenja\/razreda. \u0160kola na jednom mjestu okuplja u\u010denike od jako male grupe Male \u0161kole (ecole Maternelle) do zavr\u0161ne godine srednje \u0161kole -Terminale. Prostrana, tiha, svijetla i dobro opremljena \u0161kolska zgrada izgra\u0111ena u austro-ugarskom stilu, odli\u010dna je osnova za podsticanje uspjeha za sve.<\/p>\n<\/div><div style=\"text-align:left;\"><a class=\"fusion-button button-flat fusion-button-default-size button-custom fusion-button-default button-1 fusion-button-default-span fusion-button-default-type\" style=\"--button_accent_color:var(--awb-color1);--button_accent_hover_color:var(--awb-color1);--button_border_hover_color:var(--awb-color1);--button_gradient_top_color:#1f3565;--button_gradient_bottom_color:#1f3565;--button_gradient_top_color_hover:#2b2293;--button_gradient_bottom_color_hover:#2b2293;\" target=\"_self\" href=\"https:\/\/cifs.edu.ba\/bs\/o-nama\/poruka-dobrodoslice\/\"><span class=\"fusion-button-text awb-button__text awb-button__text--default\">Vi\u0161e<\/span><\/a><\/div><\/div><\/div><\/div><\/div><div class=\"fusion-fullwidth fullwidth-box fusion-builder-row-2 fusion-flex-container has-pattern-background has-mask-background nonhundred-percent-fullwidth non-hundred-percent-height-scrolling\" style=\"--awb-background-position:left top;--awb-background-repeat:repeat;--awb-background-blend-mode:overlay;--awb-border-radius-top-left:0px;--awb-border-radius-top-right:0px;--awb-border-radius-bottom-right:0px;--awb-border-radius-bottom-left:0px;--awb-background-color:#e9fcfe;--awb-flex-wrap:wrap;\" ><div class=\"fusion-builder-row fusion-row fusion-flex-align-items-flex-start fusion-flex-content-wrap\" style=\"max-width:1248px;margin-left: calc(-4% \/ 2 );margin-right: calc(-4% \/ 2 );\"><div class=\"fusion-layout-column fusion_builder_column fusion-builder-column-2 fusion_builder_column_1_2 1_2 fusion-flex-column\" style=\"--awb-padding-top:50px;--awb-bg-size:cover;--awb-width-large:50%;--awb-margin-top-large:0px;--awb-spacing-right-large:3.84%;--awb-margin-bottom-large:20px;--awb-spacing-left-large:3.84%;--awb-width-medium:50%;--awb-order-medium:0;--awb-spacing-right-medium:3.84%;--awb-spacing-left-medium:3.84%;--awb-width-small:100%;--awb-order-small:0;--awb-spacing-right-small:1.92%;--awb-spacing-left-small:1.92%;\"><div class=\"fusion-column-wrapper fusion-column-has-shadow fusion-flex-justify-content-flex-start fusion-content-layout-column\"><div class=\"fusion-text fusion-text-3\" style=\"--awb-text-color:var(--awb-color7);\"><h2>NA\u0160A \u0160KOLA<\/h2>\n<p>Osnovana 1998. godine, Francuska \u0161kola CIFS trenutno prima 266 u\u010denika iz razreda Male \u0161kole do zavr\u0161ne godine srednje \u0161kole.<\/p>\n<p>Sa svojim dinami\u010dnim i predanim nastavnim timom, \u0161kola te\u017ei da svakom u\u010deniku ponudi \u010dvrsta znanja i vje\u0161tine i obrazovanje otvoreno prema Evropi i svijetu.<\/p>\n<p>Doprinosi \u0161irenju me\u0111unarodnog francuskog jezika i kulture u sekularnom, vi\u0161ejezi\u010dnom i interkulturalnom obrazovnom okviru.<\/p>\n<\/div><div ><a class=\"fusion-button button-flat fusion-button-default-size button-custom fusion-button-default button-2 fusion-button-default-span fusion-button-default-type\" style=\"--button_accent_color:var(--awb-color1);--button_accent_hover_color:var(--awb-color1);--button_border_hover_color:var(--awb-color1);--button_gradient_top_color:#ef4956;--button_gradient_bottom_color:#ef4956;--button_gradient_top_color_hover:#d55862;--button_gradient_bottom_color_hover:#d55862;\" target=\"_self\" href=\"https:\/\/cifs.edu.ba\/bs\/o-nama\/nasa-skola\/\"><span class=\"fusion-button-text awb-button__text awb-button__text--default\">Vi\u0161e<\/span><\/a><\/div><\/div><\/div><div class=\"fusion-layout-column fusion_builder_column fusion-builder-column-3 fusion_builder_column_1_2 1_2 fusion-flex-column\" style=\"--awb-padding-top:40px;--awb-bg-size:cover;--awb-width-large:50%;--awb-margin-top-large:0px;--awb-spacing-right-large:3.84%;--awb-margin-bottom-large:20px;--awb-spacing-left-large:3.84%;--awb-width-medium:50%;--awb-order-medium:0;--awb-spacing-right-medium:3.84%;--awb-spacing-left-medium:3.84%;--awb-width-small:100%;--awb-order-small:0;--awb-spacing-right-small:1.92%;--awb-spacing-left-small:1.92%;\"><div class=\"fusion-column-wrapper fusion-column-has-shadow fusion-flex-justify-content-flex-start fusion-content-layout-column\"><div class=\"fusion-text fusion-text-4\"><p><img decoding=\"async\" class=\"alignleft wp-image-2497 size-full\" src=\"https:\/\/cifs.edu.ba\/wp-content\/uploads\/2026\/03\/Our-School.jpg\" alt=\"\" width=\"1200\" height=\"900\" srcset=\"https:\/\/cifs.edu.ba\/wp-content\/uploads\/2026\/03\/Our-School-200x150.jpg 200w, https:\/\/cifs.edu.ba\/wp-content\/uploads\/2026\/03\/Our-School-300x225.jpg 300w, https:\/\/cifs.edu.ba\/wp-content\/uploads\/2026\/03\/Our-School-400x300.jpg 400w, https:\/\/cifs.edu.ba\/wp-content\/uploads\/2026\/03\/Our-School-600x450.jpg 600w, https:\/\/cifs.edu.ba\/wp-content\/uploads\/2026\/03\/Our-School-768x576.jpg 768w, https:\/\/cifs.edu.ba\/wp-content\/uploads\/2026\/03\/Our-School-800x600.jpg 800w, https:\/\/cifs.edu.ba\/wp-content\/uploads\/2026\/03\/Our-School-1024x768.jpg 1024w, https:\/\/cifs.edu.ba\/wp-content\/uploads\/2026\/03\/Our-School.jpg 1200w\" sizes=\"(max-width: 1200px) 100vw, 1200px\" \/><\/p>\n<\/div><\/div><\/div><\/div><\/div><div class=\"fusion-fullwidth fullwidth-box fusion-builder-row-3 fusion-flex-container has-pattern-background has-mask-background nonhundred-percent-fullwidth non-hundred-percent-height-scrolling\" style=\"--awb-background-position:left top;--awb-background-repeat:repeat;--awb-background-blend-mode:overlay;--awb-border-radius-top-left:0px;--awb-border-radius-top-right:0px;--awb-border-radius-bottom-right:0px;--awb-border-radius-bottom-left:0px;--awb-flex-wrap:wrap;\" ><div class=\"fusion-builder-row fusion-row fusion-flex-align-items-flex-start fusion-flex-content-wrap\" style=\"max-width:1248px;margin-left: calc(-4% \/ 2 );margin-right: calc(-4% \/ 2 );\"><div class=\"fusion-layout-column fusion_builder_column fusion-builder-column-4 fusion_builder_column_1_2 1_2 fusion-flex-column\" style=\"--awb-padding-top:40px;--awb-bg-size:cover;--awb-width-large:50%;--awb-margin-top-large:0px;--awb-spacing-right-large:3.84%;--awb-margin-bottom-large:20px;--awb-spacing-left-large:3.84%;--awb-width-medium:50%;--awb-order-medium:0;--awb-spacing-right-medium:3.84%;--awb-spacing-left-medium:3.84%;--awb-width-small:100%;--awb-order-small:0;--awb-spacing-right-small:1.92%;--awb-spacing-left-small:1.92%;\"><div class=\"fusion-column-wrapper fusion-column-has-shadow fusion-flex-justify-content-flex-start fusion-content-layout-column\"><div class=\"fusion-text fusion-text-5\"><p><img decoding=\"async\" class=\"alignleft wp-image-2486 size-full\" src=\"https:\/\/cifs.edu.ba\/wp-content\/uploads\/2026\/03\/Why-CIFS.jpg\" alt=\"\" width=\"1200\" height=\"900\" srcset=\"https:\/\/cifs.edu.ba\/wp-content\/uploads\/2026\/03\/Why-CIFS-200x150.jpg 200w, https:\/\/cifs.edu.ba\/wp-content\/uploads\/2026\/03\/Why-CIFS-300x225.jpg 300w, https:\/\/cifs.edu.ba\/wp-content\/uploads\/2026\/03\/Why-CIFS-400x300.jpg 400w, https:\/\/cifs.edu.ba\/wp-content\/uploads\/2026\/03\/Why-CIFS-600x450.jpg 600w, https:\/\/cifs.edu.ba\/wp-content\/uploads\/2026\/03\/Why-CIFS-768x576.jpg 768w, https:\/\/cifs.edu.ba\/wp-content\/uploads\/2026\/03\/Why-CIFS-800x600.jpg 800w, https:\/\/cifs.edu.ba\/wp-content\/uploads\/2026\/03\/Why-CIFS-1024x768.jpg 1024w, https:\/\/cifs.edu.ba\/wp-content\/uploads\/2026\/03\/Why-CIFS.jpg 1200w\" sizes=\"(max-width: 1200px) 100vw, 1200px\" \/><\/p>\n<\/div><\/div><\/div><div class=\"fusion-layout-column fusion_builder_column fusion-builder-column-5 fusion_builder_column_1_2 1_2 fusion-flex-column\" style=\"--awb-padding-top:50px;--awb-bg-size:cover;--awb-width-large:50%;--awb-margin-top-large:0px;--awb-spacing-right-large:3.84%;--awb-margin-bottom-large:20px;--awb-spacing-left-large:3.84%;--awb-width-medium:50%;--awb-order-medium:0;--awb-spacing-right-medium:3.84%;--awb-spacing-left-medium:3.84%;--awb-width-small:100%;--awb-order-small:0;--awb-spacing-right-small:1.92%;--awb-spacing-left-small:1.92%;\"><div class=\"fusion-column-wrapper fusion-column-has-shadow fusion-flex-justify-content-flex-start fusion-content-layout-column\"><div class=\"fusion-text fusion-text-6\" style=\"--awb-text-color:var(--awb-color7);\"><h2><strong>ZA\u0160TO CIFS SARAJEVO ?<\/strong><\/h2>\n<p>Poznata po svojoj obrazovnoj filozofiji, Francuska \u0161kola CIFS je jedna od najpresti\u017enijih \u0161kola u Bosni i Hercegovini, koja kombinuje obrazovne standarde i dobrobit u\u010denika, i jedina francuska \u0161kola odobrena od strane Francuskog nacionalnog ministarstva obrazovanja.<\/p>\n<p>Pridru\u017eiti se na\u0161oj ustanovi zna\u010di odabrati me\u0111unarodno obrazovanje u kojem se po\u0161tuje francuski obrazovni program izvrsnosti. Programi nastave su zagarantovani partnerstvom sa AEFE-om, a obrazovni pristup se zasniva na otvaranju na\u0161ih u\u010denika prema svijetu.<\/p>\n<\/div><div style=\"text-align:left;\"><a class=\"fusion-button button-flat fusion-button-default-size button-custom fusion-button-default button-3 fusion-button-default-span fusion-button-default-type\" style=\"--button_accent_color:var(--awb-color1);--button_accent_hover_color:var(--awb-color1);--button_border_hover_color:var(--awb-color1);--button_gradient_top_color:#1f3565;--button_gradient_bottom_color:#1f3565;--button_gradient_top_color_hover:#2b2293;--button_gradient_bottom_color_hover:#2b2293;\" target=\"_self\" href=\"https:\/\/cifs.edu.ba\/bs\/o-nama\/zasto-cifs-sarajevo\/\"><span class=\"fusion-button-text awb-button__text awb-button__text--default\">Vi\u0161e<\/span><\/a><\/div><\/div><\/div><\/div><\/div><div class=\"fusion-fullwidth fullwidth-box fusion-builder-row-4 fusion-flex-container has-pattern-background has-mask-background nonhundred-percent-fullwidth non-hundred-percent-height-scrolling\" style=\"--awb-background-position:left top;--awb-background-repeat:repeat;--awb-background-blend-mode:overlay;--awb-border-radius-top-left:0px;--awb-border-radius-top-right:0px;--awb-border-radius-bottom-right:0px;--awb-border-radius-bottom-left:0px;--awb-margin-bottom:-50px;--awb-background-color:#e9fcfe;--awb-flex-wrap:wrap;\" ><div class=\"fusion-builder-row fusion-row fusion-flex-align-items-flex-start fusion-flex-content-wrap\" style=\"max-width:1248px;margin-left: calc(-4% \/ 2 );margin-right: calc(-4% \/ 2 );\"><div class=\"fusion-layout-column fusion_builder_column fusion-builder-column-6 fusion_builder_column_1_2 1_2 fusion-flex-column\" style=\"--awb-padding-top:50px;--awb-bg-size:cover;--awb-width-large:50%;--awb-margin-top-large:0px;--awb-spacing-right-large:3.84%;--awb-margin-bottom-large:20px;--awb-spacing-left-large:3.84%;--awb-width-medium:50%;--awb-order-medium:0;--awb-spacing-right-medium:3.84%;--awb-spacing-left-medium:3.84%;--awb-width-small:100%;--awb-order-small:0;--awb-spacing-right-small:1.92%;--awb-spacing-left-small:1.92%;\"><div class=\"fusion-column-wrapper fusion-column-has-shadow fusion-flex-justify-content-flex-start fusion-content-layout-column\"><div class=\"fusion-text fusion-text-7\" style=\"--awb-text-color:var(--awb-color7);\"><h2>\u0160KOLSKA GRUPACIJA ODYSSEY<\/h2>\n<p>Odyssey je me\u0111unarodna grupa za francusko obrazovanje \u0161irom svijeta koja nudi izvrsno obrazovanje s francuskim kurikulumom, inovativnom pedagogijom i me\u0111unarodnom otvoreno\u0161\u0107u, od Male do srednje \u0161kole. Smje\u0161tena u Parizu, Grupa Odyssey je osnovana od strane obrazovnih stru\u010dnjaka s ciljem stvaranja nove obrazovne grupe koja kombinuje najbolje od francuskog i me\u0111unarodnog obrazovanja.<\/p>\n<\/div><div ><a class=\"fusion-button button-flat fusion-button-default-size button-custom fusion-button-default button-4 fusion-button-default-span fusion-button-default-type\" style=\"--button_accent_color:var(--awb-color1);--button_accent_hover_color:var(--awb-color1);--button_border_hover_color:var(--awb-color1);--button_gradient_top_color:#ef4956;--button_gradient_bottom_color:#ef4956;--button_gradient_top_color_hover:#d55862;--button_gradient_bottom_color_hover:#d55862;\" target=\"_self\" href=\"https:\/\/cifs.edu.ba\/bs\/o-nama\/skolska-grupa-odyssey\/\"><span class=\"fusion-button-text awb-button__text awb-button__text--default\">Vi\u0161e<\/span><\/a><\/div><\/div><\/div><div class=\"fusion-layout-column fusion_builder_column fusion-builder-column-7 fusion_builder_column_1_2 1_2 fusion-flex-column\" style=\"--awb-padding-top:40px;--awb-bg-size:cover;--awb-width-large:50%;--awb-margin-top-large:0px;--awb-spacing-right-large:3.84%;--awb-margin-bottom-large:20px;--awb-spacing-left-large:3.84%;--awb-width-medium:50%;--awb-order-medium:0;--awb-spacing-right-medium:3.84%;--awb-spacing-left-medium:3.84%;--awb-width-small:100%;--awb-order-small:0;--awb-spacing-right-small:1.92%;--awb-spacing-left-small:1.92%;\"><div class=\"fusion-column-wrapper fusion-column-has-shadow fusion-flex-justify-content-flex-start fusion-content-layout-column\"><div class=\"fusion-text fusion-text-8\"><p><img decoding=\"async\" class=\"alignnone wp-image-1519 size-full\" src=\"https:\/\/efis.mk\/wp-content\/uploads\/2023\/02\/Odyssey.png\" alt=\"Odyssey\" width=\"722\" height=\"564\" \/><\/p>\n<\/div><\/div><\/div><\/div><\/div><\/p>\n","protected":false},"excerpt":{"rendered":"","protected":false},"author":1,"featured_media":0,"parent":0,"menu_order":0,"comment_status":"closed","ping_status":"closed","template":"100-width.php","meta":{"footnotes":""},"class_list":["post-522","page","type-page","status-publish","hentry"],"yoast_head":"<!-- This site is optimized with the Yoast SEO plugin v27.1.1 - https:\/\/yoast.com\/product\/yoast-seo-wordpress\/ -->\n<title>O CIFS-u | Francuska Me\u0111unarodna \u0160kola u Sarajevu<\/title>\n<meta name=\"description\" content=\"Osnovana 1998. godine, Francuska \u0161kola CIFS trenutno prima 266 u\u010denika iz razreda Male \u0161kole do zavr\u0161ne godine srednje \u0161kole.\" \/>\n<meta name=\"robots\" content=\"index, follow, max-snippet:-1, max-image-preview:large, max-video-preview:-1\" \/>\n<link rel=\"canonical\" href=\"https:\/\/cifs.edu.ba\/bs\/o-nama\/\" \/>\n<meta property=\"og:locale\" content=\"bs_BA\" \/>\n<meta property=\"og:type\" content=\"article\" \/>\n<meta property=\"og:title\" content=\"O CIFS-u | Francuska Me\u0111unarodna \u0160kola u Sarajevu\" \/>\n<meta property=\"og:description\" content=\"Osnovana 1998. godine, Francuska \u0161kola CIFS trenutno prima 266 u\u010denika iz razreda Male \u0161kole do zavr\u0161ne godine srednje \u0161kole.\" \/>\n<meta property=\"og:url\" content=\"https:\/\/cifs.edu.ba\/bs\/o-nama\/\" \/>\n<meta property=\"og:site_name\" content=\"CIFS\" \/>\n<meta property=\"article:publisher\" content=\"https:\/\/www.facebook.com\/CIFSarajevo\/\" \/>\n<meta property=\"article:modified_time\" content=\"2026-03-10T12:29:30+00:00\" \/>\n<meta property=\"og:image\" content=\"https:\/\/cifs.edu.ba\/wp-content\/uploads\/2023\/11\/Nordine-Mebarki-Head-of-CIFS-School-.jpg\" \/>\n\t<meta property=\"og:image:width\" content=\"750\" \/>\n\t<meta property=\"og:image:height\" content=\"533\" \/>\n\t<meta property=\"og:image:type\" content=\"image\/jpeg\" \/>\n<meta name=\"twitter:card\" content=\"summary_large_image\" \/>\n<meta name=\"twitter:label1\" content=\"Est. reading time\" \/>\n\t<meta name=\"twitter:data1\" content=\"2 minute\" \/>\n<script type=\"application\/ld+json\" class=\"yoast-schema-graph\">{\"@context\":\"https:\/\/schema.org\",\"@graph\":[{\"@type\":\"WebPage\",\"@id\":\"https:\/\/cifs.edu.ba\/bs\/o-nama\/\",\"url\":\"https:\/\/cifs.edu.ba\/bs\/o-nama\/\",\"name\":\"O CIFS-u | Francuska Me\u0111unarodna \u0160kola u Sarajevu\",\"isPartOf\":{\"@id\":\"https:\/\/cifs.edu.ba\/#website\"},\"primaryImageOfPage\":{\"@id\":\"https:\/\/cifs.edu.ba\/bs\/o-nama\/#primaryimage\"},\"image\":{\"@id\":\"https:\/\/cifs.edu.ba\/bs\/o-nama\/#primaryimage\"},\"thumbnailUrl\":\"https:\/\/cifs.edu.ba\/wp-content\/uploads\/2023\/11\/Nordine-Mebarki-Head-of-CIFS-School-.jpg\",\"datePublished\":\"2023-11-11T22:46:55+00:00\",\"dateModified\":\"2026-03-10T12:29:30+00:00\",\"description\":\"Osnovana 1998. godine, Francuska \u0161kola CIFS trenutno prima 266 u\u010denika iz razreda Male \u0161kole do zavr\u0161ne godine srednje \u0161kole.\",\"breadcrumb\":{\"@id\":\"https:\/\/cifs.edu.ba\/bs\/o-nama\/#breadcrumb\"},\"inLanguage\":\"bs-BA\",\"potentialAction\":[{\"@type\":\"ReadAction\",\"target\":[\"https:\/\/cifs.edu.ba\/bs\/o-nama\/\"]}]},{\"@type\":\"ImageObject\",\"inLanguage\":\"bs-BA\",\"@id\":\"https:\/\/cifs.edu.ba\/bs\/o-nama\/#primaryimage\",\"url\":\"https:\/\/cifs.edu.ba\/wp-content\/uploads\/2023\/11\/Nordine-Mebarki-Head-of-CIFS-School-.jpg\",\"contentUrl\":\"https:\/\/cifs.edu.ba\/wp-content\/uploads\/2023\/11\/Nordine-Mebarki-Head-of-CIFS-School-.jpg\"},{\"@type\":\"BreadcrumbList\",\"@id\":\"https:\/\/cifs.edu.ba\/bs\/o-nama\/#breadcrumb\",\"itemListElement\":[{\"@type\":\"ListItem\",\"position\":1,\"name\":\"Home\",\"item\":\"https:\/\/cifs.edu.ba\/bs\/\"},{\"@type\":\"ListItem\",\"position\":2,\"name\":\"O nama\"}]},{\"@type\":\"WebSite\",\"@id\":\"https:\/\/cifs.edu.ba\/#website\",\"url\":\"https:\/\/cifs.edu.ba\/\",\"name\":\"International School in Sarajevo!\",\"description\":\"\",\"potentialAction\":[{\"@type\":\"SearchAction\",\"target\":{\"@type\":\"EntryPoint\",\"urlTemplate\":\"https:\/\/cifs.edu.ba\/?s={search_term_string}\"},\"query-input\":{\"@type\":\"PropertyValueSpecification\",\"valueRequired\":true,\"valueName\":\"search_term_string\"}}],\"inLanguage\":\"bs-BA\"}]}<\/script>\n<!-- \/ Yoast SEO plugin. -->","yoast_head_json":{"title":"O CIFS-u | Francuska Me\u0111unarodna \u0160kola u Sarajevu","description":"Osnovana 1998. godine, Francuska \u0161kola CIFS trenutno prima 266 u\u010denika iz razreda Male \u0161kole do zavr\u0161ne godine srednje \u0161kole.","robots":{"index":"index","follow":"follow","max-snippet":"max-snippet:-1","max-image-preview":"max-image-preview:large","max-video-preview":"max-video-preview:-1"},"canonical":"https:\/\/cifs.edu.ba\/bs\/o-nama\/","og_locale":"bs_BA","og_type":"article","og_title":"O CIFS-u | Francuska Me\u0111unarodna \u0160kola u Sarajevu","og_description":"Osnovana 1998. godine, Francuska \u0161kola CIFS trenutno prima 266 u\u010denika iz razreda Male \u0161kole do zavr\u0161ne godine srednje \u0161kole.","og_url":"https:\/\/cifs.edu.ba\/bs\/o-nama\/","og_site_name":"CIFS","article_publisher":"https:\/\/www.facebook.com\/CIFSarajevo\/","article_modified_time":"2026-03-10T12:29:30+00:00","og_image":[{"width":750,"height":533,"url":"https:\/\/cifs.edu.ba\/wp-content\/uploads\/2023\/11\/Nordine-Mebarki-Head-of-CIFS-School-.jpg","type":"image\/jpeg"}],"twitter_card":"summary_large_image","twitter_misc":{"Est. reading time":"2 minute"},"schema":{"@context":"https:\/\/schema.org","@graph":[{"@type":"WebPage","@id":"https:\/\/cifs.edu.ba\/bs\/o-nama\/","url":"https:\/\/cifs.edu.ba\/bs\/o-nama\/","name":"O CIFS-u | Francuska Me\u0111unarodna \u0160kola u Sarajevu","isPartOf":{"@id":"https:\/\/cifs.edu.ba\/#website"},"primaryImageOfPage":{"@id":"https:\/\/cifs.edu.ba\/bs\/o-nama\/#primaryimage"},"image":{"@id":"https:\/\/cifs.edu.ba\/bs\/o-nama\/#primaryimage"},"thumbnailUrl":"https:\/\/cifs.edu.ba\/wp-content\/uploads\/2023\/11\/Nordine-Mebarki-Head-of-CIFS-School-.jpg","datePublished":"2023-11-11T22:46:55+00:00","dateModified":"2026-03-10T12:29:30+00:00","description":"Osnovana 1998. godine, Francuska \u0161kola CIFS trenutno prima 266 u\u010denika iz razreda Male \u0161kole do zavr\u0161ne godine srednje \u0161kole.","breadcrumb":{"@id":"https:\/\/cifs.edu.ba\/bs\/o-nama\/#breadcrumb"},"inLanguage":"bs-BA","potentialAction":[{"@type":"ReadAction","target":["https:\/\/cifs.edu.ba\/bs\/o-nama\/"]}]},{"@type":"ImageObject","inLanguage":"bs-BA","@id":"https:\/\/cifs.edu.ba\/bs\/o-nama\/#primaryimage","url":"https:\/\/cifs.edu.ba\/wp-content\/uploads\/2023\/11\/Nordine-Mebarki-Head-of-CIFS-School-.jpg","contentUrl":"https:\/\/cifs.edu.ba\/wp-content\/uploads\/2023\/11\/Nordine-Mebarki-Head-of-CIFS-School-.jpg"},{"@type":"BreadcrumbList","@id":"https:\/\/cifs.edu.ba\/bs\/o-nama\/#breadcrumb","itemListElement":[{"@type":"ListItem","position":1,"name":"Home","item":"https:\/\/cifs.edu.ba\/bs\/"},{"@type":"ListItem","position":2,"name":"O nama"}]},{"@type":"WebSite","@id":"https:\/\/cifs.edu.ba\/#website","url":"https:\/\/cifs.edu.ba\/","name":"International School in Sarajevo!","description":"","potentialAction":[{"@type":"SearchAction","target":{"@type":"EntryPoint","urlTemplate":"https:\/\/cifs.edu.ba\/?s={search_term_string}"},"query-input":{"@type":"PropertyValueSpecification","valueRequired":true,"valueName":"search_term_string"}}],"inLanguage":"bs-BA"}]}},"_links":{"self":[{"href":"https:\/\/cifs.edu.ba\/bs\/wp-json\/wp\/v2\/pages\/522","targetHints":{"allow":["GET"]}}],"collection":[{"href":"https:\/\/cifs.edu.ba\/bs\/wp-json\/wp\/v2\/pages"}],"about":[{"href":"https:\/\/cifs.edu.ba\/bs\/wp-json\/wp\/v2\/types\/page"}],"author":[{"embeddable":true,"href":"https:\/\/cifs.edu.ba\/bs\/wp-json\/wp\/v2\/users\/1"}],"replies":[{"embeddable":true,"href":"https:\/\/cifs.edu.ba\/bs\/wp-json\/wp\/v2\/comments?post=522"}],"version-history":[{"count":10,"href":"https:\/\/cifs.edu.ba\/bs\/wp-json\/wp\/v2\/pages\/522\/revisions"}],"predecessor-version":[{"id":2564,"href":"https:\/\/cifs.edu.ba\/bs\/wp-json\/wp\/v2\/pages\/522\/revisions\/2564"}],"wp:attachment":[{"href":"https:\/\/cifs.edu.ba\/bs\/wp-json\/wp\/v2\/media?parent=522"}],"curies":[{"name":"wp","href":"https:\/\/api.w.org\/{rel}","templated":true}]}}