{"id":516,"date":"2023-11-11T15:40:23","date_gmt":"2023-11-11T15:40:23","guid":{"rendered":"https:\/\/cifs.edu.ba\/our-school\/"},"modified":"2026-03-04T00:24:46","modified_gmt":"2026-03-04T00:24:46","slug":"nasa-skola","status":"publish","type":"page","link":"https:\/\/cifs.edu.ba\/bs\/o-nama\/nasa-skola\/","title":{"rendered":"Na\u0161a \u0161kola"},"content":{"rendered":"<div class=\"fusion-fullwidth fullwidth-box fusion-builder-row-1 fusion-flex-container has-pattern-background has-mask-background fusion-parallax-none nonhundred-percent-fullwidth non-hundred-percent-height-scrolling\" style=\"--awb-background-position:left top;--awb-background-repeat:repeat;--awb-background-blend-mode:overlay;--awb-border-radius-top-left:0px;--awb-border-radius-top-right:0px;--awb-border-radius-bottom-right:0px;--awb-border-radius-bottom-left:0px;--awb-margin-top:-50px;--awb-margin-bottom:-50px;--awb-background-image:url(&quot;https:\/\/cifs.edu.ba\/wp-content\/uploads\/2023\/11\/patern-red.png&quot;);--awb-flex-wrap:wrap;\" ><div class=\"fusion-builder-row fusion-row fusion-flex-align-items-flex-start fusion-flex-content-wrap\" style=\"max-width:1248px;margin-left: calc(-4% \/ 2 );margin-right: calc(-4% \/ 2 );\"><div class=\"fusion-layout-column fusion_builder_column fusion-builder-column-0 fusion_builder_column_1_3 1_3 fusion-flex-column\" style=\"--awb-padding-top:40px;--awb-bg-size:cover;--awb-width-large:33.333333333333%;--awb-margin-top-large:0px;--awb-spacing-right-large:5.76%;--awb-margin-bottom-large:20px;--awb-spacing-left-large:5.76%;--awb-width-medium:33.333333333333%;--awb-order-medium:0;--awb-spacing-right-medium:5.76%;--awb-spacing-left-medium:5.76%;--awb-width-small:100%;--awb-order-small:0;--awb-spacing-right-small:1.92%;--awb-spacing-left-small:1.92%;\"><div class=\"fusion-column-wrapper fusion-column-has-shadow fusion-flex-justify-content-flex-start fusion-content-layout-column\"><div class=\"fusion-title title fusion-title-1 fusion-sep-none fusion-title-text fusion-title-size-two\" style=\"--awb-text-color:var(--awb-color1);\"><h2 class=\"fusion-title-heading title-heading-left\" style=\"margin:0;\">CIFS SARAJEVO<\/h2><\/div><div class=\"fusion-text fusion-text-1\"><p><img decoding=\"async\" class=\"alignnone size-full wp-image-262\" src=\"https:\/\/cifs.edu.ba\/wp-content\/uploads\/2023\/11\/French-International-School-of-Sarajevo.jpg\" alt=\"French International School of Sarajevo\" width=\"1000\" height=\"750\" srcset=\"https:\/\/cifs.edu.ba\/wp-content\/uploads\/2023\/11\/French-International-School-of-Sarajevo-200x150.jpg 200w, https:\/\/cifs.edu.ba\/wp-content\/uploads\/2023\/11\/French-International-School-of-Sarajevo-300x225.jpg 300w, https:\/\/cifs.edu.ba\/wp-content\/uploads\/2023\/11\/French-International-School-of-Sarajevo-400x300.jpg 400w, https:\/\/cifs.edu.ba\/wp-content\/uploads\/2023\/11\/French-International-School-of-Sarajevo-600x450.jpg 600w, https:\/\/cifs.edu.ba\/wp-content\/uploads\/2023\/11\/French-International-School-of-Sarajevo-768x576.jpg 768w, https:\/\/cifs.edu.ba\/wp-content\/uploads\/2023\/11\/French-International-School-of-Sarajevo-800x600.jpg 800w, https:\/\/cifs.edu.ba\/wp-content\/uploads\/2023\/11\/French-International-School-of-Sarajevo.jpg 1000w\" sizes=\"(max-width: 1000px) 100vw, 1000px\" \/><\/p>\n<\/div><\/div><\/div><div class=\"fusion-layout-column fusion_builder_column fusion-builder-column-1 fusion_builder_column_2_3 2_3 fusion-flex-column\" style=\"--awb-padding-top:50px;--awb-bg-size:cover;--awb-width-large:66.666666666667%;--awb-margin-top-large:0px;--awb-spacing-right-large:2.88%;--awb-margin-bottom-large:20px;--awb-spacing-left-large:2.88%;--awb-width-medium:66.666666666667%;--awb-order-medium:0;--awb-spacing-right-medium:2.88%;--awb-spacing-left-medium:2.88%;--awb-width-small:100%;--awb-order-small:0;--awb-spacing-right-small:1.92%;--awb-spacing-left-small:1.92%;\"><div class=\"fusion-column-wrapper fusion-column-has-shadow fusion-flex-justify-content-flex-start fusion-content-layout-column\"><div class=\"fusion-text fusion-text-2\" style=\"--awb-text-color:var(--awb-color1);\"><p>Osnovana 1998. godine, Francuska \u0161kola CIFS trenutno prima 266 u\u010denika iz razreda Male \u0161kole do zavr\u0161ne godine srednje \u0161kole.<\/p>\n<p>Sa svojim dinami\u010dnim i predanim nastavnim timom, \u0161kola te\u017ei da svakom u\u010deniku ponudi \u010dvrsta znanja i vje\u0161tine i obrazovanje otvoreno prema Evropi i svijetu.<\/p>\n<p>Doprinosi \u0161irenju me\u0111unarodnog francuskog jezika i kulture u sekularnom, vi\u0161ejezi\u010dnom i interkulturalnom obrazovnom okviru.<\/p>\n<p><strong>CIFS je ustanova koju je, do zavr\u0161nog razreda srednje \u0161kole, odobrilo Ministarstvo nacionalnog obrazovanja Francuske i Ministarstvo obrazovanja Kantona Sarajevo.<\/strong><\/p>\n<p>Svi u\u010denici\u00a0 CIFS-a mogu nastaviti \u0161kolovanje u nekoj od \u0161kola mre\u017ee ODYSSEY u inostranstvu ili u globalnoj mre\u017ei AEFE bez prijemnog ispita.<\/p>\n<p>Na\u0161i mali razredi omogu\u0107avaju svakom djetetu da dobije svu pa\u017enju i podr\u0161ku koja im je potrebna, i to u prijateljskoj atmosferi pogodnoj za u\u010denje. Osim \u010dasova, CIFS u\u010denicima nudi razli\u010dite projekte tokom cijele godine.<\/p>\n<\/div><\/div><\/div><\/div><\/div>\n","protected":false},"excerpt":{"rendered":"","protected":false},"author":1,"featured_media":0,"parent":522,"menu_order":0,"comment_status":"closed","ping_status":"closed","template":"100-width.php","meta":{"footnotes":""},"class_list":["post-516","page","type-page","status-publish","hentry"],"yoast_head":"<!-- This site is optimized with the Yoast SEO plugin v27.1.1 - https:\/\/yoast.com\/product\/yoast-seo-wordpress\/ -->\n<title>Internacionalna \u0160kola u Sarajevu | Francuska \u0160kola CIFS<\/title>\n<meta name=\"description\" content=\"CIFS je ustanova koju je odobrilo Ministarstvo nacionalnog obrazovanja Francuske i Ministarstvo obrazovanja Kantona Sarajevo.\" \/>\n<meta name=\"robots\" content=\"index, follow, max-snippet:-1, max-image-preview:large, max-video-preview:-1\" \/>\n<link rel=\"canonical\" href=\"https:\/\/cifs.edu.ba\/bs\/o-nama\/nasa-skola\/\" \/>\n<meta property=\"og:locale\" content=\"bs_BA\" \/>\n<meta property=\"og:type\" content=\"article\" \/>\n<meta property=\"og:title\" content=\"Internacionalna \u0160kola u Sarajevu | Francuska \u0160kola CIFS\" \/>\n<meta property=\"og:description\" content=\"CIFS je ustanova koju je odobrilo Ministarstvo nacionalnog obrazovanja Francuske i Ministarstvo obrazovanja Kantona Sarajevo.\" \/>\n<meta property=\"og:url\" content=\"https:\/\/cifs.edu.ba\/bs\/o-nama\/nasa-skola\/\" \/>\n<meta property=\"og:site_name\" content=\"CIFS\" \/>\n<meta property=\"article:publisher\" content=\"https:\/\/www.facebook.com\/CIFSarajevo\/\" \/>\n<meta property=\"article:modified_time\" content=\"2026-03-04T00:24:46+00:00\" \/>\n<meta property=\"og:image\" content=\"https:\/\/cifs.edu.ba\/wp-content\/uploads\/2023\/11\/French-International-School-of-Sarajevo.jpg\" \/>\n\t<meta property=\"og:image:width\" content=\"1000\" \/>\n\t<meta property=\"og:image:height\" content=\"750\" \/>\n\t<meta property=\"og:image:type\" content=\"image\/jpeg\" \/>\n<meta name=\"twitter:card\" content=\"summary_large_image\" \/>\n<meta name=\"twitter:label1\" content=\"Est. reading time\" \/>\n\t<meta name=\"twitter:data1\" content=\"1 minuta\" \/>\n<script type=\"application\/ld+json\" class=\"yoast-schema-graph\">{\"@context\":\"https:\/\/schema.org\",\"@graph\":[{\"@type\":\"WebPage\",\"@id\":\"https:\/\/cifs.edu.ba\/bs\/o-nama\/nasa-skola\/\",\"url\":\"https:\/\/cifs.edu.ba\/bs\/o-nama\/nasa-skola\/\",\"name\":\"Internacionalna \u0160kola u Sarajevu | Francuska \u0160kola CIFS\",\"isPartOf\":{\"@id\":\"https:\/\/cifs.edu.ba\/#website\"},\"primaryImageOfPage\":{\"@id\":\"https:\/\/cifs.edu.ba\/bs\/o-nama\/nasa-skola\/#primaryimage\"},\"image\":{\"@id\":\"https:\/\/cifs.edu.ba\/bs\/o-nama\/nasa-skola\/#primaryimage\"},\"thumbnailUrl\":\"https:\/\/cifs.edu.ba\/wp-content\/uploads\/2023\/11\/French-International-School-of-Sarajevo.jpg\",\"datePublished\":\"2023-11-11T15:40:23+00:00\",\"dateModified\":\"2026-03-04T00:24:46+00:00\",\"description\":\"CIFS je ustanova koju je odobrilo Ministarstvo nacionalnog obrazovanja Francuske i Ministarstvo obrazovanja Kantona Sarajevo.\",\"breadcrumb\":{\"@id\":\"https:\/\/cifs.edu.ba\/bs\/o-nama\/nasa-skola\/#breadcrumb\"},\"inLanguage\":\"bs-BA\",\"potentialAction\":[{\"@type\":\"ReadAction\",\"target\":[\"https:\/\/cifs.edu.ba\/bs\/o-nama\/nasa-skola\/\"]}]},{\"@type\":\"ImageObject\",\"inLanguage\":\"bs-BA\",\"@id\":\"https:\/\/cifs.edu.ba\/bs\/o-nama\/nasa-skola\/#primaryimage\",\"url\":\"https:\/\/cifs.edu.ba\/wp-content\/uploads\/2023\/11\/French-International-School-of-Sarajevo.jpg\",\"contentUrl\":\"https:\/\/cifs.edu.ba\/wp-content\/uploads\/2023\/11\/French-International-School-of-Sarajevo.jpg\"},{\"@type\":\"BreadcrumbList\",\"@id\":\"https:\/\/cifs.edu.ba\/bs\/o-nama\/nasa-skola\/#breadcrumb\",\"itemListElement\":[{\"@type\":\"ListItem\",\"position\":1,\"name\":\"Home\",\"item\":\"https:\/\/cifs.edu.ba\/bs\/\"},{\"@type\":\"ListItem\",\"position\":2,\"name\":\"O nama\",\"item\":\"https:\/\/cifs.edu.ba\/bs\/o-nama\/\"},{\"@type\":\"ListItem\",\"position\":3,\"name\":\"Na\u0161a \u0161kola\"}]},{\"@type\":\"WebSite\",\"@id\":\"https:\/\/cifs.edu.ba\/#website\",\"url\":\"https:\/\/cifs.edu.ba\/\",\"name\":\"International School in Sarajevo!\",\"description\":\"\",\"potentialAction\":[{\"@type\":\"SearchAction\",\"target\":{\"@type\":\"EntryPoint\",\"urlTemplate\":\"https:\/\/cifs.edu.ba\/?s={search_term_string}\"},\"query-input\":{\"@type\":\"PropertyValueSpecification\",\"valueRequired\":true,\"valueName\":\"search_term_string\"}}],\"inLanguage\":\"bs-BA\"}]}<\/script>\n<!-- \/ Yoast SEO plugin. -->","yoast_head_json":{"title":"Internacionalna \u0160kola u Sarajevu | Francuska \u0160kola CIFS","description":"CIFS je ustanova koju je odobrilo Ministarstvo nacionalnog obrazovanja Francuske i Ministarstvo obrazovanja Kantona Sarajevo.","robots":{"index":"index","follow":"follow","max-snippet":"max-snippet:-1","max-image-preview":"max-image-preview:large","max-video-preview":"max-video-preview:-1"},"canonical":"https:\/\/cifs.edu.ba\/bs\/o-nama\/nasa-skola\/","og_locale":"bs_BA","og_type":"article","og_title":"Internacionalna \u0160kola u Sarajevu | Francuska \u0160kola CIFS","og_description":"CIFS je ustanova koju je odobrilo Ministarstvo nacionalnog obrazovanja Francuske i Ministarstvo obrazovanja Kantona Sarajevo.","og_url":"https:\/\/cifs.edu.ba\/bs\/o-nama\/nasa-skola\/","og_site_name":"CIFS","article_publisher":"https:\/\/www.facebook.com\/CIFSarajevo\/","article_modified_time":"2026-03-04T00:24:46+00:00","og_image":[{"width":1000,"height":750,"url":"https:\/\/cifs.edu.ba\/wp-content\/uploads\/2023\/11\/French-International-School-of-Sarajevo.jpg","type":"image\/jpeg"}],"twitter_card":"summary_large_image","twitter_misc":{"Est. reading time":"1 minuta"},"schema":{"@context":"https:\/\/schema.org","@graph":[{"@type":"WebPage","@id":"https:\/\/cifs.edu.ba\/bs\/o-nama\/nasa-skola\/","url":"https:\/\/cifs.edu.ba\/bs\/o-nama\/nasa-skola\/","name":"Internacionalna \u0160kola u Sarajevu | Francuska \u0160kola CIFS","isPartOf":{"@id":"https:\/\/cifs.edu.ba\/#website"},"primaryImageOfPage":{"@id":"https:\/\/cifs.edu.ba\/bs\/o-nama\/nasa-skola\/#primaryimage"},"image":{"@id":"https:\/\/cifs.edu.ba\/bs\/o-nama\/nasa-skola\/#primaryimage"},"thumbnailUrl":"https:\/\/cifs.edu.ba\/wp-content\/uploads\/2023\/11\/French-International-School-of-Sarajevo.jpg","datePublished":"2023-11-11T15:40:23+00:00","dateModified":"2026-03-04T00:24:46+00:00","description":"CIFS je ustanova koju je odobrilo Ministarstvo nacionalnog obrazovanja Francuske i Ministarstvo obrazovanja Kantona Sarajevo.","breadcrumb":{"@id":"https:\/\/cifs.edu.ba\/bs\/o-nama\/nasa-skola\/#breadcrumb"},"inLanguage":"bs-BA","potentialAction":[{"@type":"ReadAction","target":["https:\/\/cifs.edu.ba\/bs\/o-nama\/nasa-skola\/"]}]},{"@type":"ImageObject","inLanguage":"bs-BA","@id":"https:\/\/cifs.edu.ba\/bs\/o-nama\/nasa-skola\/#primaryimage","url":"https:\/\/cifs.edu.ba\/wp-content\/uploads\/2023\/11\/French-International-School-of-Sarajevo.jpg","contentUrl":"https:\/\/cifs.edu.ba\/wp-content\/uploads\/2023\/11\/French-International-School-of-Sarajevo.jpg"},{"@type":"BreadcrumbList","@id":"https:\/\/cifs.edu.ba\/bs\/o-nama\/nasa-skola\/#breadcrumb","itemListElement":[{"@type":"ListItem","position":1,"name":"Home","item":"https:\/\/cifs.edu.ba\/bs\/"},{"@type":"ListItem","position":2,"name":"O nama","item":"https:\/\/cifs.edu.ba\/bs\/o-nama\/"},{"@type":"ListItem","position":3,"name":"Na\u0161a \u0161kola"}]},{"@type":"WebSite","@id":"https:\/\/cifs.edu.ba\/#website","url":"https:\/\/cifs.edu.ba\/","name":"International School in Sarajevo!","description":"","potentialAction":[{"@type":"SearchAction","target":{"@type":"EntryPoint","urlTemplate":"https:\/\/cifs.edu.ba\/?s={search_term_string}"},"query-input":{"@type":"PropertyValueSpecification","valueRequired":true,"valueName":"search_term_string"}}],"inLanguage":"bs-BA"}]}},"_links":{"self":[{"href":"https:\/\/cifs.edu.ba\/bs\/wp-json\/wp\/v2\/pages\/516","targetHints":{"allow":["GET"]}}],"collection":[{"href":"https:\/\/cifs.edu.ba\/bs\/wp-json\/wp\/v2\/pages"}],"about":[{"href":"https:\/\/cifs.edu.ba\/bs\/wp-json\/wp\/v2\/types\/page"}],"author":[{"embeddable":true,"href":"https:\/\/cifs.edu.ba\/bs\/wp-json\/wp\/v2\/users\/1"}],"replies":[{"embeddable":true,"href":"https:\/\/cifs.edu.ba\/bs\/wp-json\/wp\/v2\/comments?post=516"}],"version-history":[{"count":5,"href":"https:\/\/cifs.edu.ba\/bs\/wp-json\/wp\/v2\/pages\/516\/revisions"}],"predecessor-version":[{"id":2423,"href":"https:\/\/cifs.edu.ba\/bs\/wp-json\/wp\/v2\/pages\/516\/revisions\/2423"}],"up":[{"embeddable":true,"href":"https:\/\/cifs.edu.ba\/bs\/wp-json\/wp\/v2\/pages\/522"}],"wp:attachment":[{"href":"https:\/\/cifs.edu.ba\/bs\/wp-json\/wp\/v2\/media?parent=516"}],"curies":[{"name":"wp","href":"https:\/\/api.w.org\/{rel}","templated":true}]}}