{"id":509,"date":"2023-11-11T15:24:07","date_gmt":"2023-11-11T15:24:07","guid":{"rendered":"https:\/\/cifs.edu.ba\/welcome-message\/"},"modified":"2026-03-04T00:19:15","modified_gmt":"2026-03-04T00:19:15","slug":"poruka-dobrodoslice","status":"publish","type":"page","link":"https:\/\/cifs.edu.ba\/bs\/o-nama\/poruka-dobrodoslice\/","title":{"rendered":"Poruka dobrodo\u0161lice"},"content":{"rendered":"<div class=\"fusion-fullwidth fullwidth-box fusion-builder-row-1 fusion-flex-container has-pattern-background has-mask-background fusion-parallax-none nonhundred-percent-fullwidth non-hundred-percent-height-scrolling\" style=\"--awb-background-position:left top;--awb-background-repeat:repeat;--awb-background-blend-mode:overlay;--awb-border-radius-top-left:0px;--awb-border-radius-top-right:0px;--awb-border-radius-bottom-right:0px;--awb-border-radius-bottom-left:0px;--awb-margin-top:-50px;--awb-margin-bottom:-50px;--awb-background-image:url(&quot;https:\/\/cifs.edu.ba\/wp-content\/uploads\/2023\/11\/patern-red-300x300.png&quot;);--awb-flex-wrap:wrap;\" ><div class=\"fusion-builder-row fusion-row fusion-flex-align-items-flex-start fusion-flex-content-wrap\" style=\"max-width:1248px;margin-left: calc(-4% \/ 2 );margin-right: calc(-4% \/ 2 );\"><div class=\"fusion-layout-column fusion_builder_column fusion-builder-column-0 fusion_builder_column_1_3 1_3 fusion-flex-column\" style=\"--awb-padding-top:40px;--awb-bg-size:cover;--awb-width-large:33.333333333333%;--awb-margin-top-large:0px;--awb-spacing-right-large:5.76%;--awb-margin-bottom-large:20px;--awb-spacing-left-large:5.76%;--awb-width-medium:33.333333333333%;--awb-order-medium:0;--awb-spacing-right-medium:5.76%;--awb-spacing-left-medium:5.76%;--awb-width-small:100%;--awb-order-small:0;--awb-spacing-right-small:1.92%;--awb-spacing-left-small:1.92%;\"><div class=\"fusion-column-wrapper fusion-column-has-shadow fusion-flex-justify-content-flex-start fusion-content-layout-column\"><div class=\"fusion-title title fusion-title-1 fusion-sep-none fusion-title-text fusion-title-size-two\" style=\"--awb-text-color:var(--awb-color1);\"><h2 class=\"fusion-title-heading title-heading-left\" style=\"margin:0;\">CIFS SARAJEVO<\/h2><\/div><div class=\"fusion-text fusion-text-1\" style=\"--awb-text-color:var(--awb-color1);\"><p><img decoding=\"async\" class=\"alignnone wp-image-62 size-full\" src=\"https:\/\/cifs.edu.ba\/wp-content\/uploads\/2023\/11\/Nordine-Mebarki-Head-of-CIFS-School.jpg\" alt=\"Nordine Mebarki - Head of CIFS School\" width=\"500\" height=\"648\" srcset=\"https:\/\/cifs.edu.ba\/wp-content\/uploads\/2023\/11\/Nordine-Mebarki-Head-of-CIFS-School-200x259.jpg 200w, https:\/\/cifs.edu.ba\/wp-content\/uploads\/2023\/11\/Nordine-Mebarki-Head-of-CIFS-School-231x300.jpg 231w, https:\/\/cifs.edu.ba\/wp-content\/uploads\/2023\/11\/Nordine-Mebarki-Head-of-CIFS-School-400x518.jpg 400w, https:\/\/cifs.edu.ba\/wp-content\/uploads\/2023\/11\/Nordine-Mebarki-Head-of-CIFS-School.jpg 500w\" sizes=\"(max-width: 500px) 100vw, 500px\" \/><\/p>\n<\/div><\/div><\/div><div class=\"fusion-layout-column fusion_builder_column fusion-builder-column-1 fusion_builder_column_2_3 2_3 fusion-flex-column\" style=\"--awb-padding-top:50px;--awb-bg-size:cover;--awb-width-large:66.666666666667%;--awb-margin-top-large:0px;--awb-spacing-right-large:2.88%;--awb-margin-bottom-large:20px;--awb-spacing-left-large:2.88%;--awb-width-medium:66.666666666667%;--awb-order-medium:0;--awb-spacing-right-medium:2.88%;--awb-spacing-left-medium:2.88%;--awb-width-small:100%;--awb-order-small:0;--awb-spacing-right-small:1.92%;--awb-spacing-left-small:1.92%;\"><div class=\"fusion-column-wrapper fusion-column-has-shadow fusion-flex-justify-content-flex-start fusion-content-layout-column\"><div class=\"fusion-title title fusion-title-2 fusion-sep-none fusion-title-text fusion-title-size-three\" style=\"--awb-text-color:var(--awb-color1);\"><h3 class=\"fusion-title-heading title-heading-left\" style=\"margin:0;\">Rije\u010d Direktora pedago\u0161kih programa<\/h3><\/div><div class=\"fusion-text fusion-text-2\" style=\"--awb-text-color:var(--awb-color1);\"><p>Francuska \u0161kola CIFS Sarajevo trenutno ima 266 u\u010denika raspore\u0111enih u 15 odjeljenja\/razreda. \u0160kola na jednom mjestu okuplja u\u010denike od jako male grupe Male \u0161kole (ecole Maternelle) do zavr\u0161ne godine srednje \u0161kole -Terminale. Prostrana, tiha, svijetla i dobro opremljena \u0161kolska zgrada izgra\u0111ena u austro-ugarskom stilu, odli\u010dna je osnova za podsticanje uspjeha za sve.<\/p>\n<p>\u0160kola je pridru\u017eeni \u010dlan asocijacije AEFE sa sjedi\u0161tem u Parizu, i radi prema francuskom obrazovnom planu i programu Francuskog nacionalnog ministarstva obrazovanja te priprema u\u010denike za matursku diplomu \u2013 Baccalaur\u00e9at. Francusku \u0161kolu CIFS Sarajevo je priznata od strane Francuskog ministarstva obrazovanja i Ministarstva obrazovanja kantona Sarajevo u Bosni i Hercegovini. Na ovaj na\u010din \u0161kola svojim u\u010denicima nudi mogu\u0107nost nastavka \u0161kolovanja u drugim obrazovnim sistemima.<\/p>\n<p>Kroz svoj projekat ustanove, program izvrsnosti Francuska \u0161kola CIFS Sarajevo poma\u017ee u\u010denicima da se suo\u010de i odgovore izazovima globalizacije. Promovira va\u017enost kulturnog, nau\u010dnog, gra\u0111anskog i jezi\u010dkog naslije\u0111a, za svakog u\u010denika, nude\u0107i ve\u0107 od Male \u0161kole bogato i otvoreno obrazovanje o Francuskoj, Bosni i Hercegovini, Evropi i svijetu.<\/p>\n<p>U\u010denje jezika u malim grupama koje se formiraju prema nivoima znanja i vje\u0161tinama vrlo je dinami\u010dno. Svake godine, \u0161kolska putovanja nadogra\u0111uju prethodno nau\u010deno gradivo.<\/p>\n<p>Iako, prije svega, priprema u\u010denike za polaganje baccalaureat- mature, odre\u0111eni broj porodica bira bosanskohercegova\u010dku srednju \u0161kolu, u\u010denici koji odlaze uglavnom upisuju me\u0111unarodne smjerove.<\/p>\n<p>Pozivam Vas da nas posjetite i upoznate se sa Francuskom \u0161kolom CIFS u Sarajevu.<\/p>\n<p>Nordine MEBARKI<\/p>\n<p>Direktor pedago\u0161kih programa<\/p>\n<\/div><\/div><\/div><\/div><\/div>\n","protected":false},"excerpt":{"rendered":"","protected":false},"author":1,"featured_media":0,"parent":522,"menu_order":0,"comment_status":"closed","ping_status":"closed","template":"100-width.php","meta":{"footnotes":""},"class_list":["post-509","page","type-page","status-publish","hentry"],"yoast_head":"<!-- This site is optimized with the Yoast SEO plugin v27.1.1 - https:\/\/yoast.com\/product\/yoast-seo-wordpress\/ -->\n<title>Rije\u010d Direktora Pedago\u0161kih Programa | Francuska \u0160kola Sarajevo<\/title>\n<meta name=\"description\" content=\"CIFS \u0160kola na jednom mjestu okuplja u\u010denike od jako male grupe Male \u0161kole (ecole Maternelle) do zavr\u0161ne godine srednje \u0161kole -Terminale.\" \/>\n<meta name=\"robots\" content=\"index, follow, max-snippet:-1, max-image-preview:large, max-video-preview:-1\" \/>\n<link rel=\"canonical\" href=\"https:\/\/cifs.edu.ba\/bs\/o-nama\/poruka-dobrodoslice\/\" \/>\n<meta property=\"og:locale\" content=\"bs_BA\" \/>\n<meta property=\"og:type\" content=\"article\" \/>\n<meta property=\"og:title\" content=\"Rije\u010d Direktora Pedago\u0161kih Programa | Francuska \u0160kola Sarajevo\" \/>\n<meta property=\"og:description\" content=\"CIFS \u0160kola na jednom mjestu okuplja u\u010denike od jako male grupe Male \u0161kole (ecole Maternelle) do zavr\u0161ne godine srednje \u0161kole -Terminale.\" \/>\n<meta property=\"og:url\" content=\"https:\/\/cifs.edu.ba\/bs\/o-nama\/poruka-dobrodoslice\/\" \/>\n<meta property=\"og:site_name\" content=\"CIFS\" \/>\n<meta property=\"article:publisher\" content=\"https:\/\/www.facebook.com\/CIFSarajevo\/\" \/>\n<meta property=\"article:modified_time\" content=\"2026-03-04T00:19:15+00:00\" \/>\n<meta property=\"og:image\" content=\"https:\/\/cifs.edu.ba\/wp-content\/uploads\/2023\/11\/Nordine-Mebarki-Head-of-CIFS-School.jpg\" \/>\n\t<meta property=\"og:image:width\" content=\"500\" \/>\n\t<meta property=\"og:image:height\" content=\"648\" \/>\n\t<meta property=\"og:image:type\" content=\"image\/jpeg\" \/>\n<meta name=\"twitter:card\" content=\"summary_large_image\" \/>\n<meta name=\"twitter:label1\" content=\"Est. reading time\" \/>\n\t<meta name=\"twitter:data1\" content=\"2 minute\" \/>\n<script type=\"application\/ld+json\" class=\"yoast-schema-graph\">{\"@context\":\"https:\/\/schema.org\",\"@graph\":[{\"@type\":\"WebPage\",\"@id\":\"https:\/\/cifs.edu.ba\/bs\/o-nama\/poruka-dobrodoslice\/\",\"url\":\"https:\/\/cifs.edu.ba\/bs\/o-nama\/poruka-dobrodoslice\/\",\"name\":\"Rije\u010d Direktora Pedago\u0161kih Programa | Francuska \u0160kola Sarajevo\",\"isPartOf\":{\"@id\":\"https:\/\/cifs.edu.ba\/#website\"},\"primaryImageOfPage\":{\"@id\":\"https:\/\/cifs.edu.ba\/bs\/o-nama\/poruka-dobrodoslice\/#primaryimage\"},\"image\":{\"@id\":\"https:\/\/cifs.edu.ba\/bs\/o-nama\/poruka-dobrodoslice\/#primaryimage\"},\"thumbnailUrl\":\"https:\/\/cifs.edu.ba\/wp-content\/uploads\/2023\/11\/Nordine-Mebarki-Head-of-CIFS-School.jpg\",\"datePublished\":\"2023-11-11T15:24:07+00:00\",\"dateModified\":\"2026-03-04T00:19:15+00:00\",\"description\":\"CIFS \u0160kola na jednom mjestu okuplja u\u010denike od jako male grupe Male \u0161kole (ecole Maternelle) do zavr\u0161ne godine srednje \u0161kole -Terminale.\",\"breadcrumb\":{\"@id\":\"https:\/\/cifs.edu.ba\/bs\/o-nama\/poruka-dobrodoslice\/#breadcrumb\"},\"inLanguage\":\"bs-BA\",\"potentialAction\":[{\"@type\":\"ReadAction\",\"target\":[\"https:\/\/cifs.edu.ba\/bs\/o-nama\/poruka-dobrodoslice\/\"]}]},{\"@type\":\"ImageObject\",\"inLanguage\":\"bs-BA\",\"@id\":\"https:\/\/cifs.edu.ba\/bs\/o-nama\/poruka-dobrodoslice\/#primaryimage\",\"url\":\"https:\/\/cifs.edu.ba\/wp-content\/uploads\/2023\/11\/Nordine-Mebarki-Head-of-CIFS-School.jpg\",\"contentUrl\":\"https:\/\/cifs.edu.ba\/wp-content\/uploads\/2023\/11\/Nordine-Mebarki-Head-of-CIFS-School.jpg\"},{\"@type\":\"BreadcrumbList\",\"@id\":\"https:\/\/cifs.edu.ba\/bs\/o-nama\/poruka-dobrodoslice\/#breadcrumb\",\"itemListElement\":[{\"@type\":\"ListItem\",\"position\":1,\"name\":\"Home\",\"item\":\"https:\/\/cifs.edu.ba\/bs\/\"},{\"@type\":\"ListItem\",\"position\":2,\"name\":\"O nama\",\"item\":\"https:\/\/cifs.edu.ba\/bs\/o-nama\/\"},{\"@type\":\"ListItem\",\"position\":3,\"name\":\"Poruka dobrodo\u0161lice\"}]},{\"@type\":\"WebSite\",\"@id\":\"https:\/\/cifs.edu.ba\/#website\",\"url\":\"https:\/\/cifs.edu.ba\/\",\"name\":\"International School in Sarajevo!\",\"description\":\"\",\"potentialAction\":[{\"@type\":\"SearchAction\",\"target\":{\"@type\":\"EntryPoint\",\"urlTemplate\":\"https:\/\/cifs.edu.ba\/?s={search_term_string}\"},\"query-input\":{\"@type\":\"PropertyValueSpecification\",\"valueRequired\":true,\"valueName\":\"search_term_string\"}}],\"inLanguage\":\"bs-BA\"}]}<\/script>\n<!-- \/ Yoast SEO plugin. -->","yoast_head_json":{"title":"Rije\u010d Direktora Pedago\u0161kih Programa | Francuska \u0160kola Sarajevo","description":"CIFS \u0160kola na jednom mjestu okuplja u\u010denike od jako male grupe Male \u0161kole (ecole Maternelle) do zavr\u0161ne godine srednje \u0161kole -Terminale.","robots":{"index":"index","follow":"follow","max-snippet":"max-snippet:-1","max-image-preview":"max-image-preview:large","max-video-preview":"max-video-preview:-1"},"canonical":"https:\/\/cifs.edu.ba\/bs\/o-nama\/poruka-dobrodoslice\/","og_locale":"bs_BA","og_type":"article","og_title":"Rije\u010d Direktora Pedago\u0161kih Programa | Francuska \u0160kola Sarajevo","og_description":"CIFS \u0160kola na jednom mjestu okuplja u\u010denike od jako male grupe Male \u0161kole (ecole Maternelle) do zavr\u0161ne godine srednje \u0161kole -Terminale.","og_url":"https:\/\/cifs.edu.ba\/bs\/o-nama\/poruka-dobrodoslice\/","og_site_name":"CIFS","article_publisher":"https:\/\/www.facebook.com\/CIFSarajevo\/","article_modified_time":"2026-03-04T00:19:15+00:00","og_image":[{"width":500,"height":648,"url":"https:\/\/cifs.edu.ba\/wp-content\/uploads\/2023\/11\/Nordine-Mebarki-Head-of-CIFS-School.jpg","type":"image\/jpeg"}],"twitter_card":"summary_large_image","twitter_misc":{"Est. reading time":"2 minute"},"schema":{"@context":"https:\/\/schema.org","@graph":[{"@type":"WebPage","@id":"https:\/\/cifs.edu.ba\/bs\/o-nama\/poruka-dobrodoslice\/","url":"https:\/\/cifs.edu.ba\/bs\/o-nama\/poruka-dobrodoslice\/","name":"Rije\u010d Direktora Pedago\u0161kih Programa | Francuska \u0160kola Sarajevo","isPartOf":{"@id":"https:\/\/cifs.edu.ba\/#website"},"primaryImageOfPage":{"@id":"https:\/\/cifs.edu.ba\/bs\/o-nama\/poruka-dobrodoslice\/#primaryimage"},"image":{"@id":"https:\/\/cifs.edu.ba\/bs\/o-nama\/poruka-dobrodoslice\/#primaryimage"},"thumbnailUrl":"https:\/\/cifs.edu.ba\/wp-content\/uploads\/2023\/11\/Nordine-Mebarki-Head-of-CIFS-School.jpg","datePublished":"2023-11-11T15:24:07+00:00","dateModified":"2026-03-04T00:19:15+00:00","description":"CIFS \u0160kola na jednom mjestu okuplja u\u010denike od jako male grupe Male \u0161kole (ecole Maternelle) do zavr\u0161ne godine srednje \u0161kole -Terminale.","breadcrumb":{"@id":"https:\/\/cifs.edu.ba\/bs\/o-nama\/poruka-dobrodoslice\/#breadcrumb"},"inLanguage":"bs-BA","potentialAction":[{"@type":"ReadAction","target":["https:\/\/cifs.edu.ba\/bs\/o-nama\/poruka-dobrodoslice\/"]}]},{"@type":"ImageObject","inLanguage":"bs-BA","@id":"https:\/\/cifs.edu.ba\/bs\/o-nama\/poruka-dobrodoslice\/#primaryimage","url":"https:\/\/cifs.edu.ba\/wp-content\/uploads\/2023\/11\/Nordine-Mebarki-Head-of-CIFS-School.jpg","contentUrl":"https:\/\/cifs.edu.ba\/wp-content\/uploads\/2023\/11\/Nordine-Mebarki-Head-of-CIFS-School.jpg"},{"@type":"BreadcrumbList","@id":"https:\/\/cifs.edu.ba\/bs\/o-nama\/poruka-dobrodoslice\/#breadcrumb","itemListElement":[{"@type":"ListItem","position":1,"name":"Home","item":"https:\/\/cifs.edu.ba\/bs\/"},{"@type":"ListItem","position":2,"name":"O nama","item":"https:\/\/cifs.edu.ba\/bs\/o-nama\/"},{"@type":"ListItem","position":3,"name":"Poruka dobrodo\u0161lice"}]},{"@type":"WebSite","@id":"https:\/\/cifs.edu.ba\/#website","url":"https:\/\/cifs.edu.ba\/","name":"International School in Sarajevo!","description":"","potentialAction":[{"@type":"SearchAction","target":{"@type":"EntryPoint","urlTemplate":"https:\/\/cifs.edu.ba\/?s={search_term_string}"},"query-input":{"@type":"PropertyValueSpecification","valueRequired":true,"valueName":"search_term_string"}}],"inLanguage":"bs-BA"}]}},"_links":{"self":[{"href":"https:\/\/cifs.edu.ba\/bs\/wp-json\/wp\/v2\/pages\/509","targetHints":{"allow":["GET"]}}],"collection":[{"href":"https:\/\/cifs.edu.ba\/bs\/wp-json\/wp\/v2\/pages"}],"about":[{"href":"https:\/\/cifs.edu.ba\/bs\/wp-json\/wp\/v2\/types\/page"}],"author":[{"embeddable":true,"href":"https:\/\/cifs.edu.ba\/bs\/wp-json\/wp\/v2\/users\/1"}],"replies":[{"embeddable":true,"href":"https:\/\/cifs.edu.ba\/bs\/wp-json\/wp\/v2\/comments?post=509"}],"version-history":[{"count":5,"href":"https:\/\/cifs.edu.ba\/bs\/wp-json\/wp\/v2\/pages\/509\/revisions"}],"predecessor-version":[{"id":2419,"href":"https:\/\/cifs.edu.ba\/bs\/wp-json\/wp\/v2\/pages\/509\/revisions\/2419"}],"up":[{"embeddable":true,"href":"https:\/\/cifs.edu.ba\/bs\/wp-json\/wp\/v2\/pages\/522"}],"wp:attachment":[{"href":"https:\/\/cifs.edu.ba\/bs\/wp-json\/wp\/v2\/media?parent=509"}],"curies":[{"name":"wp","href":"https:\/\/api.w.org\/{rel}","templated":true}]}}