{"id":1015,"date":"2024-04-16T15:28:12","date_gmt":"2024-04-16T15:28:12","guid":{"rendered":"https:\/\/cifs.edu.ba\/luc-chatel-president-executif-odyssey\/"},"modified":"2025-03-20T14:32:41","modified_gmt":"2025-03-20T14:32:41","slug":"luc-chatel-izvrsni-predsjednik","status":"publish","type":"page","link":"https:\/\/cifs.edu.ba\/bs\/luc-chatel-izvrsni-predsjednik\/","title":{"rendered":"Luc Chatel &#8211; Izvr\u0161ni predsjednik"},"content":{"rendered":"<div class=\"fusion-fullwidth fullwidth-box fusion-builder-row-1 fusion-flex-container has-pattern-background has-mask-background fusion-parallax-none nonhundred-percent-fullwidth non-hundred-percent-height-scrolling\" style=\"--awb-background-position:left top;--awb-background-repeat:repeat;--awb-background-blend-mode:overlay;--awb-border-radius-top-left:0px;--awb-border-radius-top-right:0px;--awb-border-radius-bottom-right:0px;--awb-border-radius-bottom-left:0px;--awb-margin-top:-50px;--awb-margin-bottom:-50px;--awb-background-image:url(&quot;https:\/\/cifs.edu.ba\/wp-content\/uploads\/2023\/11\/patern-red-300x300.png&quot;);--awb-flex-wrap:wrap;\" ><div class=\"fusion-builder-row fusion-row fusion-flex-align-items-flex-start fusion-flex-content-wrap\" style=\"max-width:1248px;margin-left: calc(-4% \/ 2 );margin-right: calc(-4% \/ 2 );\"><div class=\"fusion-layout-column fusion_builder_column fusion-builder-column-0 fusion_builder_column_1_3 1_3 fusion-flex-column\" style=\"--awb-padding-top:40px;--awb-bg-size:cover;--awb-width-large:33.333333333333%;--awb-margin-top-large:0px;--awb-spacing-right-large:5.76%;--awb-margin-bottom-large:20px;--awb-spacing-left-large:5.76%;--awb-width-medium:33.333333333333%;--awb-order-medium:0;--awb-spacing-right-medium:5.76%;--awb-spacing-left-medium:5.76%;--awb-width-small:100%;--awb-order-small:0;--awb-spacing-right-small:1.92%;--awb-spacing-left-small:1.92%;\"><div class=\"fusion-column-wrapper fusion-column-has-shadow fusion-flex-justify-content-flex-start fusion-content-layout-column\"><div class=\"fusion-title title fusion-title-1 fusion-sep-none fusion-title-text fusion-title-size-two\" style=\"--awb-text-color:var(--awb-color1);\"><h2 class=\"fusion-title-heading title-heading-left\" style=\"margin:0;\">ODYSSEY<\/h2><\/div><div class=\"fusion-text fusion-text-1\" style=\"--awb-text-color:var(--awb-color1);\"><p><img decoding=\"async\" class=\"alignnone wp-image-1011 size-full\" src=\"https:\/\/cifs.edu.ba\/wp-content\/uploads\/2024\/04\/Luc-Chatel.jpg\" alt=\"Luc Chatel\" width=\"390\" height=\"443\" srcset=\"https:\/\/cifs.edu.ba\/wp-content\/uploads\/2024\/04\/Luc-Chatel-200x227.jpg 200w, https:\/\/cifs.edu.ba\/wp-content\/uploads\/2024\/04\/Luc-Chatel-264x300.jpg 264w, https:\/\/cifs.edu.ba\/wp-content\/uploads\/2024\/04\/Luc-Chatel.jpg 390w\" sizes=\"(max-width: 390px) 100vw, 390px\" \/><\/p>\n<\/div><\/div><\/div><div class=\"fusion-layout-column fusion_builder_column fusion-builder-column-1 fusion_builder_column_2_3 2_3 fusion-flex-column\" style=\"--awb-padding-top:50px;--awb-bg-size:cover;--awb-width-large:66.666666666667%;--awb-margin-top-large:0px;--awb-spacing-right-large:2.88%;--awb-margin-bottom-large:20px;--awb-spacing-left-large:2.88%;--awb-width-medium:66.666666666667%;--awb-order-medium:0;--awb-spacing-right-medium:2.88%;--awb-spacing-left-medium:2.88%;--awb-width-small:100%;--awb-order-small:0;--awb-spacing-right-small:1.92%;--awb-spacing-left-small:1.92%;\"><div class=\"fusion-column-wrapper fusion-column-has-shadow fusion-flex-justify-content-flex-start fusion-content-layout-column\"><div class=\"fusion-title title fusion-title-2 fusion-sep-none fusion-title-text fusion-title-size-three\" style=\"--awb-text-color:var(--awb-color1);\"><h3 class=\"fusion-title-heading title-heading-left\" style=\"margin:0;\">Biografija Luc Chatela<\/h3><\/div><div class=\"fusion-text fusion-text-2\" style=\"--awb-text-color:var(--awb-color1);\"><p>Biv\u0161i francuski ministar, Luc Chatel je suosniva\u010d Odiseje s \u017eeljom da nastavi svoju posve\u0107enost obrazovanju.<\/p>\n<p>Luc Chatel je zapo\u010deo svoju karijeru u L\u2019Or\u00e9alu, gdje je bio Direktor ljudskih resursa. Izme\u0111u 1998. i 2017. godine, obavljao je nekoliko izabranih i vladinih pozicija u Francuskoj: ministar nacionalnog obrazovanja, dr\u017eavni sekretar za industriju, glasnogovornik vlade, poslanik u parlamentu i gradona\u010delnik. Od 2017. godine, Luc Chatel je tako\u0111er predsjednik Plateforme Automobile (federacija francuske automobilske industrije).<\/p>\n<p><strong>Luc Chatel je vitez u Redu Legije \u010dasti i titule komandant Akademskih palmi.<\/strong><\/p>\n<\/div><\/div><\/div><\/div><\/div>\n","protected":false},"excerpt":{"rendered":"","protected":false},"author":1,"featured_media":0,"parent":0,"menu_order":0,"comment_status":"closed","ping_status":"closed","template":"100-width.php","meta":{"footnotes":""},"class_list":["post-1015","page","type-page","status-publish","hentry"],"yoast_head":"<!-- This site is optimized with the Yoast SEO plugin v27.1.1 - https:\/\/yoast.com\/product\/yoast-seo-wordpress\/ -->\n<title>Luc Chatel - Izvr\u0161ni predsjednik - CIFS<\/title>\n<meta name=\"robots\" content=\"index, follow, max-snippet:-1, max-image-preview:large, max-video-preview:-1\" \/>\n<link rel=\"canonical\" href=\"https:\/\/cifs.edu.ba\/bs\/luc-chatel-izvrsni-predsjednik\/\" \/>\n<meta property=\"og:locale\" content=\"bs_BA\" \/>\n<meta property=\"og:type\" content=\"article\" \/>\n<meta property=\"og:title\" content=\"Luc Chatel - Izvr\u0161ni predsjednik - CIFS\" \/>\n<meta property=\"og:url\" content=\"https:\/\/cifs.edu.ba\/bs\/luc-chatel-izvrsni-predsjednik\/\" \/>\n<meta property=\"og:site_name\" content=\"CIFS\" \/>\n<meta property=\"article:publisher\" content=\"https:\/\/www.facebook.com\/CIFSarajevo\/\" \/>\n<meta property=\"article:modified_time\" content=\"2025-03-20T14:32:41+00:00\" \/>\n<meta property=\"og:image\" content=\"https:\/\/cifs.edu.ba\/wp-content\/uploads\/2024\/04\/Luc-Chatel.jpg\" \/>\n<meta name=\"twitter:card\" content=\"summary_large_image\" \/>\n<meta name=\"twitter:label1\" content=\"Est. reading time\" \/>\n\t<meta name=\"twitter:data1\" content=\"1 minuta\" \/>\n<script type=\"application\/ld+json\" class=\"yoast-schema-graph\">{\"@context\":\"https:\/\/schema.org\",\"@graph\":[{\"@type\":\"WebPage\",\"@id\":\"https:\/\/cifs.edu.ba\/bs\/luc-chatel-izvrsni-predsjednik\/\",\"url\":\"https:\/\/cifs.edu.ba\/bs\/luc-chatel-izvrsni-predsjednik\/\",\"name\":\"Luc Chatel - Izvr\u0161ni predsjednik - CIFS\",\"isPartOf\":{\"@id\":\"https:\/\/cifs.edu.ba\/#website\"},\"primaryImageOfPage\":{\"@id\":\"https:\/\/cifs.edu.ba\/bs\/luc-chatel-izvrsni-predsjednik\/#primaryimage\"},\"image\":{\"@id\":\"https:\/\/cifs.edu.ba\/bs\/luc-chatel-izvrsni-predsjednik\/#primaryimage\"},\"thumbnailUrl\":\"https:\/\/cifs.edu.ba\/wp-content\/uploads\/2024\/04\/Luc-Chatel.jpg\",\"datePublished\":\"2024-04-16T15:28:12+00:00\",\"dateModified\":\"2025-03-20T14:32:41+00:00\",\"breadcrumb\":{\"@id\":\"https:\/\/cifs.edu.ba\/bs\/luc-chatel-izvrsni-predsjednik\/#breadcrumb\"},\"inLanguage\":\"bs-BA\",\"potentialAction\":[{\"@type\":\"ReadAction\",\"target\":[\"https:\/\/cifs.edu.ba\/bs\/luc-chatel-izvrsni-predsjednik\/\"]}]},{\"@type\":\"ImageObject\",\"inLanguage\":\"bs-BA\",\"@id\":\"https:\/\/cifs.edu.ba\/bs\/luc-chatel-izvrsni-predsjednik\/#primaryimage\",\"url\":\"https:\/\/cifs.edu.ba\/wp-content\/uploads\/2024\/04\/Luc-Chatel.jpg\",\"contentUrl\":\"https:\/\/cifs.edu.ba\/wp-content\/uploads\/2024\/04\/Luc-Chatel.jpg\"},{\"@type\":\"BreadcrumbList\",\"@id\":\"https:\/\/cifs.edu.ba\/bs\/luc-chatel-izvrsni-predsjednik\/#breadcrumb\",\"itemListElement\":[{\"@type\":\"ListItem\",\"position\":1,\"name\":\"Home\",\"item\":\"https:\/\/cifs.edu.ba\/bs\/\"},{\"@type\":\"ListItem\",\"position\":2,\"name\":\"Luc Chatel &#8211; Izvr\u0161ni predsjednik\"}]},{\"@type\":\"WebSite\",\"@id\":\"https:\/\/cifs.edu.ba\/#website\",\"url\":\"https:\/\/cifs.edu.ba\/\",\"name\":\"International School in Sarajevo!\",\"description\":\"\",\"potentialAction\":[{\"@type\":\"SearchAction\",\"target\":{\"@type\":\"EntryPoint\",\"urlTemplate\":\"https:\/\/cifs.edu.ba\/?s={search_term_string}\"},\"query-input\":{\"@type\":\"PropertyValueSpecification\",\"valueRequired\":true,\"valueName\":\"search_term_string\"}}],\"inLanguage\":\"bs-BA\"}]}<\/script>\n<!-- \/ Yoast SEO plugin. -->","yoast_head_json":{"title":"Luc Chatel - Izvr\u0161ni predsjednik - CIFS","robots":{"index":"index","follow":"follow","max-snippet":"max-snippet:-1","max-image-preview":"max-image-preview:large","max-video-preview":"max-video-preview:-1"},"canonical":"https:\/\/cifs.edu.ba\/bs\/luc-chatel-izvrsni-predsjednik\/","og_locale":"bs_BA","og_type":"article","og_title":"Luc Chatel - Izvr\u0161ni predsjednik - CIFS","og_url":"https:\/\/cifs.edu.ba\/bs\/luc-chatel-izvrsni-predsjednik\/","og_site_name":"CIFS","article_publisher":"https:\/\/www.facebook.com\/CIFSarajevo\/","article_modified_time":"2025-03-20T14:32:41+00:00","og_image":[{"url":"https:\/\/cifs.edu.ba\/wp-content\/uploads\/2024\/04\/Luc-Chatel.jpg","type":"","width":"","height":""}],"twitter_card":"summary_large_image","twitter_misc":{"Est. reading time":"1 minuta"},"schema":{"@context":"https:\/\/schema.org","@graph":[{"@type":"WebPage","@id":"https:\/\/cifs.edu.ba\/bs\/luc-chatel-izvrsni-predsjednik\/","url":"https:\/\/cifs.edu.ba\/bs\/luc-chatel-izvrsni-predsjednik\/","name":"Luc Chatel - Izvr\u0161ni predsjednik - CIFS","isPartOf":{"@id":"https:\/\/cifs.edu.ba\/#website"},"primaryImageOfPage":{"@id":"https:\/\/cifs.edu.ba\/bs\/luc-chatel-izvrsni-predsjednik\/#primaryimage"},"image":{"@id":"https:\/\/cifs.edu.ba\/bs\/luc-chatel-izvrsni-predsjednik\/#primaryimage"},"thumbnailUrl":"https:\/\/cifs.edu.ba\/wp-content\/uploads\/2024\/04\/Luc-Chatel.jpg","datePublished":"2024-04-16T15:28:12+00:00","dateModified":"2025-03-20T14:32:41+00:00","breadcrumb":{"@id":"https:\/\/cifs.edu.ba\/bs\/luc-chatel-izvrsni-predsjednik\/#breadcrumb"},"inLanguage":"bs-BA","potentialAction":[{"@type":"ReadAction","target":["https:\/\/cifs.edu.ba\/bs\/luc-chatel-izvrsni-predsjednik\/"]}]},{"@type":"ImageObject","inLanguage":"bs-BA","@id":"https:\/\/cifs.edu.ba\/bs\/luc-chatel-izvrsni-predsjednik\/#primaryimage","url":"https:\/\/cifs.edu.ba\/wp-content\/uploads\/2024\/04\/Luc-Chatel.jpg","contentUrl":"https:\/\/cifs.edu.ba\/wp-content\/uploads\/2024\/04\/Luc-Chatel.jpg"},{"@type":"BreadcrumbList","@id":"https:\/\/cifs.edu.ba\/bs\/luc-chatel-izvrsni-predsjednik\/#breadcrumb","itemListElement":[{"@type":"ListItem","position":1,"name":"Home","item":"https:\/\/cifs.edu.ba\/bs\/"},{"@type":"ListItem","position":2,"name":"Luc Chatel &#8211; Izvr\u0161ni predsjednik"}]},{"@type":"WebSite","@id":"https:\/\/cifs.edu.ba\/#website","url":"https:\/\/cifs.edu.ba\/","name":"International School in Sarajevo!","description":"","potentialAction":[{"@type":"SearchAction","target":{"@type":"EntryPoint","urlTemplate":"https:\/\/cifs.edu.ba\/?s={search_term_string}"},"query-input":{"@type":"PropertyValueSpecification","valueRequired":true,"valueName":"search_term_string"}}],"inLanguage":"bs-BA"}]}},"_links":{"self":[{"href":"https:\/\/cifs.edu.ba\/bs\/wp-json\/wp\/v2\/pages\/1015","targetHints":{"allow":["GET"]}}],"collection":[{"href":"https:\/\/cifs.edu.ba\/bs\/wp-json\/wp\/v2\/pages"}],"about":[{"href":"https:\/\/cifs.edu.ba\/bs\/wp-json\/wp\/v2\/types\/page"}],"author":[{"embeddable":true,"href":"https:\/\/cifs.edu.ba\/bs\/wp-json\/wp\/v2\/users\/1"}],"replies":[{"embeddable":true,"href":"https:\/\/cifs.edu.ba\/bs\/wp-json\/wp\/v2\/comments?post=1015"}],"version-history":[{"count":5,"href":"https:\/\/cifs.edu.ba\/bs\/wp-json\/wp\/v2\/pages\/1015\/revisions"}],"predecessor-version":[{"id":1796,"href":"https:\/\/cifs.edu.ba\/bs\/wp-json\/wp\/v2\/pages\/1015\/revisions\/1796"}],"wp:attachment":[{"href":"https:\/\/cifs.edu.ba\/bs\/wp-json\/wp\/v2\/media?parent=1015"}],"curies":[{"name":"wp","href":"https:\/\/api.w.org\/{rel}","templated":true}]}}